{"id":9165,"date":"2025-09-13T06:20:35","date_gmt":"2025-09-13T06:20:35","guid":{"rendered":"https:\/\/wxnuohui.com\/product\/nightwear-pajama-adult-sexy-onesie-bodysuit-pattern-print-hooded-flannel-zip-up-fleece-onsie-women-sleepwear\/"},"modified":"2025-09-13T06:20:36","modified_gmt":"2025-09-13T06:20:36","slug":"nightwear-pajama-adult-sexy-onesie-bodysuit-pattern-print-hooded-flannel-zip-up-fleece-onsie-women-sleepwear","status":"publish","type":"product","link":"https:\/\/wxnuohui.com\/lv\/product\/nightwear-pajama-adult-sexy-onesie-bodysuit-pattern-print-hooded-flannel-zip-up-fleece-onsie-women-sleepwear\/","title":{"rendered":"Naktsve\u013ca pid\u017eama pieaugu\u0161o seks\u012bgs Onesie Bodysuit modelis druk\u0101t Hooded flanelis Zip up fl\u012bsa Onsie Sievietes Sleepwear"},"content":{"rendered":"<p>Materi\u0101ls: Poliesters \/ kokvilna<br \/>\nAuduma veids: Poliesters \/ kokvilna<br \/>\nPreces veids: pid\u017eamas<br \/>\nIzgriezums: O-veida kakla izgriezums<br \/>\nModelis: ciets<br \/>\nSezona: Ziema<br \/>\nGarums: Pilna garuma<br \/>\nSl\u0113g\u0161anas veids: r\u0101v\u0113jsl\u0113dz\u0113ja Fly<br \/>\n\u012apa\u0161\u012bba: elpojo\u0161s, \u0101tri \u017e\u016bst, siltuma<br \/>\nGabalu skaits:1<br \/>\nAu\u0161anas metode: ad\u012bta<br \/>\nTehnika: iespiests<br \/>\nPieg\u0101des veids: ODM<br \/>\nPiedurk\u0146u garums: Pilns<br \/>\nMode\u013ca numurs: Ziemas silt\u0101 pid\u017eama-630797170664<br \/>\n7 dienu parauga pas\u016bt\u012bjuma sagatavo\u0161anas laiks: atbalsts<br \/>\nDruk\u0101\u0161anas metode: nav<br \/>\nDzimums: sievietes<br \/>\nAuduma svars: 340 grami<br \/>\nIzcelsmes vieta: Jiangsu, \u0136\u012bna<br \/>\nZ\u012bmola nosaukums: NH-630087195438<br \/>\nProdukta nosaukums:Lounge Wear Sievietes Hoodied Pajamas Dress<br \/>\nAtsl\u0113gas v\u0101rdi:Ziemas silt\u0101 pid\u017eama<br \/>\nPakalpojums: 24 stundas tie\u0161saist\u0113<br \/>\nMaks\u0101jums: tirdzniec\u012bbas nodro\u0161in\u0101\u0161ana<br \/>\nPoligr\u0101fija: Custom Designs Print<br \/>\nParaugs: 3-5 dienas<br \/>\nIepakojums: 1 gab\/polybag<br \/>\nPieg\u0101des laiks: 7 ~ 15 dienas<br \/>\nEti\u0137ete un logotips: Accpet Customized<br \/>\nPieg\u0101de: DHLEMSUPSFEDEX pa Seaby Air<br \/>\nP\u0101rdo\u0161anas vien\u012bbas: Viena vien\u012bba<br \/>\nViena iepakojuma izm\u0113rs: 26X15X18 cm<br \/>\nVienreiz\u0113jais bruto svars: 1 000 kg<\/p>\n<p><img decoding=\"async\" class=\"alignnone size-full\" src=\"http:\/\/wxnuohui.com\/wp-content\/uploads\/2025\/09\/detail_pic_0-104.jpg\" width=\"790\" alt=\"\"\/><\/p>\n<p><img decoding=\"async\" class=\"alignnone size-full\" src=\"http:\/\/wxnuohui.com\/wp-content\/uploads\/2025\/09\/detail_pic_1-119.jpg\" width=\"790\" alt=\"\"\/><\/p>\n<p><img decoding=\"async\" class=\"alignnone size-full\" src=\"http:\/\/wxnuohui.com\/wp-content\/uploads\/2025\/09\/detail_pic_2-125.jpg\" width=\"790\" alt=\"\"\/><\/p>\n<p><img decoding=\"async\" class=\"alignnone size-full\" src=\"http:\/\/wxnuohui.com\/wp-content\/uploads\/2025\/09\/detail_pic_3-160.jpg\" width=\"790\" alt=\"\"\/><\/p>\n<p><img decoding=\"async\" class=\"alignnone size-full\" src=\"http:\/\/wxnuohui.com\/wp-content\/uploads\/2025\/09\/detail_pic_4-151.jpg\" width=\"790\" alt=\"\"\/><\/p>\n<p><img decoding=\"async\" class=\"alignnone size-full\" src=\"http:\/\/wxnuohui.com\/wp-content\/uploads\/2025\/09\/detail_pic_5-194.jpg\" width=\"790\" alt=\"\"\/><\/p>\n<p><img decoding=\"async\" class=\"alignnone size-full\" src=\"http:\/\/wxnuohui.com\/wp-content\/uploads\/2025\/09\/detail_pic_6-126.jpg\" width=\"790\" alt=\"\"\/><\/p>\n<p><img decoding=\"async\" class=\"alignnone size-full\" src=\"http:\/\/wxnuohui.com\/wp-content\/uploads\/2025\/09\/detail_pic_7-105.jpg\" width=\"790\" alt=\"\"\/><\/p>\n<p><img decoding=\"async\" class=\"alignnone size-full\" src=\"http:\/\/wxnuohui.com\/wp-content\/uploads\/2025\/09\/detail_pic_8-122.jpg\" width=\"790\" alt=\"\"\/><\/p>\n<p><img decoding=\"async\" class=\"alignnone size-full\" src=\"http:\/\/wxnuohui.com\/wp-content\/uploads\/2025\/09\/detail_pic_9-140.jpg\" width=\"790\" alt=\"\"\/><\/p>\n<p><img decoding=\"async\" class=\"alignnone size-full\" src=\"http:\/\/wxnuohui.com\/wp-content\/uploads\/2025\/09\/detail_pic_10-218.jpg\" width=\"790\" alt=\"\"\/><\/p>\n<p><img decoding=\"async\" class=\"alignnone size-full\" src=\"http:\/\/wxnuohui.com\/wp-content\/uploads\/2025\/09\/detail_pic_11-214.jpg\" width=\"790\" alt=\"\"\/><\/p>\n<p><img decoding=\"async\" class=\"alignnone size-full\" src=\"http:\/\/wxnuohui.com\/wp-content\/uploads\/2025\/09\/detail_pic_12-212.jpg\" width=\"790\" alt=\"\"\/><\/p>\n<p><img decoding=\"async\" class=\"alignnone size-full\" src=\"http:\/\/wxnuohui.com\/wp-content\/uploads\/2025\/09\/detail_pic_13-208.jpg\" width=\"790\" alt=\"\"\/><\/p>\n<p><img decoding=\"async\" class=\"alignnone size-full\" src=\"http:\/\/wxnuohui.com\/wp-content\/uploads\/2025\/09\/detail_pic_14-40.png\" width=\"790\" alt=\"\"\/><\/p>\n<p><img decoding=\"async\" class=\"alignnone size-full\" src=\"http:\/\/wxnuohui.com\/wp-content\/uploads\/2025\/09\/detail_pic_15-203.jpg\" width=\"790\" alt=\"\"\/><\/p>\n<p><img decoding=\"async\" class=\"alignnone size-full\" src=\"http:\/\/wxnuohui.com\/wp-content\/uploads\/2025\/09\/detail_pic_16-157.jpg\" width=\"790\" alt=\"\"\/><\/p>\n<p><img decoding=\"async\" class=\"alignnone size-full\" src=\"http:\/\/wxnuohui.com\/wp-content\/uploads\/2025\/09\/detail_pic_17-165.jpg\" width=\"790\" alt=\"\"\/><\/p>","protected":false},"excerpt":{"rendered":"<p>Naktsve\u013ca pid\u017eama pieaugu\u0161o seks\u012bgs Onesie Bodysuit modelis druk\u0101t Hooded flanelis Zip up fl\u012bsa Onsie Sievietes Sleepwear<\/p>","protected":false},"featured_media":7683,"template":"","meta":[],"product_brand":[],"product_cat":[22],"product_tag":[],"class_list":{"0":"post-9165","1":"product","2":"type-product","3":"status-publish","4":"has-post-thumbnail","6":"product_cat-women-set","8":"first","9":"outofstock","10":"shipping-taxable","11":"product-type-variable"},"_links":{"self":[{"href":"https:\/\/wxnuohui.com\/lv\/wp-json\/wp\/v2\/product\/9165","targetHints":{"allow":["GET"]}}],"collection":[{"href":"https:\/\/wxnuohui.com\/lv\/wp-json\/wp\/v2\/product"}],"about":[{"href":"https:\/\/wxnuohui.com\/lv\/wp-json\/wp\/v2\/types\/product"}],"wp:featuredmedia":[{"embeddable":true,"href":"https:\/\/wxnuohui.com\/lv\/wp-json\/wp\/v2\/media\/7683"}],"wp:attachment":[{"href":"https:\/\/wxnuohui.com\/lv\/wp-json\/wp\/v2\/media?parent=9165"}],"wp:term":[{"taxonomy":"product_brand","embeddable":true,"href":"https:\/\/wxnuohui.com\/lv\/wp-json\/wp\/v2\/product_brand?post=9165"},{"taxonomy":"product_cat","embeddable":true,"href":"https:\/\/wxnuohui.com\/lv\/wp-json\/wp\/v2\/product_cat?post=9165"},{"taxonomy":"product_tag","embeddable":true,"href":"https:\/\/wxnuohui.com\/lv\/wp-json\/wp\/v2\/product_tag?post=9165"}],"curies":[{"name":"wp","href":"https:\/\/api.w.org\/{rel}","templated":true}]}}