{"id":9153,"date":"2025-09-13T06:20:27","date_gmt":"2025-09-13T06:20:27","guid":{"rendered":"https:\/\/wxnuohui.com\/product\/quality-compression-ankle-grip-designer-mens-crew-unisex-sport-cotton-custom-logo-socks-men\/"},"modified":"2025-09-13T06:20:27","modified_gmt":"2025-09-13T06:20:27","slug":"quality-compression-ankle-grip-designer-mens-crew-unisex-sport-cotton-custom-logo-socks-men","status":"publish","type":"product","link":"https:\/\/wxnuohui.com\/lv\/product\/quality-compression-ankle-grip-designer-mens-crew-unisex-sport-cotton-custom-logo-socks-men\/","title":{"rendered":"Kvalit\u0101tes kompresijas pot\u012b\u0161u satv\u0113riens Dizainera v\u012brie\u0161u apkalpes Unisex sporta kokvilnas pas\u016bt\u012bjuma logotipa ze\u0137es V\u012brie\u0161i"},"content":{"rendered":"<p>7 dienu parauga pas\u016bt\u012bjuma sagatavo\u0161anas laiks: atbalsts<br \/>\nTehnikas: trikot\u0101\u017eas<br \/>\nAu\u0161anas metode: ad\u012bta<br \/>\nLogotipa poz\u012bcija: \u0136ermenis<br \/>\nStils:Regular<br \/>\nDzimums: V\u012brie\u0161i<br \/>\nAdatu noteik\u0161ana: J\u0101<br \/>\nDruk\u0101\u0161anas metodes:Nav<br \/>\nLieto\u0161ana: ikdien\u0101<br \/>\nPieg\u0101des veids: OEM pakalpojums<br \/>\nBiezums: standarta<br \/>\nFunkcija: \u0100tri sauss, sportisks, antibakteri\u0101ls, elpojo\u0161s, pretsl\u012bdo\u0161s, vienreiz\u0113j\u0101s lieto\u0161anas<br \/>\nSezona: Vasara<br \/>\nProdukta veids: ze\u0137es<br \/>\nZe\u0137u veids: Ikdieni\u0161\u0137as ze\u0137es<br \/>\nMateri\u0101ls: elast\u0101ns \/ neilons \/ kokvilna<br \/>\nModelis tips: ciets<br \/>\nIzcelsmes vieta: Jiangsu, \u0136\u012bna<br \/>\nZ\u012bmola nosaukums: NH<br \/>\nMode\u013ca numurs: Ze\u0137es V\u012brie\u0161i<br \/>\nProdukta nosaukums: Kokvilnas piel\u0101gotas logotipa ze\u0137es v\u012brie\u0161iem<br \/>\nAtsl\u0113gv\u0101rds:Ze\u0137es V\u012brie\u0161i<br \/>\nLogotips: piel\u0101gots logotips pie\u0146emiet<br \/>\nKr\u0101sa: Kr\u0101sas<br \/>\nIepakojums: Opp Bag<br \/>\nDizains: Custom Desgin<br \/>\nPakalpojums: 24 stundas tie\u0161saist\u0113<br \/>\nParauga laiks: 7-10 dienas<br \/>\nPieg\u0101de:DHLEMSUPSFEDEXBy SeaAir<br \/>\nPieg\u0101des laiks: 7-15days<br \/>\nP\u0101rdo\u0161anas vien\u012bbas: Viena vien\u012bba<br \/>\nViena iepakojuma izm\u0113rs: 18X10X11 cm<br \/>\nAtsevi\u0161\u0137s bruto svars: 0,200 kg<\/p>\n<p><img decoding=\"async\" class=\"alignnone size-full\" src=\"http:\/\/wxnuohui.com\/wp-content\/uploads\/2025\/09\/detail_pic_0-92.jpg\" width=\"790\" alt=\"\"\/><\/p>\n<p><img decoding=\"async\" class=\"alignnone size-full\" src=\"http:\/\/wxnuohui.com\/wp-content\/uploads\/2025\/09\/detail_pic_1-108.jpg\" width=\"790\" alt=\"\"\/><\/p>\n<p><img decoding=\"async\" class=\"alignnone size-full\" src=\"http:\/\/wxnuohui.com\/wp-content\/uploads\/2025\/09\/detail_pic_2-113.jpg\" width=\"790\" alt=\"\"\/><\/p>\n<p><img decoding=\"async\" class=\"alignnone size-full\" src=\"http:\/\/wxnuohui.com\/wp-content\/uploads\/2025\/09\/detail_pic_3-148.jpg\" width=\"790\" alt=\"\"\/><\/p>\n<p><img decoding=\"async\" class=\"alignnone size-full\" src=\"http:\/\/wxnuohui.com\/wp-content\/uploads\/2025\/09\/detail_pic_4-139.jpg\" width=\"790\" alt=\"\"\/><\/p>\n<p><img decoding=\"async\" class=\"alignnone size-full\" src=\"http:\/\/wxnuohui.com\/wp-content\/uploads\/2025\/09\/detail_pic_5-182.jpg\" width=\"790\" alt=\"\"\/><\/p>\n<p><img decoding=\"async\" class=\"alignnone size-full\" src=\"http:\/\/wxnuohui.com\/wp-content\/uploads\/2025\/09\/detail_pic_6-114.jpg\" width=\"790\" alt=\"\"\/><\/p>\n<p><img decoding=\"async\" class=\"alignnone size-full\" src=\"http:\/\/wxnuohui.com\/wp-content\/uploads\/2025\/09\/detail_pic_7-93.jpg\" width=\"790\" alt=\"\"\/><\/p>\n<p><img decoding=\"async\" class=\"alignnone size-full\" src=\"http:\/\/wxnuohui.com\/wp-content\/uploads\/2025\/09\/detail_pic_8-113.jpg\" width=\"790\" alt=\"\"\/><\/p>\n<p><img decoding=\"async\" class=\"alignnone size-full\" src=\"http:\/\/wxnuohui.com\/wp-content\/uploads\/2025\/09\/detail_pic_9-74.png\" width=\"790\" alt=\"\"\/><\/p>\n<p><img decoding=\"async\" class=\"alignnone size-full\" src=\"http:\/\/wxnuohui.com\/wp-content\/uploads\/2025\/09\/detail_pic_10-207.jpg\" width=\"790\" alt=\"\"\/><\/p>\n<p><img decoding=\"async\" class=\"alignnone size-full\" src=\"http:\/\/wxnuohui.com\/wp-content\/uploads\/2025\/09\/detail_pic_11-204.jpg\" width=\"790\" alt=\"\"\/><\/p>\n<p><img decoding=\"async\" class=\"alignnone size-full\" src=\"http:\/\/wxnuohui.com\/wp-content\/uploads\/2025\/09\/detail_pic_12-201.jpg\" width=\"790\" alt=\"\"\/><\/p>\n<p><img decoding=\"async\" class=\"alignnone size-full\" src=\"http:\/\/wxnuohui.com\/wp-content\/uploads\/2025\/09\/detail_pic_13-199.jpg\" width=\"790\" alt=\"\"\/><\/p>\n<p><img decoding=\"async\" class=\"alignnone size-full\" src=\"http:\/\/wxnuohui.com\/wp-content\/uploads\/2025\/09\/detail_pic_14-34.png\" width=\"790\" alt=\"\"\/><\/p>\n<p><img decoding=\"async\" class=\"alignnone size-full\" src=\"http:\/\/wxnuohui.com\/wp-content\/uploads\/2025\/09\/detail_pic_15-196.jpg\" width=\"790\" alt=\"\"\/><\/p>\n<p><img decoding=\"async\" class=\"alignnone size-full\" src=\"http:\/\/wxnuohui.com\/wp-content\/uploads\/2025\/09\/detail_pic_16-150.jpg\" width=\"790\" alt=\"\"\/><\/p>\n<p><img decoding=\"async\" class=\"alignnone size-full\" src=\"http:\/\/wxnuohui.com\/wp-content\/uploads\/2025\/09\/detail_pic_17-159.jpg\" width=\"790\" alt=\"\"\/><\/p>","protected":false},"excerpt":{"rendered":"<p>Kvalit\u0101tes kompresijas pot\u012b\u0161u satv\u0113riens Dizainera v\u012brie\u0161u apkalpes Unisex sporta kokvilnas pas\u016bt\u012bjuma logotipa ze\u0137es V\u012brie\u0161i<\/p>","protected":false},"featured_media":7410,"template":"","meta":[],"product_brand":[],"product_cat":[22],"product_tag":[],"class_list":{"0":"post-9153","1":"product","2":"type-product","3":"status-publish","4":"has-post-thumbnail","6":"product_cat-women-set","8":"first","9":"outofstock","10":"shipping-taxable","11":"product-type-variable"},"_links":{"self":[{"href":"https:\/\/wxnuohui.com\/lv\/wp-json\/wp\/v2\/product\/9153","targetHints":{"allow":["GET"]}}],"collection":[{"href":"https:\/\/wxnuohui.com\/lv\/wp-json\/wp\/v2\/product"}],"about":[{"href":"https:\/\/wxnuohui.com\/lv\/wp-json\/wp\/v2\/types\/product"}],"wp:featuredmedia":[{"embeddable":true,"href":"https:\/\/wxnuohui.com\/lv\/wp-json\/wp\/v2\/media\/7410"}],"wp:attachment":[{"href":"https:\/\/wxnuohui.com\/lv\/wp-json\/wp\/v2\/media?parent=9153"}],"wp:term":[{"taxonomy":"product_brand","embeddable":true,"href":"https:\/\/wxnuohui.com\/lv\/wp-json\/wp\/v2\/product_brand?post=9153"},{"taxonomy":"product_cat","embeddable":true,"href":"https:\/\/wxnuohui.com\/lv\/wp-json\/wp\/v2\/product_cat?post=9153"},{"taxonomy":"product_tag","embeddable":true,"href":"https:\/\/wxnuohui.com\/lv\/wp-json\/wp\/v2\/product_tag?post=9153"}],"curies":[{"name":"wp","href":"https:\/\/api.w.org\/{rel}","templated":true}]}}