{"id":9126,"date":"2025-09-13T06:20:10","date_gmt":"2025-09-13T06:20:10","guid":{"rendered":"https:\/\/wxnuohui.com\/product\/hot-sale-women-summer-short-set-swim-beach-wear-outfit-ready-stock-two-2-piece-short-set\/"},"modified":"2025-09-13T06:20:10","modified_gmt":"2025-09-13T06:20:10","slug":"hot-sale-women-summer-short-set-swim-beach-wear-outfit-ready-stock-two-2-piece-short-set","status":"publish","type":"product","link":"https:\/\/wxnuohui.com\/lv\/product\/hot-sale-women-summer-short-set-swim-beach-wear-outfit-ready-stock-two-2-piece-short-set\/","title":{"rendered":"Karst\u0101 p\u0101rdo\u0161ana Sievie\u0161u vasaras \u012bss komplekts peld\u0113t pludmales ap\u0123\u0113rbs gatavs kr\u0101jums divi 2 gabali \u012bss komplekts"},"content":{"rendered":"<p>Dzimums: sievietes<br \/>\nSezona: Vasara<br \/>\nApdare: dobi \u0101r\u0101<br \/>\nAuduma veids: ad\u012bjumi<br \/>\nMateri\u0101ls: Poliesters \/ kokvilna<br \/>\nTips:2 gab. \u0161orti komplekts<br \/>\nTopi Garums: \u012bss<br \/>\nPoligr\u0101fijas metodes: Sietspiede<br \/>\nModelis tips: ciets<br \/>\nPiedurknes garums: bez piedurkn\u0113m<br \/>\nTopa tips: Tops<br \/>\n7 dienu parauga pas\u016bt\u012bjuma sagatavo\u0161anas laiks: atbalsts<br \/>\nFunkcija: elpojo\u0161s, videi draudz\u012bgs<br \/>\nGarums: virs ce\u013ca<br \/>\nPieg\u0101des veids: OEM pakalpojums<br \/>\nFit tips: regul\u0101rs<br \/>\nTehnolo\u0123ijas: druk\u0101tas<br \/>\nAu\u0161anas metode: ad\u012bta<br \/>\nApkakle: O veida kakla apkakle<br \/>\nStils: Ikdieni\u0161\u0137s<br \/>\nAuduma svars: 240 grami<br \/>\nAdatu noteik\u0161ana: J\u0101<br \/>\nMode\u013ca numurs: Divi 2 gabali \u012bss komplekts<br \/>\nIzcelsmes vieta: Jiangsu, \u0136\u012bna<br \/>\nZ\u012bmola nosaukums: NH<br \/>\nP\u0101rdo\u0161anas vien\u012bbas: Viena vien\u012bba<br \/>\nViena iepakojuma izm\u0113rs: 23X13X14 cm<br \/>\nVienreiz\u0113jais bruto svars: 0,500 kg<\/p>\n<p><img decoding=\"async\" class=\"alignnone size-full\" src=\"http:\/\/wxnuohui.com\/wp-content\/uploads\/2025\/09\/detail_pic_0-107.png\" width=\"790\" alt=\"\"\/><\/p>\n<p><img decoding=\"async\" class=\"alignnone size-full\" src=\"http:\/\/wxnuohui.com\/wp-content\/uploads\/2025\/09\/detail_pic_1-83.jpg\" width=\"790\" alt=\"\"\/><\/p>\n<p><img decoding=\"async\" class=\"alignnone size-full\" src=\"http:\/\/wxnuohui.com\/wp-content\/uploads\/2025\/09\/detail_pic_2-87.jpg\" width=\"790\" alt=\"\"\/><\/p>\n<p><img decoding=\"async\" class=\"alignnone size-full\" src=\"http:\/\/wxnuohui.com\/wp-content\/uploads\/2025\/09\/detail_pic_3-123.jpg\" width=\"790\" alt=\"\"\/><\/p>\n<p><img decoding=\"async\" class=\"alignnone size-full\" src=\"http:\/\/wxnuohui.com\/wp-content\/uploads\/2025\/09\/detail_pic_4-113.jpg\" width=\"790\" alt=\"\"\/><\/p>\n<p><img decoding=\"async\" class=\"alignnone size-full\" src=\"http:\/\/wxnuohui.com\/wp-content\/uploads\/2025\/09\/detail_pic_5-156.jpg\" width=\"790\" alt=\"\"\/><\/p>\n<p><img decoding=\"async\" class=\"alignnone size-full\" src=\"http:\/\/wxnuohui.com\/wp-content\/uploads\/2025\/09\/detail_pic_6-91.jpg\" width=\"790\" alt=\"\"\/><\/p>\n<p><img decoding=\"async\" class=\"alignnone size-full\" src=\"http:\/\/wxnuohui.com\/wp-content\/uploads\/2025\/09\/detail_pic_7-72.jpg\" width=\"790\" alt=\"\"\/><\/p>\n<p><img decoding=\"async\" class=\"alignnone size-full\" src=\"http:\/\/wxnuohui.com\/wp-content\/uploads\/2025\/09\/detail_pic_8-99.jpg\" width=\"790\" alt=\"\"\/><\/p>\n<p><img decoding=\"async\" class=\"alignnone size-full\" src=\"http:\/\/wxnuohui.com\/wp-content\/uploads\/2025\/09\/detail_pic_9-118.jpg\" width=\"790\" alt=\"\"\/><\/p>\n<p><img decoding=\"async\" class=\"alignnone size-full\" src=\"http:\/\/wxnuohui.com\/wp-content\/uploads\/2025\/09\/detail_pic_10-1.png\" width=\"790\" alt=\"\"\/><\/p>\n<p><img decoding=\"async\" class=\"alignnone size-full\" src=\"http:\/\/wxnuohui.com\/wp-content\/uploads\/2025\/09\/detail_pic_11-177.jpg\" width=\"790\" alt=\"\"\/><\/p>\n<p><img decoding=\"async\" class=\"alignnone size-full\" src=\"http:\/\/wxnuohui.com\/wp-content\/uploads\/2025\/09\/detail_pic_12-177.jpg\" width=\"790\" alt=\"\"\/><\/p>\n<p><img decoding=\"async\" class=\"alignnone size-full\" src=\"http:\/\/wxnuohui.com\/wp-content\/uploads\/2025\/09\/detail_pic_13-177.jpg\" width=\"790\" alt=\"\"\/><\/p>","protected":false},"excerpt":{"rendered":"<p>Karst\u0101 p\u0101rdo\u0161ana Sievie\u0161u vasaras \u012bss komplekts peld\u0113t pludmales ap\u0123\u0113rbs gatavs kr\u0101jums divi 2 gabali \u012bss komplekts<\/p>","protected":false},"featured_media":6766,"template":"","meta":[],"product_brand":[],"product_cat":[22],"product_tag":[],"class_list":{"0":"post-9126","1":"product","2":"type-product","3":"status-publish","4":"has-post-thumbnail","6":"product_cat-women-set","8":"first","9":"outofstock","10":"shipping-taxable","11":"product-type-variable"},"_links":{"self":[{"href":"https:\/\/wxnuohui.com\/lv\/wp-json\/wp\/v2\/product\/9126","targetHints":{"allow":["GET"]}}],"collection":[{"href":"https:\/\/wxnuohui.com\/lv\/wp-json\/wp\/v2\/product"}],"about":[{"href":"https:\/\/wxnuohui.com\/lv\/wp-json\/wp\/v2\/types\/product"}],"wp:featuredmedia":[{"embeddable":true,"href":"https:\/\/wxnuohui.com\/lv\/wp-json\/wp\/v2\/media\/6766"}],"wp:attachment":[{"href":"https:\/\/wxnuohui.com\/lv\/wp-json\/wp\/v2\/media?parent=9126"}],"wp:term":[{"taxonomy":"product_brand","embeddable":true,"href":"https:\/\/wxnuohui.com\/lv\/wp-json\/wp\/v2\/product_brand?post=9126"},{"taxonomy":"product_cat","embeddable":true,"href":"https:\/\/wxnuohui.com\/lv\/wp-json\/wp\/v2\/product_cat?post=9126"},{"taxonomy":"product_tag","embeddable":true,"href":"https:\/\/wxnuohui.com\/lv\/wp-json\/wp\/v2\/product_tag?post=9126"}],"curies":[{"name":"wp","href":"https:\/\/api.w.org\/{rel}","templated":true}]}}