{"id":13873,"date":"2025-09-13T13:50:26","date_gmt":"2025-09-13T13:50:26","guid":{"rendered":"https:\/\/wxnuohui.com\/product\/wholesale-custom-sports-sweatsuits-color-block-activewear-jogger-tracksuit-mens-hoodie-set\/"},"modified":"2025-09-13T13:50:27","modified_gmt":"2025-09-13T13:50:27","slug":"wholesale-custom-sports-sweatsuits-color-block-activewear-jogger-tracksuit-mens-hoodie-set","status":"publish","type":"product","link":"https:\/\/wxnuohui.com\/lv\/product\/wholesale-custom-sports-sweatsuits-color-block-activewear-jogger-tracksuit-mens-hoodie-set\/","title":{"rendered":"Vairumtirdzniec\u012bba Custom Custom sporta treni\u0146t\u0113rpi kr\u0101su bloks Activewear Jogger Tracksuit Mens Hoodie Set"},"content":{"rendered":"<p>Funkcija: elpojo\u0161s, videi draudz\u012bgs, v\u0113ja necaurlaid\u012bgs, antistatisks<br \/>\nVecuma grupa: Pieaugu\u0161ie<br \/>\nSezona: Rudens<br \/>\nGarums: Pilna garuma<br \/>\nPiedurk\u0146u garums (cm): pilnas<br \/>\nDruk\u0101\u0161anas metodes: citas<br \/>\nFit tips: regul\u0101rs<br \/>\nSl\u0113g\u0161anas veids: aukli\u0146a<br \/>\nBiezums: vid\u0113ja svara<br \/>\nModelis tips: ciets<br \/>\nStils: komplekti<br \/>\nPieg\u0101des veids: OEM pakalpojums<br \/>\nMateri\u0101ls: Poliesters \/ kokvilna<br \/>\n7 dienu parauga pas\u016bt\u012bjuma sagatavo\u0161anas laiks: atbalsts<br \/>\nDzimums: V\u012brie\u0161i<br \/>\nTehnolo\u0123ijas: citas<br \/>\nAuduma svars: 300 grami<br \/>\nPieejamais daudzums: 5000<br \/>\nAdatu noteik\u0161ana: J\u0101<br \/>\nMode\u013ca numurs: Hoodie komplekts<br \/>\nIzcelsmes vieta: Jiangsu, \u0136\u012bna<br \/>\nZ\u012bmola nosaukums: HN<br \/>\nDizains: vienk\u0101r\u0161s<br \/>\nApkakle: Apkakle<br \/>\nKabatas:s\u0101nu kabatas<br \/>\nLogotipa novietojums: priek\u0161pus\u0113, aizmugur\u0113<br \/>\nP\u0101rdo\u0161anas vien\u012bbas: Viena vien\u012bba<br \/>\nViena iepakojuma izm\u0113rs: 26X15X18 cm<br \/>\nVienreiz\u0113jais bruto svars: 1 000 kg<\/p>\n<p><img decoding=\"async\" class=\"alignnone size-full\" src=\"http:\/\/wxnuohui.com\/wp-content\/uploads\/2025\/09\/detail_pic_0-304.jpg\" width=\"790\" alt=\"\"\/><\/p>\n<p><img decoding=\"async\" class=\"alignnone size-full\" src=\"http:\/\/wxnuohui.com\/wp-content\/uploads\/2025\/09\/detail_pic_1-310.jpg\" width=\"790\" alt=\"\"\/><\/p>\n<p><img decoding=\"async\" class=\"alignnone size-full\" src=\"http:\/\/wxnuohui.com\/wp-content\/uploads\/2025\/09\/detail_pic_2-317.jpg\" width=\"790\" alt=\"\"\/><\/p>\n<p><img decoding=\"async\" class=\"alignnone size-full\" src=\"http:\/\/wxnuohui.com\/wp-content\/uploads\/2025\/09\/detail_pic_3-352.jpg\" width=\"790\" alt=\"\"\/><\/p>\n<p><img decoding=\"async\" class=\"alignnone size-full\" src=\"http:\/\/wxnuohui.com\/wp-content\/uploads\/2025\/09\/detail_pic_4-355.jpg\" width=\"790\" alt=\"\"\/><\/p>\n<p><img decoding=\"async\" class=\"alignnone size-full\" src=\"http:\/\/wxnuohui.com\/wp-content\/uploads\/2025\/09\/detail_pic_5-405.jpg\" width=\"790\" alt=\"\"\/><\/p>\n<p><img decoding=\"async\" class=\"alignnone size-full\" src=\"http:\/\/wxnuohui.com\/wp-content\/uploads\/2025\/09\/detail_pic_6-316.jpg\" width=\"790\" alt=\"\"\/><\/p>\n<p><img decoding=\"async\" class=\"alignnone size-full\" src=\"http:\/\/wxnuohui.com\/wp-content\/uploads\/2025\/09\/detail_pic_7-240.jpg\" width=\"790\" alt=\"\"\/><\/p>\n<p><img decoding=\"async\" class=\"alignnone size-full\" src=\"http:\/\/wxnuohui.com\/wp-content\/uploads\/2025\/09\/detail_pic_8-225.jpg\" width=\"790\" alt=\"\"\/><\/p>\n<p><img decoding=\"async\" class=\"alignnone size-full\" src=\"http:\/\/wxnuohui.com\/wp-content\/uploads\/2025\/09\/detail_pic_9-233.jpg\" width=\"790\" alt=\"\"\/><\/p>\n<p><img decoding=\"async\" class=\"alignnone size-full\" src=\"http:\/\/wxnuohui.com\/wp-content\/uploads\/2025\/09\/detail_pic_10-433.jpg\" width=\"790\" alt=\"\"\/><\/p>\n<p><img decoding=\"async\" class=\"alignnone size-full\" src=\"http:\/\/wxnuohui.com\/wp-content\/uploads\/2025\/09\/detail_pic_11-427.jpg\" width=\"790\" alt=\"\"\/><\/p>\n<p><img decoding=\"async\" class=\"alignnone size-full\" src=\"http:\/\/wxnuohui.com\/wp-content\/uploads\/2025\/09\/detail_pic_12-16.png\" width=\"790\" alt=\"\"\/><\/p>\n<p><img decoding=\"async\" class=\"alignnone size-full\" src=\"http:\/\/wxnuohui.com\/wp-content\/uploads\/2025\/09\/detail_pic_13-391.jpg\" width=\"790\" alt=\"\"\/><\/p>\n<p><img decoding=\"async\" class=\"alignnone size-full\" src=\"http:\/\/wxnuohui.com\/wp-content\/uploads\/2025\/09\/detail_pic_14-219.jpg\" width=\"790\" alt=\"\"\/><\/p>\n<p><img decoding=\"async\" class=\"alignnone size-full\" src=\"http:\/\/wxnuohui.com\/wp-content\/uploads\/2025\/09\/detail_pic_15-386.jpg\" width=\"790\" alt=\"\"\/><\/p>","protected":false},"excerpt":{"rendered":"<p>Vairumtirdzniec\u012bba Custom Custom sporta treni\u0146t\u0113rpi kr\u0101su bloks Activewear Jogger Tracksuit Mens Hoodie Set<\/p>","protected":false},"featured_media":13393,"template":"","meta":[],"product_brand":[],"product_cat":[25],"product_tag":[],"class_list":{"0":"post-13873","1":"product","2":"type-product","3":"status-publish","4":"has-post-thumbnail","6":"product_cat-jogging-suits-tracksuits","8":"first","9":"outofstock","10":"shipping-taxable","11":"product-type-variable"},"_links":{"self":[{"href":"https:\/\/wxnuohui.com\/lv\/wp-json\/wp\/v2\/product\/13873","targetHints":{"allow":["GET"]}}],"collection":[{"href":"https:\/\/wxnuohui.com\/lv\/wp-json\/wp\/v2\/product"}],"about":[{"href":"https:\/\/wxnuohui.com\/lv\/wp-json\/wp\/v2\/types\/product"}],"wp:featuredmedia":[{"embeddable":true,"href":"https:\/\/wxnuohui.com\/lv\/wp-json\/wp\/v2\/media\/13393"}],"wp:attachment":[{"href":"https:\/\/wxnuohui.com\/lv\/wp-json\/wp\/v2\/media?parent=13873"}],"wp:term":[{"taxonomy":"product_brand","embeddable":true,"href":"https:\/\/wxnuohui.com\/lv\/wp-json\/wp\/v2\/product_brand?post=13873"},{"taxonomy":"product_cat","embeddable":true,"href":"https:\/\/wxnuohui.com\/lv\/wp-json\/wp\/v2\/product_cat?post=13873"},{"taxonomy":"product_tag","embeddable":true,"href":"https:\/\/wxnuohui.com\/lv\/wp-json\/wp\/v2\/product_tag?post=13873"}],"curies":[{"name":"wp","href":"https:\/\/api.w.org\/{rel}","templated":true}]}}