{"id":13861,"date":"2025-09-13T13:50:16","date_gmt":"2025-09-13T13:50:16","guid":{"rendered":"https:\/\/wxnuohui.com\/product\/new-long-sleeve-active-jogger-suit-training-sweatsuit-women-fitted-velour-hooded-velvet-tracksuit\/"},"modified":"2025-09-13T13:50:17","modified_gmt":"2025-09-13T13:50:17","slug":"new-long-sleeve-active-jogger-suit-training-sweatsuit-women-fitted-velour-hooded-velvet-tracksuit","status":"publish","type":"product","link":"https:\/\/wxnuohui.com\/lv\/product\/new-long-sleeve-active-jogger-suit-training-sweatsuit-women-fitted-velour-hooded-velvet-tracksuit\/","title":{"rendered":"Jauns gar\u0101m piedurkn\u0113m akt\u012bvs Jogger uzvalks treni\u0146u treni\u0146u treni\u0146t\u0113rps sievietes piegu\u013c vel\u016brs ar kapuci velvets treni\u0146t\u0113rps"},"content":{"rendered":"<p>Materi\u0101ls: samts<br \/>\nStils: komplekti<br \/>\nFunkcija: elpojo\u0161s, videi draudz\u012bgs<br \/>\nSezona: Rudens<br \/>\nPieg\u0101des veids: Noliktav\u0101 eso\u0161ie priek\u0161meti<br \/>\nMode\u013ca numurs: Sievie\u0161u samta treni\u0146t\u0113rps<br \/>\n7 dienu parauga pas\u016bt\u012bjuma sagatavo\u0161anas laiks: atbalsts<br \/>\nVecuma grupa: Pieaugu\u0161ie<br \/>\nDzimums: sievietes<br \/>\nIzcelsmes vieta: Jiangsu, \u0136\u012bna<br \/>\nZ\u012bmola nosaukums: HN<br \/>\nPieejamais daudzums: 5000<br \/>\nProdukta nosaukums:Sievie\u0161u piegu\u013co\u0161s vel\u016brs ar kapuci, samta kr\u0101sas treni\u0146t\u0113rps<br \/>\nAtsl\u0113gas v\u0101rdi:Sievie\u0161u samta treni\u0146t\u0113rps<br \/>\nPakalpojums: 24 stundas tie\u0161saist\u0113<br \/>\nMaks\u0101jums: tirdzniec\u012bbas nodro\u0161in\u0101\u0161ana<br \/>\nPoligr\u0101fija: Custom Designs Print<br \/>\nParaugs: 3-5 dienas<br \/>\nIepakojums: 1 gab\/polybag<br \/>\nPieg\u0101des laiks: 7 ~ 15 dienas<br \/>\nEti\u0137ete un logotips: Accpet Customized<br \/>\nPieg\u0101de: DHLEMSUPSFEDEX pa Seaby Air<br \/>\nIepakojuma deta\u013cas: Vairumtirdzniec\u012bba Plain Sievie\u0161u Slim Fit skrie\u0161anas Wear Gym Zipper Hoodie Velour Tracksuit: Paraugam, viens gabals uz poli maisi\u0146u. 2. masveida ra\u017eo\u0161anai, m\u016bsu regul\u0101rais iepakojums ir kartons. 3.<br \/>\nNos\u016bt\u012b\u0161anas osta: \u0160anhaja<br \/>\nP\u0101rdo\u0161anas vien\u012bbas: Viena vien\u012bba<br \/>\nViena iepakojuma izm\u0113rs: 20X20X5 cm<br \/>\nVienreiz\u0113jais bruto svars: 0,500 kg<br \/>\nIepakojuma piem\u0113ri:<br \/>\nPieg\u0101des iesp\u0113jas: 5000 gabalu m\u0113nes\u012b Vel\u016brs Tracksuit<\/p>\n<p><img decoding=\"async\" class=\"alignnone size-full\" src=\"http:\/\/wxnuohui.com\/wp-content\/uploads\/2025\/09\/detail_pic_0-293.jpg\" width=\"790\" alt=\"\"\/><\/p>\n<p><img decoding=\"async\" class=\"alignnone size-full\" src=\"http:\/\/wxnuohui.com\/wp-content\/uploads\/2025\/09\/detail_pic_1-299.jpg\" width=\"790\" alt=\"\"\/><\/p>\n<p><img decoding=\"async\" class=\"alignnone size-full\" src=\"http:\/\/wxnuohui.com\/wp-content\/uploads\/2025\/09\/detail_pic_2-306.jpg\" width=\"790\" alt=\"\"\/><\/p>","protected":false},"excerpt":{"rendered":"<p>Jauns gar\u0101m piedurkn\u0113m akt\u012bvs Jogger uzvalks treni\u0146u treni\u0146u treni\u0146t\u0113rps sievietes piegu\u013c vel\u016brs ar kapuci velvets treni\u0146t\u0113rps<\/p>","protected":false},"featured_media":13130,"template":"","meta":[],"product_brand":[],"product_cat":[25],"product_tag":[],"class_list":{"0":"post-13861","1":"product","2":"type-product","3":"status-publish","4":"has-post-thumbnail","6":"product_cat-jogging-suits-tracksuits","8":"first","9":"outofstock","10":"shipping-taxable","11":"product-type-variable"},"_links":{"self":[{"href":"https:\/\/wxnuohui.com\/lv\/wp-json\/wp\/v2\/product\/13861","targetHints":{"allow":["GET"]}}],"collection":[{"href":"https:\/\/wxnuohui.com\/lv\/wp-json\/wp\/v2\/product"}],"about":[{"href":"https:\/\/wxnuohui.com\/lv\/wp-json\/wp\/v2\/types\/product"}],"wp:featuredmedia":[{"embeddable":true,"href":"https:\/\/wxnuohui.com\/lv\/wp-json\/wp\/v2\/media\/13130"}],"wp:attachment":[{"href":"https:\/\/wxnuohui.com\/lv\/wp-json\/wp\/v2\/media?parent=13861"}],"wp:term":[{"taxonomy":"product_brand","embeddable":true,"href":"https:\/\/wxnuohui.com\/lv\/wp-json\/wp\/v2\/product_brand?post=13861"},{"taxonomy":"product_cat","embeddable":true,"href":"https:\/\/wxnuohui.com\/lv\/wp-json\/wp\/v2\/product_cat?post=13861"},{"taxonomy":"product_tag","embeddable":true,"href":"https:\/\/wxnuohui.com\/lv\/wp-json\/wp\/v2\/product_tag?post=13861"}],"curies":[{"name":"wp","href":"https:\/\/api.w.org\/{rel}","templated":true}]}}