{"id":13855,"date":"2025-09-13T13:50:11","date_gmt":"2025-09-13T13:50:11","guid":{"rendered":"https:\/\/wxnuohui.com\/product\/wholesale-hot-sale-high-quality-famous-brand-men-casual-custom-logo-sports-sweat-suit-tracksuits\/"},"modified":"2025-09-13T13:50:12","modified_gmt":"2025-09-13T13:50:12","slug":"wholesale-hot-sale-high-quality-famous-brand-men-casual-custom-logo-sports-sweat-suit-tracksuits","status":"publish","type":"product","link":"https:\/\/wxnuohui.com\/lv\/product\/wholesale-hot-sale-high-quality-famous-brand-men-casual-custom-logo-sports-sweat-suit-tracksuits\/","title":{"rendered":"Vairumtirdzniec\u012bba karst\u0101 p\u0101rdo\u0161ana augstas kvalit\u0101tes slavens z\u012bmols v\u012brie\u0161i gad\u012bjuma Custom Logo sporta sporta sviedru uzvalks Tracksuits"},"content":{"rendered":"<p>Funkcija: elpojo\u0161s, videi draudz\u012bgs, v\u0113ja necaurlaid\u012bgs, antistatisks<br \/>\nVecuma grupa: Pieaugu\u0161ie<br \/>\nSezona: Rudens<br \/>\nGarums: Pilna garuma<br \/>\nPiedurk\u0146u garums (cm): pilnas<br \/>\nDruk\u0101\u0161anas metodes:Nav<br \/>\nFit tips: regul\u0101rs<br \/>\nSl\u0113g\u0161anas veids: aukli\u0146a<br \/>\nBiezums: vid\u0113ja svara<br \/>\nStils: komplekti<br \/>\nPieg\u0101des veids: OEM pakalpojums<br \/>\nMateri\u0101ls: 100% Poliesters<br \/>\n7 dienu parauga pas\u016bt\u012bjuma sagatavo\u0161anas laiks: atbalsts<br \/>\nDzimums: V\u012brie\u0161i<br \/>\nTehnolo\u0123ijas: citas<br \/>\nAuduma svars: 320 grami<br \/>\nPieejamais daudzums: 5000<br \/>\nMode\u013ca numurs:Custom Tracksuits-664373556739<br \/>\nIzcelsmes vieta: Jiangsu, \u0136\u012bna<br \/>\nZ\u012bmola nosaukums: NH-659800095149<br \/>\nProdukta nosaukums: V\u012brie\u0161u gad\u012bjuma Logo Custom Logo sporta sporta treni\u0146t\u0113rps Tracksuits<br \/>\nAtsl\u0113gas v\u0101rdi:Custom Tracksuits<br \/>\nPakalpojums: 24 stundas tie\u0161saist\u0113<br \/>\nMaks\u0101jums: tirdzniec\u012bbas nodro\u0161in\u0101\u0161ana<br \/>\nPoligr\u0101fija: Custom Designs Print<br \/>\nParaugs: 3-5 dienas<br \/>\nIepakojums: 1 gab\/polybag<br \/>\nPieg\u0101des laiks: 7 ~ 15 dienas<br \/>\nEti\u0137ete un logotips: Accpet Customized<br \/>\nPieg\u0101de: DHLEMSUPSFEDEX pa Seaby Air<br \/>\nP\u0101rdo\u0161anas vien\u012bbas: Viena vien\u012bba<br \/>\nViena iepakojuma izm\u0113rs: 26X15X18 cm<br \/>\nVienreiz\u0113jais bruto svars: 1 200 kg<\/p>\n<p><img decoding=\"async\" class=\"alignnone size-full\" src=\"http:\/\/wxnuohui.com\/wp-content\/uploads\/2025\/09\/detail_pic_0-290.jpg\" width=\"790\" alt=\"\"\/><\/p>\n<p><img decoding=\"async\" class=\"alignnone size-full\" src=\"http:\/\/wxnuohui.com\/wp-content\/uploads\/2025\/09\/detail_pic_1-296.jpg\" width=\"790\" alt=\"\"\/><\/p>\n<p><img decoding=\"async\" class=\"alignnone size-full\" src=\"http:\/\/wxnuohui.com\/wp-content\/uploads\/2025\/09\/detail_pic_2-303.jpg\" width=\"790\" alt=\"\"\/><\/p>\n<p><img decoding=\"async\" class=\"alignnone size-full\" src=\"http:\/\/wxnuohui.com\/wp-content\/uploads\/2025\/09\/detail_pic_3-338.jpg\" width=\"790\" alt=\"\"\/><\/p>\n<p><img decoding=\"async\" class=\"alignnone size-full\" src=\"http:\/\/wxnuohui.com\/wp-content\/uploads\/2025\/09\/detail_pic_4-341.jpg\" width=\"790\" alt=\"\"\/><\/p>\n<p><img decoding=\"async\" class=\"alignnone size-full\" src=\"http:\/\/wxnuohui.com\/wp-content\/uploads\/2025\/09\/detail_pic_5-391.jpg\" width=\"790\" alt=\"\"\/><\/p>\n<p><img decoding=\"async\" class=\"alignnone size-full\" src=\"http:\/\/wxnuohui.com\/wp-content\/uploads\/2025\/09\/detail_pic_6-302.jpg\" width=\"790\" alt=\"\"\/><\/p>\n<p><img decoding=\"async\" class=\"alignnone size-full\" src=\"http:\/\/wxnuohui.com\/wp-content\/uploads\/2025\/09\/detail_pic_7-229.jpg\" width=\"790\" alt=\"\"\/><\/p>\n<p><img decoding=\"async\" class=\"alignnone size-full\" src=\"http:\/\/wxnuohui.com\/wp-content\/uploads\/2025\/09\/detail_pic_8-209.png\" width=\"790\" alt=\"\"\/><\/p>\n<p><img decoding=\"async\" class=\"alignnone size-full\" src=\"http:\/\/wxnuohui.com\/wp-content\/uploads\/2025\/09\/detail_pic_9-199.png\" width=\"790\" alt=\"\"\/><\/p>\n<p><img decoding=\"async\" class=\"alignnone size-full\" src=\"http:\/\/wxnuohui.com\/wp-content\/uploads\/2025\/09\/detail_pic_10-417.jpg\" width=\"790\" alt=\"\"\/><\/p>\n<p><img decoding=\"async\" class=\"alignnone size-full\" src=\"http:\/\/wxnuohui.com\/wp-content\/uploads\/2025\/09\/detail_pic_11-415.jpg\" width=\"790\" alt=\"\"\/><\/p>\n<p><img decoding=\"async\" class=\"alignnone size-full\" src=\"http:\/\/wxnuohui.com\/wp-content\/uploads\/2025\/09\/detail_pic_12-401.jpg\" width=\"790\" alt=\"\"\/><\/p>\n<p><img decoding=\"async\" class=\"alignnone size-full\" src=\"http:\/\/wxnuohui.com\/wp-content\/uploads\/2025\/09\/detail_pic_13-376.jpg\" width=\"790\" alt=\"\"\/><\/p>\n<p><img decoding=\"async\" class=\"alignnone size-full\" src=\"http:\/\/wxnuohui.com\/wp-content\/uploads\/2025\/09\/detail_pic_14-180.png\" width=\"790\" alt=\"\"\/><\/p>\n<p><img decoding=\"async\" class=\"alignnone size-full\" src=\"http:\/\/wxnuohui.com\/wp-content\/uploads\/2025\/09\/detail_pic_15-374.jpg\" width=\"790\" alt=\"\"\/><\/p>\n<p><img decoding=\"async\" class=\"alignnone size-full\" src=\"http:\/\/wxnuohui.com\/wp-content\/uploads\/2025\/09\/detail_pic_16-321.jpg\" width=\"790\" alt=\"\"\/><\/p>\n<p><img decoding=\"async\" class=\"alignnone size-full\" src=\"http:\/\/wxnuohui.com\/wp-content\/uploads\/2025\/09\/detail_pic_17-305.jpg\" width=\"790\" alt=\"\"\/><\/p>","protected":false},"excerpt":{"rendered":"<p>Vairumtirdzniec\u012bba karst\u0101 p\u0101rdo\u0161ana augstas kvalit\u0101tes slavens z\u012bmols v\u012brie\u0161i gad\u012bjuma Custom Logo sporta sporta sviedru uzvalks Tracksuits<\/p>","protected":false},"featured_media":12991,"template":"","meta":[],"product_brand":[],"product_cat":[25],"product_tag":[],"class_list":{"0":"post-13855","1":"product","2":"type-product","3":"status-publish","4":"has-post-thumbnail","6":"product_cat-jogging-suits-tracksuits","8":"first","9":"outofstock","10":"shipping-taxable","11":"product-type-variable"},"_links":{"self":[{"href":"https:\/\/wxnuohui.com\/lv\/wp-json\/wp\/v2\/product\/13855","targetHints":{"allow":["GET"]}}],"collection":[{"href":"https:\/\/wxnuohui.com\/lv\/wp-json\/wp\/v2\/product"}],"about":[{"href":"https:\/\/wxnuohui.com\/lv\/wp-json\/wp\/v2\/types\/product"}],"wp:featuredmedia":[{"embeddable":true,"href":"https:\/\/wxnuohui.com\/lv\/wp-json\/wp\/v2\/media\/12991"}],"wp:attachment":[{"href":"https:\/\/wxnuohui.com\/lv\/wp-json\/wp\/v2\/media?parent=13855"}],"wp:term":[{"taxonomy":"product_brand","embeddable":true,"href":"https:\/\/wxnuohui.com\/lv\/wp-json\/wp\/v2\/product_brand?post=13855"},{"taxonomy":"product_cat","embeddable":true,"href":"https:\/\/wxnuohui.com\/lv\/wp-json\/wp\/v2\/product_cat?post=13855"},{"taxonomy":"product_tag","embeddable":true,"href":"https:\/\/wxnuohui.com\/lv\/wp-json\/wp\/v2\/product_tag?post=13855"}],"curies":[{"name":"wp","href":"https:\/\/api.w.org\/{rel}","templated":true}]}}