{"id":12425,"date":"2025-09-13T10:55:57","date_gmt":"2025-09-13T10:55:57","guid":{"rendered":"https:\/\/wxnuohui.com\/product\/high-quality-casual-sweater-embossed-custom-hoodies-stock-clothing-sweatshirts\/"},"modified":"2025-09-13T10:55:58","modified_gmt":"2025-09-13T10:55:58","slug":"high-quality-casual-sweater-embossed-custom-hoodies-stock-clothing-sweatshirts","status":"publish","type":"product","link":"https:\/\/wxnuohui.com\/lv\/product\/high-quality-casual-sweater-embossed-custom-hoodies-stock-clothing-sweatshirts\/","title":{"rendered":"Augstas kvalit\u0101tes gad\u012bjuma d\u017eemperis ar reljefu Custom Hoodies Stock Ap\u0123\u0113rbi Sv\u012bteri"},"content":{"rendered":"<p>7 dienu parauga pas\u016bt\u012bjuma sagatavo\u0161anas laiks: atbalsts<br \/>\nDizains: oder\u0113ts<br \/>\nPiedurk\u0146u stils: regul\u0101rs<br \/>\nAdatu noteik\u0161ana: J\u0101<br \/>\nAu\u0161anas metode: austs<br \/>\nMode\u013ca tips: druk\u0101t<br \/>\nAuduma svars: 300 grami<br \/>\nDruk\u0101\u0161anas metodes:Nav<br \/>\nTips:Pulovers<br \/>\nFit tips: regul\u0101ra piegulo\u0161\u0101 forma<br \/>\nGarums: regul\u0101rs<br \/>\nPieg\u0101des veids: OEM pakalpojums<br \/>\nTehnolo\u0123ijas: citas<br \/>\nApkakle:ar kapuci<br \/>\nStils:Pulovers<br \/>\nSezona: Ziema<br \/>\n\u012apa\u0161\u012bba: pretgrumbu, Anti-Pilling, elpojo\u0161s, v\u0113ja necaurlaid\u012bgs, Anti-Shrink<br \/>\nAuduma veids: trikot\u0101\u017eas<br \/>\nMateri\u0101ls: 100% Poliesters<br \/>\nLogotipa novietojums: priek\u0161pus\u0113<br \/>\nDzimums: V\u012brie\u0161i<br \/>\nMode\u013ca numurs:Hoodie Men-556128837922<br \/>\nIzcelsmes vieta: Jiangsu, \u0136\u012bna<br \/>\nZ\u012bmola nosaukums: NH<br \/>\nP\u0101rdo\u0161anas vien\u012bbas: Viena vien\u012bba<br \/>\nViena iepakojuma izm\u0113rs: 26X15X18 cm<br \/>\nVienreiz\u0113jais bruto svars: 0,700 kg<\/p>\n<p><img decoding=\"async\" class=\"alignnone size-full\" src=\"http:\/\/wxnuohui.com\/wp-content\/uploads\/2025\/09\/detail_pic_0-256.jpg\" width=\"790\" alt=\"\"\/><\/p>\n<p><img decoding=\"async\" class=\"alignnone size-full\" src=\"http:\/\/wxnuohui.com\/wp-content\/uploads\/2025\/09\/detail_pic_1-261.jpg\" width=\"790\" alt=\"\"\/><\/p>\n<p><img decoding=\"async\" class=\"alignnone size-full\" src=\"http:\/\/wxnuohui.com\/wp-content\/uploads\/2025\/09\/detail_pic_2-268.jpg\" width=\"790\" alt=\"\"\/><\/p>\n<p><img decoding=\"async\" class=\"alignnone size-full\" src=\"http:\/\/wxnuohui.com\/wp-content\/uploads\/2025\/09\/detail_pic_3-303.jpg\" width=\"790\" alt=\"\"\/><\/p>\n<p><img decoding=\"async\" class=\"alignnone size-full\" src=\"http:\/\/wxnuohui.com\/wp-content\/uploads\/2025\/09\/detail_pic_4-306.jpg\" width=\"790\" alt=\"\"\/><\/p>\n<p><img decoding=\"async\" class=\"alignnone size-full\" src=\"http:\/\/wxnuohui.com\/wp-content\/uploads\/2025\/09\/detail_pic_5-356.jpg\" width=\"790\" alt=\"\"\/><\/p>\n<p><img decoding=\"async\" class=\"alignnone size-full\" src=\"http:\/\/wxnuohui.com\/wp-content\/uploads\/2025\/09\/detail_pic_6-267.jpg\" width=\"790\" alt=\"\"\/><\/p>\n<p><img decoding=\"async\" class=\"alignnone size-full\" src=\"http:\/\/wxnuohui.com\/wp-content\/uploads\/2025\/09\/detail_pic_7-199.jpg\" width=\"790\" alt=\"\"\/><\/p>\n<p><img decoding=\"async\" class=\"alignnone size-full\" src=\"http:\/\/wxnuohui.com\/wp-content\/uploads\/2025\/09\/detail_pic_8-192.jpg\" width=\"790\" alt=\"\"\/><\/p>\n<p><img decoding=\"async\" class=\"alignnone size-full\" src=\"http:\/\/wxnuohui.com\/wp-content\/uploads\/2025\/09\/detail_pic_9-183.png\" width=\"790\" alt=\"\"\/><\/p>\n<p><img decoding=\"async\" class=\"alignnone size-full\" src=\"http:\/\/wxnuohui.com\/wp-content\/uploads\/2025\/09\/detail_pic_10-387.jpg\" width=\"790\" alt=\"\"\/><\/p>\n<p><img decoding=\"async\" class=\"alignnone size-full\" src=\"http:\/\/wxnuohui.com\/wp-content\/uploads\/2025\/09\/detail_pic_11-381.jpg\" width=\"790\" alt=\"\"\/><\/p>\n<p><img decoding=\"async\" class=\"alignnone size-full\" src=\"http:\/\/wxnuohui.com\/wp-content\/uploads\/2025\/09\/detail_pic_12-369.jpg\" width=\"790\" alt=\"\"\/><\/p>\n<p><img decoding=\"async\" class=\"alignnone size-full\" src=\"http:\/\/wxnuohui.com\/wp-content\/uploads\/2025\/09\/detail_pic_13-344.jpg\" width=\"790\" alt=\"\"\/><\/p>\n<p><img decoding=\"async\" class=\"alignnone size-full\" src=\"http:\/\/wxnuohui.com\/wp-content\/uploads\/2025\/09\/detail_pic_14-157.png\" width=\"790\" alt=\"\"\/><\/p>\n<p><img decoding=\"async\" class=\"alignnone size-full\" src=\"http:\/\/wxnuohui.com\/wp-content\/uploads\/2025\/09\/detail_pic_15-346.jpg\" width=\"790\" alt=\"\"\/><\/p>\n<p><img decoding=\"async\" class=\"alignnone size-full\" src=\"http:\/\/wxnuohui.com\/wp-content\/uploads\/2025\/09\/detail_pic_16-296.jpg\" width=\"790\" alt=\"\"\/><\/p>\n<p><img decoding=\"async\" class=\"alignnone size-full\" src=\"http:\/\/wxnuohui.com\/wp-content\/uploads\/2025\/09\/detail_pic_17-282.jpg\" width=\"790\" alt=\"\"\/><\/p>","protected":false},"excerpt":{"rendered":"<p>Augstas kvalit\u0101tes gad\u012bjuma d\u017eemperis ar reljefu Custom Hoodies Stock Ap\u0123\u0113rbi Sv\u012bteri<\/p>","protected":false},"featured_media":12008,"template":"","meta":[],"product_brand":[],"product_cat":[27],"product_tag":[],"class_list":{"0":"post-12425","1":"product","2":"type-product","3":"status-publish","4":"has-post-thumbnail","6":"product_cat-hoodie","8":"first","9":"outofstock","10":"shipping-taxable","11":"product-type-variable"},"_links":{"self":[{"href":"https:\/\/wxnuohui.com\/lv\/wp-json\/wp\/v2\/product\/12425","targetHints":{"allow":["GET"]}}],"collection":[{"href":"https:\/\/wxnuohui.com\/lv\/wp-json\/wp\/v2\/product"}],"about":[{"href":"https:\/\/wxnuohui.com\/lv\/wp-json\/wp\/v2\/types\/product"}],"wp:featuredmedia":[{"embeddable":true,"href":"https:\/\/wxnuohui.com\/lv\/wp-json\/wp\/v2\/media\/12008"}],"wp:attachment":[{"href":"https:\/\/wxnuohui.com\/lv\/wp-json\/wp\/v2\/media?parent=12425"}],"wp:term":[{"taxonomy":"product_brand","embeddable":true,"href":"https:\/\/wxnuohui.com\/lv\/wp-json\/wp\/v2\/product_brand?post=12425"},{"taxonomy":"product_cat","embeddable":true,"href":"https:\/\/wxnuohui.com\/lv\/wp-json\/wp\/v2\/product_cat?post=12425"},{"taxonomy":"product_tag","embeddable":true,"href":"https:\/\/wxnuohui.com\/lv\/wp-json\/wp\/v2\/product_tag?post=12425"}],"curies":[{"name":"wp","href":"https:\/\/api.w.org\/{rel}","templated":true}]}}