{"id":12405,"date":"2025-09-13T10:55:41","date_gmt":"2025-09-13T10:55:41","guid":{"rendered":"https:\/\/wxnuohui.com\/product\/custom-dtg-screen-printing-420grams-high-quality-washed-hoodie-vintage-wax-dyed-worn-out-vintage-wax-dyed-worn-out\/"},"modified":"2025-09-13T10:55:42","modified_gmt":"2025-09-13T10:55:42","slug":"custom-dtg-screen-printing-420grams-high-quality-washed-hoodie-vintage-wax-dyed-worn-out-vintage-wax-dyed-worn-out","status":"publish","type":"product","link":"https:\/\/wxnuohui.com\/lv\/product\/custom-dtg-screen-printing-420grams-high-quality-washed-hoodie-vintage-wax-dyed-worn-out-vintage-wax-dyed-worn-out\/","title":{"rendered":"Piel\u0101gota Dtg ekr\u0101na druk\u0101\u0161anas 420grams augstas kvalit\u0101tes mazg\u0101 Hoodie Vintage vasks kr\u0101soti Worn-out Vintage vasks kr\u0101soti Worn-out"},"content":{"rendered":"<p>7 dienu parauga pas\u016bt\u012bjuma sagatavo\u0161anas laiks: atbalsts<br \/>\nDizains: bez oder\u0113juma<br \/>\nPiedurk\u0146u stils: regul\u0101rs<br \/>\nAdatu noteik\u0161ana: J\u0101<br \/>\nAu\u0161anas metode: ad\u012bta<br \/>\nModelis tips: ciets<br \/>\nAuduma svars: 420 grami<br \/>\nPoligr\u0101fijas metodes: Sietspiede<br \/>\nTips:Pulovers<br \/>\nFit tips: regul\u0101ra piegulo\u0161\u0101 forma<br \/>\nGarums: regul\u0101rs<br \/>\nPieg\u0101des veids: OEM pakalpojums<br \/>\nTehnolo\u0123ijas: mazg\u0101tas<br \/>\nApkakle:ar kapuci<br \/>\nStils:Pulovers<br \/>\nSezona: Ziema<br \/>\n\u012apa\u0161\u012bba: pretgrumbu, Anti-Pilling, elpojo\u0161s, v\u0113ja necaurlaid\u012bgs, Anti-Shrink<br \/>\nAuduma veids: frot\u0113<br \/>\nMateri\u0101ls: Poliesters \/ kokvilna<br \/>\nLogotipa novietojums: priek\u0161pus\u0113<br \/>\nDzimums: V\u012brie\u0161i<br \/>\nMode\u013ca numurs:420grams mazg\u0101t Hoodie<br \/>\nIzcelsmes vieta: Jiangsu, \u0136\u012bna<br \/>\nZ\u012bmola nosaukums: NH<br \/>\nP\u0101rdo\u0161anas vien\u012bbas: Viena vien\u012bba<br \/>\nViena iepakojuma izm\u0113rs: 20X13X14 cm<br \/>\nVienreiz\u0113jais bruto svars: 1 200 kg<\/p>\n<p><img decoding=\"async\" class=\"alignnone size-full\" src=\"http:\/\/wxnuohui.com\/wp-content\/uploads\/2025\/09\/detail_pic_0-238.jpg\" width=\"790\" alt=\"\"\/><\/p>\n<p><img decoding=\"async\" class=\"alignnone size-full\" src=\"http:\/\/wxnuohui.com\/wp-content\/uploads\/2025\/09\/detail_pic_1-242.jpg\" width=\"790\" alt=\"\"\/><\/p>\n<p><img decoding=\"async\" class=\"alignnone size-full\" src=\"http:\/\/wxnuohui.com\/wp-content\/uploads\/2025\/09\/detail_pic_2-249.jpg\" width=\"790\" alt=\"\"\/><\/p>\n<p><img decoding=\"async\" class=\"alignnone size-full\" src=\"http:\/\/wxnuohui.com\/wp-content\/uploads\/2025\/09\/detail_pic_3-285.jpg\" width=\"790\" alt=\"\"\/><\/p>\n<p><img decoding=\"async\" class=\"alignnone size-full\" src=\"http:\/\/wxnuohui.com\/wp-content\/uploads\/2025\/09\/detail_pic_4-287.jpg\" width=\"790\" alt=\"\"\/><\/p>\n<p><img decoding=\"async\" class=\"alignnone size-full\" src=\"http:\/\/wxnuohui.com\/wp-content\/uploads\/2025\/09\/detail_pic_5-337.jpg\" width=\"790\" alt=\"\"\/><\/p>\n<p><img decoding=\"async\" class=\"alignnone size-full\" src=\"http:\/\/wxnuohui.com\/wp-content\/uploads\/2025\/09\/detail_pic_6-250.jpg\" width=\"790\" alt=\"\"\/><\/p>\n<p><img decoding=\"async\" class=\"alignnone size-full\" src=\"http:\/\/wxnuohui.com\/wp-content\/uploads\/2025\/09\/detail_pic_7-177.png\" width=\"790\" alt=\"\"\/><\/p>\n<p><img decoding=\"async\" class=\"alignnone size-full\" src=\"http:\/\/wxnuohui.com\/wp-content\/uploads\/2025\/09\/detail_pic_8-183.png\" width=\"790\" alt=\"\"\/><\/p>\n<p><img decoding=\"async\" class=\"alignnone size-full\" src=\"http:\/\/wxnuohui.com\/wp-content\/uploads\/2025\/09\/detail_pic_9-166.png\" width=\"790\" alt=\"\"\/><\/p>\n<p><img decoding=\"async\" class=\"alignnone size-full\" src=\"http:\/\/wxnuohui.com\/wp-content\/uploads\/2025\/09\/detail_pic_10-367.jpg\" width=\"790\" alt=\"\"\/><\/p>\n<p><img decoding=\"async\" class=\"alignnone size-full\" src=\"http:\/\/wxnuohui.com\/wp-content\/uploads\/2025\/09\/detail_pic_11-361.jpg\" width=\"790\" alt=\"\"\/><\/p>\n<p><img decoding=\"async\" class=\"alignnone size-full\" src=\"http:\/\/wxnuohui.com\/wp-content\/uploads\/2025\/09\/detail_pic_12-349.jpg\" width=\"790\" alt=\"\"\/><\/p>\n<p><img decoding=\"async\" class=\"alignnone size-full\" src=\"http:\/\/wxnuohui.com\/wp-content\/uploads\/2025\/09\/detail_pic_13-326.jpg\" width=\"790\" alt=\"\"\/><\/p>\n<p><img decoding=\"async\" class=\"alignnone size-full\" src=\"http:\/\/wxnuohui.com\/wp-content\/uploads\/2025\/09\/detail_pic_14-140.png\" width=\"790\" alt=\"\"\/><\/p>\n<p><img decoding=\"async\" class=\"alignnone size-full\" src=\"http:\/\/wxnuohui.com\/wp-content\/uploads\/2025\/09\/detail_pic_15-327.jpg\" width=\"790\" alt=\"\"\/><\/p>\n<p><img decoding=\"async\" class=\"alignnone size-full\" src=\"http:\/\/wxnuohui.com\/wp-content\/uploads\/2025\/09\/detail_pic_16-277.jpg\" width=\"790\" alt=\"\"\/><\/p>\n<p><img decoding=\"async\" class=\"alignnone size-full\" src=\"http:\/\/wxnuohui.com\/wp-content\/uploads\/2025\/09\/detail_pic_17-265.jpg\" width=\"790\" alt=\"\"\/><\/p>","protected":false},"excerpt":{"rendered":"<p>Piel\u0101gota Dtg ekr\u0101na druk\u0101\u0161anas 420grams augstas kvalit\u0101tes mazg\u0101 Hoodie Vintage vasks kr\u0101soti Worn-out Vintage vasks kr\u0101soti Worn-out<\/p>","protected":false},"featured_media":11513,"template":"","meta":[],"product_brand":[],"product_cat":[27],"product_tag":[],"class_list":{"0":"post-12405","1":"product","2":"type-product","3":"status-publish","4":"has-post-thumbnail","6":"product_cat-hoodie","8":"first","9":"outofstock","10":"shipping-taxable","11":"product-type-variable"},"_links":{"self":[{"href":"https:\/\/wxnuohui.com\/lv\/wp-json\/wp\/v2\/product\/12405","targetHints":{"allow":["GET"]}}],"collection":[{"href":"https:\/\/wxnuohui.com\/lv\/wp-json\/wp\/v2\/product"}],"about":[{"href":"https:\/\/wxnuohui.com\/lv\/wp-json\/wp\/v2\/types\/product"}],"wp:featuredmedia":[{"embeddable":true,"href":"https:\/\/wxnuohui.com\/lv\/wp-json\/wp\/v2\/media\/11513"}],"wp:attachment":[{"href":"https:\/\/wxnuohui.com\/lv\/wp-json\/wp\/v2\/media?parent=12405"}],"wp:term":[{"taxonomy":"product_brand","embeddable":true,"href":"https:\/\/wxnuohui.com\/lv\/wp-json\/wp\/v2\/product_brand?post=12405"},{"taxonomy":"product_cat","embeddable":true,"href":"https:\/\/wxnuohui.com\/lv\/wp-json\/wp\/v2\/product_cat?post=12405"},{"taxonomy":"product_tag","embeddable":true,"href":"https:\/\/wxnuohui.com\/lv\/wp-json\/wp\/v2\/product_tag?post=12405"}],"curies":[{"name":"wp","href":"https:\/\/api.w.org\/{rel}","templated":true}]}}