{"id":12345,"date":"2025-09-13T10:54:52","date_gmt":"2025-09-13T10:54:52","guid":{"rendered":"https:\/\/wxnuohui.com\/product\/mens-100cotton-blank-thick-french-terry-luxury-quality-custom-print-logo-mens-hoodiessweatshirts\/"},"modified":"2025-09-13T10:54:52","modified_gmt":"2025-09-13T10:54:52","slug":"mens-100cotton-blank-thick-french-terry-luxury-quality-custom-print-logo-mens-hoodiessweatshirts","status":"publish","type":"product","link":"https:\/\/wxnuohui.com\/lv\/product\/mens-100cotton-blank-thick-french-terry-luxury-quality-custom-print-logo-mens-hoodiessweatshirts\/","title":{"rendered":"V\u012brie\u0161u 100%cotton tuk\u0161s biezs fran\u010du frot\u0113 luksusa kvalit\u0101te Custom Print logo V\u012brie\u0161u Hoodies &amp; Sweatshirts"},"content":{"rendered":"<p>7 dienu parauga pas\u016bt\u012bjuma sagatavo\u0161anas laiks: atbalsts<br \/>\nDizains: bez oder\u0113juma<br \/>\nPiedurk\u0146u stils: regul\u0101rs<br \/>\nAdatu noteik\u0161ana: J\u0101<br \/>\nAu\u0161anas metode: ad\u012bta<br \/>\nModelis tips: ciets<br \/>\nAuduma svars: 360 grami<br \/>\nDruk\u0101\u0161anas metodes:Nav<br \/>\nTips:Pulovers<br \/>\nFit tips: regul\u0101ra piegulo\u0161\u0101 forma<br \/>\nGarums: regul\u0101rs<br \/>\nPieg\u0101des veids: OEM pakalpojums<br \/>\nTehnolo\u0123ijas: kr\u0101sotas ar vienk\u0101r\u0161u kr\u0101su<br \/>\nApkakle: O veida kakla apkakle<br \/>\nStils: r\u0101v\u0113jsl\u0113dz\u0113js uz aug\u0161u<br \/>\nSezona: Rudens<br \/>\n\u012apa\u0161\u012bba: pretgrumbu, pret sarau\u0161anos<br \/>\nAuduma veids: Jersey<br \/>\nMateri\u0101ls: Poliesters \/ kokvilna<br \/>\nLogotipa novietojums: priek\u0161pus\u0113<br \/>\nDzimums: V\u012brie\u0161i<br \/>\nMode\u013ca numurs: sporta Hoodies ziemas<br \/>\nIzcelsmes vieta: Jiangsu, \u0136\u012bna<br \/>\nZ\u012bmola nosaukums: NH<br \/>\nP\u0101rdo\u0161anas vien\u012bbas: Viena vien\u012bba<br \/>\nViena iepakojuma izm\u0113rs: 23X13X16 cm<br \/>\nVienreiz\u0113jais bruto svars: 0,600 kg<\/p>\n<p><img decoding=\"async\" class=\"alignnone size-full\" src=\"http:\/\/wxnuohui.com\/wp-content\/uploads\/2025\/09\/detail_pic_0-190.jpg\" width=\"790\" alt=\"\"\/><\/p>\n<p><img decoding=\"async\" class=\"alignnone size-full\" src=\"http:\/\/wxnuohui.com\/wp-content\/uploads\/2025\/09\/detail_pic_1-122.png\" width=\"790\" alt=\"\"\/><\/p>\n<p><img decoding=\"async\" class=\"alignnone size-full\" src=\"http:\/\/wxnuohui.com\/wp-content\/uploads\/2025\/09\/detail_pic_2-113.png\" width=\"790\" alt=\"\"\/><\/p>\n<p><img decoding=\"async\" class=\"alignnone size-full\" src=\"http:\/\/wxnuohui.com\/wp-content\/uploads\/2025\/09\/detail_pic_3-77.png\" width=\"790\" alt=\"\"\/><\/p>\n<p><img decoding=\"async\" class=\"alignnone size-full\" src=\"http:\/\/wxnuohui.com\/wp-content\/uploads\/2025\/09\/detail_pic_4-240.jpg\" width=\"790\" alt=\"\"\/><\/p>\n<p><img decoding=\"async\" class=\"alignnone size-full\" src=\"http:\/\/wxnuohui.com\/wp-content\/uploads\/2025\/09\/detail_pic_5-282.jpg\" width=\"790\" alt=\"\"\/><\/p>\n<p><img decoding=\"async\" class=\"alignnone size-full\" src=\"http:\/\/wxnuohui.com\/wp-content\/uploads\/2025\/09\/detail_pic_6-204.jpg\" width=\"790\" alt=\"\"\/><\/p>\n<p><img decoding=\"async\" class=\"alignnone size-full\" src=\"http:\/\/wxnuohui.com\/wp-content\/uploads\/2025\/09\/detail_pic_7-172.jpg\" width=\"790\" alt=\"\"\/><\/p>\n<p><img decoding=\"async\" class=\"alignnone size-full\" src=\"http:\/\/wxnuohui.com\/wp-content\/uploads\/2025\/09\/detail_pic_8-139.png\" width=\"790\" alt=\"\"\/><\/p>\n<p><img decoding=\"async\" class=\"alignnone size-full\" src=\"http:\/\/wxnuohui.com\/wp-content\/uploads\/2025\/09\/detail_pic_9-189.jpg\" width=\"790\" alt=\"\"\/><\/p>\n<p><img decoding=\"async\" class=\"alignnone size-full\" src=\"http:\/\/wxnuohui.com\/wp-content\/uploads\/2025\/09\/detail_pic_10-307.jpg\" width=\"790\" alt=\"\"\/><\/p>\n<p><img decoding=\"async\" class=\"alignnone size-full\" src=\"http:\/\/wxnuohui.com\/wp-content\/uploads\/2025\/09\/detail_pic_11-304.jpg\" width=\"790\" alt=\"\"\/><\/p>","protected":false},"excerpt":{"rendered":"<p>V\u012brie\u0161u 100%cotton tuk\u0161s biezs fran\u010du frot\u0113 luksusa kvalit\u0101te Custom Print logo V\u012brie\u0161u Hoodies &amp; Sweatshirts<\/p>","protected":false},"featured_media":10056,"template":"","meta":[],"product_brand":[],"product_cat":[27],"product_tag":[],"class_list":{"0":"post-12345","1":"product","2":"type-product","3":"status-publish","4":"has-post-thumbnail","6":"product_cat-hoodie","8":"first","9":"outofstock","10":"shipping-taxable","11":"product-type-variable"},"_links":{"self":[{"href":"https:\/\/wxnuohui.com\/lv\/wp-json\/wp\/v2\/product\/12345","targetHints":{"allow":["GET"]}}],"collection":[{"href":"https:\/\/wxnuohui.com\/lv\/wp-json\/wp\/v2\/product"}],"about":[{"href":"https:\/\/wxnuohui.com\/lv\/wp-json\/wp\/v2\/types\/product"}],"wp:featuredmedia":[{"embeddable":true,"href":"https:\/\/wxnuohui.com\/lv\/wp-json\/wp\/v2\/media\/10056"}],"wp:attachment":[{"href":"https:\/\/wxnuohui.com\/lv\/wp-json\/wp\/v2\/media?parent=12345"}],"wp:term":[{"taxonomy":"product_brand","embeddable":true,"href":"https:\/\/wxnuohui.com\/lv\/wp-json\/wp\/v2\/product_brand?post=12345"},{"taxonomy":"product_cat","embeddable":true,"href":"https:\/\/wxnuohui.com\/lv\/wp-json\/wp\/v2\/product_cat?post=12345"},{"taxonomy":"product_tag","embeddable":true,"href":"https:\/\/wxnuohui.com\/lv\/wp-json\/wp\/v2\/product_tag?post=12345"}],"curies":[{"name":"wp","href":"https:\/\/api.w.org\/{rel}","templated":true}]}}