{"id":9225,"date":"2025-09-13T06:21:19","date_gmt":"2025-09-13T06:21:19","guid":{"rendered":"https:\/\/wxnuohui.com\/product\/womens-three-piece-set-hoodie-sweatshirt-and-above-knee-shorts-solid-pattern-casual-style-for-winter\/"},"modified":"2025-09-13T06:21:19","modified_gmt":"2025-09-13T06:21:19","slug":"womens-three-piece-set-hoodie-sweatshirt-and-above-knee-shorts-solid-pattern-casual-style-for-winter","status":"publish","type":"product","link":"https:\/\/wxnuohui.com\/lt\/product\/womens-three-piece-set-hoodie-sweatshirt-and-above-knee-shorts-solid-pattern-casual-style-for-winter\/","title":{"rendered":"Moter\u0173 trij\u0173 dali\u0173 rinkinys Hoodie Sweatshirt ir vir\u0161 kelio \u0161ortai kietas modelis atsitiktinis stilius \u017eiem\u0105"},"content":{"rendered":"<p>Lytis: Moterys<br \/>\nSezonas:\u017diema<br \/>\nApdaila: n\u0117ra<br \/>\nAudinio tipas: aksomas<br \/>\nMed\u017eiaga: aksomas<br \/>\nTipas: 3 dali\u0173 rinkinys<br \/>\nVir\u0161\u0173 ilgis: trumpas<br \/>\nSpausdinimo b\u016bdai: kiti<br \/>\nModelio tipas: kietas<br \/>\nRankovi\u0173 ilgis: visas<br \/>\nVir\u0161utinio tipo: vir\u0161us<br \/>\n7 dien\u0173 pavyzd\u017eio u\u017esakymo atlikimo laikas: palaikymas<br \/>\nSavyb\u0117:Anti-Pilling, kv\u0117puojantis, ekologi\u0161kas, kv\u0117puojantis \/ atsitiktinis<br \/>\nIlgis: vir\u0161 kelio<br \/>\nTiekimo tipas: Oem paslauga<br \/>\nPritaikymo tipas: Reguliarus<br \/>\nTechnikos: spausdinimas<br \/>\nAudimo b\u016bdas: megztas<br \/>\nApykakl\u0117: su gobtuvu<br \/>\nStilius: atsitiktinis<br \/>\nAudinio svoris: kitas<br \/>\nAdatos aptikimas: Taip<br \/>\nModelio numeris: 822781394175<br \/>\nKilm\u0117s vieta: Guangdongas, Kinija<br \/>\nPrek\u0117s \u017eenklo pavadinimas: ShiMaiEr<br \/>\nPardavimo vienetai: Vienas elementas<br \/>\nVienos pakuot\u0117s dydis: 23X13X16 cm<br \/>\nVienkartinis bendrasis svoris: 0,800 kg<\/p>\n<p><img decoding=\"async\" class=\"alignnone size-full\" src=\"http:\/\/wxnuohui.com\/wp-content\/uploads\/2025\/09\/detail_pic_0-151.jpg\" width=\"790\" alt=\"\"\/><\/p>\n<p><img decoding=\"async\" class=\"alignnone size-full\" src=\"http:\/\/wxnuohui.com\/wp-content\/uploads\/2025\/09\/detail_pic_1-108.png\" width=\"790\" alt=\"\"\/><\/p>\n<p><img decoding=\"async\" class=\"alignnone size-full\" src=\"http:\/\/wxnuohui.com\/wp-content\/uploads\/2025\/09\/detail_pic_2-99.png\" width=\"790\" alt=\"\"\/><\/p>\n<p><img decoding=\"async\" class=\"alignnone size-full\" src=\"http:\/\/wxnuohui.com\/wp-content\/uploads\/2025\/09\/detail_pic_3-62.png\" width=\"790\" alt=\"\"\/><\/p>","protected":false},"excerpt":{"rendered":"<p>Moter\u0173 trij\u0173 dali\u0173 rinkinys Hoodie Sweatshirt ir vir\u0161 kelio \u0161ortai kietas modelis atsitiktinis stilius \u017eiem\u0105<\/p>","protected":false},"featured_media":9066,"template":"","meta":[],"product_brand":[],"product_cat":[22],"product_tag":[],"class_list":{"0":"post-9225","1":"product","2":"type-product","3":"status-publish","4":"has-post-thumbnail","6":"product_cat-women-set","8":"first","9":"outofstock","10":"shipping-taxable","11":"product-type-variable"},"_links":{"self":[{"href":"https:\/\/wxnuohui.com\/lt\/wp-json\/wp\/v2\/product\/9225","targetHints":{"allow":["GET"]}}],"collection":[{"href":"https:\/\/wxnuohui.com\/lt\/wp-json\/wp\/v2\/product"}],"about":[{"href":"https:\/\/wxnuohui.com\/lt\/wp-json\/wp\/v2\/types\/product"}],"wp:featuredmedia":[{"embeddable":true,"href":"https:\/\/wxnuohui.com\/lt\/wp-json\/wp\/v2\/media\/9066"}],"wp:attachment":[{"href":"https:\/\/wxnuohui.com\/lt\/wp-json\/wp\/v2\/media?parent=9225"}],"wp:term":[{"taxonomy":"product_brand","embeddable":true,"href":"https:\/\/wxnuohui.com\/lt\/wp-json\/wp\/v2\/product_brand?post=9225"},{"taxonomy":"product_cat","embeddable":true,"href":"https:\/\/wxnuohui.com\/lt\/wp-json\/wp\/v2\/product_cat?post=9225"},{"taxonomy":"product_tag","embeddable":true,"href":"https:\/\/wxnuohui.com\/lt\/wp-json\/wp\/v2\/product_tag?post=9225"}],"curies":[{"name":"wp","href":"https:\/\/api.w.org\/{rel}","templated":true}]}}