{"id":9224,"date":"2025-09-13T06:21:19","date_gmt":"2025-09-13T06:21:19","guid":{"rendered":"https:\/\/wxnuohui.com\/product\/hot-selling-womens-2-piece-velour-tracksuit-short-crop-top-and-jogging-suit-with-pocketed-zipper-matching-velvet-set\/"},"modified":"2025-09-13T06:21:19","modified_gmt":"2025-09-13T06:21:19","slug":"hot-selling-womens-2-piece-velour-tracksuit-short-crop-top-and-jogging-suit-with-pocketed-zipper-matching-velvet-set","status":"publish","type":"product","link":"https:\/\/wxnuohui.com\/lt\/product\/hot-selling-womens-2-piece-velour-tracksuit-short-crop-top-and-jogging-suit-with-pocketed-zipper-matching-velvet-set\/","title":{"rendered":"Kar\u0161to pardavimo moter\u0173 2 dali\u0173 veli\u016bras Tracksuit trumpas Crop Top ir Jogging kostiumas su ki\u0161en\u0117je u\u017etrauktuku atitikimo Velvet rinkinys"},"content":{"rendered":"<p>Lytis: Moterys<br \/>\nSezonas: ruduo<br \/>\nApdaila: derlius<br \/>\nAudinio tipas: aksomas<br \/>\nMed\u017eiaga: Poliesteris<br \/>\nTipas: 2 dali\u0173 ilgas rinkinys<br \/>\nVir\u0161\u0173 ilgis: trumpas<br \/>\nSpausdinimo b\u016bdai: skaitmenin\u0117 spauda<br \/>\nModelio tipas: kietas<br \/>\nRankovi\u0173 ilgis: visas<br \/>\nVir\u0161utinio tipo: vir\u0161us<br \/>\n7 dien\u0173 pavyzd\u017eio u\u017esakymo atlikimo laikas: palaikymas<br \/>\nSavyb\u0117: kv\u0117puojantis, ekologi\u0161kas<br \/>\nIlgis: visas ilgis<br \/>\nTiekimo tipas: sand\u0117lyje esan\u010dios prek\u0117s<br \/>\nPritaikymo tipas: Reguliarus<br \/>\nTechnikos: paprastas da\u017eytas<br \/>\nAudimo b\u016bdas: megztas<br \/>\nApykakl\u0117: pasukama apykakl\u0117<br \/>\nStilius:Vintage<br \/>\nAudinio svoris: kitas<br \/>\nAdatos aptikimas: Taip<br \/>\nModelio numeris: NH-652537460172<br \/>\nKilm\u0117s vieta: Guangdongas, Kinija<br \/>\nPrek\u0117s \u017eenklo pavadinimas: NH<br \/>\nPardavimo vienetai: Vienas elementas<br \/>\nVienos pakuot\u0117s dydis: 23X13X16 cm<br \/>\nVienkartinis bendrasis svoris: 0,677 kg<\/p>\n<p><img decoding=\"async\" class=\"alignnone size-full\" src=\"http:\/\/wxnuohui.com\/wp-content\/uploads\/2025\/09\/detail_pic_0-150.jpg\" width=\"790\" alt=\"\"\/><\/p>\n<p><img decoding=\"async\" class=\"alignnone size-full\" src=\"http:\/\/wxnuohui.com\/wp-content\/uploads\/2025\/09\/detail_pic_1-107.png\" width=\"790\" alt=\"\"\/><\/p>\n<p><img decoding=\"async\" class=\"alignnone size-full\" src=\"http:\/\/wxnuohui.com\/wp-content\/uploads\/2025\/09\/detail_pic_2-98.png\" width=\"790\" alt=\"\"\/><\/p>\n<p><img decoding=\"async\" class=\"alignnone size-full\" src=\"http:\/\/wxnuohui.com\/wp-content\/uploads\/2025\/09\/detail_pic_3-61.png\" width=\"790\" alt=\"\"\/><\/p>","protected":false},"excerpt":{"rendered":"<p>Kar\u0161to pardavimo moter\u0173 2 dali\u0173 veli\u016bras Tracksuit trumpas Crop Top ir Jogging kostiumas su ki\u0161en\u0117je u\u017etrauktuku atitikimo Velvet rinkinys<\/p>","protected":false},"featured_media":9058,"template":"","meta":[],"product_brand":[],"product_cat":[22],"product_tag":[],"class_list":{"0":"post-9224","1":"product","2":"type-product","3":"status-publish","4":"has-post-thumbnail","6":"product_cat-women-set","8":"first","9":"outofstock","10":"shipping-taxable","11":"product-type-variable"},"_links":{"self":[{"href":"https:\/\/wxnuohui.com\/lt\/wp-json\/wp\/v2\/product\/9224","targetHints":{"allow":["GET"]}}],"collection":[{"href":"https:\/\/wxnuohui.com\/lt\/wp-json\/wp\/v2\/product"}],"about":[{"href":"https:\/\/wxnuohui.com\/lt\/wp-json\/wp\/v2\/types\/product"}],"wp:featuredmedia":[{"embeddable":true,"href":"https:\/\/wxnuohui.com\/lt\/wp-json\/wp\/v2\/media\/9058"}],"wp:attachment":[{"href":"https:\/\/wxnuohui.com\/lt\/wp-json\/wp\/v2\/media?parent=9224"}],"wp:term":[{"taxonomy":"product_brand","embeddable":true,"href":"https:\/\/wxnuohui.com\/lt\/wp-json\/wp\/v2\/product_brand?post=9224"},{"taxonomy":"product_cat","embeddable":true,"href":"https:\/\/wxnuohui.com\/lt\/wp-json\/wp\/v2\/product_cat?post=9224"},{"taxonomy":"product_tag","embeddable":true,"href":"https:\/\/wxnuohui.com\/lt\/wp-json\/wp\/v2\/product_tag?post=9224"}],"curies":[{"name":"wp","href":"https:\/\/api.w.org\/{rel}","templated":true}]}}