{"id":9223,"date":"2025-09-13T06:21:18","date_gmt":"2025-09-13T06:21:18","guid":{"rendered":"https:\/\/wxnuohui.com\/product\/fashion-design-casual-sleep-home-wear-summer-tie-dye-womens-shorts-sets\/"},"modified":"2025-09-13T06:21:19","modified_gmt":"2025-09-13T06:21:19","slug":"fashion-design-casual-sleep-home-wear-summer-tie-dye-womens-shorts-sets","status":"publish","type":"product","link":"https:\/\/wxnuohui.com\/lt\/product\/fashion-design-casual-sleep-home-wear-summer-tie-dye-womens-shorts-sets\/","title":{"rendered":"Mados dizaino atsitiktinis miegas namuose d\u0117v\u0117ti vasaros kaklarai\u0161tis Dye moter\u0173 \u0161ortai rinkiniai"},"content":{"rendered":"<p>Lytis: Moterys<br \/>\nSezonas: vasara<br \/>\nApdaila: n\u0117ra<br \/>\nAudinio tipas: mezgimas<br \/>\nMed\u017eiaga: Poliesteris \/ medviln\u0117<br \/>\nTipas: moter\u0173 rinkinys<br \/>\nVir\u0161eli\u0173 ilgis: reguliarus<br \/>\nSpausdinimo b\u016bdai: kiti<br \/>\nModelio tipas: spausdinti<br \/>\nRankovi\u0173 ilgis: trumpas<br \/>\nVir\u0161utinio tipo: vir\u0161us<br \/>\n7 dien\u0173 pavyzd\u017eio u\u017esakymo atlikimo laikas: palaikymas<br \/>\nFunkcija: Anti-Pilling, kv\u0117puojantis, ekologi\u0161kas<br \/>\nIlgis: vir\u0161 kelio<br \/>\nTiekimo tipas: Oem paslauga<br \/>\nPritaikymo tipas: Reguliarus<br \/>\nTechnikos: atspausdinta<br \/>\nAudimo b\u016bdas: megztas<br \/>\nApykakl\u0117: O formos kaklo<br \/>\nStilius: atsitiktinis<br \/>\nAudinio svoris: 220 gram\u0173<br \/>\nAdatos aptikimas: Taip<br \/>\nModelio numeris: Moteri\u0161ki \u0161ortai rinkiniai<br \/>\nKilm\u0117s vieta: Jiangsu, Kinija<br \/>\nPrek\u0117s \u017eenklo pavadinimas: NH-616733011215<br \/>\nPardavimo vienetai: Vienas elementas<br \/>\nVienos pakuot\u0117s dydis: 18X13X14 cm<br \/>\nVienkartinis bendrasis svoris: 0,600 kg<\/p>\n<p><img decoding=\"async\" class=\"alignnone size-full\" src=\"http:\/\/wxnuohui.com\/wp-content\/uploads\/2025\/09\/detail_pic_0-149.jpg\" width=\"790\" alt=\"\"\/><\/p>\n<p><img decoding=\"async\" class=\"alignnone size-full\" src=\"http:\/\/wxnuohui.com\/wp-content\/uploads\/2025\/09\/detail_pic_1-169.jpg\" width=\"790\" alt=\"\"\/><\/p>\n<p><img decoding=\"async\" class=\"alignnone size-full\" src=\"http:\/\/wxnuohui.com\/wp-content\/uploads\/2025\/09\/detail_pic_2-177.jpg\" width=\"790\" alt=\"\"\/><\/p>\n<p><img decoding=\"async\" class=\"alignnone size-full\" src=\"http:\/\/wxnuohui.com\/wp-content\/uploads\/2025\/09\/detail_pic_3-212.jpg\" width=\"790\" alt=\"\"\/><\/p>\n<p><img decoding=\"async\" class=\"alignnone size-full\" src=\"http:\/\/wxnuohui.com\/wp-content\/uploads\/2025\/09\/detail_pic_4-203.jpg\" width=\"790\" alt=\"\"\/><\/p>\n<p><img decoding=\"async\" class=\"alignnone size-full\" src=\"http:\/\/wxnuohui.com\/wp-content\/uploads\/2025\/09\/detail_pic_5-27.png\" width=\"790\" alt=\"\"\/><\/p>\n<p><img decoding=\"async\" class=\"alignnone size-full\" src=\"http:\/\/wxnuohui.com\/wp-content\/uploads\/2025\/09\/detail_pic_6-167.jpg\" width=\"790\" alt=\"\"\/><\/p>\n<p><img decoding=\"async\" class=\"alignnone size-full\" src=\"http:\/\/wxnuohui.com\/wp-content\/uploads\/2025\/09\/detail_pic_7-136.jpg\" width=\"790\" alt=\"\"\/><\/p>\n<p><img decoding=\"async\" class=\"alignnone size-full\" src=\"http:\/\/wxnuohui.com\/wp-content\/uploads\/2025\/09\/detail_pic_8-147.jpg\" width=\"790\" alt=\"\"\/><\/p>\n<p><img decoding=\"async\" class=\"alignnone size-full\" src=\"http:\/\/wxnuohui.com\/wp-content\/uploads\/2025\/09\/detail_pic_9-156.jpg\" width=\"790\" alt=\"\"\/><\/p>\n<p><img decoding=\"async\" class=\"alignnone size-full\" src=\"http:\/\/wxnuohui.com\/wp-content\/uploads\/2025\/09\/detail_pic_10-3.png\" width=\"790\" alt=\"\"\/><\/p>\n<p><img decoding=\"async\" class=\"alignnone size-full\" src=\"http:\/\/wxnuohui.com\/wp-content\/uploads\/2025\/09\/detail_pic_11-268.jpg\" width=\"790\" alt=\"\"\/><\/p>\n<p><img decoding=\"async\" class=\"alignnone size-full\" src=\"http:\/\/wxnuohui.com\/wp-content\/uploads\/2025\/09\/detail_pic_12-266.jpg\" width=\"790\" alt=\"\"\/><\/p>\n<p><img decoding=\"async\" class=\"alignnone size-full\" src=\"http:\/\/wxnuohui.com\/wp-content\/uploads\/2025\/09\/detail_pic_13-252.jpg\" width=\"790\" alt=\"\"\/><\/p>","protected":false},"excerpt":{"rendered":"<p>Mados dizaino atsitiktinis miegas namuose d\u0117v\u0117ti vasaros kaklarai\u0161tis Dye moter\u0173 \u0161ortai rinkiniai<\/p>","protected":false},"featured_media":9037,"template":"","meta":[],"product_brand":[],"product_cat":[22],"product_tag":[],"class_list":{"0":"post-9223","1":"product","2":"type-product","3":"status-publish","4":"has-post-thumbnail","6":"product_cat-women-set","8":"first","9":"outofstock","10":"shipping-taxable","11":"product-type-variable"},"_links":{"self":[{"href":"https:\/\/wxnuohui.com\/lt\/wp-json\/wp\/v2\/product\/9223","targetHints":{"allow":["GET"]}}],"collection":[{"href":"https:\/\/wxnuohui.com\/lt\/wp-json\/wp\/v2\/product"}],"about":[{"href":"https:\/\/wxnuohui.com\/lt\/wp-json\/wp\/v2\/types\/product"}],"wp:featuredmedia":[{"embeddable":true,"href":"https:\/\/wxnuohui.com\/lt\/wp-json\/wp\/v2\/media\/9037"}],"wp:attachment":[{"href":"https:\/\/wxnuohui.com\/lt\/wp-json\/wp\/v2\/media?parent=9223"}],"wp:term":[{"taxonomy":"product_brand","embeddable":true,"href":"https:\/\/wxnuohui.com\/lt\/wp-json\/wp\/v2\/product_brand?post=9223"},{"taxonomy":"product_cat","embeddable":true,"href":"https:\/\/wxnuohui.com\/lt\/wp-json\/wp\/v2\/product_cat?post=9223"},{"taxonomy":"product_tag","embeddable":true,"href":"https:\/\/wxnuohui.com\/lt\/wp-json\/wp\/v2\/product_tag?post=9223"}],"curies":[{"name":"wp","href":"https:\/\/api.w.org\/{rel}","templated":true}]}}