{"id":9220,"date":"2025-09-13T06:21:16","date_gmt":"2025-09-13T06:21:16","guid":{"rendered":"https:\/\/wxnuohui.com\/product\/custom-logo-solid-color-fashion-fall-winter-women-clothing-2-pieces-lounge-wear-sets-tube-top-jacket-and-pants\/"},"modified":"2025-09-13T06:21:17","modified_gmt":"2025-09-13T06:21:17","slug":"custom-logo-solid-color-fashion-fall-winter-women-clothing-2-pieces-lounge-wear-sets-tube-top-jacket-and-pants","status":"publish","type":"product","link":"https:\/\/wxnuohui.com\/lt\/product\/custom-logo-solid-color-fashion-fall-winter-women-clothing-2-pieces-lounge-wear-sets-tube-top-jacket-and-pants\/","title":{"rendered":"Pasirinktinis logotipas vientisa spalva mados ruden\u012f \u017eiem\u0105 moter\u0173 drabu\u017eiai 2 dali\u0173 Lounge d\u0117v\u0117ti rinkiniai vamzdis vir\u0161\u0173 striuk\u0117 ir keln\u0117s"},"content":{"rendered":"<p>Lytis: Moterys<br \/>\nSezonas: vasara<br \/>\nApdaila: ki\u0161en\u0117s<br \/>\nAudinio tipas: mezgimas<br \/>\nMed\u017eiaga: Poliesteris<br \/>\nTipas: striuk\u0117s komplektas<br \/>\nVir\u0161eli\u0173 ilgis: reguliarus<br \/>\nSpausdinimo b\u016bdai: \u0161ilkografija<br \/>\nModelio tipas: kietas<br \/>\nRankovi\u0173 ilgis: visas<br \/>\nVir\u0161utinio tipo: striuk\u0117<br \/>\n7 dien\u0173 pavyzd\u017eio u\u017esakymo atlikimo laikas: palaikymas<br \/>\nSavyb\u0117: kv\u0117puojantis, ekologi\u0161kas<br \/>\nIlgis: vir\u0161 kelio<br \/>\nTiekimo tipas: Oem paslauga<br \/>\nPritaikymo tipas: Reguliarus<br \/>\nTechnikos: paprastas da\u017eytas<br \/>\nAudimo b\u016bdas: megztas<br \/>\nApykakl\u0117: O formos kaklo<br \/>\nStilius: atsitiktinis<br \/>\nAudinio svoris: 280 gram\u0173<br \/>\nAdatos aptikimas: Taip<br \/>\nModelio numeris: Striuk\u0117s ir kelni\u0173 komplektas-652756345050<br \/>\nKilm\u0117s vieta: Jiangsu, Kinija<br \/>\nPrek\u0117s \u017eenklo pavadinimas: NH-652537460172<br \/>\nPardavimo vienetai: Vienas elementas<br \/>\nVienos pakuot\u0117s dydis: 20X13X14 cm<br \/>\nVienkartinis bendrasis svoris: 0,700 kg<\/p>\n<p><img decoding=\"async\" class=\"alignnone size-full\" src=\"http:\/\/wxnuohui.com\/wp-content\/uploads\/2025\/09\/detail_pic_0-146.jpg\" width=\"790\" alt=\"\"\/><\/p>\n<p><img decoding=\"async\" class=\"alignnone size-full\" src=\"http:\/\/wxnuohui.com\/wp-content\/uploads\/2025\/09\/detail_pic_1-166.jpg\" width=\"790\" alt=\"\"\/><\/p>\n<p><img decoding=\"async\" class=\"alignnone size-full\" src=\"http:\/\/wxnuohui.com\/wp-content\/uploads\/2025\/09\/detail_pic_2-174.jpg\" width=\"790\" alt=\"\"\/><\/p>\n<p><img decoding=\"async\" class=\"alignnone size-full\" src=\"http:\/\/wxnuohui.com\/wp-content\/uploads\/2025\/09\/detail_pic_3-209.jpg\" width=\"790\" alt=\"\"\/><\/p>\n<p><img decoding=\"async\" class=\"alignnone size-full\" src=\"http:\/\/wxnuohui.com\/wp-content\/uploads\/2025\/09\/detail_pic_4-200.jpg\" width=\"790\" alt=\"\"\/><\/p>\n<p><img decoding=\"async\" class=\"alignnone size-full\" src=\"http:\/\/wxnuohui.com\/wp-content\/uploads\/2025\/09\/detail_pic_5-243.jpg\" width=\"790\" alt=\"\"\/><\/p>\n<p><img decoding=\"async\" class=\"alignnone size-full\" src=\"http:\/\/wxnuohui.com\/wp-content\/uploads\/2025\/09\/detail_pic_6-164.jpg\" width=\"790\" alt=\"\"\/><\/p>\n<p><img decoding=\"async\" class=\"alignnone size-full\" src=\"http:\/\/wxnuohui.com\/wp-content\/uploads\/2025\/09\/detail_pic_7-134.jpg\" width=\"790\" alt=\"\"\/><\/p>\n<p><img decoding=\"async\" class=\"alignnone size-full\" src=\"http:\/\/wxnuohui.com\/wp-content\/uploads\/2025\/09\/detail_pic_8-145.jpg\" width=\"790\" alt=\"\"\/><\/p>\n<p><img decoding=\"async\" class=\"alignnone size-full\" src=\"http:\/\/wxnuohui.com\/wp-content\/uploads\/2025\/09\/detail_pic_9-114.png\" width=\"790\" alt=\"\"\/><\/p>\n<p><img decoding=\"async\" class=\"alignnone size-full\" src=\"http:\/\/wxnuohui.com\/wp-content\/uploads\/2025\/09\/detail_pic_10-270.jpg\" width=\"790\" alt=\"\"\/><\/p>\n<p><img decoding=\"async\" class=\"alignnone size-full\" src=\"http:\/\/wxnuohui.com\/wp-content\/uploads\/2025\/09\/detail_pic_11-265.jpg\" width=\"790\" alt=\"\"\/><\/p>\n<p><img decoding=\"async\" class=\"alignnone size-full\" src=\"http:\/\/wxnuohui.com\/wp-content\/uploads\/2025\/09\/detail_pic_12-263.jpg\" width=\"790\" alt=\"\"\/><\/p>\n<p><img decoding=\"async\" class=\"alignnone size-full\" src=\"http:\/\/wxnuohui.com\/wp-content\/uploads\/2025\/09\/detail_pic_13-249.jpg\" width=\"790\" alt=\"\"\/><\/p>\n<p><img decoding=\"async\" class=\"alignnone size-full\" src=\"http:\/\/wxnuohui.com\/wp-content\/uploads\/2025\/09\/detail_pic_14-79.png\" width=\"790\" alt=\"\"\/><\/p>\n<p><img decoding=\"async\" class=\"alignnone size-full\" src=\"http:\/\/wxnuohui.com\/wp-content\/uploads\/2025\/09\/detail_pic_15-253.jpg\" width=\"790\" alt=\"\"\/><\/p>\n<p><img decoding=\"async\" class=\"alignnone size-full\" src=\"http:\/\/wxnuohui.com\/wp-content\/uploads\/2025\/09\/detail_pic_16-206.jpg\" width=\"790\" alt=\"\"\/><\/p>\n<p><img decoding=\"async\" class=\"alignnone size-full\" src=\"http:\/\/wxnuohui.com\/wp-content\/uploads\/2025\/09\/detail_pic_17-204.jpg\" width=\"790\" alt=\"\"\/><\/p>","protected":false},"excerpt":{"rendered":"<p>Pasirinktinis logotipas vientisa spalva mados ruden\u012f \u017eiem\u0105 moter\u0173 drabu\u017eiai 2 dali\u0173 Lounge d\u0117v\u0117ti rinkiniai vamzdis vir\u0161\u0173 striuk\u0117 ir keln\u0117s<\/p>","protected":false},"featured_media":8962,"template":"","meta":[],"product_brand":[],"product_cat":[22],"product_tag":[],"class_list":{"0":"post-9220","1":"product","2":"type-product","3":"status-publish","4":"has-post-thumbnail","6":"product_cat-women-set","8":"first","9":"outofstock","10":"shipping-taxable","11":"product-type-variable"},"_links":{"self":[{"href":"https:\/\/wxnuohui.com\/lt\/wp-json\/wp\/v2\/product\/9220","targetHints":{"allow":["GET"]}}],"collection":[{"href":"https:\/\/wxnuohui.com\/lt\/wp-json\/wp\/v2\/product"}],"about":[{"href":"https:\/\/wxnuohui.com\/lt\/wp-json\/wp\/v2\/types\/product"}],"wp:featuredmedia":[{"embeddable":true,"href":"https:\/\/wxnuohui.com\/lt\/wp-json\/wp\/v2\/media\/8962"}],"wp:attachment":[{"href":"https:\/\/wxnuohui.com\/lt\/wp-json\/wp\/v2\/media?parent=9220"}],"wp:term":[{"taxonomy":"product_brand","embeddable":true,"href":"https:\/\/wxnuohui.com\/lt\/wp-json\/wp\/v2\/product_brand?post=9220"},{"taxonomy":"product_cat","embeddable":true,"href":"https:\/\/wxnuohui.com\/lt\/wp-json\/wp\/v2\/product_cat?post=9220"},{"taxonomy":"product_tag","embeddable":true,"href":"https:\/\/wxnuohui.com\/lt\/wp-json\/wp\/v2\/product_tag?post=9220"}],"curies":[{"name":"wp","href":"https:\/\/api.w.org\/{rel}","templated":true}]}}