{"id":9203,"date":"2025-09-13T06:21:05","date_gmt":"2025-09-13T06:21:05","guid":{"rendered":"https:\/\/wxnuohui.com\/product\/ins-style-spring-women-clothing-stylish-branded-clothes-designer-stripe-print-one-piece-pants-set\/"},"modified":"2025-09-13T06:21:06","modified_gmt":"2025-09-13T06:21:06","slug":"ins-style-spring-women-clothing-stylish-branded-clothes-designer-stripe-print-one-piece-pants-set","status":"publish","type":"product","link":"https:\/\/wxnuohui.com\/lt\/product\/ins-style-spring-women-clothing-stylish-branded-clothes-designer-stripe-print-one-piece-pants-set\/","title":{"rendered":"\u012etraukti stili\u0173 Pavasario moter\u0173 drabu\u017eiai Stilingi firminiai drabu\u017eiai Dizainerio dry\u017euotas spausdinimas Vieno gabalo kelni\u0173 komplektas"},"content":{"rendered":"<p>Pritaikymo tipas: Reguliarus<br \/>\nStilius: atsitiktinis<br \/>\nSezonas: vasara<br \/>\nApykakl\u0117: O formos kaklo<br \/>\nMed\u017eiaga: elastanas \/ poliesteris<br \/>\nSpausdinimo b\u016bdai: \u0161ilkografija<br \/>\nTipas:jogos kombinezonas<br \/>\nProga:ClubWear<br \/>\nRankov\u0117s ilgis (cm): be rankovi\u0173<br \/>\nJuosmens linija: auk\u0161tas juosmuo<br \/>\nAdatos aptikimas: Taip<br \/>\nTiekimo tipas: Oem paslauga<br \/>\nFunkcija: Anti-Pilling, kv\u0117puojantis, ekologi\u0161kas<br \/>\nModelis: spausdinti<br \/>\nAudimo b\u016bdas: megztas<br \/>\nLytis: Moterys<br \/>\nIlgis: Midi<br \/>\nTechnikos: atspausdinta<br \/>\nApdaila: \u0161onin\u0117 juostel\u0117, atspausdinta<br \/>\nAudinio tipas: Poliesteris<br \/>\nAudinio svoris: 260 gram\u0173<br \/>\nRankovi\u0173 stilius: Ne<br \/>\nKilm\u0117s vieta: Jiangsu, Kinija<br \/>\nModelio numeris:Vieno gabalo kelni\u0173 rinkinys-664289389257<br \/>\nPrek\u0117s \u017eenklo pavadinimas: NH-669831915287<br \/>\nPardavimo vienetai: Vienas elementas<br \/>\nVienos pakuot\u0117s dydis: 18X13X14 cm<br \/>\nVienkartinis bendrasis svoris: 0,400 kg<\/p>\n<p><img decoding=\"async\" class=\"alignnone size-full\" src=\"http:\/\/wxnuohui.com\/wp-content\/uploads\/2025\/09\/detail_pic_0-132.jpg\" width=\"790\" alt=\"\"\/><\/p>\n<p><img decoding=\"async\" class=\"alignnone size-full\" src=\"http:\/\/wxnuohui.com\/wp-content\/uploads\/2025\/09\/detail_pic_1-151.jpg\" width=\"790\" alt=\"\"\/><\/p>\n<p><img decoding=\"async\" class=\"alignnone size-full\" src=\"http:\/\/wxnuohui.com\/wp-content\/uploads\/2025\/09\/detail_pic_2-157.jpg\" width=\"790\" alt=\"\"\/><\/p>\n<p><img decoding=\"async\" class=\"alignnone size-full\" src=\"http:\/\/wxnuohui.com\/wp-content\/uploads\/2025\/09\/detail_pic_3-192.jpg\" width=\"790\" alt=\"\"\/><\/p>\n<p><img decoding=\"async\" class=\"alignnone size-full\" src=\"http:\/\/wxnuohui.com\/wp-content\/uploads\/2025\/09\/detail_pic_4-183.jpg\" width=\"790\" alt=\"\"\/><\/p>\n<p><img decoding=\"async\" class=\"alignnone size-full\" src=\"http:\/\/wxnuohui.com\/wp-content\/uploads\/2025\/09\/detail_pic_5-226.jpg\" width=\"790\" alt=\"\"\/><\/p>\n<p><img decoding=\"async\" class=\"alignnone size-full\" src=\"http:\/\/wxnuohui.com\/wp-content\/uploads\/2025\/09\/detail_pic_6-148.jpg\" width=\"790\" alt=\"\"\/><\/p>\n<p><img decoding=\"async\" class=\"alignnone size-full\" src=\"http:\/\/wxnuohui.com\/wp-content\/uploads\/2025\/09\/detail_pic_7-118.jpg\" width=\"790\" alt=\"\"\/><\/p>\n<p><img decoding=\"async\" class=\"alignnone size-full\" src=\"http:\/\/wxnuohui.com\/wp-content\/uploads\/2025\/09\/detail_pic_8-130.jpg\" width=\"790\" alt=\"\"\/><\/p>\n<p><img decoding=\"async\" class=\"alignnone size-full\" src=\"http:\/\/wxnuohui.com\/wp-content\/uploads\/2025\/09\/detail_pic_9-99.png\" width=\"790\" alt=\"\"\/><\/p>\n<p><img decoding=\"async\" class=\"alignnone size-full\" src=\"http:\/\/wxnuohui.com\/wp-content\/uploads\/2025\/09\/detail_pic_10-253.jpg\" width=\"790\" alt=\"\"\/><\/p>\n<p><img decoding=\"async\" class=\"alignnone size-full\" src=\"http:\/\/wxnuohui.com\/wp-content\/uploads\/2025\/09\/detail_pic_11-248.jpg\" width=\"790\" alt=\"\"\/><\/p>\n<p><img decoding=\"async\" class=\"alignnone size-full\" src=\"http:\/\/wxnuohui.com\/wp-content\/uploads\/2025\/09\/detail_pic_12-246.jpg\" width=\"790\" alt=\"\"\/><\/p>\n<p><img decoding=\"async\" class=\"alignnone size-full\" src=\"http:\/\/wxnuohui.com\/wp-content\/uploads\/2025\/09\/detail_pic_13-233.jpg\" width=\"790\" alt=\"\"\/><\/p>\n<p><img decoding=\"async\" class=\"alignnone size-full\" src=\"http:\/\/wxnuohui.com\/wp-content\/uploads\/2025\/09\/detail_pic_14-63.png\" width=\"790\" alt=\"\"\/><\/p>\n<p><img decoding=\"async\" class=\"alignnone size-full\" src=\"http:\/\/wxnuohui.com\/wp-content\/uploads\/2025\/09\/detail_pic_15-236.jpg\" width=\"790\" alt=\"\"\/><\/p>\n<p><img decoding=\"async\" class=\"alignnone size-full\" src=\"http:\/\/wxnuohui.com\/wp-content\/uploads\/2025\/09\/detail_pic_16-189.jpg\" width=\"790\" alt=\"\"\/><\/p>\n<p><img decoding=\"async\" class=\"alignnone size-full\" src=\"http:\/\/wxnuohui.com\/wp-content\/uploads\/2025\/09\/detail_pic_17-188.jpg\" width=\"790\" alt=\"\"\/><\/p>","protected":false},"excerpt":{"rendered":"<p>\u012etraukti stili\u0173 Pavasario moter\u0173 drabu\u017eiai Stilingi firminiai drabu\u017eiai Dizainerio dry\u017euotas spausdinimas Vieno gabalo kelni\u0173 komplektas<\/p>","protected":false},"featured_media":8539,"template":"","meta":[],"product_brand":[],"product_cat":[22],"product_tag":[],"class_list":{"0":"post-9203","1":"product","2":"type-product","3":"status-publish","4":"has-post-thumbnail","6":"product_cat-women-set","8":"first","9":"outofstock","10":"shipping-taxable","11":"product-type-variable"},"_links":{"self":[{"href":"https:\/\/wxnuohui.com\/lt\/wp-json\/wp\/v2\/product\/9203","targetHints":{"allow":["GET"]}}],"collection":[{"href":"https:\/\/wxnuohui.com\/lt\/wp-json\/wp\/v2\/product"}],"about":[{"href":"https:\/\/wxnuohui.com\/lt\/wp-json\/wp\/v2\/types\/product"}],"wp:featuredmedia":[{"embeddable":true,"href":"https:\/\/wxnuohui.com\/lt\/wp-json\/wp\/v2\/media\/8539"}],"wp:attachment":[{"href":"https:\/\/wxnuohui.com\/lt\/wp-json\/wp\/v2\/media?parent=9203"}],"wp:term":[{"taxonomy":"product_brand","embeddable":true,"href":"https:\/\/wxnuohui.com\/lt\/wp-json\/wp\/v2\/product_brand?post=9203"},{"taxonomy":"product_cat","embeddable":true,"href":"https:\/\/wxnuohui.com\/lt\/wp-json\/wp\/v2\/product_cat?post=9203"},{"taxonomy":"product_tag","embeddable":true,"href":"https:\/\/wxnuohui.com\/lt\/wp-json\/wp\/v2\/product_tag?post=9203"}],"curies":[{"name":"wp","href":"https:\/\/api.w.org\/{rel}","templated":true}]}}