{"id":9147,"date":"2025-09-13T06:20:23","date_gmt":"2025-09-13T06:20:23","guid":{"rendered":"https:\/\/wxnuohui.com\/product\/womens-clothing-2-piece-sets-workout-graphic-sleeveless-t-shirts-short-sets-women-two-piece-set-summer\/"},"modified":"2025-09-13T06:20:24","modified_gmt":"2025-09-13T06:20:24","slug":"womens-clothing-2-piece-sets-workout-graphic-sleeveless-t-shirts-short-sets-women-two-piece-set-summer","status":"publish","type":"product","link":"https:\/\/wxnuohui.com\/lt\/product\/womens-clothing-2-piece-sets-workout-graphic-sleeveless-t-shirts-short-sets-women-two-piece-set-summer\/","title":{"rendered":"Moter\u0173 drabu\u017eiai 2 dali\u0173 rinkiniai Treniruot\u0117s grafiniai mar\u0161kin\u0117liai be rankovi\u0173 trumpi rinkiniai Moter\u0173 dviej\u0173 dali\u0173 rinkinys vasara"},"content":{"rendered":"<p>Savyb\u0117: kv\u0117puojantis, ekologi\u0161kas<br \/>\nAm\u017eiaus grup\u0117: suaugusieji<br \/>\nSezonas: vasara<br \/>\nSpausdinimo b\u016bdai: \u0161ilkografija<br \/>\nStilius: rinkiniai<br \/>\nTiekimo tipas: sand\u0117lyje esan\u010dios prek\u0117s<br \/>\nMed\u017eiaga: Poliesteris \/ medviln\u0117<br \/>\n7 dien\u0173 pavyzd\u017eio u\u017esakymo atlikimo laikas: palaikymas<br \/>\nLytis: Moterys<br \/>\nTechnikos: automatizuotas pjaustymas<br \/>\nTurimas kiekis: 5000<br \/>\nModelio numeris: Dviej\u0173 dali\u0173 rinkinys vasara<br \/>\nKilm\u0117s vieta: Jiangsu, Kinija<br \/>\nPrek\u0117s \u017eenklo pavadinimas: NH<br \/>\nProdukto pavadinimas:Moteri\u0161ki drabu\u017eiai 2 dali\u0173 komplektai<br \/>\nRaktiniai \u017eod\u017eiai:Dviej\u0173 dali\u0173 rinkinys Vasara<br \/>\nPaslaugos:24 valandos internetu<br \/>\nMok\u0117jimas: Prekybos u\u017etikrinimas<br \/>\nSpausdinimas: pasirinktiniai dizainai Spausdinti<br \/>\nPavyzdys: 3-5 dienos<br \/>\nPakavimas: 1 vnt. \/ polietileninis mai\u0161elis<br \/>\nPristatymo laikas: 7 ~ 15 dien\u0173<br \/>\nEtiket\u0117 ir logotipas: \"Accpet Customized<br \/>\nPristatymas: DHLEMSUPSFEDEXby Seaby Air<br \/>\nPakavimo informacija: 1.D\u0117l pavyzd\u017eio, vienas gabalas u\u017e polietilenin\u012f mai\u0161el\u012f. 2. masinei gamybai, m\u016bs\u0173 \u012fprasta pakuot\u0117 yra d\u0117\u017eut\u0117. 3.Taip pat taikoma klient\u0173 reikalavimams.<br \/>\nI\u0161siuntimo uostas: ShangHai<br \/>\nPardavimo vienetai: Vienas elementas<br \/>\nVienos pakuot\u0117s dydis: 18X13X14 cm<br \/>\nVienkartinis bendrasis svoris: 0,500 kg<br \/>\nPakuo\u010di\u0173 pavyzd\u017eiai:<br \/>\nTiekimo galimyb\u0117s: 5000 rinkiniai per m\u0117nes\u012f dviej\u0173 dali\u0173 rinkinys Moterys<\/p>\n<p><img decoding=\"async\" class=\"alignnone size-full\" src=\"http:\/\/wxnuohui.com\/wp-content\/uploads\/2025\/09\/detail_pic_0-86.jpg\" width=\"790\" alt=\"\"\/><\/p>\n<p><img decoding=\"async\" class=\"alignnone size-full\" src=\"http:\/\/wxnuohui.com\/wp-content\/uploads\/2025\/09\/detail_pic_1-102.jpg\" width=\"790\" alt=\"\"\/><\/p>\n<p><img decoding=\"async\" class=\"alignnone size-full\" src=\"http:\/\/wxnuohui.com\/wp-content\/uploads\/2025\/09\/detail_pic_2-107.jpg\" width=\"790\" alt=\"\"\/><\/p>\n<p><img decoding=\"async\" class=\"alignnone size-full\" src=\"http:\/\/wxnuohui.com\/wp-content\/uploads\/2025\/09\/detail_pic_3-142.jpg\" width=\"790\" alt=\"\"\/><\/p>\n<p><img decoding=\"async\" class=\"alignnone size-full\" src=\"http:\/\/wxnuohui.com\/wp-content\/uploads\/2025\/09\/detail_pic_4-133.jpg\" width=\"790\" alt=\"\"\/><\/p>\n<p><img decoding=\"async\" class=\"alignnone size-full\" src=\"http:\/\/wxnuohui.com\/wp-content\/uploads\/2025\/09\/detail_pic_5-176.jpg\" width=\"790\" alt=\"\"\/><\/p>\n<p><img decoding=\"async\" class=\"alignnone size-full\" src=\"http:\/\/wxnuohui.com\/wp-content\/uploads\/2025\/09\/detail_pic_6-108.jpg\" width=\"790\" alt=\"\"\/><\/p>\n<p><img decoding=\"async\" class=\"alignnone size-full\" src=\"http:\/\/wxnuohui.com\/wp-content\/uploads\/2025\/09\/detail_pic_7-87.jpg\" width=\"790\" alt=\"\"\/><\/p>\n<p><img decoding=\"async\" class=\"alignnone size-full\" src=\"http:\/\/wxnuohui.com\/wp-content\/uploads\/2025\/09\/detail_pic_8-109.jpg\" width=\"790\" alt=\"\"\/><\/p>\n<p><img decoding=\"async\" class=\"alignnone size-full\" src=\"http:\/\/wxnuohui.com\/wp-content\/uploads\/2025\/09\/detail_pic_9-71.png\" width=\"790\" alt=\"\"\/><\/p>\n<p><img decoding=\"async\" class=\"alignnone size-full\" src=\"http:\/\/wxnuohui.com\/wp-content\/uploads\/2025\/09\/detail_pic_10-201.jpg\" width=\"790\" alt=\"\"\/><\/p>\n<p><img decoding=\"async\" class=\"alignnone size-full\" src=\"http:\/\/wxnuohui.com\/wp-content\/uploads\/2025\/09\/detail_pic_11-198.jpg\" width=\"790\" alt=\"\"\/><\/p>\n<p><img decoding=\"async\" class=\"alignnone size-full\" src=\"http:\/\/wxnuohui.com\/wp-content\/uploads\/2025\/09\/detail_pic_12-195.jpg\" width=\"790\" alt=\"\"\/><\/p>","protected":false},"excerpt":{"rendered":"<p>Moter\u0173 drabu\u017eiai 2 dali\u0173 rinkiniai Treniruot\u0117s grafiniai mar\u0161kin\u0117liai be rankovi\u0173 trumpi rinkiniai Moter\u0173 dviej\u0173 dali\u0173 rinkinys vasara<\/p>","protected":false},"featured_media":7267,"template":"","meta":[],"product_brand":[],"product_cat":[22],"product_tag":[],"class_list":{"0":"post-9147","1":"product","2":"type-product","3":"status-publish","4":"has-post-thumbnail","6":"product_cat-women-set","8":"first","9":"outofstock","10":"shipping-taxable","11":"product-type-variable"},"_links":{"self":[{"href":"https:\/\/wxnuohui.com\/lt\/wp-json\/wp\/v2\/product\/9147","targetHints":{"allow":["GET"]}}],"collection":[{"href":"https:\/\/wxnuohui.com\/lt\/wp-json\/wp\/v2\/product"}],"about":[{"href":"https:\/\/wxnuohui.com\/lt\/wp-json\/wp\/v2\/types\/product"}],"wp:featuredmedia":[{"embeddable":true,"href":"https:\/\/wxnuohui.com\/lt\/wp-json\/wp\/v2\/media\/7267"}],"wp:attachment":[{"href":"https:\/\/wxnuohui.com\/lt\/wp-json\/wp\/v2\/media?parent=9147"}],"wp:term":[{"taxonomy":"product_brand","embeddable":true,"href":"https:\/\/wxnuohui.com\/lt\/wp-json\/wp\/v2\/product_brand?post=9147"},{"taxonomy":"product_cat","embeddable":true,"href":"https:\/\/wxnuohui.com\/lt\/wp-json\/wp\/v2\/product_cat?post=9147"},{"taxonomy":"product_tag","embeddable":true,"href":"https:\/\/wxnuohui.com\/lt\/wp-json\/wp\/v2\/product_tag?post=9147"}],"curies":[{"name":"wp","href":"https:\/\/api.w.org\/{rel}","templated":true}]}}