{"id":9146,"date":"2025-09-13T06:20:23","date_gmt":"2025-09-13T06:20:23","guid":{"rendered":"https:\/\/wxnuohui.com\/product\/wholesale-street-wear-multiple-pockets-knee-length-cotton-camo-cargo-shorts-for-women\/"},"modified":"2025-09-13T06:20:23","modified_gmt":"2025-09-13T06:20:23","slug":"wholesale-street-wear-multiple-pockets-knee-length-cotton-camo-cargo-shorts-for-women","status":"publish","type":"product","link":"https:\/\/wxnuohui.com\/lt\/product\/wholesale-street-wear-multiple-pockets-knee-length-cotton-camo-cargo-shorts-for-women\/","title":{"rendered":"Didmenin\u0117 prekyba gatv\u0117s d\u0117v\u0117ti keli\u0173 ki\u0161eni\u0173 kelio ilgio medviln\u0117s Camo Cargo \u0161ortai moterims"},"content":{"rendered":"<p>Technikos: paprastas da\u017eytas<br \/>\nKelni\u0173 stilius: Reguliarus<br \/>\nAudimo b\u016bdas: megztas<br \/>\nFunkcija: nuo rauk\u0161li\u0173, greitai d\u017ei\u016bsta, kv\u0117puojantis<br \/>\nStilius: atsitiktinis<br \/>\nJuosmens tipas: Vidutinis<br \/>\nApdaila: ki\u0161en\u0117s, lopas<br \/>\nAudinio tipas: \u0161ifonas<br \/>\nTiekimo tipas: Oem paslauga<br \/>\nModelio tipas: Patchwork<br \/>\n7 dien\u0173 pavyzd\u017eio u\u017esakymo atlikimo laikas: palaikymas<br \/>\nPritaikymo tipas: Reguliarus<br \/>\nMed\u017eiaga: Poliesteris \/ medviln\u0117<br \/>\nU\u017edarymo tipas: elastingas juosmuo<br \/>\nModelis: kar\u0161ti \u0161ortai<br \/>\nModelio numeris:Camo \u0161ortai moterims-672468334833<br \/>\nKilm\u0117s vieta: Jiangsu, Kinija<br \/>\nPrek\u0117s \u017eenklo pavadinimas: HN-671754760425<br \/>\nProdukto pavadinimas:Cargo \u0161ortai moterims<br \/>\nRaktiniai \u017eod\u017eiai:Camo \u0161ortai moterims<br \/>\nPaslaugos:24 valandos internetu<br \/>\nMok\u0117jimas: Prekybos u\u017etikrinimas<br \/>\nSpausdinimas: pasirinktiniai dizainai Spausdinti<br \/>\nPavyzdys: 3-5 dienos<br \/>\nPakavimas: 1 vnt. \/ polietileninis mai\u0161elis<br \/>\nPristatymo laikas: 7 ~ 15 dien\u0173<br \/>\nPrek\u0117s numeris:672468754320<br \/>\nPristatymas: DHLEMSUPSFEDEXby Seaby Air<br \/>\nPakavimo informacija: 1.D\u0117l pavyzd\u017eio, vienas gabalas u\u017e polietilenin\u012f mai\u0161el\u012f. 2. masinei gamybai, m\u016bs\u0173 \u012fprasta pakuot\u0117 yra d\u0117\u017eut\u0117. 3.Taip pat taikoma klient\u0173 reikalavimams.<br \/>\nI\u0161siuntimo uostas: \u0160anchajus<br \/>\nPardavimo vienetai: Vienas elementas<br \/>\nVienos pakuot\u0117s dydis: 18X10X11 cm<br \/>\nVienkartinis bendrasis svoris: 0,400 kg<br \/>\nPakuo\u010di\u0173 pavyzd\u017eiai:<br \/>\nTiekimo galimyb\u0117s: 5000 vienet\u0173 per m\u0117nes\u012f Camo \u0161ortai Moterys<\/p>\n<p><img decoding=\"async\" class=\"alignnone size-full\" src=\"http:\/\/wxnuohui.com\/wp-content\/uploads\/2025\/09\/detail_pic_0-85.jpg\" width=\"790\" alt=\"\"\/><\/p>\n<p><img decoding=\"async\" class=\"alignnone size-full\" src=\"http:\/\/wxnuohui.com\/wp-content\/uploads\/2025\/09\/detail_pic_1-101.jpg\" width=\"790\" alt=\"\"\/><\/p>\n<p><img decoding=\"async\" class=\"alignnone size-full\" src=\"http:\/\/wxnuohui.com\/wp-content\/uploads\/2025\/09\/detail_pic_2-106.jpg\" width=\"790\" alt=\"\"\/><\/p>\n<p><img decoding=\"async\" class=\"alignnone size-full\" src=\"http:\/\/wxnuohui.com\/wp-content\/uploads\/2025\/09\/detail_pic_3-141.jpg\" width=\"790\" alt=\"\"\/><\/p>\n<p><img decoding=\"async\" class=\"alignnone size-full\" src=\"http:\/\/wxnuohui.com\/wp-content\/uploads\/2025\/09\/detail_pic_4-132.jpg\" width=\"790\" alt=\"\"\/><\/p>\n<p><img decoding=\"async\" class=\"alignnone size-full\" src=\"http:\/\/wxnuohui.com\/wp-content\/uploads\/2025\/09\/detail_pic_5-175.jpg\" width=\"790\" alt=\"\"\/><\/p>\n<p><img decoding=\"async\" class=\"alignnone size-full\" src=\"http:\/\/wxnuohui.com\/wp-content\/uploads\/2025\/09\/detail_pic_6-107.jpg\" width=\"790\" alt=\"\"\/><\/p>\n<p><img decoding=\"async\" class=\"alignnone size-full\" src=\"http:\/\/wxnuohui.com\/wp-content\/uploads\/2025\/09\/detail_pic_7-86.jpg\" width=\"790\" alt=\"\"\/><\/p>\n<p><img decoding=\"async\" class=\"alignnone size-full\" src=\"http:\/\/wxnuohui.com\/wp-content\/uploads\/2025\/09\/detail_pic_8-108.jpg\" width=\"790\" alt=\"\"\/><\/p>\n<p><img decoding=\"async\" class=\"alignnone size-full\" src=\"http:\/\/wxnuohui.com\/wp-content\/uploads\/2025\/09\/detail_pic_9-70.png\" width=\"790\" alt=\"\"\/><\/p>\n<p><img decoding=\"async\" class=\"alignnone size-full\" src=\"http:\/\/wxnuohui.com\/wp-content\/uploads\/2025\/09\/detail_pic_10-200.jpg\" width=\"790\" alt=\"\"\/><\/p>\n<p><img decoding=\"async\" class=\"alignnone size-full\" src=\"http:\/\/wxnuohui.com\/wp-content\/uploads\/2025\/09\/detail_pic_11-197.jpg\" width=\"790\" alt=\"\"\/><\/p>\n<p><img decoding=\"async\" class=\"alignnone size-full\" src=\"http:\/\/wxnuohui.com\/wp-content\/uploads\/2025\/09\/detail_pic_12-194.jpg\" width=\"790\" alt=\"\"\/><\/p>\n<p><img decoding=\"async\" class=\"alignnone size-full\" src=\"http:\/\/wxnuohui.com\/wp-content\/uploads\/2025\/09\/detail_pic_13-193.jpg\" width=\"790\" alt=\"\"\/><\/p>\n<p><img decoding=\"async\" class=\"alignnone size-full\" src=\"http:\/\/wxnuohui.com\/wp-content\/uploads\/2025\/09\/detail_pic_14-28.png\" width=\"790\" alt=\"\"\/><\/p>\n<p><img decoding=\"async\" class=\"alignnone size-full\" src=\"http:\/\/wxnuohui.com\/wp-content\/uploads\/2025\/09\/detail_pic_15-190.jpg\" width=\"790\" alt=\"\"\/><\/p>\n<p><img decoding=\"async\" class=\"alignnone size-full\" src=\"http:\/\/wxnuohui.com\/wp-content\/uploads\/2025\/09\/detail_pic_16-144.jpg\" width=\"790\" alt=\"\"\/><\/p>\n<p><img decoding=\"async\" class=\"alignnone size-full\" src=\"http:\/\/wxnuohui.com\/wp-content\/uploads\/2025\/09\/detail_pic_17-153.jpg\" width=\"790\" alt=\"\"\/><\/p>","protected":false},"excerpt":{"rendered":"<p>Didmenin\u0117 prekyba gatv\u0117s d\u0117v\u0117ti keli\u0173 ki\u0161eni\u0173 kelio ilgio medviln\u0117s Camo Cargo \u0161ortai moterims<\/p>","protected":false},"featured_media":7243,"template":"","meta":[],"product_brand":[],"product_cat":[22],"product_tag":[],"class_list":{"0":"post-9146","1":"product","2":"type-product","3":"status-publish","4":"has-post-thumbnail","6":"product_cat-women-set","8":"first","9":"outofstock","10":"shipping-taxable","11":"product-type-variable"},"_links":{"self":[{"href":"https:\/\/wxnuohui.com\/lt\/wp-json\/wp\/v2\/product\/9146","targetHints":{"allow":["GET"]}}],"collection":[{"href":"https:\/\/wxnuohui.com\/lt\/wp-json\/wp\/v2\/product"}],"about":[{"href":"https:\/\/wxnuohui.com\/lt\/wp-json\/wp\/v2\/types\/product"}],"wp:featuredmedia":[{"embeddable":true,"href":"https:\/\/wxnuohui.com\/lt\/wp-json\/wp\/v2\/media\/7243"}],"wp:attachment":[{"href":"https:\/\/wxnuohui.com\/lt\/wp-json\/wp\/v2\/media?parent=9146"}],"wp:term":[{"taxonomy":"product_brand","embeddable":true,"href":"https:\/\/wxnuohui.com\/lt\/wp-json\/wp\/v2\/product_brand?post=9146"},{"taxonomy":"product_cat","embeddable":true,"href":"https:\/\/wxnuohui.com\/lt\/wp-json\/wp\/v2\/product_cat?post=9146"},{"taxonomy":"product_tag","embeddable":true,"href":"https:\/\/wxnuohui.com\/lt\/wp-json\/wp\/v2\/product_tag?post=9146"}],"curies":[{"name":"wp","href":"https:\/\/api.w.org\/{rel}","templated":true}]}}