{"id":9120,"date":"2025-09-13T06:20:06","date_gmt":"2025-09-13T06:20:06","guid":{"rendered":"https:\/\/wxnuohui.com\/product\/summer-outfit-cut-out-hole-skinny-2-piece-matching-set-womens-tracksuit-sleeveless-crop-top-set\/"},"modified":"2025-09-13T06:20:07","modified_gmt":"2025-09-13T06:20:07","slug":"summer-outfit-cut-out-hole-skinny-2-piece-matching-set-womens-tracksuit-sleeveless-crop-top-set","status":"publish","type":"product","link":"https:\/\/wxnuohui.com\/lt\/product\/summer-outfit-cut-out-hole-skinny-2-piece-matching-set-womens-tracksuit-sleeveless-crop-top-set\/","title":{"rendered":"Vasaros apranga i\u0161kirpti skyl\u0119 liesas 2 dali\u0173 atitikimo rinkinys moter\u0173 Tracksuit rankovi\u0173 Crop Top rinkinys"},"content":{"rendered":"<p>Lytis: Moterys<br \/>\nSezonas: vasara<br \/>\nApdaila: tu\u0161\u010diavidur\u0117<br \/>\nAudinio tipas: mezgimas<br \/>\nMed\u017eiaga: Poliesteris \/ medviln\u0117<br \/>\nModelio tipas: kietas<br \/>\n7 dien\u0173 pavyzd\u017eio u\u017esakymo atlikimo laikas: palaikymas<br \/>\nSavyb\u0117: kv\u0117puojantis, ekologi\u0161kas<br \/>\nIlgis: vir\u0161 kelio<br \/>\nTiekimo tipas: Oem paslauga<br \/>\nPritaikymo tipas: Reguliarus<br \/>\nTechnikos: atspausdinta<br \/>\nAudimo b\u016bdas: megztas<br \/>\nApykakl\u0117: O formos kaklo<br \/>\nStilius: atsitiktinis<br \/>\nModelio numeris: Crop Top Set<br \/>\nKilm\u0117s vieta: Jiangsu, Kinija<br \/>\nPrek\u0117s \u017eenklo pavadinimas: NH<br \/>\nProdukto pavadinimas:Vasaros apranga, i\u0161kirpta i\u0161 2 dali\u0173 deran\u010dio rinkinio<br \/>\nRaktiniai \u017eod\u017eiai:Crop Top Set<br \/>\nPaslaugos:24 valandos internetu<br \/>\nMok\u0117jimas: Prekybos u\u017etikrinimas<br \/>\nSpausdinimas: pasirinktiniai dizainai Spausdinti<br \/>\nPavyzdys: 3-5 dienos<br \/>\nPakavimas: 1 vnt. \/ polietileninis mai\u0161elis<br \/>\nPristatymo laikas: 7 ~ 15 dien\u0173<br \/>\nEtiket\u0117 ir logotipas: \"Accpet Customized<br \/>\nPristatymas: DHLEMSUPSFEDEXby Seaby Air<br \/>\nPakavimo informacija: 1.D\u0117l pavyzd\u017eio, vienas gabalas u\u017e polietilenin\u012f mai\u0161el\u012f. 2. masinei gamybai, m\u016bs\u0173 \u012fprasta pakuot\u0117 yra d\u0117\u017eut\u0117. 3.Taip pat taikoma klient\u0173 reikalavimams.<br \/>\nI\u0161siuntimo uostas: ShangHai<br \/>\nPardavimo vienetai: Vienas elementas<br \/>\nVienos pakuot\u0117s dydis: 23X13X14 cm<br \/>\nVienkartinis bendrasis svoris: 0,500 kg<br \/>\nPakuo\u010di\u0173 pavyzd\u017eiai:<br \/>\nTiekimo galimyb\u0117s: 5000 rinkini\u0173 per m\u0117nes\u012f Moter\u0173 rinkinys<\/p>\n<p><img decoding=\"async\" class=\"alignnone size-full\" src=\"http:\/\/wxnuohui.com\/wp-content\/uploads\/2025\/09\/detail_pic_0-66.jpg\" width=\"790\" alt=\"\"\/><\/p>\n<p><img decoding=\"async\" class=\"alignnone size-full\" src=\"http:\/\/wxnuohui.com\/wp-content\/uploads\/2025\/09\/detail_pic_1-77.jpg\" width=\"790\" alt=\"\"\/><\/p>\n<p><img decoding=\"async\" class=\"alignnone size-full\" src=\"http:\/\/wxnuohui.com\/wp-content\/uploads\/2025\/09\/detail_pic_2-81.jpg\" width=\"790\" alt=\"\"\/><\/p>\n<p><img decoding=\"async\" class=\"alignnone size-full\" src=\"http:\/\/wxnuohui.com\/wp-content\/uploads\/2025\/09\/detail_pic_3-117.jpg\" width=\"790\" alt=\"\"\/><\/p>\n<p><img decoding=\"async\" class=\"alignnone size-full\" src=\"http:\/\/wxnuohui.com\/wp-content\/uploads\/2025\/09\/detail_pic_4-107.jpg\" width=\"790\" alt=\"\"\/><\/p>\n<p><img decoding=\"async\" class=\"alignnone size-full\" src=\"http:\/\/wxnuohui.com\/wp-content\/uploads\/2025\/09\/detail_pic_5-150.jpg\" width=\"790\" alt=\"\"\/><\/p>\n<p><img decoding=\"async\" class=\"alignnone size-full\" src=\"http:\/\/wxnuohui.com\/wp-content\/uploads\/2025\/09\/detail_pic_6-85.jpg\" width=\"790\" alt=\"\"\/><\/p>\n<p><img decoding=\"async\" class=\"alignnone size-full\" src=\"http:\/\/wxnuohui.com\/wp-content\/uploads\/2025\/09\/detail_pic_7-66.jpg\" width=\"790\" alt=\"\"\/><\/p>\n<p><img decoding=\"async\" class=\"alignnone size-full\" src=\"http:\/\/wxnuohui.com\/wp-content\/uploads\/2025\/09\/detail_pic_8-93.jpg\" width=\"790\" alt=\"\"\/><\/p>\n<p><img decoding=\"async\" class=\"alignnone size-full\" src=\"http:\/\/wxnuohui.com\/wp-content\/uploads\/2025\/09\/detail_pic_9-112.jpg\" width=\"790\" alt=\"\"\/><\/p>\n<p><img decoding=\"async\" class=\"alignnone size-full\" src=\"http:\/\/wxnuohui.com\/wp-content\/uploads\/2025\/09\/detail_pic_10-175.jpg\" width=\"790\" alt=\"\"\/><\/p>\n<p><img decoding=\"async\" class=\"alignnone size-full\" src=\"http:\/\/wxnuohui.com\/wp-content\/uploads\/2025\/09\/detail_pic_11-171.jpg\" width=\"790\" alt=\"\"\/><\/p>\n<p><img decoding=\"async\" class=\"alignnone size-full\" src=\"http:\/\/wxnuohui.com\/wp-content\/uploads\/2025\/09\/detail_pic_12-4.png\" width=\"790\" alt=\"\"\/><\/p>\n<p><img decoding=\"async\" class=\"alignnone size-full\" src=\"http:\/\/wxnuohui.com\/wp-content\/uploads\/2025\/09\/detail_pic_13-171.jpg\" width=\"790\" alt=\"\"\/><\/p>\n<p><img decoding=\"async\" class=\"alignnone size-full\" src=\"http:\/\/wxnuohui.com\/wp-content\/uploads\/2025\/09\/detail_pic_14-163.jpg\" width=\"790\" alt=\"\"\/><\/p>\n<p><img decoding=\"async\" class=\"alignnone size-full\" src=\"http:\/\/wxnuohui.com\/wp-content\/uploads\/2025\/09\/detail_pic_15-165.jpg\" width=\"790\" alt=\"\"\/><\/p>","protected":false},"excerpt":{"rendered":"<p>Vasaros apranga i\u0161kirpti skyl\u0119 liesas 2 dali\u0173 atitikimo rinkinys moter\u0173 Tracksuit rankovi\u0173 Crop Top rinkinys<\/p>","protected":false},"featured_media":6619,"template":"","meta":[],"product_brand":[],"product_cat":[22],"product_tag":[],"class_list":{"0":"post-9120","1":"product","2":"type-product","3":"status-publish","4":"has-post-thumbnail","6":"product_cat-women-set","8":"first","9":"outofstock","10":"shipping-taxable","11":"product-type-variable"},"_links":{"self":[{"href":"https:\/\/wxnuohui.com\/lt\/wp-json\/wp\/v2\/product\/9120","targetHints":{"allow":["GET"]}}],"collection":[{"href":"https:\/\/wxnuohui.com\/lt\/wp-json\/wp\/v2\/product"}],"about":[{"href":"https:\/\/wxnuohui.com\/lt\/wp-json\/wp\/v2\/types\/product"}],"wp:featuredmedia":[{"embeddable":true,"href":"https:\/\/wxnuohui.com\/lt\/wp-json\/wp\/v2\/media\/6619"}],"wp:attachment":[{"href":"https:\/\/wxnuohui.com\/lt\/wp-json\/wp\/v2\/media?parent=9120"}],"wp:term":[{"taxonomy":"product_brand","embeddable":true,"href":"https:\/\/wxnuohui.com\/lt\/wp-json\/wp\/v2\/product_brand?post=9120"},{"taxonomy":"product_cat","embeddable":true,"href":"https:\/\/wxnuohui.com\/lt\/wp-json\/wp\/v2\/product_cat?post=9120"},{"taxonomy":"product_tag","embeddable":true,"href":"https:\/\/wxnuohui.com\/lt\/wp-json\/wp\/v2\/product_tag?post=9120"}],"curies":[{"name":"wp","href":"https:\/\/api.w.org\/{rel}","templated":true}]}}