{"id":9104,"date":"2025-09-13T06:19:57","date_gmt":"2025-09-13T06:19:57","guid":{"rendered":"https:\/\/wxnuohui.com\/product\/wholesale-fashion-sexy-women-sweatsuit-3-piece-velour-lady-tracksuit-short-set\/"},"modified":"2025-09-13T06:19:57","modified_gmt":"2025-09-13T06:19:57","slug":"wholesale-fashion-sexy-women-sweatsuit-3-piece-velour-lady-tracksuit-short-set","status":"publish","type":"product","link":"https:\/\/wxnuohui.com\/lt\/product\/wholesale-fashion-sexy-women-sweatsuit-3-piece-velour-lady-tracksuit-short-set\/","title":{"rendered":"Didmenin\u0117 prekyba mados seksualus moter\u0173 Sweatsuit 3 dali\u0173 veli\u016bras Lady Tracksuit trumpas rinkinys"},"content":{"rendered":"<p>Lytis: Moterys<br \/>\nSezonas: vasara<br \/>\nApdaila: ki\u0161en\u0117s<br \/>\nAudinio tipas: mezgimas<br \/>\nMed\u017eiaga: Poliesteris \/ medviln\u0117<br \/>\nTipas: moter\u0173 rinkinys<br \/>\nVir\u0161\u0173 ilgis: trumpas<br \/>\nSpausdinimo b\u016bdai: \u0161ilkografija<br \/>\nModelio tipas: kietas<br \/>\nRankovi\u0173 ilgis: visas<br \/>\nVir\u0161utinio tipo: vir\u0161us<br \/>\n7 dien\u0173 pavyzd\u017eio u\u017esakymo atlikimo laikas: palaikymas<br \/>\nSavyb\u0117: kv\u0117puojantis, ekologi\u0161kas<br \/>\nIlgis: vir\u0161 kelio<br \/>\nTiekimo tipas: sand\u0117lyje esan\u010dios prek\u0117s<br \/>\nPritaikymo tipas: Reguliarus<br \/>\nTechnikos: paprastas da\u017eytas<br \/>\nAudimo b\u016bdas: megztas<br \/>\nApykakl\u0117: O formos kaklo<br \/>\nStilius: atsitiktinis<br \/>\nAudinio svoris: 260 gram\u0173<br \/>\nAdatos aptikimas: Taip<br \/>\nModelio numeris: Treniruo\u010di\u0173 trumpas komplektas<br \/>\nKilm\u0117s vieta: Jiangsu, Kinija<br \/>\nPrek\u0117s \u017eenklo pavadinimas: NH<br \/>\nPardavimo vienetai: Vienas elementas<br \/>\nVienos pakuot\u0117s dydis: 20X11X14 cm<br \/>\nVienkartinis bendrasis svoris: 0,600 kg<\/p>\n<p><img decoding=\"async\" class=\"alignnone size-full\" src=\"http:\/\/wxnuohui.com\/wp-content\/uploads\/2025\/09\/detail_pic_0-58.jpg\" width=\"790\" alt=\"\"\/><\/p>\n<p><img decoding=\"async\" class=\"alignnone size-full\" src=\"http:\/\/wxnuohui.com\/wp-content\/uploads\/2025\/09\/detail_pic_1-63.jpg\" width=\"790\" alt=\"\"\/><\/p>\n<p><img decoding=\"async\" class=\"alignnone size-full\" src=\"http:\/\/wxnuohui.com\/wp-content\/uploads\/2025\/09\/detail_pic_2-69.jpg\" width=\"790\" alt=\"\"\/><\/p>\n<p><img decoding=\"async\" class=\"alignnone size-full\" src=\"http:\/\/wxnuohui.com\/wp-content\/uploads\/2025\/09\/detail_pic_3-106.jpg\" width=\"790\" alt=\"\"\/><\/p>\n<p><img decoding=\"async\" class=\"alignnone size-full\" src=\"http:\/\/wxnuohui.com\/wp-content\/uploads\/2025\/09\/detail_pic_4-96.jpg\" width=\"790\" alt=\"\"\/><\/p>\n<p><img decoding=\"async\" class=\"alignnone size-full\" src=\"http:\/\/wxnuohui.com\/wp-content\/uploads\/2025\/09\/detail_pic_5-137.jpg\" width=\"790\" alt=\"\"\/><\/p>\n<p><img decoding=\"async\" class=\"alignnone size-full\" src=\"http:\/\/wxnuohui.com\/wp-content\/uploads\/2025\/09\/detail_pic_6-74.jpg\" width=\"790\" alt=\"\"\/><\/p>\n<p><img decoding=\"async\" class=\"alignnone size-full\" src=\"http:\/\/wxnuohui.com\/wp-content\/uploads\/2025\/09\/detail_pic_7-55.jpg\" width=\"790\" alt=\"\"\/><\/p>\n<p><img decoding=\"async\" class=\"alignnone size-full\" src=\"http:\/\/wxnuohui.com\/wp-content\/uploads\/2025\/09\/detail_pic_8-83.jpg\" width=\"790\" alt=\"\"\/><\/p>\n<p><img decoding=\"async\" class=\"alignnone size-full\" src=\"http:\/\/wxnuohui.com\/wp-content\/uploads\/2025\/09\/detail_pic_9-103.jpg\" width=\"790\" alt=\"\"\/><\/p>\n<p><img decoding=\"async\" class=\"alignnone size-full\" src=\"http:\/\/wxnuohui.com\/wp-content\/uploads\/2025\/09\/detail_pic_10-161.jpg\" width=\"790\" alt=\"\"\/><\/p>\n<p><img decoding=\"async\" class=\"alignnone size-full\" src=\"http:\/\/wxnuohui.com\/wp-content\/uploads\/2025\/09\/detail_pic_11-157.jpg\" width=\"790\" alt=\"\"\/><\/p>\n<p><img decoding=\"async\" class=\"alignnone size-full\" src=\"http:\/\/wxnuohui.com\/wp-content\/uploads\/2025\/09\/detail_pic_12-158.jpg\" width=\"790\" alt=\"\"\/><\/p>\n<p><img decoding=\"async\" class=\"alignnone size-full\" src=\"http:\/\/wxnuohui.com\/wp-content\/uploads\/2025\/09\/detail_pic_13-1.png\" width=\"790\" alt=\"\"\/><\/p>\n<p><img decoding=\"async\" class=\"alignnone size-full\" src=\"http:\/\/wxnuohui.com\/wp-content\/uploads\/2025\/09\/detail_pic_14-158.jpg\" width=\"790\" alt=\"\"\/><\/p>\n<p><img decoding=\"async\" class=\"alignnone size-full\" src=\"http:\/\/wxnuohui.com\/wp-content\/uploads\/2025\/09\/detail_pic_15-153.jpg\" width=\"790\" alt=\"\"\/><\/p>\n<p><img decoding=\"async\" class=\"alignnone size-full\" src=\"http:\/\/wxnuohui.com\/wp-content\/uploads\/2025\/09\/detail_pic_16-112.jpg\" width=\"790\" alt=\"\"\/><\/p>","protected":false},"excerpt":{"rendered":"<p>Didmenin\u0117 prekyba mados seksualus moter\u0173 Sweatsuit 3 dali\u0173 veli\u016bras Lady Tracksuit trumpas rinkinys<\/p>","protected":false},"featured_media":6256,"template":"","meta":[],"product_brand":[],"product_cat":[22],"product_tag":[],"class_list":{"0":"post-9104","1":"product","2":"type-product","3":"status-publish","4":"has-post-thumbnail","6":"product_cat-women-set","8":"first","9":"outofstock","10":"shipping-taxable","11":"product-type-variable"},"_links":{"self":[{"href":"https:\/\/wxnuohui.com\/lt\/wp-json\/wp\/v2\/product\/9104","targetHints":{"allow":["GET"]}}],"collection":[{"href":"https:\/\/wxnuohui.com\/lt\/wp-json\/wp\/v2\/product"}],"about":[{"href":"https:\/\/wxnuohui.com\/lt\/wp-json\/wp\/v2\/types\/product"}],"wp:featuredmedia":[{"embeddable":true,"href":"https:\/\/wxnuohui.com\/lt\/wp-json\/wp\/v2\/media\/6256"}],"wp:attachment":[{"href":"https:\/\/wxnuohui.com\/lt\/wp-json\/wp\/v2\/media?parent=9104"}],"wp:term":[{"taxonomy":"product_brand","embeddable":true,"href":"https:\/\/wxnuohui.com\/lt\/wp-json\/wp\/v2\/product_brand?post=9104"},{"taxonomy":"product_cat","embeddable":true,"href":"https:\/\/wxnuohui.com\/lt\/wp-json\/wp\/v2\/product_cat?post=9104"},{"taxonomy":"product_tag","embeddable":true,"href":"https:\/\/wxnuohui.com\/lt\/wp-json\/wp\/v2\/product_tag?post=9104"}],"curies":[{"name":"wp","href":"https:\/\/api.w.org\/{rel}","templated":true}]}}