{"id":15528,"date":"2025-09-14T03:12:53","date_gmt":"2025-09-14T03:12:53","guid":{"rendered":"https:\/\/wxnuohui.com\/product\/100-cotton-custom-logo-polo-shirts-golf-embroidered-man-plain-t-shirt-cotton-polo-shirts\/"},"modified":"2025-09-14T03:12:54","modified_gmt":"2025-09-14T03:12:54","slug":"100-cotton-custom-logo-polo-shirts-golf-embroidered-man-plain-t-shirt-cotton-polo-shirts","status":"publish","type":"product","link":"https:\/\/wxnuohui.com\/lt\/product\/100-cotton-custom-logo-polo-shirts-golf-embroidered-man-plain-t-shirt-cotton-polo-shirts\/","title":{"rendered":"100% medviln\u0117s Custom Logo Polo mar\u0161kin\u0117liai Golfas Siuvin\u0117ti Vyras Paprastas mar\u0161kin\u0117liai medviln\u0117s Polo mar\u0161kin\u0117liai"},"content":{"rendered":"<p>Audinio tipas: D\u017eersis<br \/>\nRankovi\u0173 stilius: trumpomis rankov\u0117mis<br \/>\nTiekimo tipas: Oem paslauga<br \/>\nSavyb\u0117: nuo rauk\u0161li\u0173<br \/>\nStilius: atsitiktinis<br \/>\nAudimo b\u016bdas: megztas<br \/>\nAdatos aptikimas: Taip<br \/>\nIlgis: reguliarus<br \/>\nDizainas: mygtukas<br \/>\n7 dien\u0173 pavyzd\u017eio u\u017esakymo atlikimo laikas: palaikymas<br \/>\nTechnikos: paprastas da\u017eytas<br \/>\nMed\u017eiaga: Poliesteris \/ medviln\u0117<br \/>\nLogotipas \/ grafinis dizainas: \u0161ilkografija<br \/>\nLogotipo pad\u0117tis: priekyje<br \/>\nModelio tipas: kietas<br \/>\nAudinio svoris: 180 gram\u0173<br \/>\nLytis: vyrai<br \/>\nModelio numeris: Polo mar\u0161kin\u0117liai<br \/>\nKilm\u0117s vieta: Jiangsu, Kinija<br \/>\nPrek\u0117s \u017eenklo pavadinimas: NH<br \/>\nPardavimo vienetai: Vienas elementas<br \/>\nVienos pakuot\u0117s dydis: 18X11X10 cm<br \/>\nVienkartinis bendrasis svoris: 0,300 kg<\/p>\n<p><img decoding=\"async\" class=\"alignnone size-full\" src=\"http:\/\/wxnuohui.com\/wp-content\/uploads\/2025\/09\/detail_pic_0-156.png\" width=\"790\" alt=\"\"\/><\/p>\n<p><img decoding=\"async\" class=\"alignnone size-full\" src=\"http:\/\/wxnuohui.com\/wp-content\/uploads\/2025\/09\/detail_pic_1-161.png\" width=\"790\" alt=\"\"\/><\/p>\n<p><img decoding=\"async\" class=\"alignnone size-full\" src=\"http:\/\/wxnuohui.com\/wp-content\/uploads\/2025\/09\/detail_pic_2-155.png\" width=\"790\" alt=\"\"\/><\/p>\n<p><img decoding=\"async\" class=\"alignnone size-full\" src=\"http:\/\/wxnuohui.com\/wp-content\/uploads\/2025\/09\/detail_pic_3-118.png\" width=\"790\" alt=\"\"\/><\/p>\n<p><img decoding=\"async\" class=\"alignnone size-full\" src=\"http:\/\/wxnuohui.com\/wp-content\/uploads\/2025\/09\/detail_pic_4-113.png\" width=\"790\" alt=\"\"\/><\/p>\n<p><img decoding=\"async\" class=\"alignnone size-full\" src=\"http:\/\/wxnuohui.com\/wp-content\/uploads\/2025\/09\/detail_pic_5-453.jpg\" width=\"790\" alt=\"\"\/><\/p>\n<p><img decoding=\"async\" class=\"alignnone size-full\" src=\"http:\/\/wxnuohui.com\/wp-content\/uploads\/2025\/09\/detail_pic_6-366.jpg\" width=\"790\" alt=\"\"\/><\/p>\n<p><img decoding=\"async\" class=\"alignnone size-full\" src=\"http:\/\/wxnuohui.com\/wp-content\/uploads\/2025\/09\/detail_pic_7-288.jpg\" width=\"790\" alt=\"\"\/><\/p>\n<p><img decoding=\"async\" class=\"alignnone size-full\" src=\"http:\/\/wxnuohui.com\/wp-content\/uploads\/2025\/09\/detail_pic_8-267.jpg\" width=\"790\" alt=\"\"\/><\/p>\n<p><img decoding=\"async\" class=\"alignnone size-full\" src=\"http:\/\/wxnuohui.com\/wp-content\/uploads\/2025\/09\/detail_pic_9-253.png\" width=\"790\" alt=\"\"\/><\/p>\n<p><img decoding=\"async\" class=\"alignnone size-full\" src=\"http:\/\/wxnuohui.com\/wp-content\/uploads\/2025\/09\/detail_pic_10-483.jpg\" width=\"790\" alt=\"\"\/><\/p>\n<p><img decoding=\"async\" class=\"alignnone size-full\" src=\"http:\/\/wxnuohui.com\/wp-content\/uploads\/2025\/09\/detail_pic_11-478.jpg\" width=\"790\" alt=\"\"\/><\/p>\n<p><img decoding=\"async\" class=\"alignnone size-full\" src=\"http:\/\/wxnuohui.com\/wp-content\/uploads\/2025\/09\/detail_pic_12-463.jpg\" width=\"790\" alt=\"\"\/><\/p>","protected":false},"excerpt":{"rendered":"<p>100% medviln\u0117s Custom Logo Polo mar\u0161kin\u0117liai Golfas Siuvin\u0117ti Vyras Paprastas mar\u0161kin\u0117liai medviln\u0117s Polo mar\u0161kin\u0117liai<\/p>","protected":false},"featured_media":14550,"template":"","meta":[],"product_brand":[],"product_cat":[26],"product_tag":[],"class_list":{"0":"post-15528","1":"product","2":"type-product","3":"status-publish","4":"has-post-thumbnail","6":"product_cat-polo-t-shirt","8":"first","9":"outofstock","10":"shipping-taxable","11":"product-type-variable"},"_links":{"self":[{"href":"https:\/\/wxnuohui.com\/lt\/wp-json\/wp\/v2\/product\/15528","targetHints":{"allow":["GET"]}}],"collection":[{"href":"https:\/\/wxnuohui.com\/lt\/wp-json\/wp\/v2\/product"}],"about":[{"href":"https:\/\/wxnuohui.com\/lt\/wp-json\/wp\/v2\/types\/product"}],"wp:featuredmedia":[{"embeddable":true,"href":"https:\/\/wxnuohui.com\/lt\/wp-json\/wp\/v2\/media\/14550"}],"wp:attachment":[{"href":"https:\/\/wxnuohui.com\/lt\/wp-json\/wp\/v2\/media?parent=15528"}],"wp:term":[{"taxonomy":"product_brand","embeddable":true,"href":"https:\/\/wxnuohui.com\/lt\/wp-json\/wp\/v2\/product_brand?post=15528"},{"taxonomy":"product_cat","embeddable":true,"href":"https:\/\/wxnuohui.com\/lt\/wp-json\/wp\/v2\/product_cat?post=15528"},{"taxonomy":"product_tag","embeddable":true,"href":"https:\/\/wxnuohui.com\/lt\/wp-json\/wp\/v2\/product_tag?post=15528"}],"curies":[{"name":"wp","href":"https:\/\/api.w.org\/{rel}","templated":true}]}}