{"id":15499,"date":"2025-09-14T03:12:24","date_gmt":"2025-09-14T03:12:24","guid":{"rendered":"https:\/\/wxnuohui.com\/product\/wholesale-oem-blank-t-shirt-custom-printing-logo-design-100-cotton-plain-mens-polo-t-shirts\/"},"modified":"2025-09-14T03:12:24","modified_gmt":"2025-09-14T03:12:24","slug":"wholesale-oem-blank-t-shirt-custom-printing-logo-design-100-cotton-plain-mens-polo-t-shirts","status":"publish","type":"product","link":"https:\/\/wxnuohui.com\/lt\/product\/wholesale-oem-blank-t-shirt-custom-printing-logo-design-100-cotton-plain-mens-polo-t-shirts\/","title":{"rendered":"Didmenin\u0117 OEM tu\u0161\u010di\u0173 mar\u0161kin\u0117li\u0173 spausdinimo logotipo dizainas 100% medvilniniai paprasti vyri\u0161ki polo mar\u0161kin\u0117liai"},"content":{"rendered":"<p>Audinio tipas: D\u017eersis<br \/>\nRankovi\u0173 stilius: trumpomis rankov\u0117mis<br \/>\nTiekimo tipas: Oem paslauga<br \/>\nSavyb\u0117: nuo rauk\u0161li\u0173<br \/>\nStilius: atsitiktinis<br \/>\nAudimo b\u016bdas: megztas<br \/>\nAdatos aptikimas: Taip<br \/>\nIlgis: reguliarus<br \/>\nDizainas: mygtukas<br \/>\n7 dien\u0173 pavyzd\u017eio u\u017esakymo atlikimo laikas: palaikymas<br \/>\nTechnikos: paprastas da\u017eytas<br \/>\nMed\u017eiaga: 100% medviln\u0117<br \/>\nLogotipas \/ grafinis dizainas: \u0161ilkografija<br \/>\nLogotipo pad\u0117tis: priekyje<br \/>\nModelio tipas: kietas<br \/>\nAudinio svoris: 180 gram\u0173<br \/>\nLytis: vyrai<br \/>\nModelio numeris: Polo mar\u0161kin\u0117liai<br \/>\nKilm\u0117s vieta: Jiangsu, Kinija<br \/>\nPrek\u0117s \u017eenklo pavadinimas: NH<br \/>\nPardavimo vienetai: Vienas elementas<br \/>\nVienos pakuot\u0117s dydis: 18X10X11 cm<br \/>\nVienkartinis bendrasis svoris: 0,300 kg<\/p>\n<p><img decoding=\"async\" class=\"alignnone size-full\" src=\"http:\/\/wxnuohui.com\/wp-content\/uploads\/2025\/09\/detail_pic_0-135.png\" width=\"790\" alt=\"\"\/><\/p>\n<p><img decoding=\"async\" class=\"alignnone size-full\" src=\"http:\/\/wxnuohui.com\/wp-content\/uploads\/2025\/09\/detail_pic_1-132.png\" width=\"790\" alt=\"\"\/><\/p>\n<p><img decoding=\"async\" class=\"alignnone size-full\" src=\"http:\/\/wxnuohui.com\/wp-content\/uploads\/2025\/09\/detail_pic_2-126.png\" width=\"790\" alt=\"\"\/><\/p>\n<p><img decoding=\"async\" class=\"alignnone size-full\" src=\"http:\/\/wxnuohui.com\/wp-content\/uploads\/2025\/09\/detail_pic_3-89.png\" width=\"790\" alt=\"\"\/><\/p>\n<p><img decoding=\"async\" class=\"alignnone size-full\" src=\"http:\/\/wxnuohui.com\/wp-content\/uploads\/2025\/09\/detail_pic_4-85.png\" width=\"790\" alt=\"\"\/><\/p>\n<p><img decoding=\"async\" class=\"alignnone size-full\" src=\"http:\/\/wxnuohui.com\/wp-content\/uploads\/2025\/09\/detail_pic_5-424.jpg\" width=\"790\" alt=\"\"\/><\/p>\n<p><img decoding=\"async\" class=\"alignnone size-full\" src=\"http:\/\/wxnuohui.com\/wp-content\/uploads\/2025\/09\/detail_pic_6-337.jpg\" width=\"790\" alt=\"\"\/><\/p>\n<p><img decoding=\"async\" class=\"alignnone size-full\" src=\"http:\/\/wxnuohui.com\/wp-content\/uploads\/2025\/09\/detail_pic_7-259.jpg\" width=\"790\" alt=\"\"\/><\/p>\n<p><img decoding=\"async\" class=\"alignnone size-full\" src=\"http:\/\/wxnuohui.com\/wp-content\/uploads\/2025\/09\/detail_pic_8-239.jpg\" width=\"790\" alt=\"\"\/><\/p>\n<p><img decoding=\"async\" class=\"alignnone size-full\" src=\"http:\/\/wxnuohui.com\/wp-content\/uploads\/2025\/09\/detail_pic_9-225.png\" width=\"790\" alt=\"\"\/><\/p>\n<p><img decoding=\"async\" class=\"alignnone size-full\" src=\"http:\/\/wxnuohui.com\/wp-content\/uploads\/2025\/09\/detail_pic_10-454.jpg\" width=\"790\" alt=\"\"\/><\/p>\n<p><img decoding=\"async\" class=\"alignnone size-full\" src=\"http:\/\/wxnuohui.com\/wp-content\/uploads\/2025\/09\/detail_pic_11-449.jpg\" width=\"790\" alt=\"\"\/><\/p>\n<p><img decoding=\"async\" class=\"alignnone size-full\" src=\"http:\/\/wxnuohui.com\/wp-content\/uploads\/2025\/09\/detail_pic_12-435.jpg\" width=\"790\" alt=\"\"\/><\/p>","protected":false},"excerpt":{"rendered":"<p>Didmenin\u0117 OEM tu\u0161\u010di\u0173 mar\u0161kin\u0117li\u0173 spausdinimo logotipo dizainas 100% medvilniniai paprasti vyri\u0161ki polo mar\u0161kin\u0117liai<\/p>","protected":false},"featured_media":13971,"template":"","meta":[],"product_brand":[],"product_cat":[26],"product_tag":[],"class_list":{"0":"post-15499","1":"product","2":"type-product","3":"status-publish","4":"has-post-thumbnail","6":"product_cat-polo-t-shirt","8":"first","9":"outofstock","10":"shipping-taxable","11":"product-type-variable"},"_links":{"self":[{"href":"https:\/\/wxnuohui.com\/lt\/wp-json\/wp\/v2\/product\/15499","targetHints":{"allow":["GET"]}}],"collection":[{"href":"https:\/\/wxnuohui.com\/lt\/wp-json\/wp\/v2\/product"}],"about":[{"href":"https:\/\/wxnuohui.com\/lt\/wp-json\/wp\/v2\/types\/product"}],"wp:featuredmedia":[{"embeddable":true,"href":"https:\/\/wxnuohui.com\/lt\/wp-json\/wp\/v2\/media\/13971"}],"wp:attachment":[{"href":"https:\/\/wxnuohui.com\/lt\/wp-json\/wp\/v2\/media?parent=15499"}],"wp:term":[{"taxonomy":"product_brand","embeddable":true,"href":"https:\/\/wxnuohui.com\/lt\/wp-json\/wp\/v2\/product_brand?post=15499"},{"taxonomy":"product_cat","embeddable":true,"href":"https:\/\/wxnuohui.com\/lt\/wp-json\/wp\/v2\/product_cat?post=15499"},{"taxonomy":"product_tag","embeddable":true,"href":"https:\/\/wxnuohui.com\/lt\/wp-json\/wp\/v2\/product_tag?post=15499"}],"curies":[{"name":"wp","href":"https:\/\/api.w.org\/{rel}","templated":true}]}}