{"id":15496,"date":"2025-09-14T03:12:21","date_gmt":"2025-09-14T03:12:21","guid":{"rendered":"https:\/\/wxnuohui.com\/product\/cotton-polo-shirt-custom-logo-embroidery-logo-printed-golf-polo-wholesale-plain-polyester-polo-t-shirts-men-cotton\/"},"modified":"2025-09-14T03:12:22","modified_gmt":"2025-09-14T03:12:22","slug":"cotton-polo-shirt-custom-logo-embroidery-logo-printed-golf-polo-wholesale-plain-polyester-polo-t-shirts-men-cotton","status":"publish","type":"product","link":"https:\/\/wxnuohui.com\/lt\/product\/cotton-polo-shirt-custom-logo-embroidery-logo-printed-golf-polo-wholesale-plain-polyester-polo-t-shirts-men-cotton\/","title":{"rendered":"Medvilniniai polo mar\u0161kin\u0117liai Individualus logotipas Siuvin\u0117jimas Logotipas Spausdintas golfo polo Didmenin\u0117 paprastas poliesterio polo mar\u0161kin\u0117liai Vyrai medviln\u0117s"},"content":{"rendered":"<p>Audinio tipas: D\u017eersis<br \/>\nRankovi\u0173 stilius: trumpomis rankov\u0117mis<br \/>\nTiekimo tipas: Oem paslauga<br \/>\nSavyb\u0117: nuo rauk\u0161li\u0173<br \/>\nStilius: atsitiktinis<br \/>\nAudimo b\u016bdas: megztas<br \/>\nAdatos aptikimas: Taip<br \/>\nIlgis: reguliarus<br \/>\nDizainas: mygtukas<br \/>\n7 dien\u0173 pavyzd\u017eio u\u017esakymo atlikimo laikas: palaikymas<br \/>\nTechnikos: atspausdinta<br \/>\nMed\u017eiaga: Poliesteris \/ medviln\u0117<br \/>\nLogotipas \/ grafinis dizainas: \u0161ilkografija<br \/>\nLogotipo pad\u0117tis: priekyje<br \/>\nModelio tipas: kietas<br \/>\nAudinio svoris: 180 gram\u0173<br \/>\nLytis: vyrai<br \/>\nModelio numeris: polo mar\u0161kin\u0117liai vyrai medviln\u0117s<br \/>\nKilm\u0117s vieta: Jiangsu, Kinija<br \/>\nPrek\u0117s \u017eenklo pavadinimas: NH<br \/>\nPardavimo vienetai: Vienas elementas<br \/>\nVienos pakuot\u0117s dydis: 18X10X11 cm<br \/>\nVienkartinis bendrasis svoris: 0,300 kg<\/p>\n<p><img decoding=\"async\" class=\"alignnone size-full\" src=\"http:\/\/wxnuohui.com\/wp-content\/uploads\/2025\/09\/detail_pic_0-132.png\" width=\"790\" alt=\"\"\/><\/p>\n<p><img decoding=\"async\" class=\"alignnone size-full\" src=\"http:\/\/wxnuohui.com\/wp-content\/uploads\/2025\/09\/detail_pic_1-329.jpg\" width=\"790\" alt=\"\"\/><\/p>\n<p><img decoding=\"async\" class=\"alignnone size-full\" src=\"http:\/\/wxnuohui.com\/wp-content\/uploads\/2025\/09\/detail_pic_2-123.png\" width=\"790\" alt=\"\"\/><\/p>\n<p><img decoding=\"async\" class=\"alignnone size-full\" src=\"http:\/\/wxnuohui.com\/wp-content\/uploads\/2025\/09\/detail_pic_3-86.png\" width=\"790\" alt=\"\"\/><\/p>\n<p><img decoding=\"async\" class=\"alignnone size-full\" src=\"http:\/\/wxnuohui.com\/wp-content\/uploads\/2025\/09\/detail_pic_4-82.png\" width=\"790\" alt=\"\"\/><\/p>\n<p><img decoding=\"async\" class=\"alignnone size-full\" src=\"http:\/\/wxnuohui.com\/wp-content\/uploads\/2025\/09\/detail_pic_5-422.jpg\" width=\"790\" alt=\"\"\/><\/p>\n<p><img decoding=\"async\" class=\"alignnone size-full\" src=\"http:\/\/wxnuohui.com\/wp-content\/uploads\/2025\/09\/detail_pic_6-334.jpg\" width=\"790\" alt=\"\"\/><\/p>\n<p><img decoding=\"async\" class=\"alignnone size-full\" src=\"http:\/\/wxnuohui.com\/wp-content\/uploads\/2025\/09\/detail_pic_7-256.jpg\" width=\"790\" alt=\"\"\/><\/p>\n<p><img decoding=\"async\" class=\"alignnone size-full\" src=\"http:\/\/wxnuohui.com\/wp-content\/uploads\/2025\/09\/detail_pic_8-236.jpg\" width=\"790\" alt=\"\"\/><\/p>\n<p><img decoding=\"async\" class=\"alignnone size-full\" src=\"http:\/\/wxnuohui.com\/wp-content\/uploads\/2025\/09\/detail_pic_9-223.png\" width=\"790\" alt=\"\"\/><\/p>\n<p><img decoding=\"async\" class=\"alignnone size-full\" src=\"http:\/\/wxnuohui.com\/wp-content\/uploads\/2025\/09\/detail_pic_10-452.jpg\" width=\"790\" alt=\"\"\/><\/p>\n<p><img decoding=\"async\" class=\"alignnone size-full\" src=\"http:\/\/wxnuohui.com\/wp-content\/uploads\/2025\/09\/detail_pic_11-446.jpg\" width=\"790\" alt=\"\"\/><\/p>\n<p><img decoding=\"async\" class=\"alignnone size-full\" src=\"http:\/\/wxnuohui.com\/wp-content\/uploads\/2025\/09\/detail_pic_12-432.jpg\" width=\"790\" alt=\"\"\/><\/p>","protected":false},"excerpt":{"rendered":"<p>Medvilniniai polo mar\u0161kin\u0117liai Individualus logotipas Siuvin\u0117jimas Logotipas Spausdintas golfo polo Didmenin\u0117 paprastas poliesterio polo mar\u0161kin\u0117liai Vyrai medviln\u0117s<\/p>","protected":false},"featured_media":13910,"template":"","meta":[],"product_brand":[],"product_cat":[26],"product_tag":[],"class_list":{"0":"post-15496","1":"product","2":"type-product","3":"status-publish","4":"has-post-thumbnail","6":"product_cat-polo-t-shirt","8":"first","9":"outofstock","10":"shipping-taxable","11":"product-type-variable"},"_links":{"self":[{"href":"https:\/\/wxnuohui.com\/lt\/wp-json\/wp\/v2\/product\/15496","targetHints":{"allow":["GET"]}}],"collection":[{"href":"https:\/\/wxnuohui.com\/lt\/wp-json\/wp\/v2\/product"}],"about":[{"href":"https:\/\/wxnuohui.com\/lt\/wp-json\/wp\/v2\/types\/product"}],"wp:featuredmedia":[{"embeddable":true,"href":"https:\/\/wxnuohui.com\/lt\/wp-json\/wp\/v2\/media\/13910"}],"wp:attachment":[{"href":"https:\/\/wxnuohui.com\/lt\/wp-json\/wp\/v2\/media?parent=15496"}],"wp:term":[{"taxonomy":"product_brand","embeddable":true,"href":"https:\/\/wxnuohui.com\/lt\/wp-json\/wp\/v2\/product_brand?post=15496"},{"taxonomy":"product_cat","embeddable":true,"href":"https:\/\/wxnuohui.com\/lt\/wp-json\/wp\/v2\/product_cat?post=15496"},{"taxonomy":"product_tag","embeddable":true,"href":"https:\/\/wxnuohui.com\/lt\/wp-json\/wp\/v2\/product_tag?post=15496"}],"curies":[{"name":"wp","href":"https:\/\/api.w.org\/{rel}","templated":true}]}}