{"id":13882,"date":"2025-09-13T13:50:36","date_gmt":"2025-09-13T13:50:36","guid":{"rendered":"https:\/\/wxnuohui.com\/product\/custom-spring-blank-mens-jackets-jogger-sets-printing-two-piece-tracksuits\/"},"modified":"2025-09-13T13:50:36","modified_gmt":"2025-09-13T13:50:36","slug":"custom-spring-blank-mens-jackets-jogger-sets-printing-two-piece-tracksuits","status":"publish","type":"product","link":"https:\/\/wxnuohui.com\/lt\/product\/custom-spring-blank-mens-jackets-jogger-sets-printing-two-piece-tracksuits\/","title":{"rendered":"Pasirinktinis pavasario tu\u0161\u010dia vyr\u0173 striuk\u0117s Jogger rinkiniai spausdinimo dviej\u0173 dali\u0173 Tracksuits"},"content":{"rendered":"<p>Funkcija: kv\u0117puojantis, ekologi\u0161kas, antistatinis, prakait\u0105 i\u0161skiriantis<br \/>\nAm\u017eiaus grup\u0117: suaugusieji<br \/>\nSezonas: ruduo<br \/>\nIlgis: visas ilgis<br \/>\nRankovi\u0173 ilgis (cm): pilnas<br \/>\nSpausdinimo b\u016bdai: n\u0117ra<br \/>\nPritaikymo tipas: Reguliarus<br \/>\nU\u017edarymo tipas: rai\u0161teliu<br \/>\nStoris: vidutinio svorio<br \/>\nModelio tipas: kietas<br \/>\nStilius: rinkiniai<br \/>\nTiekimo tipas: Oem paslauga<br \/>\nMed\u017eiaga: 100% Poliesteris<br \/>\n7 dien\u0173 pavyzd\u017eio u\u017esakymo atlikimo laikas: palaikymas<br \/>\nLytis: vyrai<br \/>\nTechnikos: n\u0117ra<br \/>\nAudinio svoris: 380 gram\u0173<br \/>\nTurimas kiekis: 50000<br \/>\nAdatos aptikimas: Taip<br \/>\nModelio numeris: B\u0117gimo kostiumas vyrams<br \/>\nKilm\u0117s vieta: Jiangsu, Kinija<br \/>\nPrek\u0117s \u017eenklo pavadinimas: NH-625976636093<br \/>\nDizainas: paprastas<br \/>\nApykakl\u0117: \u012egulos kaklas<br \/>\nKi\u0161en\u0117s:\u0161onin\u0117s ki\u0161en\u0117s<br \/>\nPardavimo vienetai: Vienas elementas<br \/>\nVienos pakuot\u0117s dydis: 26X15X18 cm<br \/>\nVienkartinis bendrasis svoris: 1 000 kg<\/p>\n<p><img decoding=\"async\" class=\"alignnone size-full\" src=\"http:\/\/wxnuohui.com\/wp-content\/uploads\/2025\/09\/detail_pic_0-313.jpg\" width=\"790\" alt=\"\"\/><\/p>\n<p><img decoding=\"async\" class=\"alignnone size-full\" src=\"http:\/\/wxnuohui.com\/wp-content\/uploads\/2025\/09\/detail_pic_1-319.jpg\" width=\"790\" alt=\"\"\/><\/p>\n<p><img decoding=\"async\" class=\"alignnone size-full\" src=\"http:\/\/wxnuohui.com\/wp-content\/uploads\/2025\/09\/detail_pic_2-326.jpg\" width=\"790\" alt=\"\"\/><\/p>\n<p><img decoding=\"async\" class=\"alignnone size-full\" src=\"http:\/\/wxnuohui.com\/wp-content\/uploads\/2025\/09\/detail_pic_3-83.png\" width=\"790\" alt=\"\"\/><\/p>\n<p><img decoding=\"async\" class=\"alignnone size-full\" src=\"http:\/\/wxnuohui.com\/wp-content\/uploads\/2025\/09\/detail_pic_4-79.png\" width=\"790\" alt=\"\"\/><\/p>\n<p><img decoding=\"async\" class=\"alignnone size-full\" src=\"http:\/\/wxnuohui.com\/wp-content\/uploads\/2025\/09\/detail_pic_5-413.jpg\" width=\"790\" alt=\"\"\/><\/p>\n<p><img decoding=\"async\" class=\"alignnone size-full\" src=\"http:\/\/wxnuohui.com\/wp-content\/uploads\/2025\/09\/detail_pic_6-325.jpg\" width=\"790\" alt=\"\"\/><\/p>\n<p><img decoding=\"async\" class=\"alignnone size-full\" src=\"http:\/\/wxnuohui.com\/wp-content\/uploads\/2025\/09\/detail_pic_7-249.jpg\" width=\"790\" alt=\"\"\/><\/p>\n<p><img decoding=\"async\" class=\"alignnone size-full\" src=\"http:\/\/wxnuohui.com\/wp-content\/uploads\/2025\/09\/detail_pic_8-229.jpg\" width=\"790\" alt=\"\"\/><\/p>\n<p><img decoding=\"async\" class=\"alignnone size-full\" src=\"http:\/\/wxnuohui.com\/wp-content\/uploads\/2025\/09\/detail_pic_9-217.png\" width=\"790\" alt=\"\"\/><\/p>\n<p><img decoding=\"async\" class=\"alignnone size-full\" src=\"http:\/\/wxnuohui.com\/wp-content\/uploads\/2025\/09\/detail_pic_10-442.jpg\" width=\"790\" alt=\"\"\/><\/p>\n<p><img decoding=\"async\" class=\"alignnone size-full\" src=\"http:\/\/wxnuohui.com\/wp-content\/uploads\/2025\/09\/detail_pic_11-435.jpg\" width=\"790\" alt=\"\"\/><\/p>\n<p><img decoding=\"async\" class=\"alignnone size-full\" src=\"http:\/\/wxnuohui.com\/wp-content\/uploads\/2025\/09\/detail_pic_12-423.jpg\" width=\"790\" alt=\"\"\/><\/p>","protected":false},"excerpt":{"rendered":"<p>Pasirinktinis pavasario tu\u0161\u010dia vyr\u0173 striuk\u0117s Jogger rinkiniai spausdinimo dviej\u0173 dali\u0173 Tracksuits<\/p>","protected":false},"featured_media":13608,"template":"","meta":[],"product_brand":[],"product_cat":[25],"product_tag":[],"class_list":{"0":"post-13882","1":"product","2":"type-product","3":"status-publish","4":"has-post-thumbnail","6":"product_cat-jogging-suits-tracksuits","8":"first","9":"outofstock","10":"shipping-taxable","11":"product-type-variable"},"_links":{"self":[{"href":"https:\/\/wxnuohui.com\/lt\/wp-json\/wp\/v2\/product\/13882","targetHints":{"allow":["GET"]}}],"collection":[{"href":"https:\/\/wxnuohui.com\/lt\/wp-json\/wp\/v2\/product"}],"about":[{"href":"https:\/\/wxnuohui.com\/lt\/wp-json\/wp\/v2\/types\/product"}],"wp:featuredmedia":[{"embeddable":true,"href":"https:\/\/wxnuohui.com\/lt\/wp-json\/wp\/v2\/media\/13608"}],"wp:attachment":[{"href":"https:\/\/wxnuohui.com\/lt\/wp-json\/wp\/v2\/media?parent=13882"}],"wp:term":[{"taxonomy":"product_brand","embeddable":true,"href":"https:\/\/wxnuohui.com\/lt\/wp-json\/wp\/v2\/product_brand?post=13882"},{"taxonomy":"product_cat","embeddable":true,"href":"https:\/\/wxnuohui.com\/lt\/wp-json\/wp\/v2\/product_cat?post=13882"},{"taxonomy":"product_tag","embeddable":true,"href":"https:\/\/wxnuohui.com\/lt\/wp-json\/wp\/v2\/product_tag?post=13882"}],"curies":[{"name":"wp","href":"https:\/\/api.w.org\/{rel}","templated":true}]}}