{"id":13861,"date":"2025-09-13T13:50:16","date_gmt":"2025-09-13T13:50:16","guid":{"rendered":"https:\/\/wxnuohui.com\/product\/new-long-sleeve-active-jogger-suit-training-sweatsuit-women-fitted-velour-hooded-velvet-tracksuit\/"},"modified":"2025-09-13T13:50:17","modified_gmt":"2025-09-13T13:50:17","slug":"new-long-sleeve-active-jogger-suit-training-sweatsuit-women-fitted-velour-hooded-velvet-tracksuit","status":"publish","type":"product","link":"https:\/\/wxnuohui.com\/lt\/product\/new-long-sleeve-active-jogger-suit-training-sweatsuit-women-fitted-velour-hooded-velvet-tracksuit\/","title":{"rendered":"Naujas ilgomis rankov\u0117mis aktyvus Jogger kostiumas mokymo Sweatsuit moter\u0173 priglud\u0119s veli\u016bras Hooded Velvet Tracksuit"},"content":{"rendered":"<p>Med\u017eiaga: aksomas<br \/>\nStilius: rinkiniai<br \/>\nSavyb\u0117: kv\u0117puojantis, ekologi\u0161kas<br \/>\nSezonas: ruduo<br \/>\nTiekimo tipas: sand\u0117lyje esan\u010dios prek\u0117s<br \/>\nModelio numeris: Moter\u0173 Velvet Tracksuit<br \/>\n7 dien\u0173 pavyzd\u017eio u\u017esakymo atlikimo laikas: palaikymas<br \/>\nAm\u017eiaus grup\u0117: suaugusieji<br \/>\nLytis: Moterys<br \/>\nKilm\u0117s vieta: Jiangsu, Kinija<br \/>\nPrek\u0117s \u017eenklo pavadinimas: HN<br \/>\nTurimas kiekis: 5000<br \/>\nProdukto pavadinimas:Moter\u0173 priglud\u0119s aksominis sportinis kostiumas su gobtuvu<br \/>\nRaktiniai \u017eod\u017eiai:Moterys Velvet Tracksuit<br \/>\nPaslaugos:24 valandos internetu<br \/>\nMok\u0117jimas: Prekybos u\u017etikrinimas<br \/>\nSpausdinimas: pasirinktiniai dizainai Spausdinti<br \/>\nPavyzdys: 3-5 dienos<br \/>\nPakavimas: 1 vnt. \/ polietileninis mai\u0161elis<br \/>\nPristatymo laikas: 7 ~ 15 dien\u0173<br \/>\nEtiket\u0117 ir logotipas: \"Accpet Customized<br \/>\nPristatymas: DHLEMSUPSFEDEXby Seaby Air<br \/>\nInformacija apie pakuot\u0119: Didmenin\u0117 prekyba paprastas moter\u0173 plonas tinka b\u0117gimas d\u0117v\u0117ti sporto sal\u0117 u\u017etrauktukas Hoodie Velour Tracksuit: 1. 2. 3.Taip pat taikoma klient\u0173 reikalavimams.<br \/>\nI\u0161siuntimo uostas: \u0160anchajus<br \/>\nPardavimo vienetai: Vienas elementas<br \/>\nVienos pakuot\u0117s dydis: 20X20X5 cm<br \/>\nVienkartinis bendrasis svoris: 0,500 kg<br \/>\nPakuo\u010di\u0173 pavyzd\u017eiai:<br \/>\nTiekimo galimyb\u0117s: 5000 vienet\u0173 per m\u0117nes\u012f Vel\u016bras sportinis kostiumas<\/p>\n<p><img decoding=\"async\" class=\"alignnone size-full\" src=\"http:\/\/wxnuohui.com\/wp-content\/uploads\/2025\/09\/detail_pic_0-293.jpg\" width=\"790\" alt=\"\"\/><\/p>\n<p><img decoding=\"async\" class=\"alignnone size-full\" src=\"http:\/\/wxnuohui.com\/wp-content\/uploads\/2025\/09\/detail_pic_1-299.jpg\" width=\"790\" alt=\"\"\/><\/p>\n<p><img decoding=\"async\" class=\"alignnone size-full\" src=\"http:\/\/wxnuohui.com\/wp-content\/uploads\/2025\/09\/detail_pic_2-306.jpg\" width=\"790\" alt=\"\"\/><\/p>","protected":false},"excerpt":{"rendered":"<p>Naujas ilgomis rankov\u0117mis aktyvus Jogger kostiumas mokymo Sweatsuit moter\u0173 priglud\u0119s veli\u016bras Hooded Velvet Tracksuit<\/p>","protected":false},"featured_media":13130,"template":"","meta":[],"product_brand":[],"product_cat":[25],"product_tag":[],"class_list":{"0":"post-13861","1":"product","2":"type-product","3":"status-publish","4":"has-post-thumbnail","6":"product_cat-jogging-suits-tracksuits","8":"first","9":"outofstock","10":"shipping-taxable","11":"product-type-variable"},"_links":{"self":[{"href":"https:\/\/wxnuohui.com\/lt\/wp-json\/wp\/v2\/product\/13861","targetHints":{"allow":["GET"]}}],"collection":[{"href":"https:\/\/wxnuohui.com\/lt\/wp-json\/wp\/v2\/product"}],"about":[{"href":"https:\/\/wxnuohui.com\/lt\/wp-json\/wp\/v2\/types\/product"}],"wp:featuredmedia":[{"embeddable":true,"href":"https:\/\/wxnuohui.com\/lt\/wp-json\/wp\/v2\/media\/13130"}],"wp:attachment":[{"href":"https:\/\/wxnuohui.com\/lt\/wp-json\/wp\/v2\/media?parent=13861"}],"wp:term":[{"taxonomy":"product_brand","embeddable":true,"href":"https:\/\/wxnuohui.com\/lt\/wp-json\/wp\/v2\/product_brand?post=13861"},{"taxonomy":"product_cat","embeddable":true,"href":"https:\/\/wxnuohui.com\/lt\/wp-json\/wp\/v2\/product_cat?post=13861"},{"taxonomy":"product_tag","embeddable":true,"href":"https:\/\/wxnuohui.com\/lt\/wp-json\/wp\/v2\/product_tag?post=13861"}],"curies":[{"name":"wp","href":"https:\/\/api.w.org\/{rel}","templated":true}]}}