{"id":12890,"date":"2025-09-13T11:42:06","date_gmt":"2025-09-13T11:42:06","guid":{"rendered":"https:\/\/wxnuohui.com\/product\/women-summer-new-products-candy-color-solid-suspender-jumpsuit-bodysuit\/"},"modified":"2025-09-13T11:42:06","modified_gmt":"2025-09-13T11:42:06","slug":"women-summer-new-products-candy-color-solid-suspender-jumpsuit-bodysuit","status":"publish","type":"product","link":"https:\/\/wxnuohui.com\/lt\/product\/women-summer-new-products-candy-color-solid-suspender-jumpsuit-bodysuit\/","title":{"rendered":"Moter\u0173 vasaros nauji produktai saldainiai spalvos kietas suspender Jumpsuit Bodysuit"},"content":{"rendered":"<p>Savyb\u0117: greitai i\u0161d\u017ei\u016bsta, kv\u0117puojantis, ekologi\u0161kas<br \/>\nIlgis: vir\u0161 kelio<br \/>\nSezonas: vasara<br \/>\nRankov\u0117s ilgis (cm): be rankovi\u0173<br \/>\nStilius: atsitiktinis<br \/>\nMed\u017eiaga: Poliesteris \/ medviln\u0117<br \/>\nSpausdinimo b\u016bdai: \u0161ilkografija<br \/>\nApdaila: juostel\u0117s<br \/>\nProdukto tipas: mar\u0161kin\u0117liai<br \/>\nModelio tipas: kietas<br \/>\nTiekimo tipas: sand\u0117lyje esan\u010dios prek\u0117s<br \/>\n7 dien\u0173 pavyzd\u017eio u\u017esakymo atlikimo laikas: palaikymas<br \/>\nTechnikos: paprastas da\u017eytas<br \/>\nPritaikymo tipas: Reguliarus<br \/>\nLytis: Moterys<br \/>\nAudimo b\u016bdas: megztas<br \/>\nAudinio tipas: \u0161ifonas<br \/>\nTipas:Kita<br \/>\nAudinio svoris: 180 gram\u0173<br \/>\nKaklas: kitas<br \/>\nAdatos aptikimas: Taip<br \/>\nKilm\u0117s vieta: Jiangsu, Kinija<br \/>\nPrek\u0117s \u017eenklo pavadinimas: NH<br \/>\nModelio numeris:Moter\u0173 Suspender Jumpsuit<br \/>\nPardavimo vienetai: Vienas elementas<br \/>\nVienos pakuot\u0117s dydis: 18X10X13 cm<br \/>\nVienkartinis bendrasis svoris: 0,400 kg<\/p>\n<p><img decoding=\"async\" class=\"alignnone size-full\" src=\"http:\/\/wxnuohui.com\/wp-content\/uploads\/2025\/09\/detail_pic_0-285.jpg\" width=\"790\" alt=\"\"\/><\/p>\n<p><img decoding=\"async\" class=\"alignnone size-full\" src=\"http:\/\/wxnuohui.com\/wp-content\/uploads\/2025\/09\/detail_pic_1-291.jpg\" width=\"790\" alt=\"\"\/><\/p>\n<p><img decoding=\"async\" class=\"alignnone size-full\" src=\"http:\/\/wxnuohui.com\/wp-content\/uploads\/2025\/09\/detail_pic_2-298.jpg\" width=\"790\" alt=\"\"\/><\/p>\n<p><img decoding=\"async\" class=\"alignnone size-full\" src=\"http:\/\/wxnuohui.com\/wp-content\/uploads\/2025\/09\/detail_pic_3-333.jpg\" width=\"790\" alt=\"\"\/><\/p>\n<p><img decoding=\"async\" class=\"alignnone size-full\" src=\"http:\/\/wxnuohui.com\/wp-content\/uploads\/2025\/09\/detail_pic_4-336.jpg\" width=\"790\" alt=\"\"\/><\/p>\n<p><img decoding=\"async\" class=\"alignnone size-full\" src=\"http:\/\/wxnuohui.com\/wp-content\/uploads\/2025\/09\/detail_pic_5-386.jpg\" width=\"790\" alt=\"\"\/><\/p>\n<p><img decoding=\"async\" class=\"alignnone size-full\" src=\"http:\/\/wxnuohui.com\/wp-content\/uploads\/2025\/09\/detail_pic_6-297.jpg\" width=\"790\" alt=\"\"\/><\/p>\n<p><img decoding=\"async\" class=\"alignnone size-full\" src=\"http:\/\/wxnuohui.com\/wp-content\/uploads\/2025\/09\/detail_pic_7-225.jpg\" width=\"790\" alt=\"\"\/><\/p>\n<p><img decoding=\"async\" class=\"alignnone size-full\" src=\"http:\/\/wxnuohui.com\/wp-content\/uploads\/2025\/09\/detail_pic_8-217.jpg\" width=\"790\" alt=\"\"\/><\/p>\n<p><img decoding=\"async\" class=\"alignnone size-full\" src=\"http:\/\/wxnuohui.com\/wp-content\/uploads\/2025\/09\/detail_pic_9-227.jpg\" width=\"790\" alt=\"\"\/><\/p>\n<p><img decoding=\"async\" class=\"alignnone size-full\" src=\"http:\/\/wxnuohui.com\/wp-content\/uploads\/2025\/09\/detail_pic_10-13.png\" width=\"790\" alt=\"\"\/><\/p>\n<p><img decoding=\"async\" class=\"alignnone size-full\" src=\"http:\/\/wxnuohui.com\/wp-content\/uploads\/2025\/09\/detail_pic_11-410.jpg\" width=\"790\" alt=\"\"\/><\/p>\n<p><img decoding=\"async\" class=\"alignnone size-full\" src=\"http:\/\/wxnuohui.com\/wp-content\/uploads\/2025\/09\/detail_pic_12-396.jpg\" width=\"790\" alt=\"\"\/><\/p>\n<p><img decoding=\"async\" class=\"alignnone size-full\" src=\"http:\/\/wxnuohui.com\/wp-content\/uploads\/2025\/09\/detail_pic_13-371.jpg\" width=\"790\" alt=\"\"\/><\/p>","protected":false},"excerpt":{"rendered":"<p>Moter\u0173 vasaros nauji produktai saldainiai spalvos kietas suspender Jumpsuit Bodysuit<\/p>","protected":false},"featured_media":12850,"template":"","meta":[],"product_brand":[],"product_cat":[24],"product_tag":[],"class_list":{"0":"post-12890","1":"product","2":"type-product","3":"status-publish","4":"has-post-thumbnail","6":"product_cat-casual-bodysuits","8":"first","9":"outofstock","10":"shipping-taxable","11":"product-type-variable"},"_links":{"self":[{"href":"https:\/\/wxnuohui.com\/lt\/wp-json\/wp\/v2\/product\/12890","targetHints":{"allow":["GET"]}}],"collection":[{"href":"https:\/\/wxnuohui.com\/lt\/wp-json\/wp\/v2\/product"}],"about":[{"href":"https:\/\/wxnuohui.com\/lt\/wp-json\/wp\/v2\/types\/product"}],"wp:featuredmedia":[{"embeddable":true,"href":"https:\/\/wxnuohui.com\/lt\/wp-json\/wp\/v2\/media\/12850"}],"wp:attachment":[{"href":"https:\/\/wxnuohui.com\/lt\/wp-json\/wp\/v2\/media?parent=12890"}],"wp:term":[{"taxonomy":"product_brand","embeddable":true,"href":"https:\/\/wxnuohui.com\/lt\/wp-json\/wp\/v2\/product_brand?post=12890"},{"taxonomy":"product_cat","embeddable":true,"href":"https:\/\/wxnuohui.com\/lt\/wp-json\/wp\/v2\/product_cat?post=12890"},{"taxonomy":"product_tag","embeddable":true,"href":"https:\/\/wxnuohui.com\/lt\/wp-json\/wp\/v2\/product_tag?post=12890"}],"curies":[{"name":"wp","href":"https:\/\/api.w.org\/{rel}","templated":true}]}}