{"id":12879,"date":"2025-09-13T11:41:57","date_gmt":"2025-09-13T11:41:57","guid":{"rendered":"https:\/\/wxnuohui.com\/product\/women-short-sleeve-solid-color-bodysuit-zipper-jumpsuit-rompers\/"},"modified":"2025-09-13T11:41:58","modified_gmt":"2025-09-13T11:41:58","slug":"women-short-sleeve-solid-color-bodysuit-zipper-jumpsuit-rompers","status":"publish","type":"product","link":"https:\/\/wxnuohui.com\/lt\/product\/women-short-sleeve-solid-color-bodysuit-zipper-jumpsuit-rompers\/","title":{"rendered":"Moterys trumpomis rankov\u0117mis vientisa spalva Bodysuit u\u017etrauktukas Jumpsuit Rompers"},"content":{"rendered":"<p>Savyb\u0117: greitai i\u0161d\u017ei\u016bsta, kv\u0117puojantis, ekologi\u0161kas<br \/>\nIlgis: vir\u0161 kelio<br \/>\nSezonas: vasara<br \/>\nStilius: atsitiktinis<br \/>\nMed\u017eiaga: Poliesteris \/ medviln\u0117<br \/>\nApdaila: n\u0117ra<br \/>\nModelio tipas: kietas<br \/>\nTiekimo tipas: sand\u0117lyje esan\u010dios prek\u0117s<br \/>\n7 dien\u0173 pavyzd\u017eio u\u017esakymo atlikimo laikas: palaikymas<br \/>\nTechnikos: paprastas da\u017eytas<br \/>\nPritaikymo tipas: Reguliarus<br \/>\nLytis: Moterys<br \/>\nAudimo b\u016bdas: megztas<br \/>\nAudinio tipas: \u0161ifonas<br \/>\nKilm\u0117s vieta: Jiangsu, Kinija<br \/>\nPrek\u0117s \u017eenklo pavadinimas: NH<br \/>\nModelio numeris:Atsitiktinis sporto Jumpsuit<br \/>\nProdukto pavadinimas:Atsitiktinis sporto naktinis klubas Jumpsuit<br \/>\nRaktiniai \u017eod\u017eiai:Atsitiktinis sportinis kombinezonas<br \/>\nPaslaugos:24 valandos internetu<br \/>\nMok\u0117jimas: Prekybos u\u017etikrinimas<br \/>\nSpausdinimas: pasirinktiniai dizainai Spausdinti<br \/>\nPavyzdys: 3-5 dienos<br \/>\nPakavimas: 1 vnt. \/ polietileninis mai\u0161elis<br \/>\nPristatymo laikas: 7 ~ 15 dien\u0173<br \/>\nEtiket\u0117 ir logotipas: \"Accpet Customized<br \/>\nPristatymas: DHLEMSUPSFEDEXby Seaby Air<br \/>\nPakavimo informacija: 1.D\u0117l pavyzd\u017eio, vienas gabalas u\u017e polietilenin\u012f mai\u0161el\u012f. 2. masinei gamybai, m\u016bs\u0173 \u012fprasta pakuot\u0117 yra d\u0117\u017eut\u0117. 3.Taip pat taikoma klient\u0173 reikalavimams.<br \/>\nPardavimo vienetai: Vienas elementas<br \/>\nVienos pakuot\u0117s dydis: 18X10X13 cm<br \/>\nVienkartinis bendrasis svoris: 0,500 kg<br \/>\nPakuo\u010di\u0173 pavyzd\u017eiai:<\/p>\n<p><img decoding=\"async\" class=\"alignnone size-full\" src=\"http:\/\/wxnuohui.com\/wp-content\/uploads\/2025\/09\/detail_pic_0-274.jpg\" width=\"790\" alt=\"\"\/><\/p>\n<p><img decoding=\"async\" class=\"alignnone size-full\" src=\"http:\/\/wxnuohui.com\/wp-content\/uploads\/2025\/09\/detail_pic_1-280.jpg\" width=\"790\" alt=\"\"\/><\/p>\n<p><img decoding=\"async\" class=\"alignnone size-full\" src=\"http:\/\/wxnuohui.com\/wp-content\/uploads\/2025\/09\/detail_pic_2-287.jpg\" width=\"790\" alt=\"\"\/><\/p>\n<p><img decoding=\"async\" class=\"alignnone size-full\" src=\"http:\/\/wxnuohui.com\/wp-content\/uploads\/2025\/09\/detail_pic_3-322.jpg\" width=\"790\" alt=\"\"\/><\/p>\n<p><img decoding=\"async\" class=\"alignnone size-full\" src=\"http:\/\/wxnuohui.com\/wp-content\/uploads\/2025\/09\/detail_pic_4-325.jpg\" width=\"790\" alt=\"\"\/><\/p>\n<p><img decoding=\"async\" class=\"alignnone size-full\" src=\"http:\/\/wxnuohui.com\/wp-content\/uploads\/2025\/09\/detail_pic_5-375.jpg\" width=\"790\" alt=\"\"\/><\/p>\n<p><img decoding=\"async\" class=\"alignnone size-full\" src=\"http:\/\/wxnuohui.com\/wp-content\/uploads\/2025\/09\/detail_pic_6-286.jpg\" width=\"790\" alt=\"\"\/><\/p>\n<p><img decoding=\"async\" class=\"alignnone size-full\" src=\"http:\/\/wxnuohui.com\/wp-content\/uploads\/2025\/09\/detail_pic_7-214.jpg\" width=\"790\" alt=\"\"\/><\/p>\n<p><img decoding=\"async\" class=\"alignnone size-full\" src=\"http:\/\/wxnuohui.com\/wp-content\/uploads\/2025\/09\/detail_pic_8-206.jpg\" width=\"790\" alt=\"\"\/><\/p>\n<p><img decoding=\"async\" class=\"alignnone size-full\" src=\"http:\/\/wxnuohui.com\/wp-content\/uploads\/2025\/09\/detail_pic_9-217.jpg\" width=\"790\" alt=\"\"\/><\/p>\n<p><img decoding=\"async\" class=\"alignnone size-full\" src=\"http:\/\/wxnuohui.com\/wp-content\/uploads\/2025\/09\/detail_pic_10-406.jpg\" width=\"790\" alt=\"\"\/><\/p>\n<p><img decoding=\"async\" class=\"alignnone size-full\" src=\"http:\/\/wxnuohui.com\/wp-content\/uploads\/2025\/09\/detail_pic_11-399.jpg\" width=\"790\" alt=\"\"\/><\/p>\n<p><img decoding=\"async\" class=\"alignnone size-full\" src=\"http:\/\/wxnuohui.com\/wp-content\/uploads\/2025\/09\/detail_pic_12-13.png\" width=\"790\" alt=\"\"\/><\/p>\n<p><img decoding=\"async\" class=\"alignnone size-full\" src=\"http:\/\/wxnuohui.com\/wp-content\/uploads\/2025\/09\/detail_pic_13-362.jpg\" width=\"790\" alt=\"\"\/><\/p>\n<p><img decoding=\"async\" class=\"alignnone size-full\" src=\"http:\/\/wxnuohui.com\/wp-content\/uploads\/2025\/09\/detail_pic_14-212.jpg\" width=\"790\" alt=\"\"\/><\/p>\n<p><img decoding=\"async\" class=\"alignnone size-full\" src=\"http:\/\/wxnuohui.com\/wp-content\/uploads\/2025\/09\/detail_pic_15-364.jpg\" width=\"790\" alt=\"\"\/><\/p>","protected":false},"excerpt":{"rendered":"<p>Moterys trumpomis rankov\u0117mis vientisa spalva Bodysuit u\u017etrauktukas Jumpsuit Rompers<\/p>","protected":false},"featured_media":12603,"template":"","meta":[],"product_brand":[],"product_cat":[24],"product_tag":[],"class_list":{"0":"post-12879","1":"product","2":"type-product","3":"status-publish","4":"has-post-thumbnail","6":"product_cat-casual-bodysuits","8":"first","9":"outofstock","10":"shipping-taxable","11":"product-type-variable"},"_links":{"self":[{"href":"https:\/\/wxnuohui.com\/lt\/wp-json\/wp\/v2\/product\/12879","targetHints":{"allow":["GET"]}}],"collection":[{"href":"https:\/\/wxnuohui.com\/lt\/wp-json\/wp\/v2\/product"}],"about":[{"href":"https:\/\/wxnuohui.com\/lt\/wp-json\/wp\/v2\/types\/product"}],"wp:featuredmedia":[{"embeddable":true,"href":"https:\/\/wxnuohui.com\/lt\/wp-json\/wp\/v2\/media\/12603"}],"wp:attachment":[{"href":"https:\/\/wxnuohui.com\/lt\/wp-json\/wp\/v2\/media?parent=12879"}],"wp:term":[{"taxonomy":"product_brand","embeddable":true,"href":"https:\/\/wxnuohui.com\/lt\/wp-json\/wp\/v2\/product_brand?post=12879"},{"taxonomy":"product_cat","embeddable":true,"href":"https:\/\/wxnuohui.com\/lt\/wp-json\/wp\/v2\/product_cat?post=12879"},{"taxonomy":"product_tag","embeddable":true,"href":"https:\/\/wxnuohui.com\/lt\/wp-json\/wp\/v2\/product_tag?post=12879"}],"curies":[{"name":"wp","href":"https:\/\/api.w.org\/{rel}","templated":true}]}}