{"id":12422,"date":"2025-09-13T10:55:55","date_gmt":"2025-09-13T10:55:55","guid":{"rendered":"https:\/\/wxnuohui.com\/product\/oem-factory-blank-hoodie-pullover-custom-logo-loose-fit-crew-neck-sweatshirt\/"},"modified":"2025-09-13T10:55:56","modified_gmt":"2025-09-13T10:55:56","slug":"oem-factory-blank-hoodie-pullover-custom-logo-loose-fit-crew-neck-sweatshirt","status":"publish","type":"product","link":"https:\/\/wxnuohui.com\/lt\/product\/oem-factory-blank-hoodie-pullover-custom-logo-loose-fit-crew-neck-sweatshirt\/","title":{"rendered":"OEM gamyklos tu\u0161\u010dia Hoodie megztinis Pullover pasirinktin\u012f logotip\u0105 Palaidos tinka \u012fgulos kaklo d\u017eemperis"},"content":{"rendered":"<p>7 dien\u0173 pavyzd\u017eio u\u017esakymo atlikimo laikas: palaikymas<br \/>\nDizainas: be pamu\u0161alo<br \/>\nRankovi\u0173 stilius: Reguliarus<br \/>\nAdatos aptikimas: Taip<br \/>\nAudimo b\u016bdas: megztas<br \/>\nModelio tipas: NE<br \/>\nAudinio svoris: 280 gram\u0173, 300 gram\u0173<br \/>\nPritaikymo tipas:Regular Fit<br \/>\nIlgis: reguliarus<br \/>\nTiekimo tipas: Oem paslauga<br \/>\nTechnikos: n\u0117ra<br \/>\nApykakl\u0117: \u012egulos kaklas<br \/>\nStilius:crewneck<br \/>\nSezonas:Pavasaris<br \/>\nSavyb\u0117: nuo rauk\u0161li\u0173, Anti-Pilling, kv\u0117puojantis, ekologi\u0161kas, Anti-Shrink<br \/>\nAudinio tipas: vilnonis audinys<br \/>\nMed\u017eiaga: 100% Poliesteris<br \/>\nLytis: vyrai<br \/>\nModelio numeris: Hoodie Sweatshirts<br \/>\nKilm\u0117s vieta: Jiangsu, Kinija<br \/>\nPrek\u0117s \u017eenklo pavadinimas: NH-556149478226<br \/>\nProdukto pavadinimas: tu\u0161\u010dia Hoodie Pullover Custom Logo<br \/>\nRaktiniai \u017eod\u017eiai:D\u017eemperis su gobtuvu<br \/>\nLogotipas: priimti kliento logotip\u0105 OEM<br \/>\nPaslaugos:24 valandos internetu<br \/>\nSpausdinimas: Custom Priniting<br \/>\nPakavimas: 1 vnt. \/ polietileninis mai\u0161elis<br \/>\nPavyzdys: Priimti tinkinti pavyzd\u012f<br \/>\nPavyzd\u017eiai laikas: 3-7 darbo dienos<br \/>\nMok\u0117jimas: Prekybos u\u017etikrinimas.Paypal.Western Union.TT<br \/>\nPristatymas: DHLEMSUPSFEDEXby Seaby Air<br \/>\nPardavimo vienetai: Vienas elementas<br \/>\nVienos pakuot\u0117s dydis: 23X13X16 cm<br \/>\nVienkartinis bendrasis svoris: 0,700 kg<\/p>\n<p><img decoding=\"async\" class=\"alignnone size-full\" src=\"http:\/\/wxnuohui.com\/wp-content\/uploads\/2025\/09\/detail_pic_0-11.webp\" width=\"790\" alt=\"\"\/><\/p>\n<p><img decoding=\"async\" class=\"alignnone size-full\" src=\"http:\/\/wxnuohui.com\/wp-content\/uploads\/2025\/09\/detail_pic_1-13.webp\" width=\"790\" alt=\"\"\/><\/p>\n<p><img decoding=\"async\" class=\"alignnone size-full\" src=\"http:\/\/wxnuohui.com\/wp-content\/uploads\/2025\/09\/detail_pic_2-13.webp\" width=\"790\" alt=\"\"\/><\/p>\n<p><img decoding=\"async\" class=\"alignnone size-full\" src=\"http:\/\/wxnuohui.com\/wp-content\/uploads\/2025\/09\/detail_pic_3-14.webp\" width=\"790\" alt=\"\"\/><\/p>\n<p><img decoding=\"async\" class=\"alignnone size-full\" src=\"http:\/\/wxnuohui.com\/wp-content\/uploads\/2025\/09\/detail_pic_4-14.webp\" width=\"790\" alt=\"\"\/><\/p>\n<p><img decoding=\"async\" class=\"alignnone size-full\" src=\"http:\/\/wxnuohui.com\/wp-content\/uploads\/2025\/09\/detail_pic_5-5.webp\" width=\"790\" alt=\"\"\/><\/p>\n<p><img decoding=\"async\" class=\"alignnone size-full\" src=\"http:\/\/wxnuohui.com\/wp-content\/uploads\/2025\/09\/detail_pic_6-5.webp\" width=\"790\" alt=\"\"\/><\/p>\n<p><img decoding=\"async\" class=\"alignnone size-full\" src=\"http:\/\/wxnuohui.com\/wp-content\/uploads\/2025\/09\/detail_pic_7-196.jpg\" width=\"790\" alt=\"\"\/><\/p>\n<p><img decoding=\"async\" class=\"alignnone size-full\" src=\"http:\/\/wxnuohui.com\/wp-content\/uploads\/2025\/09\/detail_pic_8-189.jpg\" width=\"790\" alt=\"\"\/><\/p>\n<p><img decoding=\"async\" class=\"alignnone size-full\" src=\"http:\/\/wxnuohui.com\/wp-content\/uploads\/2025\/09\/detail_pic_9-208.jpg\" width=\"790\" alt=\"\"\/><\/p>\n<p><img decoding=\"async\" class=\"alignnone size-full\" src=\"http:\/\/wxnuohui.com\/wp-content\/uploads\/2025\/09\/detail_pic_10-384.jpg\" width=\"790\" alt=\"\"\/><\/p>\n<p><img decoding=\"async\" class=\"alignnone size-full\" src=\"http:\/\/wxnuohui.com\/wp-content\/uploads\/2025\/09\/detail_pic_11-378.jpg\" width=\"790\" alt=\"\"\/><\/p>\n<p><img decoding=\"async\" class=\"alignnone size-full\" src=\"http:\/\/wxnuohui.com\/wp-content\/uploads\/2025\/09\/detail_pic_12-366.jpg\" width=\"790\" alt=\"\"\/><\/p>\n<p><img decoding=\"async\" class=\"alignnone size-full\" src=\"http:\/\/wxnuohui.com\/wp-content\/uploads\/2025\/09\/detail_pic_13-341.jpg\" width=\"790\" alt=\"\"\/><\/p>\n<p><img decoding=\"async\" class=\"alignnone size-full\" src=\"http:\/\/wxnuohui.com\/wp-content\/uploads\/2025\/09\/detail_pic_14-208.jpg\" width=\"790\" alt=\"\"\/><\/p>","protected":false},"excerpt":{"rendered":"<p>OEM gamyklos tu\u0161\u010dia Hoodie megztinis Pullover pasirinktin\u012f logotip\u0105 Palaidos tinka \u012fgulos kaklo d\u017eemperis<\/p>","protected":false},"featured_media":11936,"template":"","meta":[],"product_brand":[],"product_cat":[27],"product_tag":[],"class_list":{"0":"post-12422","1":"product","2":"type-product","3":"status-publish","4":"has-post-thumbnail","6":"product_cat-hoodie","8":"first","9":"outofstock","10":"shipping-taxable","11":"product-type-variable"},"_links":{"self":[{"href":"https:\/\/wxnuohui.com\/lt\/wp-json\/wp\/v2\/product\/12422","targetHints":{"allow":["GET"]}}],"collection":[{"href":"https:\/\/wxnuohui.com\/lt\/wp-json\/wp\/v2\/product"}],"about":[{"href":"https:\/\/wxnuohui.com\/lt\/wp-json\/wp\/v2\/types\/product"}],"wp:featuredmedia":[{"embeddable":true,"href":"https:\/\/wxnuohui.com\/lt\/wp-json\/wp\/v2\/media\/11936"}],"wp:attachment":[{"href":"https:\/\/wxnuohui.com\/lt\/wp-json\/wp\/v2\/media?parent=12422"}],"wp:term":[{"taxonomy":"product_brand","embeddable":true,"href":"https:\/\/wxnuohui.com\/lt\/wp-json\/wp\/v2\/product_brand?post=12422"},{"taxonomy":"product_cat","embeddable":true,"href":"https:\/\/wxnuohui.com\/lt\/wp-json\/wp\/v2\/product_cat?post=12422"},{"taxonomy":"product_tag","embeddable":true,"href":"https:\/\/wxnuohui.com\/lt\/wp-json\/wp\/v2\/product_tag?post=12422"}],"curies":[{"name":"wp","href":"https:\/\/api.w.org\/{rel}","templated":true}]}}