{"id":12420,"date":"2025-09-13T10:55:53","date_gmt":"2025-09-13T10:55:53","guid":{"rendered":"https:\/\/wxnuohui.com\/product\/wholesale-custom-blank-unisex-off-shoulder-450gsm-cotton-zip-up-two-way-zipper-hoodie\/"},"modified":"2025-09-13T10:55:54","modified_gmt":"2025-09-13T10:55:54","slug":"wholesale-custom-blank-unisex-off-shoulder-450gsm-cotton-zip-up-two-way-zipper-hoodie","status":"publish","type":"product","link":"https:\/\/wxnuohui.com\/lt\/product\/wholesale-custom-blank-unisex-off-shoulder-450gsm-cotton-zip-up-two-way-zipper-hoodie\/","title":{"rendered":"Didmenin\u0117 prekyba Custom Blank Unisex Off pe\u010di\u0173 450gsm medviln\u0117s u\u017etrauktuk\u0105 iki dviej\u0173 b\u016bd\u0173 u\u017etrauktuk\u0105 Hoodie"},"content":{"rendered":"<p>7 dien\u0173 pavyzd\u017eio u\u017esakymo atlikimo laikas: palaikymas<br \/>\nDizainas: be pamu\u0161alo<br \/>\nRankovi\u0173 stilius: Reguliarus<br \/>\nAdatos aptikimas: Taip<br \/>\nAudimo b\u016bdas: megztas<br \/>\nModelio tipas: spausdinti<br \/>\nAudinio svoris: 360 gram\u0173, 460 gram\u0173<br \/>\nSpausdinimo b\u016bdai: n\u0117ra<br \/>\nTipas:Megztinis<br \/>\nPritaikymo tipas:Regular Fit<br \/>\nIlgis: reguliarus<br \/>\nTiekimo tipas: Oem paslauga<br \/>\nTechnikos: siuvin\u0117tos<br \/>\nApykakl\u0117: su gobtuvu<br \/>\nStilius: u\u017etrauktukas auk\u0161tyn<br \/>\nSezonas:\u017diema<br \/>\nSavyb\u0117:nuo rauk\u0161li\u0173, Anti-Pilling, kv\u0117puojantis, atsparus v\u0117jui, Anti-Shrink<br \/>\nAudinio tipas: megztas<br \/>\nMed\u017eiaga: 100% medviln\u0117<br \/>\nLogotipo pad\u0117tis: priekyje<br \/>\nLytis: vyrai<br \/>\nModelio numeris: Dviej\u0173 kryp\u010di\u0173 u\u017etrauktukas Hoodie<br \/>\nKilm\u0117s vieta: Jiangsu, Kinija<br \/>\nPrek\u0117s \u017eenklo pavadinimas: NH<br \/>\nPardavimo vienetai: Vienas elementas<br \/>\nVienos pakuot\u0117s dydis: 26X15X18 cm<br \/>\nVienkartinis bendrasis svoris: 1 200 kg<\/p>\n<p><img decoding=\"async\" class=\"alignnone size-full\" src=\"http:\/\/wxnuohui.com\/wp-content\/uploads\/2025\/09\/detail_pic_0-252.jpg\" width=\"790\" alt=\"\"\/><\/p>\n<p><img decoding=\"async\" class=\"alignnone size-full\" src=\"http:\/\/wxnuohui.com\/wp-content\/uploads\/2025\/09\/detail_pic_1-257.jpg\" width=\"790\" alt=\"\"\/><\/p>\n<p><img decoding=\"async\" class=\"alignnone size-full\" src=\"http:\/\/wxnuohui.com\/wp-content\/uploads\/2025\/09\/detail_pic_2-264.jpg\" width=\"790\" alt=\"\"\/><\/p>\n<p><img decoding=\"async\" class=\"alignnone size-full\" src=\"http:\/\/wxnuohui.com\/wp-content\/uploads\/2025\/09\/detail_pic_3-299.jpg\" width=\"790\" alt=\"\"\/><\/p>\n<p><img decoding=\"async\" class=\"alignnone size-full\" src=\"http:\/\/wxnuohui.com\/wp-content\/uploads\/2025\/09\/detail_pic_4-302.jpg\" width=\"790\" alt=\"\"\/><\/p>\n<p><img decoding=\"async\" class=\"alignnone size-full\" src=\"http:\/\/wxnuohui.com\/wp-content\/uploads\/2025\/09\/detail_pic_5-352.jpg\" width=\"790\" alt=\"\"\/><\/p>\n<p><img decoding=\"async\" class=\"alignnone size-full\" src=\"http:\/\/wxnuohui.com\/wp-content\/uploads\/2025\/09\/detail_pic_6-263.jpg\" width=\"790\" alt=\"\"\/><\/p>\n<p><img decoding=\"async\" class=\"alignnone size-full\" src=\"http:\/\/wxnuohui.com\/wp-content\/uploads\/2025\/09\/detail_pic_7-192.png\" width=\"790\" alt=\"\"\/><\/p>\n<p><img decoding=\"async\" class=\"alignnone size-full\" src=\"http:\/\/wxnuohui.com\/wp-content\/uploads\/2025\/09\/detail_pic_8-198.png\" width=\"790\" alt=\"\"\/><\/p>\n<p><img decoding=\"async\" class=\"alignnone size-full\" src=\"http:\/\/wxnuohui.com\/wp-content\/uploads\/2025\/09\/detail_pic_9-179.png\" width=\"790\" alt=\"\"\/><\/p>\n<p><img decoding=\"async\" class=\"alignnone size-full\" src=\"http:\/\/wxnuohui.com\/wp-content\/uploads\/2025\/09\/detail_pic_10-382.jpg\" width=\"790\" alt=\"\"\/><\/p>\n<p><img decoding=\"async\" class=\"alignnone size-full\" src=\"http:\/\/wxnuohui.com\/wp-content\/uploads\/2025\/09\/detail_pic_11-376.jpg\" width=\"790\" alt=\"\"\/><\/p>\n<p><img decoding=\"async\" class=\"alignnone size-full\" src=\"http:\/\/wxnuohui.com\/wp-content\/uploads\/2025\/09\/detail_pic_12-364.jpg\" width=\"790\" alt=\"\"\/><\/p>\n<p><img decoding=\"async\" class=\"alignnone size-full\" src=\"http:\/\/wxnuohui.com\/wp-content\/uploads\/2025\/09\/detail_pic_13-339.jpg\" width=\"790\" alt=\"\"\/><\/p>\n<p><img decoding=\"async\" class=\"alignnone size-full\" src=\"http:\/\/wxnuohui.com\/wp-content\/uploads\/2025\/09\/detail_pic_14-153.png\" width=\"790\" alt=\"\"\/><\/p>\n<p><img decoding=\"async\" class=\"alignnone size-full\" src=\"http:\/\/wxnuohui.com\/wp-content\/uploads\/2025\/09\/detail_pic_15-342.jpg\" width=\"790\" alt=\"\"\/><\/p>\n<p><img decoding=\"async\" class=\"alignnone size-full\" src=\"http:\/\/wxnuohui.com\/wp-content\/uploads\/2025\/09\/detail_pic_16-292.jpg\" width=\"790\" alt=\"\"\/><\/p>\n<p><img decoding=\"async\" class=\"alignnone size-full\" src=\"http:\/\/wxnuohui.com\/wp-content\/uploads\/2025\/09\/detail_pic_17-278.jpg\" width=\"790\" alt=\"\"\/><\/p>","protected":false},"excerpt":{"rendered":"<p>Didmenin\u0117 prekyba Custom Blank Unisex Off pe\u010di\u0173 450gsm medviln\u0117s u\u017etrauktuk\u0105 iki dviej\u0173 b\u016bd\u0173 u\u017etrauktuk\u0105 Hoodie<\/p>","protected":false},"featured_media":11886,"template":"","meta":[],"product_brand":[],"product_cat":[27],"product_tag":[],"class_list":{"0":"post-12420","1":"product","2":"type-product","3":"status-publish","4":"has-post-thumbnail","6":"product_cat-hoodie","8":"first","9":"outofstock","10":"shipping-taxable","11":"product-type-variable"},"_links":{"self":[{"href":"https:\/\/wxnuohui.com\/lt\/wp-json\/wp\/v2\/product\/12420","targetHints":{"allow":["GET"]}}],"collection":[{"href":"https:\/\/wxnuohui.com\/lt\/wp-json\/wp\/v2\/product"}],"about":[{"href":"https:\/\/wxnuohui.com\/lt\/wp-json\/wp\/v2\/types\/product"}],"wp:featuredmedia":[{"embeddable":true,"href":"https:\/\/wxnuohui.com\/lt\/wp-json\/wp\/v2\/media\/11886"}],"wp:attachment":[{"href":"https:\/\/wxnuohui.com\/lt\/wp-json\/wp\/v2\/media?parent=12420"}],"wp:term":[{"taxonomy":"product_brand","embeddable":true,"href":"https:\/\/wxnuohui.com\/lt\/wp-json\/wp\/v2\/product_brand?post=12420"},{"taxonomy":"product_cat","embeddable":true,"href":"https:\/\/wxnuohui.com\/lt\/wp-json\/wp\/v2\/product_cat?post=12420"},{"taxonomy":"product_tag","embeddable":true,"href":"https:\/\/wxnuohui.com\/lt\/wp-json\/wp\/v2\/product_tag?post=12420"}],"curies":[{"name":"wp","href":"https:\/\/api.w.org\/{rel}","templated":true}]}}