{"id":12313,"date":"2025-09-13T10:54:26","date_gmt":"2025-09-13T10:54:26","guid":{"rendered":"https:\/\/wxnuohui.com\/product\/high-quality-custom-logo-printing-casual-fashion-long-sleeve-plain-crop-top-hoodie-for-women\/"},"modified":"2025-09-13T10:54:27","modified_gmt":"2025-09-13T10:54:27","slug":"high-quality-custom-logo-printing-casual-fashion-long-sleeve-plain-crop-top-hoodie-for-women","status":"publish","type":"product","link":"https:\/\/wxnuohui.com\/lt\/product\/high-quality-custom-logo-printing-casual-fashion-long-sleeve-plain-crop-top-hoodie-for-women\/","title":{"rendered":"Auk\u0161tos kokyb\u0117s pasirinktin\u012f logotip\u0105 spausdinimo atsitiktinis mados ilgas rankoves paprastas pas\u0117li\u0173 vir\u0161\u0173 Hoodie moterims"},"content":{"rendered":"<p>Audinio tipas: D\u017eersis<br \/>\nMed\u017eiaga: Poliesteris \/ medviln\u0117<br \/>\nAudinio svoris: 260 gram\u0173<br \/>\nModelio tipas: kietas<br \/>\nRankovi\u0173 ilgis: visas<br \/>\nApykakl\u0117: O formos kaklo<br \/>\nStilius: atsitiktinis<br \/>\nDizainas: be pamu\u0161alo<br \/>\nSezonas:Pavasaris<br \/>\nRankovi\u0173 stilius: Reguliarus<br \/>\nDrabu\u017ei\u0173 ilgis: trumpas<br \/>\nSavyb\u0117: nuo rauk\u0161li\u0173, Anti-Pilling, kv\u0117puojantis, ekologi\u0161kas<br \/>\nLytis: Moterys<br \/>\nLogotipo vieta: priekyje, nugaroje, kair\u0117je rankov\u0117je, de\u0161in\u0117je rankov\u0117je, u\u017epakalin\u0117je kaklo dalyje<br \/>\nLogotipas \/ grafinis dizainas: \u0161ilkografija, skaitmenin\u0117 spauda, \u0161ilumin\u0117 spauda, siuvin\u0117ta, p\u016bkin\u0117 spauda<br \/>\nApdaila: ki\u0161en\u0117s<br \/>\nTiekimo tipas: Oem paslauga<br \/>\n7 dien\u0173 pavyzd\u017eio u\u017esakymo atlikimo laikas: palaikymas<br \/>\nTechnikos: paprastas da\u017eytas<br \/>\nAudimo b\u016bdas: megztas<br \/>\nModelio numeris: Paprastas Crop Top Hoodie<br \/>\nKilm\u0117s vieta: Jiangsu, Kinija<br \/>\nPrek\u0117s \u017eenklo pavadinimas: NH<br \/>\nAudinio svoris: 260 gram\u0173<br \/>\nProdukto pavadinimas: Custom Logo Crop Top Hoodie<br \/>\nRaktiniai \u017eod\u017eiai:Paprastas Crop Top Hoodie<br \/>\nMok\u0117jimas: Prekybos u\u017etikrinimas<br \/>\nPristatymo laikas: 7-15 dien\u0173<br \/>\nPakavimas: 1 vnt.<br \/>\nPaslaugos:24 valandos internetu<br \/>\nM\u0117ginio laikas: 5 ~ 7 dienos<br \/>\nSIUNTA: DHL FEDEX UPS EMS TNT<br \/>\nPavyzdys: Pavyzdys yra<br \/>\nSpausdinimas: pasirinktiniai dizainai Spausdinti<br \/>\nPardavimo vienetai: Vienas elementas<br \/>\nVienos pakuot\u0117s dydis: 20X11X10 cm<br \/>\nVienkartinis bendrasis svoris: 0,500 kg<\/p>\n<p><img decoding=\"async\" class=\"alignnone size-full\" src=\"http:\/\/wxnuohui.com\/wp-content\/uploads\/2025\/09\/detail_pic_0-158.jpg\" width=\"790\" alt=\"\"\/><\/p>\n<p><img decoding=\"async\" class=\"alignnone size-full\" src=\"http:\/\/wxnuohui.com\/wp-content\/uploads\/2025\/09\/detail_pic_1-176.jpg\" width=\"790\" alt=\"\"\/><\/p>\n<p><img decoding=\"async\" class=\"alignnone size-full\" src=\"http:\/\/wxnuohui.com\/wp-content\/uploads\/2025\/09\/detail_pic_2-184.jpg\" width=\"790\" alt=\"\"\/><\/p>\n<p><img decoding=\"async\" class=\"alignnone size-full\" src=\"http:\/\/wxnuohui.com\/wp-content\/uploads\/2025\/09\/detail_pic_3-218.jpg\" width=\"790\" alt=\"\"\/><\/p>\n<p><img decoding=\"async\" class=\"alignnone size-full\" src=\"http:\/\/wxnuohui.com\/wp-content\/uploads\/2025\/09\/detail_pic_4-209.jpg\" width=\"790\" alt=\"\"\/><\/p>\n<p><img decoding=\"async\" class=\"alignnone size-full\" src=\"http:\/\/wxnuohui.com\/wp-content\/uploads\/2025\/09\/detail_pic_5-252.jpg\" width=\"790\" alt=\"\"\/><\/p>\n<p><img decoding=\"async\" class=\"alignnone size-full\" src=\"http:\/\/wxnuohui.com\/wp-content\/uploads\/2025\/09\/detail_pic_6-175.jpg\" width=\"790\" alt=\"\"\/><\/p>\n<p><img decoding=\"async\" class=\"alignnone size-full\" src=\"http:\/\/wxnuohui.com\/wp-content\/uploads\/2025\/09\/detail_pic_7-143.jpg\" width=\"790\" alt=\"\"\/><\/p>\n<p><img decoding=\"async\" class=\"alignnone size-full\" src=\"http:\/\/wxnuohui.com\/wp-content\/uploads\/2025\/09\/detail_pic_8-155.jpg\" width=\"790\" alt=\"\"\/><\/p>\n<p><img decoding=\"async\" class=\"alignnone size-full\" src=\"http:\/\/wxnuohui.com\/wp-content\/uploads\/2025\/09\/detail_pic_9-161.jpg\" width=\"790\" alt=\"\"\/><\/p>\n<p><img decoding=\"async\" class=\"alignnone size-full\" src=\"http:\/\/wxnuohui.com\/wp-content\/uploads\/2025\/09\/detail_pic_10-279.jpg\" width=\"790\" alt=\"\"\/><\/p>\n<p><img decoding=\"async\" class=\"alignnone size-full\" src=\"http:\/\/wxnuohui.com\/wp-content\/uploads\/2025\/09\/detail_pic_11-276.jpg\" width=\"790\" alt=\"\"\/><\/p>\n<p><img decoding=\"async\" class=\"alignnone size-full\" src=\"http:\/\/wxnuohui.com\/wp-content\/uploads\/2025\/09\/detail_pic_12-273.jpg\" width=\"790\" alt=\"\"\/><\/p>\n<p><img decoding=\"async\" class=\"alignnone size-full\" src=\"http:\/\/wxnuohui.com\/wp-content\/uploads\/2025\/09\/detail_pic_13-19.png\" width=\"790\" alt=\"\"\/><\/p>\n<p><img decoding=\"async\" class=\"alignnone size-full\" src=\"http:\/\/wxnuohui.com\/wp-content\/uploads\/2025\/09\/detail_pic_14-187.jpg\" width=\"790\" alt=\"\"\/><\/p>\n<p><img decoding=\"async\" class=\"alignnone size-full\" src=\"http:\/\/wxnuohui.com\/wp-content\/uploads\/2025\/09\/detail_pic_15-260.jpg\" width=\"790\" alt=\"\"\/><\/p>\n<p><img decoding=\"async\" class=\"alignnone size-full\" src=\"http:\/\/wxnuohui.com\/wp-content\/uploads\/2025\/09\/detail_pic_16-212.jpg\" width=\"790\" alt=\"\"\/><\/p>","protected":false},"excerpt":{"rendered":"<p>Auk\u0161tos kokyb\u0117s pasirinktin\u012f logotip\u0105 spausdinimo atsitiktinis mados ilgas rankoves paprastas pas\u0117li\u0173 vir\u0161\u0173 Hoodie moterims<\/p>","protected":false},"featured_media":9362,"template":"","meta":[],"product_brand":[],"product_cat":[27],"product_tag":[],"class_list":{"0":"post-12313","1":"product","2":"type-product","3":"status-publish","4":"has-post-thumbnail","6":"product_cat-hoodie","8":"first","9":"outofstock","10":"shipping-taxable","11":"product-type-variable"},"_links":{"self":[{"href":"https:\/\/wxnuohui.com\/lt\/wp-json\/wp\/v2\/product\/12313","targetHints":{"allow":["GET"]}}],"collection":[{"href":"https:\/\/wxnuohui.com\/lt\/wp-json\/wp\/v2\/product"}],"about":[{"href":"https:\/\/wxnuohui.com\/lt\/wp-json\/wp\/v2\/types\/product"}],"wp:featuredmedia":[{"embeddable":true,"href":"https:\/\/wxnuohui.com\/lt\/wp-json\/wp\/v2\/media\/9362"}],"wp:attachment":[{"href":"https:\/\/wxnuohui.com\/lt\/wp-json\/wp\/v2\/media?parent=12313"}],"wp:term":[{"taxonomy":"product_brand","embeddable":true,"href":"https:\/\/wxnuohui.com\/lt\/wp-json\/wp\/v2\/product_brand?post=12313"},{"taxonomy":"product_cat","embeddable":true,"href":"https:\/\/wxnuohui.com\/lt\/wp-json\/wp\/v2\/product_cat?post=12313"},{"taxonomy":"product_tag","embeddable":true,"href":"https:\/\/wxnuohui.com\/lt\/wp-json\/wp\/v2\/product_tag?post=12313"}],"curies":[{"name":"wp","href":"https:\/\/api.w.org\/{rel}","templated":true}]}}