{"id":9215,"date":"2025-09-13T06:21:14","date_gmt":"2025-09-13T06:21:14","guid":{"rendered":"https:\/\/wxnuohui.com\/product\/linen-cotton-pajamas-for-women-set-short-sleeve-shirt-and-wide-leg-pant-with-pockets-two-pieces-lounge-wear-sets-women\/"},"modified":"2025-09-13T06:21:14","modified_gmt":"2025-09-13T06:21:14","slug":"linen-cotton-pajamas-for-women-set-short-sleeve-shirt-and-wide-leg-pant-with-pockets-two-pieces-lounge-wear-sets-women","status":"publish","type":"product","link":"https:\/\/wxnuohui.com\/fr\/product\/linen-cotton-pajamas-for-women-set-short-sleeve-shirt-and-wide-leg-pant-with-pockets-two-pieces-lounge-wear-sets-women\/","title":{"rendered":"Pyjama en coton de lin pour femmes Ensemble chemise \u00e0 manches courtes et pantalon large avec poches Ensemble de v\u00eatements de d\u00e9tente deux pi\u00e8ces pour femmes"},"content":{"rendered":"<p>Genre:Femmes<br \/>\nSaison:Automne<br \/>\nD\u00e9coration : Poches<br \/>\nType de tissu : tricot<br \/>\nMati\u00e8re : lin \/ coton<br \/>\nM\u00e9thodes d'impression : s\u00e9rigraphie<br \/>\nType de motif:Solide<br \/>\n7 jours pour les commandes d'\u00e9chantillons<br \/>\nCaract\u00e9ristiques : s\u00e9chage rapide, respirant, respectueux de l'environnement<br \/>\nLongueur : Au-dessus du genou<br \/>\nType de fourniture:Service Oem<br \/>\nType de coupe:Regular<br \/>\nTechnique : teinture \u00e0 plat<br \/>\nM\u00e9thode de tissage : tricot\u00e9<br \/>\nCol:O-Neck<br \/>\nStyle:D\u00e9contract\u00e9<br \/>\nNum\u00e9ro de mod\u00e8le : Ensembles de v\u00eatements de d\u00e9tente pour femmes<br \/>\nLieu d'origine : Jiangsu, Chine<br \/>\nNom de marque:NH-680687643992<br \/>\nNom du produit : Ensemble chemise \u00e0 manches courtes et pantalon large<br \/>\nMots-cl\u00e9s:Ensembles Lounge Wear Femmes<br \/>\nService : 24 heures en ligne<br \/>\nPaiement : Assurance commerciale<br \/>\nImpression:Impression de motifs personnalis\u00e9s<br \/>\n\u00c9chantillon : 3-5 jours<br \/>\nEmballage:1pc\/polybag<br \/>\nD\u00e9lai de livraison : 7~15 jours<br \/>\n\u00c9tiquette et logo:Accpet Personnalis\u00e9<br \/>\nExp\u00e9dition:DHLEMSUPSFEDEXpar Seaby Air<br \/>\nD\u00e9tails de l'emballage : 1) Pour les \u00e9chantillons, une pi\u00e8ce par sac en poly\u00e9thyl\u00e8ne. 2) Pour la production de masse, l'emballage habituel est le carton. 3. selon les besoins du client.<br \/>\nUnit\u00e9s de vente : Article unique<br \/>\nTaille de l'emballage unique : 20X11X14 cm<br \/>\nPoids brut simple : 0,600 kg<br \/>\nExemples d'emballages :<\/p>\n<p><img decoding=\"async\" class=\"alignnone size-full\" src=\"http:\/\/wxnuohui.com\/wp-content\/uploads\/2025\/09\/detail_pic_0-142.jpg\" width=\"790\" alt=\"\"\/><\/p>\n<p><img decoding=\"async\" class=\"alignnone size-full\" src=\"http:\/\/wxnuohui.com\/wp-content\/uploads\/2025\/09\/detail_pic_1-162.jpg\" width=\"790\" alt=\"\"\/><\/p>\n<p><img decoding=\"async\" class=\"alignnone size-full\" src=\"http:\/\/wxnuohui.com\/wp-content\/uploads\/2025\/09\/detail_pic_2-169.jpg\" width=\"790\" alt=\"\"\/><\/p>\n<p><img decoding=\"async\" class=\"alignnone size-full\" src=\"http:\/\/wxnuohui.com\/wp-content\/uploads\/2025\/09\/detail_pic_3-204.jpg\" width=\"790\" alt=\"\"\/><\/p>\n<p><img decoding=\"async\" class=\"alignnone size-full\" src=\"http:\/\/wxnuohui.com\/wp-content\/uploads\/2025\/09\/detail_pic_4-195.jpg\" width=\"790\" alt=\"\"\/><\/p>\n<p><img decoding=\"async\" class=\"alignnone size-full\" src=\"http:\/\/wxnuohui.com\/wp-content\/uploads\/2025\/09\/detail_pic_5-238.jpg\" width=\"790\" alt=\"\"\/><\/p>\n<p><img decoding=\"async\" class=\"alignnone size-full\" src=\"http:\/\/wxnuohui.com\/wp-content\/uploads\/2025\/09\/detail_pic_6-160.jpg\" width=\"790\" alt=\"\"\/><\/p>\n<p><img decoding=\"async\" class=\"alignnone size-full\" src=\"http:\/\/wxnuohui.com\/wp-content\/uploads\/2025\/09\/detail_pic_7-130.jpg\" width=\"790\" alt=\"\"\/><\/p>\n<p><img decoding=\"async\" class=\"alignnone size-full\" src=\"http:\/\/wxnuohui.com\/wp-content\/uploads\/2025\/09\/detail_pic_8-142.jpg\" width=\"790\" alt=\"\"\/><\/p>\n<p><img decoding=\"async\" class=\"alignnone size-full\" src=\"http:\/\/wxnuohui.com\/wp-content\/uploads\/2025\/09\/detail_pic_9-110.png\" width=\"790\" alt=\"\"\/><\/p>\n<p><img decoding=\"async\" class=\"alignnone size-full\" src=\"http:\/\/wxnuohui.com\/wp-content\/uploads\/2025\/09\/detail_pic_10-265.jpg\" width=\"790\" alt=\"\"\/><\/p>\n<p><img decoding=\"async\" class=\"alignnone size-full\" src=\"http:\/\/wxnuohui.com\/wp-content\/uploads\/2025\/09\/detail_pic_11-260.jpg\" width=\"790\" alt=\"\"\/><\/p>\n<p><img decoding=\"async\" class=\"alignnone size-full\" src=\"http:\/\/wxnuohui.com\/wp-content\/uploads\/2025\/09\/detail_pic_12-258.jpg\" width=\"790\" alt=\"\"\/><\/p>\n<p><img decoding=\"async\" class=\"alignnone size-full\" src=\"http:\/\/wxnuohui.com\/wp-content\/uploads\/2025\/09\/detail_pic_13-245.jpg\" width=\"790\" alt=\"\"\/><\/p>\n<p><img decoding=\"async\" class=\"alignnone size-full\" src=\"http:\/\/wxnuohui.com\/wp-content\/uploads\/2025\/09\/detail_pic_14-75.png\" width=\"790\" alt=\"\"\/><\/p>\n<p><img decoding=\"async\" class=\"alignnone size-full\" src=\"http:\/\/wxnuohui.com\/wp-content\/uploads\/2025\/09\/detail_pic_15-248.jpg\" width=\"790\" alt=\"\"\/><\/p>\n<p><img decoding=\"async\" class=\"alignnone size-full\" src=\"http:\/\/wxnuohui.com\/wp-content\/uploads\/2025\/09\/detail_pic_16-201.jpg\" width=\"790\" alt=\"\"\/><\/p>\n<p><img decoding=\"async\" class=\"alignnone size-full\" src=\"http:\/\/wxnuohui.com\/wp-content\/uploads\/2025\/09\/detail_pic_17-200.jpg\" width=\"790\" alt=\"\"\/><\/p>","protected":false},"excerpt":{"rendered":"<p>Pyjama en coton de lin pour femmes Ensemble chemise \u00e0 manches courtes et pantalon large avec poches Ensemble de v\u00eatements de d\u00e9tente deux pi\u00e8ces pour femmes<\/p>","protected":false},"featured_media":8839,"template":"","meta":[],"product_brand":[],"product_cat":[22],"product_tag":[],"class_list":{"0":"post-9215","1":"product","2":"type-product","3":"status-publish","4":"has-post-thumbnail","6":"product_cat-women-set","8":"first","9":"outofstock","10":"shipping-taxable","11":"product-type-variable"},"_links":{"self":[{"href":"https:\/\/wxnuohui.com\/fr\/wp-json\/wp\/v2\/product\/9215","targetHints":{"allow":["GET"]}}],"collection":[{"href":"https:\/\/wxnuohui.com\/fr\/wp-json\/wp\/v2\/product"}],"about":[{"href":"https:\/\/wxnuohui.com\/fr\/wp-json\/wp\/v2\/types\/product"}],"wp:featuredmedia":[{"embeddable":true,"href":"https:\/\/wxnuohui.com\/fr\/wp-json\/wp\/v2\/media\/8839"}],"wp:attachment":[{"href":"https:\/\/wxnuohui.com\/fr\/wp-json\/wp\/v2\/media?parent=9215"}],"wp:term":[{"taxonomy":"product_brand","embeddable":true,"href":"https:\/\/wxnuohui.com\/fr\/wp-json\/wp\/v2\/product_brand?post=9215"},{"taxonomy":"product_cat","embeddable":true,"href":"https:\/\/wxnuohui.com\/fr\/wp-json\/wp\/v2\/product_cat?post=9215"},{"taxonomy":"product_tag","embeddable":true,"href":"https:\/\/wxnuohui.com\/fr\/wp-json\/wp\/v2\/product_tag?post=9215"}],"curies":[{"name":"wp","href":"https:\/\/api.w.org\/{rel}","templated":true}]}}