{"id":9209,"date":"2025-09-13T06:21:09","date_gmt":"2025-09-13T06:21:09","guid":{"rendered":"https:\/\/wxnuohui.com\/product\/enyen-summer-spring-casual-bodycon-plaid-print-playsuit-women-slip-one-piece-sleeveless-square-collar-sexy-jumpsuit-for-women\/"},"modified":"2025-09-13T06:21:09","modified_gmt":"2025-09-13T06:21:09","slug":"enyen-summer-spring-casual-bodycon-plaid-print-playsuit-women-slip-one-piece-sleeveless-square-collar-sexy-jumpsuit-for-women","status":"publish","type":"product","link":"https:\/\/wxnuohui.com\/fr\/product\/enyen-summer-spring-casual-bodycon-plaid-print-playsuit-women-slip-one-piece-sleeveless-square-collar-sexy-jumpsuit-for-women\/","title":{"rendered":"Enyen Summer Spring Casual Bodycon Playsuit Women Slip One-piece Sleeveless Square Collar Sexy Jumpsuit for Women"},"content":{"rendered":"<p>Type de coupe:Regular<br \/>\nStyle:D\u00e9contract\u00e9<br \/>\nSaison : \u00e9t\u00e9<br \/>\nCol:O-Neck<br \/>\nMati\u00e8re : Spandex \/ Polyester<br \/>\nM\u00e9thodes d'impression : s\u00e9rigraphie<br \/>\nType:combinaison de yoga<br \/>\nOccasion:ClubWear<br \/>\nLongueur des manches (cm) : sans manches<br \/>\nLigne de taille:Taille haute<br \/>\nD\u00e9tection de l'aiguille:Oui<br \/>\nType de fourniture:Service Oem<br \/>\nCaract\u00e9ristiques : anti-boulochage, respirant, \u00e9cologique<br \/>\nMotif:Impression<br \/>\nM\u00e9thode de tissage : tricot\u00e9<br \/>\nGenre:Femmes<br \/>\nLongueur:Midi<br \/>\nTechnique:Imprim\u00e9<br \/>\nD\u00e9coration : bande lat\u00e9rale, imprim\u00e9e<br \/>\nType de tissu:Polyester<br \/>\nPoids du tissu : 260 grammes<br \/>\nStyle des manches : non<br \/>\nLieu d'origine : Jiangsu, Chine<br \/>\nNum\u00e9ro de mod\u00e8le : Jumpsuit For Women-664289389257<br \/>\nNom de marque:NH-669831915287<br \/>\nUnit\u00e9s de vente : Article unique<br \/>\nTaille de l'emballage unique : 18X13X14 cm<br \/>\nPoids brut simple : 0,400 kg<\/p>\n<p><img decoding=\"async\" class=\"alignnone size-full\" src=\"http:\/\/wxnuohui.com\/wp-content\/uploads\/2025\/09\/detail_pic_0-138.jpg\" width=\"790\" alt=\"\"\/><\/p>\n<p><img decoding=\"async\" class=\"alignnone size-full\" src=\"http:\/\/wxnuohui.com\/wp-content\/uploads\/2025\/09\/detail_pic_1-157.jpg\" width=\"790\" alt=\"\"\/><\/p>\n<p><img decoding=\"async\" class=\"alignnone size-full\" src=\"http:\/\/wxnuohui.com\/wp-content\/uploads\/2025\/09\/detail_pic_2-163.jpg\" width=\"790\" alt=\"\"\/><\/p>\n<p><img decoding=\"async\" class=\"alignnone size-full\" src=\"http:\/\/wxnuohui.com\/wp-content\/uploads\/2025\/09\/detail_pic_3-198.jpg\" width=\"790\" alt=\"\"\/><\/p>\n<p><img decoding=\"async\" class=\"alignnone size-full\" src=\"http:\/\/wxnuohui.com\/wp-content\/uploads\/2025\/09\/detail_pic_4-189.jpg\" width=\"790\" alt=\"\"\/><\/p>\n<p><img decoding=\"async\" class=\"alignnone size-full\" src=\"http:\/\/wxnuohui.com\/wp-content\/uploads\/2025\/09\/detail_pic_5-232.jpg\" width=\"790\" alt=\"\"\/><\/p>\n<p><img decoding=\"async\" class=\"alignnone size-full\" src=\"http:\/\/wxnuohui.com\/wp-content\/uploads\/2025\/09\/detail_pic_6-154.jpg\" width=\"790\" alt=\"\"\/><\/p>\n<p><img decoding=\"async\" class=\"alignnone size-full\" src=\"http:\/\/wxnuohui.com\/wp-content\/uploads\/2025\/09\/detail_pic_7-124.jpg\" width=\"790\" alt=\"\"\/><\/p>\n<p><img decoding=\"async\" class=\"alignnone size-full\" src=\"http:\/\/wxnuohui.com\/wp-content\/uploads\/2025\/09\/detail_pic_8-136.jpg\" width=\"790\" alt=\"\"\/><\/p>\n<p><img decoding=\"async\" class=\"alignnone size-full\" src=\"http:\/\/wxnuohui.com\/wp-content\/uploads\/2025\/09\/detail_pic_9-105.png\" width=\"790\" alt=\"\"\/><\/p>\n<p><img decoding=\"async\" class=\"alignnone size-full\" src=\"http:\/\/wxnuohui.com\/wp-content\/uploads\/2025\/09\/detail_pic_10-259.jpg\" width=\"790\" alt=\"\"\/><\/p>\n<p><img decoding=\"async\" class=\"alignnone size-full\" src=\"http:\/\/wxnuohui.com\/wp-content\/uploads\/2025\/09\/detail_pic_11-254.jpg\" width=\"790\" alt=\"\"\/><\/p>\n<p><img decoding=\"async\" class=\"alignnone size-full\" src=\"http:\/\/wxnuohui.com\/wp-content\/uploads\/2025\/09\/detail_pic_12-252.jpg\" width=\"790\" alt=\"\"\/><\/p>\n<p><img decoding=\"async\" class=\"alignnone size-full\" src=\"http:\/\/wxnuohui.com\/wp-content\/uploads\/2025\/09\/detail_pic_13-239.jpg\" width=\"790\" alt=\"\"\/><\/p>\n<p><img decoding=\"async\" class=\"alignnone size-full\" src=\"http:\/\/wxnuohui.com\/wp-content\/uploads\/2025\/09\/detail_pic_14-69.png\" width=\"790\" alt=\"\"\/><\/p>\n<p><img decoding=\"async\" class=\"alignnone size-full\" src=\"http:\/\/wxnuohui.com\/wp-content\/uploads\/2025\/09\/detail_pic_15-242.jpg\" width=\"790\" alt=\"\"\/><\/p>\n<p><img decoding=\"async\" class=\"alignnone size-full\" src=\"http:\/\/wxnuohui.com\/wp-content\/uploads\/2025\/09\/detail_pic_16-195.jpg\" width=\"790\" alt=\"\"\/><\/p>\n<p><img decoding=\"async\" class=\"alignnone size-full\" src=\"http:\/\/wxnuohui.com\/wp-content\/uploads\/2025\/09\/detail_pic_17-194.jpg\" width=\"790\" alt=\"\"\/><\/p>","protected":false},"excerpt":{"rendered":"<p>Enyen Summer Spring Casual Bodycon Playsuit Women Slip One-piece Sleeveless Square Collar Sexy Jumpsuit for Women<\/p>","protected":false},"featured_media":8689,"template":"","meta":[],"product_brand":[],"product_cat":[22],"product_tag":[],"class_list":{"0":"post-9209","1":"product","2":"type-product","3":"status-publish","4":"has-post-thumbnail","6":"product_cat-women-set","8":"first","9":"outofstock","10":"shipping-taxable","11":"product-type-variable"},"_links":{"self":[{"href":"https:\/\/wxnuohui.com\/fr\/wp-json\/wp\/v2\/product\/9209","targetHints":{"allow":["GET"]}}],"collection":[{"href":"https:\/\/wxnuohui.com\/fr\/wp-json\/wp\/v2\/product"}],"about":[{"href":"https:\/\/wxnuohui.com\/fr\/wp-json\/wp\/v2\/types\/product"}],"wp:featuredmedia":[{"embeddable":true,"href":"https:\/\/wxnuohui.com\/fr\/wp-json\/wp\/v2\/media\/8689"}],"wp:attachment":[{"href":"https:\/\/wxnuohui.com\/fr\/wp-json\/wp\/v2\/media?parent=9209"}],"wp:term":[{"taxonomy":"product_brand","embeddable":true,"href":"https:\/\/wxnuohui.com\/fr\/wp-json\/wp\/v2\/product_brand?post=9209"},{"taxonomy":"product_cat","embeddable":true,"href":"https:\/\/wxnuohui.com\/fr\/wp-json\/wp\/v2\/product_cat?post=9209"},{"taxonomy":"product_tag","embeddable":true,"href":"https:\/\/wxnuohui.com\/fr\/wp-json\/wp\/v2\/product_tag?post=9209"}],"curies":[{"name":"wp","href":"https:\/\/api.w.org\/{rel}","templated":true}]}}