{"id":9194,"date":"2025-09-13T06:21:00","date_gmt":"2025-09-13T06:21:00","guid":{"rendered":"https:\/\/wxnuohui.com\/product\/wholesale-womens-jogger-set-crop-top-hoodie-women-sweat-suits-set-hoodies-set\/"},"modified":"2025-09-13T06:21:00","modified_gmt":"2025-09-13T06:21:00","slug":"wholesale-womens-jogger-set-crop-top-hoodie-women-sweat-suits-set-hoodies-set","status":"publish","type":"product","link":"https:\/\/wxnuohui.com\/fr\/product\/wholesale-womens-jogger-set-crop-top-hoodie-women-sweat-suits-set-hoodies-set\/","title":{"rendered":"Wholesale Womens Jogger Set Crop Top Hoodie Women Sweat Suits Set Hoodies Set"},"content":{"rendered":"<p>Genre:Femmes<br \/>\nSaison:Automne<br \/>\nD\u00e9coration : Poches<br \/>\nType de tissu : tricot<br \/>\nMati\u00e8re : Polyester \/ Coton<br \/>\nType:Ensemble long 2 pi\u00e8ces<br \/>\nLongueur du haut : R\u00e9guli\u00e8re<br \/>\nM\u00e9thodes d'impression : s\u00e9rigraphie<br \/>\nType de motif:Solide<br \/>\nLongueur de la manche : compl\u00e8te<br \/>\nType de plateau:Plateau<br \/>\n7 jours pour les commandes d'\u00e9chantillons<br \/>\nCaract\u00e9ristiques : respirant, respectueux de l'environnement<br \/>\nLongueur : Au-dessus du genou<br \/>\nType de fourniture:Service Oem<br \/>\nType de coupe:Regular<br \/>\nTechnique : teinture \u00e0 plat<br \/>\nM\u00e9thode de tissage : tricot\u00e9<br \/>\nCol:O-Neck<br \/>\nStyle:D\u00e9contract\u00e9<br \/>\nPoids du tissu : 280 grammes<br \/>\nD\u00e9tection de l'aiguille:Oui<br \/>\nNum\u00e9ro de mod\u00e8le : Ensemble de surv\u00eatements pour femmes<br \/>\nLieu d'origine : Jiangsu, Chine<br \/>\nNom de marque:NH-693715295498<br \/>\nUnit\u00e9s de vente : Article unique<br \/>\nTaille de l'emballage unique : 23X13X16 cm<br \/>\nPoids brut simple : 0,800 kg<\/p>\n<p><img decoding=\"async\" class=\"alignnone size-full\" src=\"http:\/\/wxnuohui.com\/wp-content\/uploads\/2025\/09\/detail_pic_0-124.jpg\" width=\"790\" alt=\"\"\/><\/p>\n<p><img decoding=\"async\" class=\"alignnone size-full\" src=\"http:\/\/wxnuohui.com\/wp-content\/uploads\/2025\/09\/detail_pic_1-144.jpg\" width=\"790\" alt=\"\"\/><\/p>\n<p><img decoding=\"async\" class=\"alignnone size-full\" src=\"http:\/\/wxnuohui.com\/wp-content\/uploads\/2025\/09\/detail_pic_2-150.jpg\" width=\"790\" alt=\"\"\/><\/p>\n<p><img decoding=\"async\" class=\"alignnone size-full\" src=\"http:\/\/wxnuohui.com\/wp-content\/uploads\/2025\/09\/detail_pic_3-185.jpg\" width=\"790\" alt=\"\"\/><\/p>\n<p><img decoding=\"async\" class=\"alignnone size-full\" src=\"http:\/\/wxnuohui.com\/wp-content\/uploads\/2025\/09\/detail_pic_4-176.jpg\" width=\"790\" alt=\"\"\/><\/p>\n<p><img decoding=\"async\" class=\"alignnone size-full\" src=\"http:\/\/wxnuohui.com\/wp-content\/uploads\/2025\/09\/detail_pic_5-218.jpg\" width=\"790\" alt=\"\"\/><\/p>\n<p><img decoding=\"async\" class=\"alignnone size-full\" src=\"http:\/\/wxnuohui.com\/wp-content\/uploads\/2025\/09\/detail_pic_6-140.jpg\" width=\"790\" alt=\"\"\/><\/p>\n<p><img decoding=\"async\" class=\"alignnone size-full\" src=\"http:\/\/wxnuohui.com\/wp-content\/uploads\/2025\/09\/detail_pic_7-132.png\" width=\"790\" alt=\"\"\/><\/p>\n<p><img decoding=\"async\" class=\"alignnone size-full\" src=\"http:\/\/wxnuohui.com\/wp-content\/uploads\/2025\/09\/detail_pic_8-117.png\" width=\"790\" alt=\"\"\/><\/p>\n<p><img decoding=\"async\" class=\"alignnone size-full\" src=\"http:\/\/wxnuohui.com\/wp-content\/uploads\/2025\/09\/detail_pic_9-90.png\" width=\"790\" alt=\"\"\/><\/p>\n<p><img decoding=\"async\" class=\"alignnone size-full\" src=\"http:\/\/wxnuohui.com\/wp-content\/uploads\/2025\/09\/detail_pic_10-244.jpg\" width=\"790\" alt=\"\"\/><\/p>\n<p><img decoding=\"async\" class=\"alignnone size-full\" src=\"http:\/\/wxnuohui.com\/wp-content\/uploads\/2025\/09\/detail_pic_11-239.jpg\" width=\"790\" alt=\"\"\/><\/p>\n<p><img decoding=\"async\" class=\"alignnone size-full\" src=\"http:\/\/wxnuohui.com\/wp-content\/uploads\/2025\/09\/detail_pic_12-237.jpg\" width=\"790\" alt=\"\"\/><\/p>\n<p><img decoding=\"async\" class=\"alignnone size-full\" src=\"http:\/\/wxnuohui.com\/wp-content\/uploads\/2025\/09\/detail_pic_13-225.jpg\" width=\"790\" alt=\"\"\/><\/p>\n<p><img decoding=\"async\" class=\"alignnone size-full\" src=\"http:\/\/wxnuohui.com\/wp-content\/uploads\/2025\/09\/detail_pic_14-55.png\" width=\"790\" alt=\"\"\/><\/p>\n<p><img decoding=\"async\" class=\"alignnone size-full\" src=\"http:\/\/wxnuohui.com\/wp-content\/uploads\/2025\/09\/detail_pic_15-228.jpg\" width=\"790\" alt=\"\"\/><\/p>\n<p><img decoding=\"async\" class=\"alignnone size-full\" src=\"http:\/\/wxnuohui.com\/wp-content\/uploads\/2025\/09\/detail_pic_16-181.jpg\" width=\"790\" alt=\"\"\/><\/p>\n<p><img decoding=\"async\" class=\"alignnone size-full\" src=\"http:\/\/wxnuohui.com\/wp-content\/uploads\/2025\/09\/detail_pic_17-180.jpg\" width=\"790\" alt=\"\"\/><\/p>","protected":false},"excerpt":{"rendered":"<p>Wholesale Womens Jogger Set Crop Top Hoodie Women Sweat Suits Set Hoodies Set<\/p>","protected":false},"featured_media":8319,"template":"","meta":[],"product_brand":[],"product_cat":[22],"product_tag":[],"class_list":{"0":"post-9194","1":"product","2":"type-product","3":"status-publish","4":"has-post-thumbnail","6":"product_cat-women-set","8":"first","9":"outofstock","10":"shipping-taxable","11":"product-type-variable"},"_links":{"self":[{"href":"https:\/\/wxnuohui.com\/fr\/wp-json\/wp\/v2\/product\/9194","targetHints":{"allow":["GET"]}}],"collection":[{"href":"https:\/\/wxnuohui.com\/fr\/wp-json\/wp\/v2\/product"}],"about":[{"href":"https:\/\/wxnuohui.com\/fr\/wp-json\/wp\/v2\/types\/product"}],"wp:featuredmedia":[{"embeddable":true,"href":"https:\/\/wxnuohui.com\/fr\/wp-json\/wp\/v2\/media\/8319"}],"wp:attachment":[{"href":"https:\/\/wxnuohui.com\/fr\/wp-json\/wp\/v2\/media?parent=9194"}],"wp:term":[{"taxonomy":"product_brand","embeddable":true,"href":"https:\/\/wxnuohui.com\/fr\/wp-json\/wp\/v2\/product_brand?post=9194"},{"taxonomy":"product_cat","embeddable":true,"href":"https:\/\/wxnuohui.com\/fr\/wp-json\/wp\/v2\/product_cat?post=9194"},{"taxonomy":"product_tag","embeddable":true,"href":"https:\/\/wxnuohui.com\/fr\/wp-json\/wp\/v2\/product_tag?post=9194"}],"curies":[{"name":"wp","href":"https:\/\/api.w.org\/{rel}","templated":true}]}}