{"id":9179,"date":"2025-09-13T06:20:50","date_gmt":"2025-09-13T06:20:50","guid":{"rendered":"https:\/\/wxnuohui.com\/product\/wholesale-custom-logo-slim-zip-outfits-women-two-piece-set-womens-tracksuit\/"},"modified":"2025-09-13T06:20:50","modified_gmt":"2025-09-13T06:20:50","slug":"wholesale-custom-logo-slim-zip-outfits-women-two-piece-set-womens-tracksuit","status":"publish","type":"product","link":"https:\/\/wxnuohui.com\/fr\/product\/wholesale-custom-logo-slim-zip-outfits-women-two-piece-set-womens-tracksuit\/","title":{"rendered":"Wholesale Custom Logo Slim Zip Outfits Women Two Piece Set Womens Tracksuit"},"content":{"rendered":"<p>Genre:Femmes<br \/>\nSaison:Hiver<br \/>\nD\u00e9coration : poches, fermeture \u00e0 glissi\u00e8re<br \/>\nType de tissu : tricot<br \/>\nMati\u00e8re : Polyester \/ Coton<br \/>\nType:Ensemble long 2 pi\u00e8ces<br \/>\nLongueur du haut : R\u00e9guli\u00e8re<br \/>\nM\u00e9thodes d'impression:Aucune<br \/>\nType de motif:Solide<br \/>\nLongueur de la manche : compl\u00e8te<br \/>\nType de plateau:Plateau<br \/>\n7 jours pour les commandes d'\u00e9chantillons<br \/>\nCaract\u00e9ristiques : respirant, respectueux de l'environnement<br \/>\nLongueur : Au-dessus du genou<br \/>\nType de fourniture:Service Oem<br \/>\nType de coupe:Regular<br \/>\nTechnique : teinture \u00e0 plat<br \/>\nM\u00e9thode de tissage : tricot\u00e9<br \/>\nCol:O-Neck<br \/>\nStyle:D\u00e9contract\u00e9<br \/>\nPoids du tissu : 280 grammes<br \/>\nNum\u00e9ro de mod\u00e8le : Tracksuit Womens<br \/>\nLieu d'origine : Jiangsu, Chine<br \/>\nNom de marque:NH-688575238452<br \/>\nNom du produit : Tracksuit Slim Zip Custom Logo Womens<br \/>\nMots-cl\u00e9s:Tracksuit Femme<br \/>\nService : 24 heures en ligne<br \/>\nPaiement : Assurance commerciale<br \/>\nImpression:Impression de motifs personnalis\u00e9s<br \/>\n\u00c9chantillon : 3-5 jours<br \/>\nEmballage:1pc\/polybag<br \/>\nD\u00e9lai de livraison : 7~15 jours<br \/>\n\u00c9tiquette et logo:Accpet Personnalis\u00e9<br \/>\nExp\u00e9dition:DHLEMSUPSFEDEXpar Seaby Air<br \/>\nUnit\u00e9s de vente : Article unique<br \/>\nTaille de l'emballage unique : 23X13X16 cm<br \/>\nPoids brut simple : 0,700 kg<\/p>\n<p><img decoding=\"async\" class=\"alignnone size-full\" src=\"http:\/\/wxnuohui.com\/wp-content\/uploads\/2025\/09\/detail_pic_0-109.jpg\" width=\"790\" alt=\"\"\/><\/p>\n<p><img decoding=\"async\" class=\"alignnone size-full\" src=\"http:\/\/wxnuohui.com\/wp-content\/uploads\/2025\/09\/detail_pic_1-129.jpg\" width=\"790\" alt=\"\"\/><\/p>\n<p><img decoding=\"async\" class=\"alignnone size-full\" src=\"http:\/\/wxnuohui.com\/wp-content\/uploads\/2025\/09\/detail_pic_2-135.jpg\" width=\"790\" alt=\"\"\/><\/p>\n<p><img decoding=\"async\" class=\"alignnone size-full\" src=\"http:\/\/wxnuohui.com\/wp-content\/uploads\/2025\/09\/detail_pic_3-170.jpg\" width=\"790\" alt=\"\"\/><\/p>\n<p><img decoding=\"async\" class=\"alignnone size-full\" src=\"http:\/\/wxnuohui.com\/wp-content\/uploads\/2025\/09\/detail_pic_4-161.jpg\" width=\"790\" alt=\"\"\/><\/p>\n<p><img decoding=\"async\" class=\"alignnone size-full\" src=\"http:\/\/wxnuohui.com\/wp-content\/uploads\/2025\/09\/detail_pic_5-203.jpg\" width=\"790\" alt=\"\"\/><\/p>\n<p><img decoding=\"async\" class=\"alignnone size-full\" src=\"http:\/\/wxnuohui.com\/wp-content\/uploads\/2025\/09\/detail_pic_6-133.jpg\" width=\"790\" alt=\"\"\/><\/p>\n<p><img decoding=\"async\" class=\"alignnone size-full\" src=\"http:\/\/wxnuohui.com\/wp-content\/uploads\/2025\/09\/detail_pic_7-120.png\" width=\"790\" alt=\"\"\/><\/p>\n<p><img decoding=\"async\" class=\"alignnone size-full\" src=\"http:\/\/wxnuohui.com\/wp-content\/uploads\/2025\/09\/detail_pic_8-102.png\" width=\"790\" alt=\"\"\/><\/p>\n<p><img decoding=\"async\" class=\"alignnone size-full\" src=\"http:\/\/wxnuohui.com\/wp-content\/uploads\/2025\/09\/detail_pic_9-83.png\" width=\"790\" alt=\"\"\/><\/p>\n<p><img decoding=\"async\" class=\"alignnone size-full\" src=\"http:\/\/wxnuohui.com\/wp-content\/uploads\/2025\/09\/detail_pic_10-229.jpg\" width=\"790\" alt=\"\"\/><\/p>\n<p><img decoding=\"async\" class=\"alignnone size-full\" src=\"http:\/\/wxnuohui.com\/wp-content\/uploads\/2025\/09\/detail_pic_11-224.jpg\" width=\"790\" alt=\"\"\/><\/p>\n<p><img decoding=\"async\" class=\"alignnone size-full\" src=\"http:\/\/wxnuohui.com\/wp-content\/uploads\/2025\/09\/detail_pic_12-222.jpg\" width=\"790\" alt=\"\"\/><\/p>\n<p><img decoding=\"async\" class=\"alignnone size-full\" src=\"http:\/\/wxnuohui.com\/wp-content\/uploads\/2025\/09\/detail_pic_13-218.jpg\" width=\"790\" alt=\"\"\/><\/p>\n<p><img decoding=\"async\" class=\"alignnone size-full\" src=\"http:\/\/wxnuohui.com\/wp-content\/uploads\/2025\/09\/detail_pic_14-48.png\" width=\"790\" alt=\"\"\/><\/p>\n<p><img decoding=\"async\" class=\"alignnone size-full\" src=\"http:\/\/wxnuohui.com\/wp-content\/uploads\/2025\/09\/detail_pic_15-213.jpg\" width=\"790\" alt=\"\"\/><\/p>\n<p><img decoding=\"async\" class=\"alignnone size-full\" src=\"http:\/\/wxnuohui.com\/wp-content\/uploads\/2025\/09\/detail_pic_16-166.jpg\" width=\"790\" alt=\"\"\/><\/p>\n<p><img decoding=\"async\" class=\"alignnone size-full\" src=\"http:\/\/wxnuohui.com\/wp-content\/uploads\/2025\/09\/detail_pic_17-173.jpg\" width=\"790\" alt=\"\"\/><\/p>","protected":false},"excerpt":{"rendered":"<p>Wholesale Custom Logo Slim Zip Outfits Women Two Piece Set Womens Tracksuit<\/p>","protected":false},"featured_media":7952,"template":"","meta":[],"product_brand":[],"product_cat":[22],"product_tag":[],"class_list":{"0":"post-9179","1":"product","2":"type-product","3":"status-publish","4":"has-post-thumbnail","6":"product_cat-women-set","8":"first","9":"outofstock","10":"shipping-taxable","11":"product-type-variable"},"_links":{"self":[{"href":"https:\/\/wxnuohui.com\/fr\/wp-json\/wp\/v2\/product\/9179","targetHints":{"allow":["GET"]}}],"collection":[{"href":"https:\/\/wxnuohui.com\/fr\/wp-json\/wp\/v2\/product"}],"about":[{"href":"https:\/\/wxnuohui.com\/fr\/wp-json\/wp\/v2\/types\/product"}],"wp:featuredmedia":[{"embeddable":true,"href":"https:\/\/wxnuohui.com\/fr\/wp-json\/wp\/v2\/media\/7952"}],"wp:attachment":[{"href":"https:\/\/wxnuohui.com\/fr\/wp-json\/wp\/v2\/media?parent=9179"}],"wp:term":[{"taxonomy":"product_brand","embeddable":true,"href":"https:\/\/wxnuohui.com\/fr\/wp-json\/wp\/v2\/product_brand?post=9179"},{"taxonomy":"product_cat","embeddable":true,"href":"https:\/\/wxnuohui.com\/fr\/wp-json\/wp\/v2\/product_cat?post=9179"},{"taxonomy":"product_tag","embeddable":true,"href":"https:\/\/wxnuohui.com\/fr\/wp-json\/wp\/v2\/product_tag?post=9179"}],"curies":[{"name":"wp","href":"https:\/\/api.w.org\/{rel}","templated":true}]}}