{"id":15553,"date":"2025-09-14T03:13:19","date_gmt":"2025-09-14T03:13:19","guid":{"rendered":"https:\/\/wxnuohui.com\/product\/custom-polo-shirt-100-polyester-quick-dry-custom-logo-embroidered-sport-golf-work-uniform-unisex-polo-shirt\/"},"modified":"2025-09-14T03:13:20","modified_gmt":"2025-09-14T03:13:20","slug":"custom-polo-shirt-100-polyester-quick-dry-custom-logo-embroidered-sport-golf-work-uniform-unisex-polo-shirt","status":"publish","type":"product","link":"https:\/\/wxnuohui.com\/fr\/product\/custom-polo-shirt-100-polyester-quick-dry-custom-logo-embroidered-sport-golf-work-uniform-unisex-polo-shirt\/","title":{"rendered":"Polo personnalis\u00e9 100% Polyester Quick Dry Custom Logo Embroidered Sport Golf Work Uniform Unisex Polo Shirt"},"content":{"rendered":"<p>Technique : teinture \u00e0 plat<br \/>\nDesign:Blanc<br \/>\n7 jours pour les commandes d'\u00e9chantillons<br \/>\nStyle:D\u00e9contract\u00e9<br \/>\nStyle des manches : Manches courtes<br \/>\nCol:O-Neck<br \/>\nD\u00e9tection de l'aiguille:Oui<br \/>\nType de coupe:Coupe r\u00e9guli\u00e8re<br \/>\nMati\u00e8re : Polyester \/ Coton<br \/>\nLongueur : normale<br \/>\nNum\u00e9ro de mod\u00e8le : Polo unisexe<br \/>\nType de tissu : Jersey<br \/>\nType de motif:Solide<br \/>\nCaract\u00e9ristiques : Anti-plis, Anti-boulochage, Anti-r\u00e9tr\u00e9cissement<br \/>\nM\u00e9thode de tissage : tricot\u00e9<br \/>\nM\u00e9thodes d'impression:Autres<br \/>\nPoids du tissu : 180 grammes<br \/>\nPosition du logo:Avant<br \/>\nGenre:Hommes<br \/>\nLieu d'origine : Jiangsu, Chine<br \/>\nNom de marque:NH<br \/>\nUnit\u00e9s de vente : Article unique<br \/>\nTaille de l'emballage unique : 18X10X11 cm<br \/>\nPoids brut simple : 0,300 kg<\/p>\n<p><img decoding=\"async\" class=\"alignnone size-full\" src=\"http:\/\/wxnuohui.com\/wp-content\/uploads\/2025\/09\/detail_pic_0-175.png\" width=\"790\" alt=\"\"\/><\/p>\n<p><img decoding=\"async\" class=\"alignnone size-full\" src=\"http:\/\/wxnuohui.com\/wp-content\/uploads\/2025\/09\/detail_pic_1-180.png\" width=\"790\" alt=\"\"\/><\/p>\n<p><img decoding=\"async\" class=\"alignnone size-full\" src=\"http:\/\/wxnuohui.com\/wp-content\/uploads\/2025\/09\/detail_pic_2-174.png\" width=\"790\" alt=\"\"\/><\/p>\n<p><img decoding=\"async\" class=\"alignnone size-full\" src=\"http:\/\/wxnuohui.com\/wp-content\/uploads\/2025\/09\/detail_pic_3-374.jpg\" width=\"790\" alt=\"\"\/><\/p>\n<p><img decoding=\"async\" class=\"alignnone size-full\" src=\"http:\/\/wxnuohui.com\/wp-content\/uploads\/2025\/09\/detail_pic_4-132.png\" width=\"790\" alt=\"\"\/><\/p>\n<p><img decoding=\"async\" class=\"alignnone size-full\" src=\"http:\/\/wxnuohui.com\/wp-content\/uploads\/2025\/09\/detail_pic_5-478.jpg\" width=\"790\" alt=\"\"\/><\/p>\n<p><img decoding=\"async\" class=\"alignnone size-full\" src=\"http:\/\/wxnuohui.com\/wp-content\/uploads\/2025\/09\/detail_pic_6-129.png\" width=\"790\" alt=\"\"\/><\/p>\n<p><img decoding=\"async\" class=\"alignnone size-full\" src=\"http:\/\/wxnuohui.com\/wp-content\/uploads\/2025\/09\/detail_pic_7-207.png\" width=\"790\" alt=\"\"\/><\/p>\n<p><img decoding=\"async\" class=\"alignnone size-full\" src=\"http:\/\/wxnuohui.com\/wp-content\/uploads\/2025\/09\/detail_pic_8-290.jpg\" width=\"790\" alt=\"\"\/><\/p>\n<p><img decoding=\"async\" class=\"alignnone size-full\" src=\"http:\/\/wxnuohui.com\/wp-content\/uploads\/2025\/09\/detail_pic_9-244.jpg\" width=\"790\" alt=\"\"\/><\/p>\n<p><img decoding=\"async\" class=\"alignnone size-full\" src=\"http:\/\/wxnuohui.com\/wp-content\/uploads\/2025\/09\/detail_pic_10-508.jpg\" width=\"790\" alt=\"\"\/><\/p>\n<p><img decoding=\"async\" class=\"alignnone size-full\" src=\"http:\/\/wxnuohui.com\/wp-content\/uploads\/2025\/09\/detail_pic_11-503.jpg\" width=\"790\" alt=\"\"\/><\/p>\n<p><img decoding=\"async\" class=\"alignnone size-full\" src=\"http:\/\/wxnuohui.com\/wp-content\/uploads\/2025\/09\/detail_pic_12-19.png\" width=\"790\" alt=\"\"\/><\/p>\n<p><img decoding=\"async\" class=\"alignnone size-full\" src=\"http:\/\/wxnuohui.com\/wp-content\/uploads\/2025\/09\/detail_pic_13-415.jpg\" width=\"790\" alt=\"\"\/><\/p>\n<p><img decoding=\"async\" class=\"alignnone size-full\" src=\"http:\/\/wxnuohui.com\/wp-content\/uploads\/2025\/09\/detail_pic_14-224.jpg\" width=\"790\" alt=\"\"\/><\/p>\n<p><img decoding=\"async\" class=\"alignnone size-full\" src=\"http:\/\/wxnuohui.com\/wp-content\/uploads\/2025\/09\/detail_pic_15-408.jpg\" width=\"790\" alt=\"\"\/><\/p>","protected":false},"excerpt":{"rendered":"<p>Polo personnalis\u00e9 100% Polyester Quick Dry Custom Logo Embroidered Sport Golf Work Uniform Unisex Polo Shirt<\/p>","protected":false},"featured_media":15079,"template":"","meta":[],"product_brand":[],"product_cat":[26],"product_tag":[],"class_list":{"0":"post-15553","1":"product","2":"type-product","3":"status-publish","4":"has-post-thumbnail","6":"product_cat-polo-t-shirt","8":"first","9":"outofstock","10":"shipping-taxable","11":"product-type-variable"},"_links":{"self":[{"href":"https:\/\/wxnuohui.com\/fr\/wp-json\/wp\/v2\/product\/15553","targetHints":{"allow":["GET"]}}],"collection":[{"href":"https:\/\/wxnuohui.com\/fr\/wp-json\/wp\/v2\/product"}],"about":[{"href":"https:\/\/wxnuohui.com\/fr\/wp-json\/wp\/v2\/types\/product"}],"wp:featuredmedia":[{"embeddable":true,"href":"https:\/\/wxnuohui.com\/fr\/wp-json\/wp\/v2\/media\/15079"}],"wp:attachment":[{"href":"https:\/\/wxnuohui.com\/fr\/wp-json\/wp\/v2\/media?parent=15553"}],"wp:term":[{"taxonomy":"product_brand","embeddable":true,"href":"https:\/\/wxnuohui.com\/fr\/wp-json\/wp\/v2\/product_brand?post=15553"},{"taxonomy":"product_cat","embeddable":true,"href":"https:\/\/wxnuohui.com\/fr\/wp-json\/wp\/v2\/product_cat?post=15553"},{"taxonomy":"product_tag","embeddable":true,"href":"https:\/\/wxnuohui.com\/fr\/wp-json\/wp\/v2\/product_tag?post=15553"}],"curies":[{"name":"wp","href":"https:\/\/api.w.org\/{rel}","templated":true}]}}