{"id":15552,"date":"2025-09-14T03:13:18","date_gmt":"2025-09-14T03:13:18","guid":{"rendered":"https:\/\/wxnuohui.com\/product\/high-elastic-seamless-summer-mens-business-casual-short-sleeve-t-shirt-lapel-t-shirt-polo-shirt\/"},"modified":"2025-09-14T03:13:19","modified_gmt":"2025-09-14T03:13:19","slug":"high-elastic-seamless-summer-mens-business-casual-short-sleeve-t-shirt-lapel-t-shirt-polo-shirt","status":"publish","type":"product","link":"https:\/\/wxnuohui.com\/fr\/product\/high-elastic-seamless-summer-mens-business-casual-short-sleeve-t-shirt-lapel-t-shirt-polo-shirt\/","title":{"rendered":"T-shirt d'\u00e9t\u00e9 \u00e0 manches courtes pour hommes d'affaires d\u00e9contract\u00e9s T-shirt \u00e0 revers POLO Shirt"},"content":{"rendered":"<p>Type de tissu : Jersey<br \/>\nStyle des manches : Manches courtes<br \/>\nType de fourniture:Service Oem<br \/>\nCaract\u00e9ristique : respirant<br \/>\nStyle:D\u00e9contract\u00e9<br \/>\nM\u00e9thode de tissage : tricot\u00e9<br \/>\nD\u00e9tection de l'aiguille:Oui<br \/>\nLongueur : normale<br \/>\nDesign:Bouton<br \/>\n7 jours pour les commandes d'\u00e9chantillons<br \/>\nTechnique : teinture \u00e0 plat<br \/>\nMati\u00e8re:15%Spandex \/ 85%Nylon<br \/>\nType de motif:Solide<br \/>\nPoids du tissu : 180 grammes<br \/>\nGenre:Hommes<br \/>\nNum\u00e9ro de mod\u00e8le : Polo Shirts-719283061046<br \/>\nM\u00e9thodes d'impression:Aucune<br \/>\nLieu d'origine : Jiangsu, Chine<br \/>\nNom de marque:NH-545434250726<br \/>\nNom du produit : Chemise POLO \u00e0 haute \u00e9lasticit\u00e9<br \/>\nMots-cl\u00e9s:Chemise POLO<br \/>\nPaiement : Assurance commerciale<br \/>\nD\u00e9lai de livraison : 7-15 jours<br \/>\nEmballage:1pc\/sac d'emballage<br \/>\nService : 24 heures en ligne<br \/>\nD\u00e9lai d'\u00e9chantillonnage : 5~7 jours<br \/>\nENVOI:DHL FEDEX UPS EMS TNT<br \/>\n\u00c9chantillon:\u00c9chantillon disponible<br \/>\nImpression:Impression de motifs personnalis\u00e9s<br \/>\nUnit\u00e9s de vente : Article unique<br \/>\nTaille de l'emballage unique : 18X10X11 cm<br \/>\nPoids brut simple : 0,300 kg<\/p>\n<p><img decoding=\"async\" class=\"alignnone size-full\" src=\"http:\/\/wxnuohui.com\/wp-content\/uploads\/2025\/09\/detail_pic_0-336.jpg\" width=\"790\" alt=\"\"\/><\/p>\n<p><img decoding=\"async\" class=\"alignnone size-full\" src=\"http:\/\/wxnuohui.com\/wp-content\/uploads\/2025\/09\/detail_pic_1-335.jpg\" width=\"790\" alt=\"\"\/><\/p>\n<p><img decoding=\"async\" class=\"alignnone size-full\" src=\"http:\/\/wxnuohui.com\/wp-content\/uploads\/2025\/09\/detail_pic_2-340.jpg\" width=\"790\" alt=\"\"\/><\/p>\n<p><img decoding=\"async\" class=\"alignnone size-full\" src=\"http:\/\/wxnuohui.com\/wp-content\/uploads\/2025\/09\/detail_pic_3-373.jpg\" width=\"790\" alt=\"\"\/><\/p>\n<p><img decoding=\"async\" class=\"alignnone size-full\" src=\"http:\/\/wxnuohui.com\/wp-content\/uploads\/2025\/09\/detail_pic_4-377.jpg\" width=\"790\" alt=\"\"\/><\/p>\n<p><img decoding=\"async\" class=\"alignnone size-full\" src=\"http:\/\/wxnuohui.com\/wp-content\/uploads\/2025\/09\/detail_pic_5-477.jpg\" width=\"790\" alt=\"\"\/><\/p>\n<p><img decoding=\"async\" class=\"alignnone size-full\" src=\"http:\/\/wxnuohui.com\/wp-content\/uploads\/2025\/09\/detail_pic_6-389.jpg\" width=\"790\" alt=\"\"\/><\/p>\n<p><img decoding=\"async\" class=\"alignnone size-full\" src=\"http:\/\/wxnuohui.com\/wp-content\/uploads\/2025\/09\/detail_pic_7-311.jpg\" width=\"790\" alt=\"\"\/><\/p>\n<p><img decoding=\"async\" class=\"alignnone size-full\" src=\"http:\/\/wxnuohui.com\/wp-content\/uploads\/2025\/09\/detail_pic_8-289.jpg\" width=\"790\" alt=\"\"\/><\/p>\n<p><img decoding=\"async\" class=\"alignnone size-full\" src=\"http:\/\/wxnuohui.com\/wp-content\/uploads\/2025\/09\/detail_pic_9-274.png\" width=\"790\" alt=\"\"\/><\/p>\n<p><img decoding=\"async\" class=\"alignnone size-full\" src=\"http:\/\/wxnuohui.com\/wp-content\/uploads\/2025\/09\/detail_pic_10-507.jpg\" width=\"790\" alt=\"\"\/><\/p>\n<p><img decoding=\"async\" class=\"alignnone size-full\" src=\"http:\/\/wxnuohui.com\/wp-content\/uploads\/2025\/09\/detail_pic_11-502.jpg\" width=\"790\" alt=\"\"\/><\/p>\n<p><img decoding=\"async\" class=\"alignnone size-full\" src=\"http:\/\/wxnuohui.com\/wp-content\/uploads\/2025\/09\/detail_pic_12-487.jpg\" width=\"790\" alt=\"\"\/><\/p>\n<p><img decoding=\"async\" class=\"alignnone size-full\" src=\"http:\/\/wxnuohui.com\/wp-content\/uploads\/2025\/09\/detail_pic_13-414.jpg\" width=\"790\" alt=\"\"\/><\/p>\n<p><img decoding=\"async\" class=\"alignnone size-full\" src=\"http:\/\/wxnuohui.com\/wp-content\/uploads\/2025\/09\/detail_pic_14-208.png\" width=\"790\" alt=\"\"\/><\/p>\n<p><img decoding=\"async\" class=\"alignnone size-full\" src=\"http:\/\/wxnuohui.com\/wp-content\/uploads\/2025\/09\/detail_pic_15-407.jpg\" width=\"790\" alt=\"\"\/><\/p>\n<p><img decoding=\"async\" class=\"alignnone size-full\" src=\"http:\/\/wxnuohui.com\/wp-content\/uploads\/2025\/09\/detail_pic_16-350.jpg\" width=\"790\" alt=\"\"\/><\/p>\n<p><img decoding=\"async\" class=\"alignnone size-full\" src=\"http:\/\/wxnuohui.com\/wp-content\/uploads\/2025\/09\/detail_pic_17-333.jpg\" width=\"790\" alt=\"\"\/><\/p>","protected":false},"excerpt":{"rendered":"<p>T-shirt d'\u00e9t\u00e9 \u00e0 manches courtes pour hommes d'affaires d\u00e9contract\u00e9s T-shirt \u00e0 revers POLO Shirt<\/p>","protected":false},"featured_media":15054,"template":"","meta":[],"product_brand":[],"product_cat":[26],"product_tag":[],"class_list":{"0":"post-15552","1":"product","2":"type-product","3":"status-publish","4":"has-post-thumbnail","6":"product_cat-polo-t-shirt","8":"first","9":"outofstock","10":"shipping-taxable","11":"product-type-variable"},"_links":{"self":[{"href":"https:\/\/wxnuohui.com\/fr\/wp-json\/wp\/v2\/product\/15552","targetHints":{"allow":["GET"]}}],"collection":[{"href":"https:\/\/wxnuohui.com\/fr\/wp-json\/wp\/v2\/product"}],"about":[{"href":"https:\/\/wxnuohui.com\/fr\/wp-json\/wp\/v2\/types\/product"}],"wp:featuredmedia":[{"embeddable":true,"href":"https:\/\/wxnuohui.com\/fr\/wp-json\/wp\/v2\/media\/15054"}],"wp:attachment":[{"href":"https:\/\/wxnuohui.com\/fr\/wp-json\/wp\/v2\/media?parent=15552"}],"wp:term":[{"taxonomy":"product_brand","embeddable":true,"href":"https:\/\/wxnuohui.com\/fr\/wp-json\/wp\/v2\/product_brand?post=15552"},{"taxonomy":"product_cat","embeddable":true,"href":"https:\/\/wxnuohui.com\/fr\/wp-json\/wp\/v2\/product_cat?post=15552"},{"taxonomy":"product_tag","embeddable":true,"href":"https:\/\/wxnuohui.com\/fr\/wp-json\/wp\/v2\/product_tag?post=15552"}],"curies":[{"name":"wp","href":"https:\/\/api.w.org\/{rel}","templated":true}]}}