{"id":15524,"date":"2025-09-14T03:12:49","date_gmt":"2025-09-14T03:12:49","guid":{"rendered":"https:\/\/wxnuohui.com\/product\/top-quality-breathable-sports-casual-mens-summer-cotton-polo-shirt\/"},"modified":"2025-09-14T03:12:50","modified_gmt":"2025-09-14T03:12:50","slug":"top-quality-breathable-sports-casual-mens-summer-cotton-polo-shirt","status":"publish","type":"product","link":"https:\/\/wxnuohui.com\/fr\/product\/top-quality-breathable-sports-casual-mens-summer-cotton-polo-shirt\/","title":{"rendered":"Polo d'\u00e9t\u00e9 en coton de qualit\u00e9 sup\u00e9rieure, respirant, sportif et d\u00e9contract\u00e9 pour hommes"},"content":{"rendered":"<p>Type de tissu : Jersey<br \/>\nStyle des manches : Manches courtes<br \/>\nType de fourniture:Service Oem<br \/>\nCaract\u00e9ristique : Anti-rides<br \/>\nStyle:D\u00e9contract\u00e9<br \/>\nM\u00e9thode de tissage : tricot\u00e9<br \/>\nD\u00e9tection de l'aiguille:Oui<br \/>\nLongueur : normale<br \/>\nDesign:Bouton<br \/>\n7 jours pour les commandes d'\u00e9chantillons<br \/>\nTechnique : teinture \u00e0 plat<br \/>\nMati\u00e8re : Polyester \/ Coton<br \/>\nType de motif:Solide<br \/>\nPoids du tissu : 180 grammes<br \/>\nGenre:Hommes<br \/>\nNum\u00e9ro de mod\u00e8le : Polo T Shirt<br \/>\nM\u00e9thodes d'impression : s\u00e9rigraphie<br \/>\nLieu d'origine : Jiangsu, Chine<br \/>\nNom de marque:NH<br \/>\nNom du produit : Polo d'\u00e9t\u00e9 en coton pour hommes<br \/>\nMots-cl\u00e9s:Polo en coton<br \/>\nPaiement : Assurance commerciale<br \/>\nD\u00e9lai de livraison : 7-15 jours<br \/>\nEmballage:1pc\/sac d'emballage<br \/>\nService : 24 heures en ligne<br \/>\nD\u00e9lai d'\u00e9chantillonnage : 5~7 jours<br \/>\nENVOI:DHL FEDEX UPS EMS TNT<br \/>\n\u00c9chantillon:\u00c9chantillon disponible<br \/>\nImpression:Impression de motifs personnalis\u00e9s<br \/>\nUnit\u00e9s de vente : Article unique<br \/>\nTaille de l'emballage unique : 18X10X11 cm<br \/>\nPoids brut simple : 0,300 kg<\/p>\n<p><img decoding=\"async\" class=\"alignnone size-full\" src=\"http:\/\/wxnuohui.com\/wp-content\/uploads\/2025\/09\/detail_pic_0-155.png\" width=\"790\" alt=\"\"\/><\/p>\n<p><img decoding=\"async\" class=\"alignnone size-full\" src=\"http:\/\/wxnuohui.com\/wp-content\/uploads\/2025\/09\/detail_pic_1-157.png\" width=\"790\" alt=\"\"\/><\/p>\n<p><img decoding=\"async\" class=\"alignnone size-full\" src=\"http:\/\/wxnuohui.com\/wp-content\/uploads\/2025\/09\/detail_pic_2-151.png\" width=\"790\" alt=\"\"\/><\/p>\n<p><img decoding=\"async\" class=\"alignnone size-full\" src=\"http:\/\/wxnuohui.com\/wp-content\/uploads\/2025\/09\/detail_pic_3-114.png\" width=\"790\" alt=\"\"\/><\/p>\n<p><img decoding=\"async\" class=\"alignnone size-full\" src=\"http:\/\/wxnuohui.com\/wp-content\/uploads\/2025\/09\/detail_pic_4-109.png\" width=\"790\" alt=\"\"\/><\/p>\n<p><img decoding=\"async\" class=\"alignnone size-full\" src=\"http:\/\/wxnuohui.com\/wp-content\/uploads\/2025\/09\/detail_pic_5-449.jpg\" width=\"790\" alt=\"\"\/><\/p>\n<p><img decoding=\"async\" class=\"alignnone size-full\" src=\"http:\/\/wxnuohui.com\/wp-content\/uploads\/2025\/09\/detail_pic_6-362.jpg\" width=\"790\" alt=\"\"\/><\/p>\n<p><img decoding=\"async\" class=\"alignnone size-full\" src=\"http:\/\/wxnuohui.com\/wp-content\/uploads\/2025\/09\/detail_pic_7-284.jpg\" width=\"790\" alt=\"\"\/><\/p>\n<p><img decoding=\"async\" class=\"alignnone size-full\" src=\"http:\/\/wxnuohui.com\/wp-content\/uploads\/2025\/09\/detail_pic_8-263.jpg\" width=\"790\" alt=\"\"\/><\/p>\n<p><img decoding=\"async\" class=\"alignnone size-full\" src=\"http:\/\/wxnuohui.com\/wp-content\/uploads\/2025\/09\/detail_pic_9-249.png\" width=\"790\" alt=\"\"\/><\/p>\n<p><img decoding=\"async\" class=\"alignnone size-full\" src=\"http:\/\/wxnuohui.com\/wp-content\/uploads\/2025\/09\/detail_pic_10-479.jpg\" width=\"790\" alt=\"\"\/><\/p>\n<p><img decoding=\"async\" class=\"alignnone size-full\" src=\"http:\/\/wxnuohui.com\/wp-content\/uploads\/2025\/09\/detail_pic_11-474.jpg\" width=\"790\" alt=\"\"\/><\/p>\n<p><img decoding=\"async\" class=\"alignnone size-full\" src=\"http:\/\/wxnuohui.com\/wp-content\/uploads\/2025\/09\/detail_pic_12-459.jpg\" width=\"790\" alt=\"\"\/><\/p>","protected":false},"excerpt":{"rendered":"<p>Polo d'\u00e9t\u00e9 en coton de qualit\u00e9 sup\u00e9rieure, respirant, sportif et d\u00e9contract\u00e9 pour hommes<\/p>","protected":false},"featured_media":14470,"template":"","meta":[],"product_brand":[],"product_cat":[26],"product_tag":[],"class_list":{"0":"post-15524","1":"product","2":"type-product","3":"status-publish","4":"has-post-thumbnail","6":"product_cat-polo-t-shirt","8":"first","9":"outofstock","10":"shipping-taxable","11":"product-type-variable"},"_links":{"self":[{"href":"https:\/\/wxnuohui.com\/fr\/wp-json\/wp\/v2\/product\/15524","targetHints":{"allow":["GET"]}}],"collection":[{"href":"https:\/\/wxnuohui.com\/fr\/wp-json\/wp\/v2\/product"}],"about":[{"href":"https:\/\/wxnuohui.com\/fr\/wp-json\/wp\/v2\/types\/product"}],"wp:featuredmedia":[{"embeddable":true,"href":"https:\/\/wxnuohui.com\/fr\/wp-json\/wp\/v2\/media\/14470"}],"wp:attachment":[{"href":"https:\/\/wxnuohui.com\/fr\/wp-json\/wp\/v2\/media?parent=15524"}],"wp:term":[{"taxonomy":"product_brand","embeddable":true,"href":"https:\/\/wxnuohui.com\/fr\/wp-json\/wp\/v2\/product_brand?post=15524"},{"taxonomy":"product_cat","embeddable":true,"href":"https:\/\/wxnuohui.com\/fr\/wp-json\/wp\/v2\/product_cat?post=15524"},{"taxonomy":"product_tag","embeddable":true,"href":"https:\/\/wxnuohui.com\/fr\/wp-json\/wp\/v2\/product_tag?post=15524"}],"curies":[{"name":"wp","href":"https:\/\/api.w.org\/{rel}","templated":true}]}}