{"id":13870,"date":"2025-09-13T13:50:24","date_gmt":"2025-09-13T13:50:24","guid":{"rendered":"https:\/\/wxnuohui.com\/product\/ready-to-ship-wholesale-latest-design-luxury-women-velour-tracksuit\/"},"modified":"2025-09-13T13:50:24","modified_gmt":"2025-09-13T13:50:24","slug":"ready-to-ship-wholesale-latest-design-luxury-women-velour-tracksuit","status":"publish","type":"product","link":"https:\/\/wxnuohui.com\/fr\/product\/ready-to-ship-wholesale-latest-design-luxury-women-velour-tracksuit\/","title":{"rendered":"Pr\u00eat \u00e0 exp\u00e9dier en gros Dernier design Luxury Women Velour Tracksuit"},"content":{"rendered":"<p>Caract\u00e9ristiques : respirant, respectueux de l'environnement<br \/>\nGroupe d'\u00e2ge : Adultes<br \/>\nSaison:Automne<br \/>\nLongueur : pleine longueur<br \/>\nLongueur de la manche (cm) : pleine<br \/>\nM\u00e9thodes d'impression : s\u00e9rigraphie<br \/>\nType de coupe:Regular<br \/>\nType de fermeture : Cordon de serrage<br \/>\nEpaisseur:Polaire<br \/>\nStyle:Sets<br \/>\nType de fourniture:Service Oem<br \/>\nMati\u00e8re:Velours<br \/>\n7 jours pour les commandes d'\u00e9chantillons<br \/>\nGenre:Femmes<br \/>\nTechniques:Autres<br \/>\nPoids du tissu : 300 grammes<br \/>\nQuantit\u00e9 disponible : 5000<br \/>\nNum\u00e9ro de mod\u00e8le : 19<br \/>\nLieu d'origine : Jiangsu, Chine<br \/>\nNom de marque:NH<br \/>\nNom du produit : Surv\u00eatement en velours pour femmes<br \/>\nMots-cl\u00e9s:Surv\u00eatement en velours<br \/>\nService : 24 heures en ligne<br \/>\nPaiement : Assurance commerciale<br \/>\nImpression:Impression de motifs personnalis\u00e9s<br \/>\n\u00c9chantillon : 3-5 jours<br \/>\nEmballage:1pc\/polybag<br \/>\nD\u00e9lai de livraison : 7~15 jours<br \/>\n\u00c9tiquette et logo:Accpet Personnalis\u00e9<br \/>\nExp\u00e9dition:DHLEMSUPSFEDEXpar Seaby Air<br \/>\nUnit\u00e9s de vente : Article unique<br \/>\nTaille de l'emballage unique : 23X13X16 cm<br \/>\nPoids brut simple : 0,600 kg<\/p>\n<p><img decoding=\"async\" class=\"alignnone size-full\" src=\"http:\/\/wxnuohui.com\/wp-content\/uploads\/2025\/09\/detail_pic_0-301.jpg\" width=\"790\" alt=\"\"\/><\/p>\n<p><img decoding=\"async\" class=\"alignnone size-full\" src=\"http:\/\/wxnuohui.com\/wp-content\/uploads\/2025\/09\/detail_pic_1-307.jpg\" width=\"790\" alt=\"\"\/><\/p>\n<p><img decoding=\"async\" class=\"alignnone size-full\" src=\"http:\/\/wxnuohui.com\/wp-content\/uploads\/2025\/09\/detail_pic_2-314.jpg\" width=\"790\" alt=\"\"\/><\/p>\n<p><img decoding=\"async\" class=\"alignnone size-full\" src=\"http:\/\/wxnuohui.com\/wp-content\/uploads\/2025\/09\/detail_pic_3-349.jpg\" width=\"790\" alt=\"\"\/><\/p>\n<p><img decoding=\"async\" class=\"alignnone size-full\" src=\"http:\/\/wxnuohui.com\/wp-content\/uploads\/2025\/09\/detail_pic_4-352.jpg\" width=\"790\" alt=\"\"\/><\/p>\n<p><img decoding=\"async\" class=\"alignnone size-full\" src=\"http:\/\/wxnuohui.com\/wp-content\/uploads\/2025\/09\/detail_pic_5-402.jpg\" width=\"790\" alt=\"\"\/><\/p>\n<p><img decoding=\"async\" class=\"alignnone size-full\" src=\"http:\/\/wxnuohui.com\/wp-content\/uploads\/2025\/09\/detail_pic_6-313.jpg\" width=\"790\" alt=\"\"\/><\/p>\n<p><img decoding=\"async\" class=\"alignnone size-full\" src=\"http:\/\/wxnuohui.com\/wp-content\/uploads\/2025\/09\/detail_pic_7-237.jpg\" width=\"790\" alt=\"\"\/><\/p>\n<p><img decoding=\"async\" class=\"alignnone size-full\" src=\"http:\/\/wxnuohui.com\/wp-content\/uploads\/2025\/09\/detail_pic_8-223.jpg\" width=\"790\" alt=\"\"\/><\/p>\n<p><img decoding=\"async\" class=\"alignnone size-full\" src=\"http:\/\/wxnuohui.com\/wp-content\/uploads\/2025\/09\/detail_pic_9-231.jpg\" width=\"790\" alt=\"\"\/><\/p>\n<p><img decoding=\"async\" class=\"alignnone size-full\" src=\"http:\/\/wxnuohui.com\/wp-content\/uploads\/2025\/09\/detail_pic_10-430.jpg\" width=\"790\" alt=\"\"\/><\/p>\n<p><img decoding=\"async\" class=\"alignnone size-full\" src=\"http:\/\/wxnuohui.com\/wp-content\/uploads\/2025\/09\/detail_pic_11-18.png\" width=\"790\" alt=\"\"\/><\/p>\n<p><img decoding=\"async\" class=\"alignnone size-full\" src=\"http:\/\/wxnuohui.com\/wp-content\/uploads\/2025\/09\/detail_pic_12-413.jpg\" width=\"790\" alt=\"\"\/><\/p>\n<p><img decoding=\"async\" class=\"alignnone size-full\" src=\"http:\/\/wxnuohui.com\/wp-content\/uploads\/2025\/09\/detail_pic_13-388.jpg\" width=\"790\" alt=\"\"\/><\/p>\n<p><img decoding=\"async\" class=\"alignnone size-full\" src=\"http:\/\/wxnuohui.com\/wp-content\/uploads\/2025\/09\/detail_pic_14-217.jpg\" width=\"790\" alt=\"\"\/><\/p>","protected":false},"excerpt":{"rendered":"<p>Pr\u00eat \u00e0 exp\u00e9dier en gros Dernier design Luxury Women Velour Tracksuit<\/p>","protected":false},"featured_media":13323,"template":"","meta":[],"product_brand":[],"product_cat":[25],"product_tag":[],"class_list":{"0":"post-13870","1":"product","2":"type-product","3":"status-publish","4":"has-post-thumbnail","6":"product_cat-jogging-suits-tracksuits","8":"first","9":"outofstock","10":"shipping-taxable","11":"product-type-variable"},"_links":{"self":[{"href":"https:\/\/wxnuohui.com\/fr\/wp-json\/wp\/v2\/product\/13870","targetHints":{"allow":["GET"]}}],"collection":[{"href":"https:\/\/wxnuohui.com\/fr\/wp-json\/wp\/v2\/product"}],"about":[{"href":"https:\/\/wxnuohui.com\/fr\/wp-json\/wp\/v2\/types\/product"}],"wp:featuredmedia":[{"embeddable":true,"href":"https:\/\/wxnuohui.com\/fr\/wp-json\/wp\/v2\/media\/13323"}],"wp:attachment":[{"href":"https:\/\/wxnuohui.com\/fr\/wp-json\/wp\/v2\/media?parent=13870"}],"wp:term":[{"taxonomy":"product_brand","embeddable":true,"href":"https:\/\/wxnuohui.com\/fr\/wp-json\/wp\/v2\/product_brand?post=13870"},{"taxonomy":"product_cat","embeddable":true,"href":"https:\/\/wxnuohui.com\/fr\/wp-json\/wp\/v2\/product_cat?post=13870"},{"taxonomy":"product_tag","embeddable":true,"href":"https:\/\/wxnuohui.com\/fr\/wp-json\/wp\/v2\/product_tag?post=13870"}],"curies":[{"name":"wp","href":"https:\/\/api.w.org\/{rel}","templated":true}]}}