{"id":13863,"date":"2025-09-13T13:50:18","date_gmt":"2025-09-13T13:50:18","guid":{"rendered":"https:\/\/wxnuohui.com\/product\/stylish-custom-casual-comfortable-sets-autumn-womens-baggy-hoodie-tracksuits\/"},"modified":"2025-09-13T13:50:19","modified_gmt":"2025-09-13T13:50:19","slug":"stylish-custom-casual-comfortable-sets-autumn-womens-baggy-hoodie-tracksuits","status":"publish","type":"product","link":"https:\/\/wxnuohui.com\/fr\/product\/stylish-custom-casual-comfortable-sets-autumn-womens-baggy-hoodie-tracksuits\/","title":{"rendered":"Stylish Custom Casual Comfortable Sets Autumn Womens Baggy Hoodie Tracksuits"},"content":{"rendered":"<p>Caract\u00e9ristiques : respirant, \u00e9cologique, antistatique<br \/>\nGroupe d'\u00e2ge : Adultes<br \/>\nSaison:Automne<br \/>\nLongueur : pleine longueur<br \/>\nLongueur de la manche (cm) : pleine<br \/>\nM\u00e9thodes d'impression:Autres<br \/>\nType de coupe:Regular<br \/>\nType de fermeture : Cordon de serrage<br \/>\nEpaisseur:Polaire<br \/>\nStyle:Sets<br \/>\nType de fourniture:Service Oem<br \/>\nMati\u00e8re : velours c\u00f4tel\u00e9\/coton<br \/>\n7 jours pour les commandes d'\u00e9chantillons<br \/>\nGenre:Femmes<br \/>\nTechniques:Aucune<br \/>\nPoids du tissu : 280 grammes<br \/>\nQuantit\u00e9 disponible : 5000<br \/>\nNum\u00e9ro de mod\u00e8le : HN-651046271397<br \/>\nLieu d'origine : Jiangsu, Chine<br \/>\nNom de marque:HN<br \/>\nNom du produit : Autumn Womens Baggy Hoodie Tracksuits<br \/>\nMots cl\u00e9s:Hoodie Tracksuit Women<br \/>\nService : 24 heures en ligne<br \/>\nPaiement : Assurance commerciale<br \/>\nImpression:Impression de motifs personnalis\u00e9s<br \/>\n\u00c9chantillon : 3-5 jours<br \/>\nEmballage:1pc\/polybag<br \/>\nD\u00e9lai de livraison : 7~15 jours<br \/>\n\u00c9tiquette et logo:Accpet Personnalis\u00e9<br \/>\nExp\u00e9dition:DHLEMSUPSFEDEXpar Seaby Air<br \/>\nUnit\u00e9s de vente : Article unique<br \/>\nTaille de l'emballage unique : 26X15X18 cm<br \/>\nPoids brut simple : 0,700 kg<\/p>\n<p><img decoding=\"async\" class=\"alignnone size-full\" src=\"http:\/\/wxnuohui.com\/wp-content\/uploads\/2025\/09\/detail_pic_0-295.jpg\" width=\"790\" alt=\"\"\/><\/p>\n<p><img decoding=\"async\" class=\"alignnone size-full\" src=\"http:\/\/wxnuohui.com\/wp-content\/uploads\/2025\/09\/detail_pic_1-301.jpg\" width=\"790\" alt=\"\"\/><\/p>\n<p><img decoding=\"async\" class=\"alignnone size-full\" src=\"http:\/\/wxnuohui.com\/wp-content\/uploads\/2025\/09\/detail_pic_2-308.jpg\" width=\"790\" alt=\"\"\/><\/p>\n<p><img decoding=\"async\" class=\"alignnone size-full\" src=\"http:\/\/wxnuohui.com\/wp-content\/uploads\/2025\/09\/detail_pic_3-343.jpg\" width=\"790\" alt=\"\"\/><\/p>\n<p><img decoding=\"async\" class=\"alignnone size-full\" src=\"http:\/\/wxnuohui.com\/wp-content\/uploads\/2025\/09\/detail_pic_4-346.jpg\" width=\"790\" alt=\"\"\/><\/p>\n<p><img decoding=\"async\" class=\"alignnone size-full\" src=\"http:\/\/wxnuohui.com\/wp-content\/uploads\/2025\/09\/detail_pic_5-396.jpg\" width=\"790\" alt=\"\"\/><\/p>\n<p><img decoding=\"async\" class=\"alignnone size-full\" src=\"http:\/\/wxnuohui.com\/wp-content\/uploads\/2025\/09\/detail_pic_6-307.jpg\" width=\"790\" alt=\"\"\/><\/p>\n<p><img decoding=\"async\" class=\"alignnone size-full\" src=\"http:\/\/wxnuohui.com\/wp-content\/uploads\/2025\/09\/detail_pic_7-233.jpg\" width=\"790\" alt=\"\"\/><\/p>\n<p><img decoding=\"async\" class=\"alignnone size-full\" src=\"http:\/\/wxnuohui.com\/wp-content\/uploads\/2025\/09\/detail_pic_8-220.jpg\" width=\"790\" alt=\"\"\/><\/p>\n<p><img decoding=\"async\" class=\"alignnone size-full\" src=\"http:\/\/wxnuohui.com\/wp-content\/uploads\/2025\/09\/detail_pic_9-230.jpg\" width=\"790\" alt=\"\"\/><\/p>\n<p><img decoding=\"async\" class=\"alignnone size-full\" src=\"http:\/\/wxnuohui.com\/wp-content\/uploads\/2025\/09\/detail_pic_10-424.jpg\" width=\"790\" alt=\"\"\/><\/p>\n<p><img decoding=\"async\" class=\"alignnone size-full\" src=\"http:\/\/wxnuohui.com\/wp-content\/uploads\/2025\/09\/detail_pic_11-17.png\" width=\"790\" alt=\"\"\/><\/p>\n<p><img decoding=\"async\" class=\"alignnone size-full\" src=\"http:\/\/wxnuohui.com\/wp-content\/uploads\/2025\/09\/detail_pic_12-407.jpg\" width=\"790\" alt=\"\"\/><\/p>\n<p><img decoding=\"async\" class=\"alignnone size-full\" src=\"http:\/\/wxnuohui.com\/wp-content\/uploads\/2025\/09\/detail_pic_13-382.jpg\" width=\"790\" alt=\"\"\/><\/p>\n<p><img decoding=\"async\" class=\"alignnone size-full\" src=\"http:\/\/wxnuohui.com\/wp-content\/uploads\/2025\/09\/detail_pic_14-216.jpg\" width=\"790\" alt=\"\"\/><\/p>","protected":false},"excerpt":{"rendered":"<p>Stylish Custom Casual Comfortable Sets Autumn Womens Baggy Hoodie Tracksuits<\/p>","protected":false},"featured_media":13164,"template":"","meta":[],"product_brand":[],"product_cat":[25],"product_tag":[],"class_list":{"0":"post-13863","1":"product","2":"type-product","3":"status-publish","4":"has-post-thumbnail","6":"product_cat-jogging-suits-tracksuits","8":"first","9":"outofstock","10":"shipping-taxable","11":"product-type-variable"},"_links":{"self":[{"href":"https:\/\/wxnuohui.com\/fr\/wp-json\/wp\/v2\/product\/13863","targetHints":{"allow":["GET"]}}],"collection":[{"href":"https:\/\/wxnuohui.com\/fr\/wp-json\/wp\/v2\/product"}],"about":[{"href":"https:\/\/wxnuohui.com\/fr\/wp-json\/wp\/v2\/types\/product"}],"wp:featuredmedia":[{"embeddable":true,"href":"https:\/\/wxnuohui.com\/fr\/wp-json\/wp\/v2\/media\/13164"}],"wp:attachment":[{"href":"https:\/\/wxnuohui.com\/fr\/wp-json\/wp\/v2\/media?parent=13863"}],"wp:term":[{"taxonomy":"product_brand","embeddable":true,"href":"https:\/\/wxnuohui.com\/fr\/wp-json\/wp\/v2\/product_brand?post=13863"},{"taxonomy":"product_cat","embeddable":true,"href":"https:\/\/wxnuohui.com\/fr\/wp-json\/wp\/v2\/product_cat?post=13863"},{"taxonomy":"product_tag","embeddable":true,"href":"https:\/\/wxnuohui.com\/fr\/wp-json\/wp\/v2\/product_tag?post=13863"}],"curies":[{"name":"wp","href":"https:\/\/api.w.org\/{rel}","templated":true}]}}