{"id":13855,"date":"2025-09-13T13:50:11","date_gmt":"2025-09-13T13:50:11","guid":{"rendered":"https:\/\/wxnuohui.com\/product\/wholesale-hot-sale-high-quality-famous-brand-men-casual-custom-logo-sports-sweat-suit-tracksuits\/"},"modified":"2025-09-13T13:50:12","modified_gmt":"2025-09-13T13:50:12","slug":"wholesale-hot-sale-high-quality-famous-brand-men-casual-custom-logo-sports-sweat-suit-tracksuits","status":"publish","type":"product","link":"https:\/\/wxnuohui.com\/fr\/product\/wholesale-hot-sale-high-quality-famous-brand-men-casual-custom-logo-sports-sweat-suit-tracksuits\/","title":{"rendered":"Wholesale Hot Sale High Quality Famous Brand Men Casual Custom Logo Sports Sweat Suit Tracksuits"},"content":{"rendered":"<p>Caract\u00e9ristiques : respirant, \u00e9cologique, coupe-vent, antistatique<br \/>\nGroupe d'\u00e2ge : Adultes<br \/>\nSaison:Automne<br \/>\nLongueur : pleine longueur<br \/>\nLongueur de la manche (cm) : pleine<br \/>\nM\u00e9thodes d'impression:Aucune<br \/>\nType de coupe:Regular<br \/>\nType de fermeture : Cordon de serrage<br \/>\n\u00c9paisseur:Poids moyen<br \/>\nStyle:Sets<br \/>\nType de fourniture:Service Oem<br \/>\nMati\u00e8re:100% Polyester<br \/>\n7 jours pour les commandes d'\u00e9chantillons<br \/>\nGenre:Hommes<br \/>\nTechniques:Autres<br \/>\nPoids du tissu : 320 grammes<br \/>\nQuantit\u00e9 disponible : 5000<br \/>\nNum\u00e9ro de mod\u00e8le : Surv\u00eatements sur mesure-664373556739<br \/>\nLieu d'origine : Jiangsu, Chine<br \/>\nNom de marque:NH-659800095149<br \/>\nNom du produit : Sweat Sports Suits Tracksuits pour hommes, d\u00e9contract\u00e9s, avec logo personnalis\u00e9<br \/>\nMots-cl\u00e9s:Surv\u00eatements personnalis\u00e9s<br \/>\nService : 24 heures en ligne<br \/>\nPaiement : Assurance commerciale<br \/>\nImpression:Impression de motifs personnalis\u00e9s<br \/>\n\u00c9chantillon : 3-5 jours<br \/>\nEmballage:1pc\/polybag<br \/>\nD\u00e9lai de livraison : 7~15 jours<br \/>\n\u00c9tiquette et logo:Accpet Personnalis\u00e9<br \/>\nExp\u00e9dition:DHLEMSUPSFEDEXpar Seaby Air<br \/>\nUnit\u00e9s de vente : Article unique<br \/>\nTaille de l'emballage unique : 26X15X18 cm<br \/>\nPoids brut simple : 1 200 kg<\/p>\n<p><img decoding=\"async\" class=\"alignnone size-full\" src=\"http:\/\/wxnuohui.com\/wp-content\/uploads\/2025\/09\/detail_pic_0-290.jpg\" width=\"790\" alt=\"\"\/><\/p>\n<p><img decoding=\"async\" class=\"alignnone size-full\" src=\"http:\/\/wxnuohui.com\/wp-content\/uploads\/2025\/09\/detail_pic_1-296.jpg\" width=\"790\" alt=\"\"\/><\/p>\n<p><img decoding=\"async\" class=\"alignnone size-full\" src=\"http:\/\/wxnuohui.com\/wp-content\/uploads\/2025\/09\/detail_pic_2-303.jpg\" width=\"790\" alt=\"\"\/><\/p>\n<p><img decoding=\"async\" class=\"alignnone size-full\" src=\"http:\/\/wxnuohui.com\/wp-content\/uploads\/2025\/09\/detail_pic_3-338.jpg\" width=\"790\" alt=\"\"\/><\/p>\n<p><img decoding=\"async\" class=\"alignnone size-full\" src=\"http:\/\/wxnuohui.com\/wp-content\/uploads\/2025\/09\/detail_pic_4-341.jpg\" width=\"790\" alt=\"\"\/><\/p>\n<p><img decoding=\"async\" class=\"alignnone size-full\" src=\"http:\/\/wxnuohui.com\/wp-content\/uploads\/2025\/09\/detail_pic_5-391.jpg\" width=\"790\" alt=\"\"\/><\/p>\n<p><img decoding=\"async\" class=\"alignnone size-full\" src=\"http:\/\/wxnuohui.com\/wp-content\/uploads\/2025\/09\/detail_pic_6-302.jpg\" width=\"790\" alt=\"\"\/><\/p>\n<p><img decoding=\"async\" class=\"alignnone size-full\" src=\"http:\/\/wxnuohui.com\/wp-content\/uploads\/2025\/09\/detail_pic_7-229.jpg\" width=\"790\" alt=\"\"\/><\/p>\n<p><img decoding=\"async\" class=\"alignnone size-full\" src=\"http:\/\/wxnuohui.com\/wp-content\/uploads\/2025\/09\/detail_pic_8-209.png\" width=\"790\" alt=\"\"\/><\/p>\n<p><img decoding=\"async\" class=\"alignnone size-full\" src=\"http:\/\/wxnuohui.com\/wp-content\/uploads\/2025\/09\/detail_pic_9-199.png\" width=\"790\" alt=\"\"\/><\/p>\n<p><img decoding=\"async\" class=\"alignnone size-full\" src=\"http:\/\/wxnuohui.com\/wp-content\/uploads\/2025\/09\/detail_pic_10-417.jpg\" width=\"790\" alt=\"\"\/><\/p>\n<p><img decoding=\"async\" class=\"alignnone size-full\" src=\"http:\/\/wxnuohui.com\/wp-content\/uploads\/2025\/09\/detail_pic_11-415.jpg\" width=\"790\" alt=\"\"\/><\/p>\n<p><img decoding=\"async\" class=\"alignnone size-full\" src=\"http:\/\/wxnuohui.com\/wp-content\/uploads\/2025\/09\/detail_pic_12-401.jpg\" width=\"790\" alt=\"\"\/><\/p>\n<p><img decoding=\"async\" class=\"alignnone size-full\" src=\"http:\/\/wxnuohui.com\/wp-content\/uploads\/2025\/09\/detail_pic_13-376.jpg\" width=\"790\" alt=\"\"\/><\/p>\n<p><img decoding=\"async\" class=\"alignnone size-full\" src=\"http:\/\/wxnuohui.com\/wp-content\/uploads\/2025\/09\/detail_pic_14-180.png\" width=\"790\" alt=\"\"\/><\/p>\n<p><img decoding=\"async\" class=\"alignnone size-full\" src=\"http:\/\/wxnuohui.com\/wp-content\/uploads\/2025\/09\/detail_pic_15-374.jpg\" width=\"790\" alt=\"\"\/><\/p>\n<p><img decoding=\"async\" class=\"alignnone size-full\" src=\"http:\/\/wxnuohui.com\/wp-content\/uploads\/2025\/09\/detail_pic_16-321.jpg\" width=\"790\" alt=\"\"\/><\/p>\n<p><img decoding=\"async\" class=\"alignnone size-full\" src=\"http:\/\/wxnuohui.com\/wp-content\/uploads\/2025\/09\/detail_pic_17-305.jpg\" width=\"790\" alt=\"\"\/><\/p>","protected":false},"excerpt":{"rendered":"<p>Wholesale Hot Sale High Quality Famous Brand Men Casual Custom Logo Sports Sweat Suit Tracksuits<\/p>","protected":false},"featured_media":12991,"template":"","meta":[],"product_brand":[],"product_cat":[25],"product_tag":[],"class_list":{"0":"post-13855","1":"product","2":"type-product","3":"status-publish","4":"has-post-thumbnail","6":"product_cat-jogging-suits-tracksuits","8":"first","9":"outofstock","10":"shipping-taxable","11":"product-type-variable"},"_links":{"self":[{"href":"https:\/\/wxnuohui.com\/fr\/wp-json\/wp\/v2\/product\/13855","targetHints":{"allow":["GET"]}}],"collection":[{"href":"https:\/\/wxnuohui.com\/fr\/wp-json\/wp\/v2\/product"}],"about":[{"href":"https:\/\/wxnuohui.com\/fr\/wp-json\/wp\/v2\/types\/product"}],"wp:featuredmedia":[{"embeddable":true,"href":"https:\/\/wxnuohui.com\/fr\/wp-json\/wp\/v2\/media\/12991"}],"wp:attachment":[{"href":"https:\/\/wxnuohui.com\/fr\/wp-json\/wp\/v2\/media?parent=13855"}],"wp:term":[{"taxonomy":"product_brand","embeddable":true,"href":"https:\/\/wxnuohui.com\/fr\/wp-json\/wp\/v2\/product_brand?post=13855"},{"taxonomy":"product_cat","embeddable":true,"href":"https:\/\/wxnuohui.com\/fr\/wp-json\/wp\/v2\/product_cat?post=13855"},{"taxonomy":"product_tag","embeddable":true,"href":"https:\/\/wxnuohui.com\/fr\/wp-json\/wp\/v2\/product_tag?post=13855"}],"curies":[{"name":"wp","href":"https:\/\/api.w.org\/{rel}","templated":true}]}}