{"id":12429,"date":"2025-09-13T10:56:00","date_gmt":"2025-09-13T10:56:00","guid":{"rendered":"https:\/\/wxnuohui.com\/product\/good-quality-long-hoodies-winter-warm-fleece-men-blank-100-polyester-oversize-solid-color-hoodie\/"},"modified":"2025-09-13T10:56:01","modified_gmt":"2025-09-13T10:56:01","slug":"good-quality-long-hoodies-winter-warm-fleece-men-blank-100-polyester-oversize-solid-color-hoodie","status":"publish","type":"product","link":"https:\/\/wxnuohui.com\/fr\/product\/good-quality-long-hoodies-winter-warm-fleece-men-blank-100-polyester-oversize-solid-color-hoodie\/","title":{"rendered":"Good Quality Long Hoodies Winter Warm Fleece Men Blank 100% Polyester Oversize Solid Color Hoodie"},"content":{"rendered":"<p>7 jours pour les commandes d'\u00e9chantillons<br \/>\nDesign:Doubl\u00e9<br \/>\nStyle des manches:R\u00e9guli\u00e8res<br \/>\nD\u00e9tection de l'aiguille:Oui<br \/>\nM\u00e9thode de tissage : tiss\u00e9<br \/>\nType de motif:Impression<br \/>\nPoids du tissu : 280 grammes<br \/>\nM\u00e9thodes d'impression:Aucune<br \/>\nType:Pull<br \/>\nType de coupe:Coupe r\u00e9guli\u00e8re<br \/>\nLongueur : normale<br \/>\nType de fourniture:Service Oem<br \/>\nTechnique : teinture \u00e0 plat<br \/>\nCol : \u00e0 capuche<br \/>\nStyle:Pullover<br \/>\nSaison:Hiver<br \/>\nCaract\u00e9ristiques : anti-froissage, anti-boulochage, respirant, coupe-vent, anti-r\u00e9tr\u00e9cissement.<br \/>\nType de tissu : Polaire<br \/>\nMati\u00e8re:100%Polyester<br \/>\nPosition du logo:Avant<br \/>\nGenre:Hommes<br \/>\nNum\u00e9ro de mod\u00e8le : Men Blank Hoodie<br \/>\nLieu d'origine : Jiangsu, Chine<br \/>\nNom de marque:HN<br \/>\nUnit\u00e9s de vente : Article unique<br \/>\nTaille de l'emballage unique : 26X15X18 cm<br \/>\nPoids brut simple : 0,600 kg<\/p>\n<p><img decoding=\"async\" class=\"alignnone size-full\" src=\"http:\/\/wxnuohui.com\/wp-content\/uploads\/2025\/09\/detail_pic_0-260.jpg\" width=\"790\" alt=\"\"\/><\/p>\n<p><img decoding=\"async\" class=\"alignnone size-full\" src=\"http:\/\/wxnuohui.com\/wp-content\/uploads\/2025\/09\/detail_pic_1-265.jpg\" width=\"790\" alt=\"\"\/><\/p>\n<p><img decoding=\"async\" class=\"alignnone size-full\" src=\"http:\/\/wxnuohui.com\/wp-content\/uploads\/2025\/09\/detail_pic_2-272.jpg\" width=\"790\" alt=\"\"\/><\/p>\n<p><img decoding=\"async\" class=\"alignnone size-full\" src=\"http:\/\/wxnuohui.com\/wp-content\/uploads\/2025\/09\/detail_pic_3-307.jpg\" width=\"790\" alt=\"\"\/><\/p>\n<p><img decoding=\"async\" class=\"alignnone size-full\" src=\"http:\/\/wxnuohui.com\/wp-content\/uploads\/2025\/09\/detail_pic_4-310.jpg\" width=\"790\" alt=\"\"\/><\/p>\n<p><img decoding=\"async\" class=\"alignnone size-full\" src=\"http:\/\/wxnuohui.com\/wp-content\/uploads\/2025\/09\/detail_pic_5-360.jpg\" width=\"790\" alt=\"\"\/><\/p>\n<p><img decoding=\"async\" class=\"alignnone size-full\" src=\"http:\/\/wxnuohui.com\/wp-content\/uploads\/2025\/09\/detail_pic_6-271.jpg\" width=\"790\" alt=\"\"\/><\/p>\n<p><img decoding=\"async\" class=\"alignnone size-full\" src=\"http:\/\/wxnuohui.com\/wp-content\/uploads\/2025\/09\/detail_pic_7-193.png\" width=\"790\" alt=\"\"\/><\/p>\n<p><img decoding=\"async\" class=\"alignnone size-full\" src=\"http:\/\/wxnuohui.com\/wp-content\/uploads\/2025\/09\/detail_pic_8-200.png\" width=\"790\" alt=\"\"\/><\/p>\n<p><img decoding=\"async\" class=\"alignnone size-full\" src=\"http:\/\/wxnuohui.com\/wp-content\/uploads\/2025\/09\/detail_pic_9-187.png\" width=\"790\" alt=\"\"\/><\/p>\n<p><img decoding=\"async\" class=\"alignnone size-full\" src=\"http:\/\/wxnuohui.com\/wp-content\/uploads\/2025\/09\/detail_pic_10-391.jpg\" width=\"790\" alt=\"\"\/><\/p>\n<p><img decoding=\"async\" class=\"alignnone size-full\" src=\"http:\/\/wxnuohui.com\/wp-content\/uploads\/2025\/09\/detail_pic_11-385.jpg\" width=\"790\" alt=\"\"\/><\/p>\n<p><img decoding=\"async\" class=\"alignnone size-full\" src=\"http:\/\/wxnuohui.com\/wp-content\/uploads\/2025\/09\/detail_pic_12-373.jpg\" width=\"790\" alt=\"\"\/><\/p>\n<p><img decoding=\"async\" class=\"alignnone size-full\" src=\"http:\/\/wxnuohui.com\/wp-content\/uploads\/2025\/09\/detail_pic_13-348.jpg\" width=\"790\" alt=\"\"\/><\/p>\n<p><img decoding=\"async\" class=\"alignnone size-full\" src=\"http:\/\/wxnuohui.com\/wp-content\/uploads\/2025\/09\/detail_pic_14-161.png\" width=\"790\" alt=\"\"\/><\/p>\n<p><img decoding=\"async\" class=\"alignnone size-full\" src=\"http:\/\/wxnuohui.com\/wp-content\/uploads\/2025\/09\/detail_pic_15-350.jpg\" width=\"790\" alt=\"\"\/><\/p>\n<p><img decoding=\"async\" class=\"alignnone size-full\" src=\"http:\/\/wxnuohui.com\/wp-content\/uploads\/2025\/09\/detail_pic_16-300.jpg\" width=\"790\" alt=\"\"\/><\/p>\n<p><img decoding=\"async\" class=\"alignnone size-full\" src=\"http:\/\/wxnuohui.com\/wp-content\/uploads\/2025\/09\/detail_pic_17-286.jpg\" width=\"790\" alt=\"\"\/><\/p>","protected":false},"excerpt":{"rendered":"<p>Good Quality Long Hoodies Winter Warm Fleece Men Blank 100% Polyester Oversize Solid Color Hoodie<\/p>","protected":false},"featured_media":12108,"template":"","meta":[],"product_brand":[],"product_cat":[27],"product_tag":[],"class_list":{"0":"post-12429","1":"product","2":"type-product","3":"status-publish","4":"has-post-thumbnail","6":"product_cat-hoodie","8":"first","9":"outofstock","10":"shipping-taxable","11":"product-type-variable"},"_links":{"self":[{"href":"https:\/\/wxnuohui.com\/fr\/wp-json\/wp\/v2\/product\/12429","targetHints":{"allow":["GET"]}}],"collection":[{"href":"https:\/\/wxnuohui.com\/fr\/wp-json\/wp\/v2\/product"}],"about":[{"href":"https:\/\/wxnuohui.com\/fr\/wp-json\/wp\/v2\/types\/product"}],"wp:featuredmedia":[{"embeddable":true,"href":"https:\/\/wxnuohui.com\/fr\/wp-json\/wp\/v2\/media\/12108"}],"wp:attachment":[{"href":"https:\/\/wxnuohui.com\/fr\/wp-json\/wp\/v2\/media?parent=12429"}],"wp:term":[{"taxonomy":"product_brand","embeddable":true,"href":"https:\/\/wxnuohui.com\/fr\/wp-json\/wp\/v2\/product_brand?post=12429"},{"taxonomy":"product_cat","embeddable":true,"href":"https:\/\/wxnuohui.com\/fr\/wp-json\/wp\/v2\/product_cat?post=12429"},{"taxonomy":"product_tag","embeddable":true,"href":"https:\/\/wxnuohui.com\/fr\/wp-json\/wp\/v2\/product_tag?post=12429"}],"curies":[{"name":"wp","href":"https:\/\/api.w.org\/{rel}","templated":true}]}}