{"id":12340,"date":"2025-09-13T10:54:48","date_gmt":"2025-09-13T10:54:48","guid":{"rendered":"https:\/\/wxnuohui.com\/product\/french-terry-cotton-hoodie-print-custom-blank-slim-fit-mens-sweater-hoodie-customize-logo\/"},"modified":"2025-09-13T10:54:49","modified_gmt":"2025-09-13T10:54:49","slug":"french-terry-cotton-hoodie-print-custom-blank-slim-fit-mens-sweater-hoodie-customize-logo","status":"publish","type":"product","link":"https:\/\/wxnuohui.com\/fr\/product\/french-terry-cotton-hoodie-print-custom-blank-slim-fit-mens-sweater-hoodie-customize-logo\/","title":{"rendered":"French Terry Cotton Hoodie Print Custom Blank Slim Fit Mens Sweater Hoodie Customize logo"},"content":{"rendered":"<p>7 jours pour les commandes d'\u00e9chantillons<br \/>\nDesign:Non doubl\u00e9<br \/>\nStyle des manches:R\u00e9guli\u00e8res<br \/>\nD\u00e9tection de l'aiguille:Oui<br \/>\nM\u00e9thode de tissage : tricot\u00e9<br \/>\nType de motif:Solide<br \/>\nPoids du tissu : 360 grammes, 380 grammes<br \/>\nType de coupe:Coupe r\u00e9guli\u00e8re<br \/>\nLongueur : normale<br \/>\nType de fourniture:Service Oem<br \/>\nTechnique : teinture \u00e0 plat<br \/>\nCol:O-Neck<br \/>\nStyle:Pullover<br \/>\nSaison:Automne<br \/>\nCaract\u00e9ristiques : Anti-rides, Anti-r\u00e9tr\u00e9cissement<br \/>\nType de tissu : Jersey<br \/>\nMati\u00e8re : Polyester \/ Coton<br \/>\nGenre:Hommes<br \/>\nNum\u00e9ro de mod\u00e8le : mens sweater hoodie<br \/>\nLieu d'origine : Jiangsu, Chine<br \/>\nNom de marque:NH<br \/>\nNom du produit : Sweat \u00e0 capuche slim fit pour homme, vierge et personnalis\u00e9<br \/>\nMots-cl\u00e9s : pull-over \u00e0 capuche pour hommes<br \/>\nPaiement : Assurance commerciale<br \/>\nD\u00e9lai de livraison : 7-15 jours<br \/>\nEmballage:1pc\/sac d'emballage<br \/>\nService : 24 heures en ligne<br \/>\nD\u00e9lai d'\u00e9chantillonnage : 5~7 jours<br \/>\nENVOI:DHL FEDEX UPS EMS TNT<br \/>\n\u00c9chantillon:\u00c9chantillon disponible<br \/>\nImpression:Impression de motifs personnalis\u00e9s<br \/>\nUnit\u00e9s de vente : Article unique<br \/>\nTaille de l'emballage unique : 23X13X16 cm<br \/>\nPoids brut simple : 0,700 kg<\/p>\n<p><img decoding=\"async\" class=\"alignnone size-full\" src=\"http:\/\/wxnuohui.com\/wp-content\/uploads\/2025\/09\/detail_pic_0-185.jpg\" width=\"790\" alt=\"\"\/><\/p>\n<p><img decoding=\"async\" class=\"alignnone size-full\" src=\"http:\/\/wxnuohui.com\/wp-content\/uploads\/2025\/09\/detail_pic_1-117.png\" width=\"790\" alt=\"\"\/><\/p>\n<p><img decoding=\"async\" class=\"alignnone size-full\" src=\"http:\/\/wxnuohui.com\/wp-content\/uploads\/2025\/09\/detail_pic_2-108.png\" width=\"790\" alt=\"\"\/><\/p>\n<p><img decoding=\"async\" class=\"alignnone size-full\" src=\"http:\/\/wxnuohui.com\/wp-content\/uploads\/2025\/09\/detail_pic_3-72.png\" width=\"790\" alt=\"\"\/><\/p>\n<p><img decoding=\"async\" class=\"alignnone size-full\" src=\"http:\/\/wxnuohui.com\/wp-content\/uploads\/2025\/09\/detail_pic_4-235.jpg\" width=\"790\" alt=\"\"\/><\/p>\n<p><img decoding=\"async\" class=\"alignnone size-full\" src=\"http:\/\/wxnuohui.com\/wp-content\/uploads\/2025\/09\/detail_pic_5-277.jpg\" width=\"790\" alt=\"\"\/><\/p>\n<p><img decoding=\"async\" class=\"alignnone size-full\" src=\"http:\/\/wxnuohui.com\/wp-content\/uploads\/2025\/09\/detail_pic_6-199.jpg\" width=\"790\" alt=\"\"\/><\/p>\n<p><img decoding=\"async\" class=\"alignnone size-full\" src=\"http:\/\/wxnuohui.com\/wp-content\/uploads\/2025\/09\/detail_pic_7-167.jpg\" width=\"790\" alt=\"\"\/><\/p>\n<p><img decoding=\"async\" class=\"alignnone size-full\" src=\"http:\/\/wxnuohui.com\/wp-content\/uploads\/2025\/09\/detail_pic_8-134.png\" width=\"790\" alt=\"\"\/><\/p>\n<p><img decoding=\"async\" class=\"alignnone size-full\" src=\"http:\/\/wxnuohui.com\/wp-content\/uploads\/2025\/09\/detail_pic_9-184.jpg\" width=\"790\" alt=\"\"\/><\/p>\n<p><img decoding=\"async\" class=\"alignnone size-full\" src=\"http:\/\/wxnuohui.com\/wp-content\/uploads\/2025\/09\/detail_pic_10-302.jpg\" width=\"790\" alt=\"\"\/><\/p>\n<p><img decoding=\"async\" class=\"alignnone size-full\" src=\"http:\/\/wxnuohui.com\/wp-content\/uploads\/2025\/09\/detail_pic_11-299.jpg\" width=\"790\" alt=\"\"\/><\/p>","protected":false},"excerpt":{"rendered":"<p>French Terry Cotton Hoodie Print Custom Blank Slim Fit Mens Sweater Hoodie Customize logo<\/p>","protected":false},"featured_media":9961,"template":"","meta":[],"product_brand":[],"product_cat":[27],"product_tag":[],"class_list":{"0":"post-12340","1":"product","2":"type-product","3":"status-publish","4":"has-post-thumbnail","6":"product_cat-hoodie","8":"first","9":"outofstock","10":"shipping-taxable","11":"product-type-variable"},"_links":{"self":[{"href":"https:\/\/wxnuohui.com\/fr\/wp-json\/wp\/v2\/product\/12340","targetHints":{"allow":["GET"]}}],"collection":[{"href":"https:\/\/wxnuohui.com\/fr\/wp-json\/wp\/v2\/product"}],"about":[{"href":"https:\/\/wxnuohui.com\/fr\/wp-json\/wp\/v2\/types\/product"}],"wp:featuredmedia":[{"embeddable":true,"href":"https:\/\/wxnuohui.com\/fr\/wp-json\/wp\/v2\/media\/9961"}],"wp:attachment":[{"href":"https:\/\/wxnuohui.com\/fr\/wp-json\/wp\/v2\/media?parent=12340"}],"wp:term":[{"taxonomy":"product_brand","embeddable":true,"href":"https:\/\/wxnuohui.com\/fr\/wp-json\/wp\/v2\/product_brand?post=12340"},{"taxonomy":"product_cat","embeddable":true,"href":"https:\/\/wxnuohui.com\/fr\/wp-json\/wp\/v2\/product_cat?post=12340"},{"taxonomy":"product_tag","embeddable":true,"href":"https:\/\/wxnuohui.com\/fr\/wp-json\/wp\/v2\/product_tag?post=12340"}],"curies":[{"name":"wp","href":"https:\/\/api.w.org\/{rel}","templated":true}]}}