{"id":12320,"date":"2025-09-13T10:54:32","date_gmt":"2025-09-13T10:54:32","guid":{"rendered":"https:\/\/wxnuohui.com\/product\/wholesale-cheap-maternity-carrier-baby-holder-kangaroo-breastfeeding-hoodie\/"},"modified":"2025-09-13T10:54:32","modified_gmt":"2025-09-13T10:54:32","slug":"wholesale-cheap-maternity-carrier-baby-holder-kangaroo-breastfeeding-hoodie","status":"publish","type":"product","link":"https:\/\/wxnuohui.com\/fr\/product\/wholesale-cheap-maternity-carrier-baby-holder-kangaroo-breastfeeding-hoodie\/","title":{"rendered":"Wholesale Cheap Maternity Carrier Baby Holder Kangaroo Breastfeeding Hoodie"},"content":{"rendered":"<p>Type de tissu : Jersey<br \/>\nMati\u00e8re : Polyester \/ Coton<br \/>\nPoids du tissu : 400 grammes<br \/>\nType de motif:Solide<br \/>\nLongueur de la manche : compl\u00e8te<br \/>\nCol:O-Neck<br \/>\nStyle:D\u00e9contract\u00e9<br \/>\nDesign:Doubl\u00e9<br \/>\nSaison:Automne<br \/>\nStyle des manches:R\u00e9guli\u00e8res<br \/>\nLongueur du v\u00eatement:Regular<br \/>\nCaract\u00e9ristiques : anti-plis, respirant, respectueux de l'environnement<br \/>\nGenre:Femmes<br \/>\nPosition du logo : devant, dos, manche gauche, manche droite, dos du cou<br \/>\nD\u00e9coration : poches, fermetures \u00e0 glissi\u00e8re<br \/>\nType de fourniture:Service Oem<br \/>\n7 jours pour les commandes d'\u00e9chantillons<br \/>\nTechnique : teinture \u00e0 plat<br \/>\nM\u00e9thodes d'impression:Aucune<br \/>\nM\u00e9thode de tissage : tricot\u00e9<br \/>\nD\u00e9tection de l'aiguille:Oui<br \/>\nNum\u00e9ro de mod\u00e8le : Sweat \u00e0 capuche pour l'allaitement<br \/>\nLieu d'origine : Jiangsu, Chine<br \/>\nBrand Name:NH-540021170048-540019702424<br \/>\nPoids du tissu : 400 grammes<br \/>\nUnit\u00e9s de vente : Article unique<br \/>\nTaille de l'emballage unique : 23X13X16 cm<br \/>\nPoids brut simple : 0,600 kg<\/p>\n<p><img decoding=\"async\" class=\"alignnone size-full\" src=\"http:\/\/wxnuohui.com\/wp-content\/uploads\/2025\/09\/detail_pic_0-165.jpg\" width=\"790\" alt=\"\"\/><\/p>\n<p><img decoding=\"async\" class=\"alignnone size-full\" src=\"http:\/\/wxnuohui.com\/wp-content\/uploads\/2025\/09\/detail_pic_1-183.jpg\" width=\"790\" alt=\"\"\/><\/p>\n<p><img decoding=\"async\" class=\"alignnone size-full\" src=\"http:\/\/wxnuohui.com\/wp-content\/uploads\/2025\/09\/detail_pic_2-191.jpg\" width=\"790\" alt=\"\"\/><\/p>\n<p><img decoding=\"async\" class=\"alignnone size-full\" src=\"http:\/\/wxnuohui.com\/wp-content\/uploads\/2025\/09\/detail_pic_3-225.jpg\" width=\"790\" alt=\"\"\/><\/p>\n<p><img decoding=\"async\" class=\"alignnone size-full\" src=\"http:\/\/wxnuohui.com\/wp-content\/uploads\/2025\/09\/detail_pic_4-216.jpg\" width=\"790\" alt=\"\"\/><\/p>\n<p><img decoding=\"async\" class=\"alignnone size-full\" src=\"http:\/\/wxnuohui.com\/wp-content\/uploads\/2025\/09\/detail_pic_5-259.jpg\" width=\"790\" alt=\"\"\/><\/p>\n<p><img decoding=\"async\" class=\"alignnone size-full\" src=\"http:\/\/wxnuohui.com\/wp-content\/uploads\/2025\/09\/detail_pic_6-182.jpg\" width=\"790\" alt=\"\"\/><\/p>\n<p><img decoding=\"async\" class=\"alignnone size-full\" src=\"http:\/\/wxnuohui.com\/wp-content\/uploads\/2025\/09\/detail_pic_7-149.jpg\" width=\"790\" alt=\"\"\/><\/p>\n<p><img decoding=\"async\" class=\"alignnone size-full\" src=\"http:\/\/wxnuohui.com\/wp-content\/uploads\/2025\/09\/detail_pic_8-162.jpg\" width=\"790\" alt=\"\"\/><\/p>\n<p><img decoding=\"async\" class=\"alignnone size-full\" src=\"http:\/\/wxnuohui.com\/wp-content\/uploads\/2025\/09\/detail_pic_9-167.jpg\" width=\"790\" alt=\"\"\/><\/p>\n<p><img decoding=\"async\" class=\"alignnone size-full\" src=\"http:\/\/wxnuohui.com\/wp-content\/uploads\/2025\/09\/detail_pic_10-284.jpg\" width=\"790\" alt=\"\"\/><\/p>\n<p><img decoding=\"async\" class=\"alignnone size-full\" src=\"http:\/\/wxnuohui.com\/wp-content\/uploads\/2025\/09\/detail_pic_11-10.png\" width=\"790\" alt=\"\"\/><\/p>\n<p><img decoding=\"async\" class=\"alignnone size-full\" src=\"http:\/\/wxnuohui.com\/wp-content\/uploads\/2025\/09\/detail_pic_12-280.jpg\" width=\"790\" alt=\"\"\/><\/p>\n<p><img decoding=\"async\" class=\"alignnone size-full\" src=\"http:\/\/wxnuohui.com\/wp-content\/uploads\/2025\/09\/detail_pic_13-263.jpg\" width=\"790\" alt=\"\"\/><\/p>\n<p><img decoding=\"async\" class=\"alignnone size-full\" src=\"http:\/\/wxnuohui.com\/wp-content\/uploads\/2025\/09\/detail_pic_14-191.jpg\" width=\"790\" alt=\"\"\/><\/p>","protected":false},"excerpt":{"rendered":"<p>Wholesale Cheap Maternity Carrier Baby Holder Kangaroo Breastfeeding Hoodie<\/p>","protected":false},"featured_media":9519,"template":"","meta":[],"product_brand":[],"product_cat":[27],"product_tag":[],"class_list":{"0":"post-12320","1":"product","2":"type-product","3":"status-publish","4":"has-post-thumbnail","6":"product_cat-hoodie","8":"first","9":"outofstock","10":"shipping-taxable","11":"product-type-variable"},"_links":{"self":[{"href":"https:\/\/wxnuohui.com\/fr\/wp-json\/wp\/v2\/product\/12320","targetHints":{"allow":["GET"]}}],"collection":[{"href":"https:\/\/wxnuohui.com\/fr\/wp-json\/wp\/v2\/product"}],"about":[{"href":"https:\/\/wxnuohui.com\/fr\/wp-json\/wp\/v2\/types\/product"}],"wp:featuredmedia":[{"embeddable":true,"href":"https:\/\/wxnuohui.com\/fr\/wp-json\/wp\/v2\/media\/9519"}],"wp:attachment":[{"href":"https:\/\/wxnuohui.com\/fr\/wp-json\/wp\/v2\/media?parent=12320"}],"wp:term":[{"taxonomy":"product_brand","embeddable":true,"href":"https:\/\/wxnuohui.com\/fr\/wp-json\/wp\/v2\/product_brand?post=12320"},{"taxonomy":"product_cat","embeddable":true,"href":"https:\/\/wxnuohui.com\/fr\/wp-json\/wp\/v2\/product_cat?post=12320"},{"taxonomy":"product_tag","embeddable":true,"href":"https:\/\/wxnuohui.com\/fr\/wp-json\/wp\/v2\/product_tag?post=12320"}],"curies":[{"name":"wp","href":"https:\/\/api.w.org\/{rel}","templated":true}]}}