{"id":9221,"date":"2025-09-13T06:21:17","date_gmt":"2025-09-13T06:21:17","guid":{"rendered":"https:\/\/wxnuohui.com\/product\/velour-crystal-crop-hoodies-super-women-clothing-set-cropped-hoodie-and-flare-pants\/"},"modified":"2025-09-13T06:21:17","modified_gmt":"2025-09-13T06:21:17","slug":"velour-crystal-crop-hoodies-super-women-clothing-set-cropped-hoodie-and-flare-pants","status":"publish","type":"product","link":"https:\/\/wxnuohui.com\/et\/product\/velour-crystal-crop-hoodies-super-women-clothing-set-cropped-hoodie-and-flare-pants\/","title":{"rendered":"Velour Crystal Crop Hoodies Super Naiste riietus komplekt Cropped Hoodie ja Flare P\u00fcksid"},"content":{"rendered":"<p>Sugu:Naised<br \/>\nHooaeg: Suvi<br \/>\nKaunistus: Taskud<br \/>\nKanga t\u00fc\u00fcp: Samet<br \/>\nMaterjal: pol\u00fcester<br \/>\nT\u00fc\u00fcp:naiste kapuutsiga komplekt<br \/>\n\u00dclese pikkus:Tavaline<br \/>\nTr\u00fckkimismeetodid: siiditr\u00fckk<br \/>\nMustri t\u00fc\u00fcp: T\u00e4isv\u00e4rvi<br \/>\nVarruka pikkus: T\u00e4ielik<br \/>\n\u00dclemine t\u00fc\u00fcp:jope<br \/>\n7 p\u00e4eva proovi tellimuse esitamise aeg: tugi<br \/>\nOmadus: Hingav, keskkonnas\u00f5bralik<br \/>\nPikkus: t\u00e4ispikkuses<br \/>\nTarne t\u00fc\u00fcp: Oem Service<br \/>\nPaigalduse t\u00fc\u00fcp:Tavaline<br \/>\nTehnika: tavaline v\u00e4rvitud<br \/>\nKudumise meetod:Kootud<br \/>\nKrae:O-kaelus<br \/>\nStiil:Casual<br \/>\nKanga kaal: 300 grammi<br \/>\nN\u00f5ela tuvastamine: Jah<br \/>\nMudeli number:Hoodie ja Flare Pants-652756345050<br \/>\nP\u00e4ritolukoht: Jiangsu, Hiina<br \/>\nKaubam\u00e4rk: NH-652537460172<br \/>\nM\u00fc\u00fcgikogused:\u00dcksikartikkel<br \/>\n\u00dche pakendi suurus: 23X13X16 cm<br \/>\n\u00dcksik brutomass: 0,700 kg<\/p>\n<p><img decoding=\"async\" class=\"alignnone size-full\" src=\"http:\/\/wxnuohui.com\/wp-content\/uploads\/2025\/09\/detail_pic_0-147.jpg\" width=\"790\" alt=\"\"\/><\/p>\n<p><img decoding=\"async\" class=\"alignnone size-full\" src=\"http:\/\/wxnuohui.com\/wp-content\/uploads\/2025\/09\/detail_pic_1-167.jpg\" width=\"790\" alt=\"\"\/><\/p>\n<p><img decoding=\"async\" class=\"alignnone size-full\" src=\"http:\/\/wxnuohui.com\/wp-content\/uploads\/2025\/09\/detail_pic_2-175.jpg\" width=\"790\" alt=\"\"\/><\/p>\n<p><img decoding=\"async\" class=\"alignnone size-full\" src=\"http:\/\/wxnuohui.com\/wp-content\/uploads\/2025\/09\/detail_pic_3-210.jpg\" width=\"790\" alt=\"\"\/><\/p>\n<p><img decoding=\"async\" class=\"alignnone size-full\" src=\"http:\/\/wxnuohui.com\/wp-content\/uploads\/2025\/09\/detail_pic_4-201.jpg\" width=\"790\" alt=\"\"\/><\/p>\n<p><img decoding=\"async\" class=\"alignnone size-full\" src=\"http:\/\/wxnuohui.com\/wp-content\/uploads\/2025\/09\/detail_pic_5-244.jpg\" width=\"790\" alt=\"\"\/><\/p>\n<p><img decoding=\"async\" class=\"alignnone size-full\" src=\"http:\/\/wxnuohui.com\/wp-content\/uploads\/2025\/09\/detail_pic_6-165.jpg\" width=\"790\" alt=\"\"\/><\/p>\n<p><img decoding=\"async\" class=\"alignnone size-full\" src=\"http:\/\/wxnuohui.com\/wp-content\/uploads\/2025\/09\/detail_pic_7-135.jpg\" width=\"790\" alt=\"\"\/><\/p>\n<p><img decoding=\"async\" class=\"alignnone size-full\" src=\"http:\/\/wxnuohui.com\/wp-content\/uploads\/2025\/09\/detail_pic_8-146.jpg\" width=\"790\" alt=\"\"\/><\/p>\n<p><img decoding=\"async\" class=\"alignnone size-full\" src=\"http:\/\/wxnuohui.com\/wp-content\/uploads\/2025\/09\/detail_pic_9-115.png\" width=\"790\" alt=\"\"\/><\/p>\n<p><img decoding=\"async\" class=\"alignnone size-full\" src=\"http:\/\/wxnuohui.com\/wp-content\/uploads\/2025\/09\/detail_pic_10-271.jpg\" width=\"790\" alt=\"\"\/><\/p>\n<p><img decoding=\"async\" class=\"alignnone size-full\" src=\"http:\/\/wxnuohui.com\/wp-content\/uploads\/2025\/09\/detail_pic_11-266.jpg\" width=\"790\" alt=\"\"\/><\/p>\n<p><img decoding=\"async\" class=\"alignnone size-full\" src=\"http:\/\/wxnuohui.com\/wp-content\/uploads\/2025\/09\/detail_pic_12-264.jpg\" width=\"790\" alt=\"\"\/><\/p>\n<p><img decoding=\"async\" class=\"alignnone size-full\" src=\"http:\/\/wxnuohui.com\/wp-content\/uploads\/2025\/09\/detail_pic_13-250.jpg\" width=\"790\" alt=\"\"\/><\/p>\n<p><img decoding=\"async\" class=\"alignnone size-full\" src=\"http:\/\/wxnuohui.com\/wp-content\/uploads\/2025\/09\/detail_pic_14-80.png\" width=\"790\" alt=\"\"\/><\/p>\n<p><img decoding=\"async\" class=\"alignnone size-full\" src=\"http:\/\/wxnuohui.com\/wp-content\/uploads\/2025\/09\/detail_pic_15-254.jpg\" width=\"790\" alt=\"\"\/><\/p>\n<p><img decoding=\"async\" class=\"alignnone size-full\" src=\"http:\/\/wxnuohui.com\/wp-content\/uploads\/2025\/09\/detail_pic_16-207.jpg\" width=\"790\" alt=\"\"\/><\/p>\n<p><img decoding=\"async\" class=\"alignnone size-full\" src=\"http:\/\/wxnuohui.com\/wp-content\/uploads\/2025\/09\/detail_pic_17-205.jpg\" width=\"790\" alt=\"\"\/><\/p>","protected":false},"excerpt":{"rendered":"<p>Velour Crystal Crop Hoodies Super Naiste riietus komplekt Cropped Hoodie ja Flare P\u00fcksid<\/p>","protected":false},"featured_media":8987,"template":"","meta":[],"product_brand":[],"product_cat":[22],"product_tag":[],"class_list":{"0":"post-9221","1":"product","2":"type-product","3":"status-publish","4":"has-post-thumbnail","6":"product_cat-women-set","8":"first","9":"outofstock","10":"shipping-taxable","11":"product-type-variable"},"_links":{"self":[{"href":"https:\/\/wxnuohui.com\/et\/wp-json\/wp\/v2\/product\/9221","targetHints":{"allow":["GET"]}}],"collection":[{"href":"https:\/\/wxnuohui.com\/et\/wp-json\/wp\/v2\/product"}],"about":[{"href":"https:\/\/wxnuohui.com\/et\/wp-json\/wp\/v2\/types\/product"}],"wp:featuredmedia":[{"embeddable":true,"href":"https:\/\/wxnuohui.com\/et\/wp-json\/wp\/v2\/media\/8987"}],"wp:attachment":[{"href":"https:\/\/wxnuohui.com\/et\/wp-json\/wp\/v2\/media?parent=9221"}],"wp:term":[{"taxonomy":"product_brand","embeddable":true,"href":"https:\/\/wxnuohui.com\/et\/wp-json\/wp\/v2\/product_brand?post=9221"},{"taxonomy":"product_cat","embeddable":true,"href":"https:\/\/wxnuohui.com\/et\/wp-json\/wp\/v2\/product_cat?post=9221"},{"taxonomy":"product_tag","embeddable":true,"href":"https:\/\/wxnuohui.com\/et\/wp-json\/wp\/v2\/product_tag?post=9221"}],"curies":[{"name":"wp","href":"https:\/\/api.w.org\/{rel}","templated":true}]}}