{"id":9170,"date":"2025-09-13T06:20:38","date_gmt":"2025-09-13T06:20:38","guid":{"rendered":"https:\/\/wxnuohui.com\/product\/logo-custom-fall-2022-women-clothes-pullover-tracksuit-2-two-piece-pants-hoodie-set-jogger-sweatsuit-sweatpants-and-hoodie-set\/"},"modified":"2025-09-13T06:20:39","modified_gmt":"2025-09-13T06:20:39","slug":"logo-custom-fall-2022-women-clothes-pullover-tracksuit-2-two-piece-pants-hoodie-set-jogger-sweatsuit-sweatpants-and-hoodie-set","status":"publish","type":"product","link":"https:\/\/wxnuohui.com\/et\/product\/logo-custom-fall-2022-women-clothes-pullover-tracksuit-2-two-piece-pants-hoodie-set-jogger-sweatsuit-sweatpants-and-hoodie-set\/","title":{"rendered":"LOGO Custom Fall 2022 Naiste riided Pullover dressid 2 Kaheosaline p\u00fcksid Hoodie Set Jogger Sweatsuit Sweatpants ja Hoodie Set"},"content":{"rendered":"<p>Sugu:Naised<br \/>\nHooaeg: S\u00fcgis<br \/>\nKaunistus: Puudub<br \/>\nKanga t\u00fc\u00fcp: kudumine<br \/>\nMaterjal: pol\u00fcester \/ puuvill<br \/>\nT\u00fc\u00fcp: 2-osaline pikk komplekt<br \/>\n\u00dclese pikkus:Tavaline<br \/>\nTr\u00fckkimismeetodid: Puuduvad<br \/>\nMustri t\u00fc\u00fcp: T\u00e4isv\u00e4rvi<br \/>\nVarruka pikkus: T\u00e4ielik<br \/>\nTopi t\u00fc\u00fcp:Top<br \/>\n7 p\u00e4eva proovi tellimuse esitamise aeg: tugi<br \/>\nOmadus: Hingav, keskkonnas\u00f5bralik<br \/>\nPikkus: \u00fcle p\u00f5lve<br \/>\nTarne t\u00fc\u00fcp: Oem Service<br \/>\nPaigalduse t\u00fc\u00fcp:Tavaline<br \/>\nTehnika: tavaline v\u00e4rvitud<br \/>\nKudumise meetod:Kootud<br \/>\nKrae:O-kaelus<br \/>\nStiil:Casual<br \/>\nKanga kaal: 280 grammi<br \/>\nN\u00f5ela tuvastamine: Jah<br \/>\nMudeli number:Dressip\u00fcksid ja kapuutsiga komplekt<br \/>\nP\u00e4ritolukoht: Jiangsu, Hiina<br \/>\nBr\u00e4ndi nimi: NH<br \/>\nM\u00fc\u00fcgikogused:\u00dcksikartikkel<br \/>\n\u00dche pakendi suurus: 23X13X16 cm<br \/>\n\u00dcksik brutomass: 0,800 kg<\/p>\n<p><img decoding=\"async\" class=\"alignnone size-full\" src=\"http:\/\/wxnuohui.com\/wp-content\/uploads\/2025\/09\/detail_pic_0-113.png\" width=\"790\" alt=\"\"\/><\/p>\n<p><img decoding=\"async\" class=\"alignnone size-full\" src=\"http:\/\/wxnuohui.com\/wp-content\/uploads\/2025\/09\/detail_pic_1-124.jpg\" width=\"790\" alt=\"\"\/><\/p>\n<p><img decoding=\"async\" class=\"alignnone size-full\" src=\"http:\/\/wxnuohui.com\/wp-content\/uploads\/2025\/09\/detail_pic_2-130.jpg\" width=\"790\" alt=\"\"\/><\/p>\n<p><img decoding=\"async\" class=\"alignnone size-full\" src=\"http:\/\/wxnuohui.com\/wp-content\/uploads\/2025\/09\/detail_pic_3-165.jpg\" width=\"790\" alt=\"\"\/><\/p>\n<p><img decoding=\"async\" class=\"alignnone size-full\" src=\"http:\/\/wxnuohui.com\/wp-content\/uploads\/2025\/09\/detail_pic_4-156.jpg\" width=\"790\" alt=\"\"\/><\/p>\n<p><img decoding=\"async\" class=\"alignnone size-full\" src=\"http:\/\/wxnuohui.com\/wp-content\/uploads\/2025\/09\/detail_pic_5-199.jpg\" width=\"790\" alt=\"\"\/><\/p>\n<p><img decoding=\"async\" class=\"alignnone size-full\" src=\"http:\/\/wxnuohui.com\/wp-content\/uploads\/2025\/09\/detail_pic_6-130.jpg\" width=\"790\" alt=\"\"\/><\/p>\n<p><img decoding=\"async\" class=\"alignnone size-full\" src=\"http:\/\/wxnuohui.com\/wp-content\/uploads\/2025\/09\/detail_pic_7-115.png\" width=\"790\" alt=\"\"\/><\/p>\n<p><img decoding=\"async\" class=\"alignnone size-full\" src=\"http:\/\/wxnuohui.com\/wp-content\/uploads\/2025\/09\/detail_pic_8-98.png\" width=\"790\" alt=\"\"\/><\/p>\n<p><img decoding=\"async\" class=\"alignnone size-full\" src=\"http:\/\/wxnuohui.com\/wp-content\/uploads\/2025\/09\/detail_pic_9-79.png\" width=\"790\" alt=\"\"\/><\/p>\n<p><img decoding=\"async\" class=\"alignnone size-full\" src=\"http:\/\/wxnuohui.com\/wp-content\/uploads\/2025\/09\/detail_pic_10-223.jpg\" width=\"790\" alt=\"\"\/><\/p>\n<p><img decoding=\"async\" class=\"alignnone size-full\" src=\"http:\/\/wxnuohui.com\/wp-content\/uploads\/2025\/09\/detail_pic_11-218.jpg\" width=\"790\" alt=\"\"\/><\/p>\n<p><img decoding=\"async\" class=\"alignnone size-full\" src=\"http:\/\/wxnuohui.com\/wp-content\/uploads\/2025\/09\/detail_pic_12-217.jpg\" width=\"790\" alt=\"\"\/><\/p>\n<p><img decoding=\"async\" class=\"alignnone size-full\" src=\"http:\/\/wxnuohui.com\/wp-content\/uploads\/2025\/09\/detail_pic_13-212.jpg\" width=\"790\" alt=\"\"\/><\/p>\n<p><img decoding=\"async\" class=\"alignnone size-full\" src=\"http:\/\/wxnuohui.com\/wp-content\/uploads\/2025\/09\/detail_pic_14-43.png\" width=\"790\" alt=\"\"\/><\/p>\n<p><img decoding=\"async\" class=\"alignnone size-full\" src=\"http:\/\/wxnuohui.com\/wp-content\/uploads\/2025\/09\/detail_pic_15-207.jpg\" width=\"790\" alt=\"\"\/><\/p>\n<p><img decoding=\"async\" class=\"alignnone size-full\" src=\"http:\/\/wxnuohui.com\/wp-content\/uploads\/2025\/09\/detail_pic_16-161.jpg\" width=\"790\" alt=\"\"\/><\/p>\n<p><img decoding=\"async\" class=\"alignnone size-full\" src=\"http:\/\/wxnuohui.com\/wp-content\/uploads\/2025\/09\/detail_pic_17-168.jpg\" width=\"790\" alt=\"\"\/><\/p>","protected":false},"excerpt":{"rendered":"<p>LOGO Custom Fall 2022 Naiste riided Pullover dressid 2 Kaheosaline p\u00fcksid Hoodie Set Jogger Sweatsuit Sweatpants ja Hoodie Set<\/p>","protected":false},"featured_media":7804,"template":"","meta":[],"product_brand":[],"product_cat":[22],"product_tag":[],"class_list":{"0":"post-9170","1":"product","2":"type-product","3":"status-publish","4":"has-post-thumbnail","6":"product_cat-women-set","8":"first","9":"outofstock","10":"shipping-taxable","11":"product-type-variable"},"_links":{"self":[{"href":"https:\/\/wxnuohui.com\/et\/wp-json\/wp\/v2\/product\/9170","targetHints":{"allow":["GET"]}}],"collection":[{"href":"https:\/\/wxnuohui.com\/et\/wp-json\/wp\/v2\/product"}],"about":[{"href":"https:\/\/wxnuohui.com\/et\/wp-json\/wp\/v2\/types\/product"}],"wp:featuredmedia":[{"embeddable":true,"href":"https:\/\/wxnuohui.com\/et\/wp-json\/wp\/v2\/media\/7804"}],"wp:attachment":[{"href":"https:\/\/wxnuohui.com\/et\/wp-json\/wp\/v2\/media?parent=9170"}],"wp:term":[{"taxonomy":"product_brand","embeddable":true,"href":"https:\/\/wxnuohui.com\/et\/wp-json\/wp\/v2\/product_brand?post=9170"},{"taxonomy":"product_cat","embeddable":true,"href":"https:\/\/wxnuohui.com\/et\/wp-json\/wp\/v2\/product_cat?post=9170"},{"taxonomy":"product_tag","embeddable":true,"href":"https:\/\/wxnuohui.com\/et\/wp-json\/wp\/v2\/product_tag?post=9170"}],"curies":[{"name":"wp","href":"https:\/\/api.w.org\/{rel}","templated":true}]}}