{"id":9131,"date":"2025-09-13T06:20:14","date_gmt":"2025-09-13T06:20:14","guid":{"rendered":"https:\/\/wxnuohui.com\/product\/new-sports-clothes-summer-solid-color-t-shirt-with-short-pants-sleeves-two-piece-set-women\/"},"modified":"2025-09-13T06:20:15","modified_gmt":"2025-09-13T06:20:15","slug":"new-sports-clothes-summer-solid-color-t-shirt-with-short-pants-sleeves-two-piece-set-women","status":"publish","type":"product","link":"https:\/\/wxnuohui.com\/et\/product\/new-sports-clothes-summer-solid-color-t-shirt-with-short-pants-sleeves-two-piece-set-women\/","title":{"rendered":"Uus spordiriietus Suvel \u00fchev\u00e4rviline T-s\u00e4rk l\u00fchikeste p\u00fckste varrukatega kaheosaline komplekt naiste jaoks"},"content":{"rendered":"<p>Sugu:Naised<br \/>\nHooaeg: Suvi<br \/>\nKaunistus: Puudub<br \/>\nKanga t\u00fc\u00fcp: kudumine<br \/>\nMaterjal: pol\u00fcester \/ puuvill<br \/>\nT\u00fc\u00fcp: 2-osaline l\u00fchikeste p\u00fckste komplekt<br \/>\n\u00dclese pikkus:Tavaline<br \/>\nTr\u00fckkimismeetodid: siiditr\u00fckk<br \/>\nMustri t\u00fc\u00fcp: T\u00e4isv\u00e4rvi<br \/>\nVarruka pikkus:L\u00fchike<br \/>\nTopi t\u00fc\u00fcp:Top<br \/>\n7 p\u00e4eva proovi tellimuse esitamise aeg: tugi<br \/>\nOmadus: Anti-Pilling, hingav, keskkonnas\u00f5bralik<br \/>\nPikkus: \u00fcle p\u00f5lve<br \/>\nTarne t\u00fc\u00fcp: Oem Service<br \/>\nPaigalduse t\u00fc\u00fcp:Tavaline<br \/>\nTehnika: tr\u00fckitud<br \/>\nKudumise meetod:Kootud<br \/>\nKrae:O-kaelus<br \/>\nStiil:Casual<br \/>\nKanga kaal: 220 grammi<br \/>\nMudeli number:Kaheosaline komplekt naiste<br \/>\nP\u00e4ritolukoht: Jiangsu, Hiina<br \/>\nKaubam\u00e4rk: NH-639109298709<br \/>\nToote nimetus:Suvine \u00fchev\u00e4rviline T-s\u00e4rk l\u00fchikeste p\u00fckstega<br \/>\nM\u00e4rks\u00f5nad:Kaheosaline komplekt naised<br \/>\nTeenus: 24 tundi online<br \/>\nMaksmine: Trade Assurance<br \/>\nTr\u00fckkimine: Custom Designs Print<br \/>\nN\u00e4idis: 3-5 p\u00e4eva<br \/>\nPakend: 1tk\/pol\u00fckott<br \/>\nTarneaeg: 7 ~ 15 p\u00e4eva<br \/>\nSilt ja logo: Accpet Customized<br \/>\nKohaletoimetamine:DHLEMSUPSFEDEX Seaby Airi poolt<br \/>\nM\u00fc\u00fcgikogused:\u00dcksikartikkel<br \/>\n\u00dche pakendi suurus: 20X11X14 cm<br \/>\n\u00dcksik brutomass: 0.500 kg<\/p>\n<p><img decoding=\"async\" class=\"alignnone size-full\" src=\"http:\/\/wxnuohui.com\/wp-content\/uploads\/2025\/09\/detail_pic_0-70.jpg\" width=\"790\" alt=\"\"\/><\/p>\n<p><img decoding=\"async\" class=\"alignnone size-full\" src=\"http:\/\/wxnuohui.com\/wp-content\/uploads\/2025\/09\/detail_pic_1-86.jpg\" width=\"790\" alt=\"\"\/><\/p>\n<p><img decoding=\"async\" class=\"alignnone size-full\" src=\"http:\/\/wxnuohui.com\/wp-content\/uploads\/2025\/09\/detail_pic_2-91.jpg\" width=\"790\" alt=\"\"\/><\/p>\n<p><img decoding=\"async\" class=\"alignnone size-full\" src=\"http:\/\/wxnuohui.com\/wp-content\/uploads\/2025\/09\/detail_pic_3-127.jpg\" width=\"790\" alt=\"\"\/><\/p>\n<p><img decoding=\"async\" class=\"alignnone size-full\" src=\"http:\/\/wxnuohui.com\/wp-content\/uploads\/2025\/09\/detail_pic_4-117.jpg\" width=\"790\" alt=\"\"\/><\/p>\n<p><img decoding=\"async\" class=\"alignnone size-full\" src=\"http:\/\/wxnuohui.com\/wp-content\/uploads\/2025\/09\/detail_pic_5-160.jpg\" width=\"790\" alt=\"\"\/><\/p>\n<p><img decoding=\"async\" class=\"alignnone size-full\" src=\"http:\/\/wxnuohui.com\/wp-content\/uploads\/2025\/09\/detail_pic_6-94.jpg\" width=\"790\" alt=\"\"\/><\/p>\n<p><img decoding=\"async\" class=\"alignnone size-full\" src=\"http:\/\/wxnuohui.com\/wp-content\/uploads\/2025\/09\/detail_pic_7-74.jpg\" width=\"790\" alt=\"\"\/><\/p>\n<p><img decoding=\"async\" class=\"alignnone size-full\" src=\"http:\/\/wxnuohui.com\/wp-content\/uploads\/2025\/09\/detail_pic_8-100.jpg\" width=\"790\" alt=\"\"\/><\/p>\n<p><img decoding=\"async\" class=\"alignnone size-full\" src=\"http:\/\/wxnuohui.com\/wp-content\/uploads\/2025\/09\/detail_pic_9-121.jpg\" width=\"790\" alt=\"\"\/><\/p>\n<p><img decoding=\"async\" class=\"alignnone size-full\" src=\"http:\/\/wxnuohui.com\/wp-content\/uploads\/2025\/09\/detail_pic_10-185.jpg\" width=\"790\" alt=\"\"\/><\/p>\n<p><img decoding=\"async\" class=\"alignnone size-full\" src=\"http:\/\/wxnuohui.com\/wp-content\/uploads\/2025\/09\/detail_pic_11-182.jpg\" width=\"790\" alt=\"\"\/><\/p>\n<p><img decoding=\"async\" class=\"alignnone size-full\" src=\"http:\/\/wxnuohui.com\/wp-content\/uploads\/2025\/09\/detail_pic_12-182.jpg\" width=\"790\" alt=\"\"\/><\/p>\n<p><img decoding=\"async\" class=\"alignnone size-full\" src=\"http:\/\/wxnuohui.com\/wp-content\/uploads\/2025\/09\/detail_pic_13-180.jpg\" width=\"790\" alt=\"\"\/><\/p>\n<p><img decoding=\"async\" class=\"alignnone size-full\" src=\"http:\/\/wxnuohui.com\/wp-content\/uploads\/2025\/09\/detail_pic_14-18.png\" width=\"790\" alt=\"\"\/><\/p>\n<p><img decoding=\"async\" class=\"alignnone size-full\" src=\"http:\/\/wxnuohui.com\/wp-content\/uploads\/2025\/09\/detail_pic_15-175.jpg\" width=\"790\" alt=\"\"\/><\/p>\n<p><img decoding=\"async\" class=\"alignnone size-full\" src=\"http:\/\/wxnuohui.com\/wp-content\/uploads\/2025\/09\/detail_pic_16-132.jpg\" width=\"790\" alt=\"\"\/><\/p>\n<p><img decoding=\"async\" class=\"alignnone size-full\" src=\"http:\/\/wxnuohui.com\/wp-content\/uploads\/2025\/09\/detail_pic_17-143.jpg\" width=\"790\" alt=\"\"\/><\/p>","protected":false},"excerpt":{"rendered":"<p>Uus spordiriietus Suvel \u00fchev\u00e4rviline T-s\u00e4rk l\u00fchikeste p\u00fckste varrukatega kaheosaline komplekt naiste jaoks<\/p>","protected":false},"featured_media":6883,"template":"","meta":[],"product_brand":[],"product_cat":[22],"product_tag":[],"class_list":{"0":"post-9131","1":"product","2":"type-product","3":"status-publish","4":"has-post-thumbnail","6":"product_cat-women-set","8":"first","9":"outofstock","10":"shipping-taxable","11":"product-type-variable"},"_links":{"self":[{"href":"https:\/\/wxnuohui.com\/et\/wp-json\/wp\/v2\/product\/9131","targetHints":{"allow":["GET"]}}],"collection":[{"href":"https:\/\/wxnuohui.com\/et\/wp-json\/wp\/v2\/product"}],"about":[{"href":"https:\/\/wxnuohui.com\/et\/wp-json\/wp\/v2\/types\/product"}],"wp:featuredmedia":[{"embeddable":true,"href":"https:\/\/wxnuohui.com\/et\/wp-json\/wp\/v2\/media\/6883"}],"wp:attachment":[{"href":"https:\/\/wxnuohui.com\/et\/wp-json\/wp\/v2\/media?parent=9131"}],"wp:term":[{"taxonomy":"product_brand","embeddable":true,"href":"https:\/\/wxnuohui.com\/et\/wp-json\/wp\/v2\/product_brand?post=9131"},{"taxonomy":"product_cat","embeddable":true,"href":"https:\/\/wxnuohui.com\/et\/wp-json\/wp\/v2\/product_cat?post=9131"},{"taxonomy":"product_tag","embeddable":true,"href":"https:\/\/wxnuohui.com\/et\/wp-json\/wp\/v2\/product_tag?post=9131"}],"curies":[{"name":"wp","href":"https:\/\/api.w.org\/{rel}","templated":true}]}}