{"id":15533,"date":"2025-09-14T03:12:58","date_gmt":"2025-09-14T03:12:58","guid":{"rendered":"https:\/\/wxnuohui.com\/product\/new-design-custom-your-own-logo-man-polo-shirt-with-logo-embroidered-or-printed\/"},"modified":"2025-09-14T03:12:59","modified_gmt":"2025-09-14T03:12:59","slug":"new-design-custom-your-own-logo-man-polo-shirt-with-logo-embroidered-or-printed","status":"publish","type":"product","link":"https:\/\/wxnuohui.com\/et\/product\/new-design-custom-your-own-logo-man-polo-shirt-with-logo-embroidered-or-printed\/","title":{"rendered":"Uus disain Custom Your Own Logo Man Polo Shirt Logo tikitud v\u00f5i tr\u00fckitud logo"},"content":{"rendered":"<p>Kanga t\u00fc\u00fcp: Jersey<br \/>\nVarruka stiil: l\u00fchike varrukas<br \/>\nTarne t\u00fc\u00fcp: Oem Service<br \/>\nFunktsioon: kortsudevastane<br \/>\nStiil:Casual<br \/>\nKudumise meetod:Kootud<br \/>\nN\u00f5ela tuvastamine: Jah<br \/>\nPikkus: Tavaline<br \/>\nDisain: Nupp<br \/>\n7 p\u00e4eva proovi tellimuse esitamise aeg: tugi<br \/>\nTehnika: tavaline v\u00e4rvitud<br \/>\nMaterjal: pol\u00fcester \/ puuvill<br \/>\nLogo \/ graafiline kujundus: siiditr\u00fckk<br \/>\nLogo asukoht: Eespool<br \/>\nMustri t\u00fc\u00fcp: T\u00e4isv\u00e4rvi<br \/>\nKanga kaal: 180 grammi<br \/>\nSugu:Mehed<br \/>\nMudeli number: Polo T-s\u00e4rk<br \/>\nP\u00e4ritolukoht: Jiangsu, Hiina<br \/>\nBr\u00e4ndi nimi: NH<br \/>\nM\u00fc\u00fcgikogused:\u00dcksikartikkel<br \/>\n\u00dche pakendi suurus: 18X10X11 cm<br \/>\n\u00dcksik brutokaal: 0,300 kg<\/p>\n<p><img decoding=\"async\" class=\"alignnone size-full\" src=\"http:\/\/wxnuohui.com\/wp-content\/uploads\/2025\/09\/detail_pic_0-161.png\" width=\"790\" alt=\"\"\/><\/p>\n<p><img decoding=\"async\" class=\"alignnone size-full\" src=\"http:\/\/wxnuohui.com\/wp-content\/uploads\/2025\/09\/detail_pic_1-166.png\" width=\"790\" alt=\"\"\/><\/p>\n<p><img decoding=\"async\" class=\"alignnone size-full\" src=\"http:\/\/wxnuohui.com\/wp-content\/uploads\/2025\/09\/detail_pic_2-160.png\" width=\"790\" alt=\"\"\/><\/p>\n<p><img decoding=\"async\" class=\"alignnone size-full\" src=\"http:\/\/wxnuohui.com\/wp-content\/uploads\/2025\/09\/detail_pic_3-123.png\" width=\"790\" alt=\"\"\/><\/p>\n<p><img decoding=\"async\" class=\"alignnone size-full\" src=\"http:\/\/wxnuohui.com\/wp-content\/uploads\/2025\/09\/detail_pic_4-118.png\" width=\"790\" alt=\"\"\/><\/p>\n<p><img decoding=\"async\" class=\"alignnone size-full\" src=\"http:\/\/wxnuohui.com\/wp-content\/uploads\/2025\/09\/detail_pic_5-458.jpg\" width=\"790\" alt=\"\"\/><\/p>\n<p><img decoding=\"async\" class=\"alignnone size-full\" src=\"http:\/\/wxnuohui.com\/wp-content\/uploads\/2025\/09\/detail_pic_6-371.jpg\" width=\"790\" alt=\"\"\/><\/p>\n<p><img decoding=\"async\" class=\"alignnone size-full\" src=\"http:\/\/wxnuohui.com\/wp-content\/uploads\/2025\/09\/detail_pic_7-293.jpg\" width=\"790\" alt=\"\"\/><\/p>\n<p><img decoding=\"async\" class=\"alignnone size-full\" src=\"http:\/\/wxnuohui.com\/wp-content\/uploads\/2025\/09\/detail_pic_8-272.jpg\" width=\"790\" alt=\"\"\/><\/p>\n<p><img decoding=\"async\" class=\"alignnone size-full\" src=\"http:\/\/wxnuohui.com\/wp-content\/uploads\/2025\/09\/detail_pic_9-258.png\" width=\"790\" alt=\"\"\/><\/p>\n<p><img decoding=\"async\" class=\"alignnone size-full\" src=\"http:\/\/wxnuohui.com\/wp-content\/uploads\/2025\/09\/detail_pic_10-488.jpg\" width=\"790\" alt=\"\"\/><\/p>\n<p><img decoding=\"async\" class=\"alignnone size-full\" src=\"http:\/\/wxnuohui.com\/wp-content\/uploads\/2025\/09\/detail_pic_11-483.jpg\" width=\"790\" alt=\"\"\/><\/p>\n<p><img decoding=\"async\" class=\"alignnone size-full\" src=\"http:\/\/wxnuohui.com\/wp-content\/uploads\/2025\/09\/detail_pic_12-468.jpg\" width=\"790\" alt=\"\"\/><\/p>","protected":false},"excerpt":{"rendered":"<p>Uus disain Custom Your Own Logo Man Polo Shirt Logo tikitud v\u00f5i tr\u00fckitud logo<\/p>","protected":false},"featured_media":14650,"template":"","meta":[],"product_brand":[],"product_cat":[26],"product_tag":[],"class_list":{"0":"post-15533","1":"product","2":"type-product","3":"status-publish","4":"has-post-thumbnail","6":"product_cat-polo-t-shirt","8":"first","9":"outofstock","10":"shipping-taxable","11":"product-type-variable"},"_links":{"self":[{"href":"https:\/\/wxnuohui.com\/et\/wp-json\/wp\/v2\/product\/15533","targetHints":{"allow":["GET"]}}],"collection":[{"href":"https:\/\/wxnuohui.com\/et\/wp-json\/wp\/v2\/product"}],"about":[{"href":"https:\/\/wxnuohui.com\/et\/wp-json\/wp\/v2\/types\/product"}],"wp:featuredmedia":[{"embeddable":true,"href":"https:\/\/wxnuohui.com\/et\/wp-json\/wp\/v2\/media\/14650"}],"wp:attachment":[{"href":"https:\/\/wxnuohui.com\/et\/wp-json\/wp\/v2\/media?parent=15533"}],"wp:term":[{"taxonomy":"product_brand","embeddable":true,"href":"https:\/\/wxnuohui.com\/et\/wp-json\/wp\/v2\/product_brand?post=15533"},{"taxonomy":"product_cat","embeddable":true,"href":"https:\/\/wxnuohui.com\/et\/wp-json\/wp\/v2\/product_cat?post=15533"},{"taxonomy":"product_tag","embeddable":true,"href":"https:\/\/wxnuohui.com\/et\/wp-json\/wp\/v2\/product_tag?post=15533"}],"curies":[{"name":"wp","href":"https:\/\/api.w.org\/{rel}","templated":true}]}}