{"id":15518,"date":"2025-09-14T03:12:43","date_gmt":"2025-09-14T03:12:43","guid":{"rendered":"https:\/\/wxnuohui.com\/product\/new-fashional-plain-fit-polo-shirt-mens-polo-shirts-short-sleeve-polo-shirt\/"},"modified":"2025-09-14T03:12:44","modified_gmt":"2025-09-14T03:12:44","slug":"new-fashional-plain-fit-polo-shirt-mens-polo-shirts-short-sleeve-polo-shirt","status":"publish","type":"product","link":"https:\/\/wxnuohui.com\/et\/product\/new-fashional-plain-fit-polo-shirt-mens-polo-shirts-short-sleeve-polo-shirt\/","title":{"rendered":"Uus Fashional Plain Fit Polo s\u00e4rk Meeste Polo s\u00e4rgid l\u00fchikeste varrukatega Polo s\u00e4rk"},"content":{"rendered":"<p>Kanga t\u00fc\u00fcp: Jersey<br \/>\nVarruka stiil: l\u00fchike varrukas<br \/>\nTarne t\u00fc\u00fcp: Oem Service<br \/>\nFunktsioon: kortsudevastane<br \/>\nStiil:Casual<br \/>\nKudumise meetod:Kootud<br \/>\nN\u00f5ela tuvastamine: Jah<br \/>\nPikkus: Tavaline<br \/>\nDisain: Nupp<br \/>\n7 p\u00e4eva proovi tellimuse esitamise aeg: tugi<br \/>\nTehnika: tavaline v\u00e4rvitud<br \/>\nMaterjal: pol\u00fcester \/ puuvill<br \/>\nMustri t\u00fc\u00fcp: T\u00e4isv\u00e4rvi<br \/>\nKanga kaal: 180 grammi<br \/>\nSugu:Mehed<br \/>\nMudeli number: Polo T-s\u00e4rk<br \/>\nTr\u00fckkimismeetodid: siiditr\u00fckk<br \/>\nP\u00e4ritolukoht: Jiangsu, Hiina<br \/>\nBr\u00e4ndi nimi: NH<br \/>\nToote nimi:Plain Fit Polo s\u00e4rk meeste Polo s\u00e4rgid<br \/>\nM\u00e4rks\u00f5nad:Plain Fit Polo s\u00e4rk<br \/>\nMaksmine: Trade Assurance<br \/>\nTarneaeg: 7-15 p\u00e4eva<br \/>\nPakkimine: 1k\/kott<br \/>\nTeenus: 24 tundi online<br \/>\nProoviaeg: 5~7 p\u00e4eva<br \/>\nSAATMINE: DHL FEDEX UPS EMS TNT<br \/>\nN\u00e4ide:N\u00e4ide saadaval<br \/>\nTr\u00fckkimine: Custom Designs Print<br \/>\nM\u00fc\u00fcgikogused:\u00dcksikartikkel<br \/>\n\u00dche pakendi suurus: 18X10X11 cm<br \/>\n\u00dcksik brutokaal: 0,300 kg<\/p>\n<p><img decoding=\"async\" class=\"alignnone size-full\" src=\"http:\/\/wxnuohui.com\/wp-content\/uploads\/2025\/09\/detail_pic_0-150.png\" width=\"790\" alt=\"\"\/><\/p>\n<p><img decoding=\"async\" class=\"alignnone size-full\" src=\"http:\/\/wxnuohui.com\/wp-content\/uploads\/2025\/09\/detail_pic_1-151.png\" width=\"790\" alt=\"\"\/><\/p>\n<p><img decoding=\"async\" class=\"alignnone size-full\" src=\"http:\/\/wxnuohui.com\/wp-content\/uploads\/2025\/09\/detail_pic_2-145.png\" width=\"790\" alt=\"\"\/><\/p>\n<p><img decoding=\"async\" class=\"alignnone size-full\" src=\"http:\/\/wxnuohui.com\/wp-content\/uploads\/2025\/09\/detail_pic_3-108.png\" width=\"790\" alt=\"\"\/><\/p>\n<p><img decoding=\"async\" class=\"alignnone size-full\" src=\"http:\/\/wxnuohui.com\/wp-content\/uploads\/2025\/09\/detail_pic_4-103.png\" width=\"790\" alt=\"\"\/><\/p>\n<p><img decoding=\"async\" class=\"alignnone size-full\" src=\"http:\/\/wxnuohui.com\/wp-content\/uploads\/2025\/09\/detail_pic_5-443.jpg\" width=\"790\" alt=\"\"\/><\/p>\n<p><img decoding=\"async\" class=\"alignnone size-full\" src=\"http:\/\/wxnuohui.com\/wp-content\/uploads\/2025\/09\/detail_pic_6-356.jpg\" width=\"790\" alt=\"\"\/><\/p>\n<p><img decoding=\"async\" class=\"alignnone size-full\" src=\"http:\/\/wxnuohui.com\/wp-content\/uploads\/2025\/09\/detail_pic_7-278.jpg\" width=\"790\" alt=\"\"\/><\/p>\n<p><img decoding=\"async\" class=\"alignnone size-full\" src=\"http:\/\/wxnuohui.com\/wp-content\/uploads\/2025\/09\/detail_pic_8-257.jpg\" width=\"790\" alt=\"\"\/><\/p>\n<p><img decoding=\"async\" class=\"alignnone size-full\" src=\"http:\/\/wxnuohui.com\/wp-content\/uploads\/2025\/09\/detail_pic_9-243.png\" width=\"790\" alt=\"\"\/><\/p>\n<p><img decoding=\"async\" class=\"alignnone size-full\" src=\"http:\/\/wxnuohui.com\/wp-content\/uploads\/2025\/09\/detail_pic_10-473.jpg\" width=\"790\" alt=\"\"\/><\/p>\n<p><img decoding=\"async\" class=\"alignnone size-full\" src=\"http:\/\/wxnuohui.com\/wp-content\/uploads\/2025\/09\/detail_pic_11-468.jpg\" width=\"790\" alt=\"\"\/><\/p>\n<p><img decoding=\"async\" class=\"alignnone size-full\" src=\"http:\/\/wxnuohui.com\/wp-content\/uploads\/2025\/09\/detail_pic_12-453.jpg\" width=\"790\" alt=\"\"\/><\/p>","protected":false},"excerpt":{"rendered":"<p>Uus Fashional Plain Fit Polo s\u00e4rk Meeste Polo s\u00e4rgid l\u00fchikeste varrukatega Polo s\u00e4rk<\/p>","protected":false},"featured_media":14350,"template":"","meta":[],"product_brand":[],"product_cat":[26],"product_tag":[],"class_list":{"0":"post-15518","1":"product","2":"type-product","3":"status-publish","4":"has-post-thumbnail","6":"product_cat-polo-t-shirt","8":"first","9":"outofstock","10":"shipping-taxable","11":"product-type-variable"},"_links":{"self":[{"href":"https:\/\/wxnuohui.com\/et\/wp-json\/wp\/v2\/product\/15518","targetHints":{"allow":["GET"]}}],"collection":[{"href":"https:\/\/wxnuohui.com\/et\/wp-json\/wp\/v2\/product"}],"about":[{"href":"https:\/\/wxnuohui.com\/et\/wp-json\/wp\/v2\/types\/product"}],"wp:featuredmedia":[{"embeddable":true,"href":"https:\/\/wxnuohui.com\/et\/wp-json\/wp\/v2\/media\/14350"}],"wp:attachment":[{"href":"https:\/\/wxnuohui.com\/et\/wp-json\/wp\/v2\/media?parent=15518"}],"wp:term":[{"taxonomy":"product_brand","embeddable":true,"href":"https:\/\/wxnuohui.com\/et\/wp-json\/wp\/v2\/product_brand?post=15518"},{"taxonomy":"product_cat","embeddable":true,"href":"https:\/\/wxnuohui.com\/et\/wp-json\/wp\/v2\/product_cat?post=15518"},{"taxonomy":"product_tag","embeddable":true,"href":"https:\/\/wxnuohui.com\/et\/wp-json\/wp\/v2\/product_tag?post=15518"}],"curies":[{"name":"wp","href":"https:\/\/api.w.org\/{rel}","templated":true}]}}