{"id":15504,"date":"2025-09-14T03:12:29","date_gmt":"2025-09-14T03:12:29","guid":{"rendered":"https:\/\/wxnuohui.com\/product\/wholesale-mens-t-shirt-polo-cotton-customized-logo-printing-polo-shirts-for-men\/"},"modified":"2025-09-14T03:12:29","modified_gmt":"2025-09-14T03:12:29","slug":"wholesale-mens-t-shirt-polo-cotton-customized-logo-printing-polo-shirts-for-men","status":"publish","type":"product","link":"https:\/\/wxnuohui.com\/et\/product\/wholesale-mens-t-shirt-polo-cotton-customized-logo-printing-polo-shirts-for-men\/","title":{"rendered":"Hulgim\u00fc\u00fck Meeste T-s\u00e4rk Polo puuvillane kohandatud logo tr\u00fckkimine Polo s\u00e4rgid meestele"},"content":{"rendered":"<p>Kanga t\u00fc\u00fcp: Jersey<br \/>\nVarruka stiil: l\u00fchike varrukas<br \/>\nTarne t\u00fc\u00fcp: Oem Service<br \/>\nFunktsioon: kortsudevastane<br \/>\nStiil:Casual<br \/>\nKudumise meetod:Kootud<br \/>\nN\u00f5ela tuvastamine: Jah<br \/>\nPikkus: Tavaline<br \/>\nDisain: Nupp<br \/>\n7 p\u00e4eva proovi tellimuse esitamise aeg: tugi<br \/>\nTehnika: tavaline v\u00e4rvitud<br \/>\nMaterjal: pol\u00fcester \/ puuvill<br \/>\nLogo \/ graafiline kujundus: siiditr\u00fckk<br \/>\nLogo asukoht: Eespool<br \/>\nMustri t\u00fc\u00fcp: T\u00e4isv\u00e4rvi<br \/>\nKanga kaal: 180 grammi<br \/>\nSugu:Mehed<br \/>\nMudeli number:Polo T-s\u00e4rk meeste<br \/>\nP\u00e4ritolukoht: Hiina<br \/>\nBr\u00e4ndi nimi: NH<br \/>\nM\u00fc\u00fcgikogused:\u00dcksikartikkel<br \/>\n\u00dche pakendi suurus: 18X10X11 cm<br \/>\n\u00dcksik brutokaal: 0,300 kg<\/p>\n<p><img decoding=\"async\" class=\"alignnone size-full\" src=\"http:\/\/wxnuohui.com\/wp-content\/uploads\/2025\/09\/detail_pic_0-140.png\" width=\"790\" alt=\"\"\/><\/p>\n<p><img decoding=\"async\" class=\"alignnone size-full\" src=\"http:\/\/wxnuohui.com\/wp-content\/uploads\/2025\/09\/detail_pic_1-137.png\" width=\"790\" alt=\"\"\/><\/p>\n<p><img decoding=\"async\" class=\"alignnone size-full\" src=\"http:\/\/wxnuohui.com\/wp-content\/uploads\/2025\/09\/detail_pic_2-131.png\" width=\"790\" alt=\"\"\/><\/p>\n<p><img decoding=\"async\" class=\"alignnone size-full\" src=\"http:\/\/wxnuohui.com\/wp-content\/uploads\/2025\/09\/detail_pic_3-94.png\" width=\"790\" alt=\"\"\/><\/p>\n<p><img decoding=\"async\" class=\"alignnone size-full\" src=\"http:\/\/wxnuohui.com\/wp-content\/uploads\/2025\/09\/detail_pic_4-90.png\" width=\"790\" alt=\"\"\/><\/p>\n<p><img decoding=\"async\" class=\"alignnone size-full\" src=\"http:\/\/wxnuohui.com\/wp-content\/uploads\/2025\/09\/detail_pic_5-429.jpg\" width=\"790\" alt=\"\"\/><\/p>\n<p><img decoding=\"async\" class=\"alignnone size-full\" src=\"http:\/\/wxnuohui.com\/wp-content\/uploads\/2025\/09\/detail_pic_6-342.jpg\" width=\"790\" alt=\"\"\/><\/p>\n<p><img decoding=\"async\" class=\"alignnone size-full\" src=\"http:\/\/wxnuohui.com\/wp-content\/uploads\/2025\/09\/detail_pic_7-264.jpg\" width=\"790\" alt=\"\"\/><\/p>\n<p><img decoding=\"async\" class=\"alignnone size-full\" src=\"http:\/\/wxnuohui.com\/wp-content\/uploads\/2025\/09\/detail_pic_8-244.jpg\" width=\"790\" alt=\"\"\/><\/p>\n<p><img decoding=\"async\" class=\"alignnone size-full\" src=\"http:\/\/wxnuohui.com\/wp-content\/uploads\/2025\/09\/detail_pic_9-230.png\" width=\"790\" alt=\"\"\/><\/p>\n<p><img decoding=\"async\" class=\"alignnone size-full\" src=\"http:\/\/wxnuohui.com\/wp-content\/uploads\/2025\/09\/detail_pic_10-459.jpg\" width=\"790\" alt=\"\"\/><\/p>\n<p><img decoding=\"async\" class=\"alignnone size-full\" src=\"http:\/\/wxnuohui.com\/wp-content\/uploads\/2025\/09\/detail_pic_11-454.jpg\" width=\"790\" alt=\"\"\/><\/p>\n<p><img decoding=\"async\" class=\"alignnone size-full\" src=\"http:\/\/wxnuohui.com\/wp-content\/uploads\/2025\/09\/detail_pic_12-440.jpg\" width=\"790\" alt=\"\"\/><\/p>","protected":false},"excerpt":{"rendered":"<p>Hulgim\u00fc\u00fck Meeste T-s\u00e4rk Polo puuvillane kohandatud logo tr\u00fckkimine Polo s\u00e4rgid meestele<\/p>","protected":false},"featured_media":14071,"template":"","meta":[],"product_brand":[],"product_cat":[26],"product_tag":[],"class_list":{"0":"post-15504","1":"product","2":"type-product","3":"status-publish","4":"has-post-thumbnail","6":"product_cat-polo-t-shirt","8":"first","9":"outofstock","10":"shipping-taxable","11":"product-type-variable"},"_links":{"self":[{"href":"https:\/\/wxnuohui.com\/et\/wp-json\/wp\/v2\/product\/15504","targetHints":{"allow":["GET"]}}],"collection":[{"href":"https:\/\/wxnuohui.com\/et\/wp-json\/wp\/v2\/product"}],"about":[{"href":"https:\/\/wxnuohui.com\/et\/wp-json\/wp\/v2\/types\/product"}],"wp:featuredmedia":[{"embeddable":true,"href":"https:\/\/wxnuohui.com\/et\/wp-json\/wp\/v2\/media\/14071"}],"wp:attachment":[{"href":"https:\/\/wxnuohui.com\/et\/wp-json\/wp\/v2\/media?parent=15504"}],"wp:term":[{"taxonomy":"product_brand","embeddable":true,"href":"https:\/\/wxnuohui.com\/et\/wp-json\/wp\/v2\/product_brand?post=15504"},{"taxonomy":"product_cat","embeddable":true,"href":"https:\/\/wxnuohui.com\/et\/wp-json\/wp\/v2\/product_cat?post=15504"},{"taxonomy":"product_tag","embeddable":true,"href":"https:\/\/wxnuohui.com\/et\/wp-json\/wp\/v2\/product_tag?post=15504"}],"curies":[{"name":"wp","href":"https:\/\/api.w.org\/{rel}","templated":true}]}}