{"id":13882,"date":"2025-09-13T13:50:36","date_gmt":"2025-09-13T13:50:36","guid":{"rendered":"https:\/\/wxnuohui.com\/product\/custom-spring-blank-mens-jackets-jogger-sets-printing-two-piece-tracksuits\/"},"modified":"2025-09-13T13:50:36","modified_gmt":"2025-09-13T13:50:36","slug":"custom-spring-blank-mens-jackets-jogger-sets-printing-two-piece-tracksuits","status":"publish","type":"product","link":"https:\/\/wxnuohui.com\/et\/product\/custom-spring-blank-mens-jackets-jogger-sets-printing-two-piece-tracksuits\/","title":{"rendered":"Custom Spring Blank Mens Jackets Jogger Sets Printing Two Piece Tracksuits"},"content":{"rendered":"<p>Omadus: Hingav, keskkonnas\u00f5bralik, antistaatiline, higistav<br \/>\nVanuser\u00fchm: T\u00e4iskasvanud<br \/>\nHooaeg: S\u00fcgis<br \/>\nPikkus: t\u00e4ispikkuses<br \/>\nVarruka pikkus (cm): T\u00e4ielik<br \/>\nTr\u00fckkimismeetodid: Puuduvad<br \/>\nPaigalduse t\u00fc\u00fcp:Tavaline<br \/>\nSulgemise t\u00fc\u00fcp: pingutuspael<br \/>\nPaksus: Keskmine kaal<br \/>\nMustri t\u00fc\u00fcp: T\u00e4isv\u00e4rvi<br \/>\nStiil:Komplektid<br \/>\nTarne t\u00fc\u00fcp: Oem Service<br \/>\nMaterjal: 100% pol\u00fcester<br \/>\n7 p\u00e4eva proovi tellimuse esitamise aeg: tugi<br \/>\nSugu:Mehed<br \/>\nTehnika: Puudub<br \/>\nKanga kaal: 380 grammi<br \/>\nSaadaval kogus:50000<br \/>\nN\u00f5ela tuvastamine: Jah<br \/>\nMudeli number: Jogging \u00fclikond meeste<br \/>\nP\u00e4ritolukoht: Jiangsu, Hiina<br \/>\nKaubam\u00e4rk: NH-625976636093<br \/>\nDisain: Lihtne<br \/>\nKrae: Crew kaelus<br \/>\nTaskud: K\u00fcljetaskud<br \/>\nM\u00fc\u00fcgikogused:\u00dcksikartikkel<br \/>\n\u00dche pakendi suurus: 26X15X18 cm<br \/>\n\u00dchekordne kogukaal: 1.000 kg<\/p>\n<p><img decoding=\"async\" class=\"alignnone size-full\" src=\"http:\/\/wxnuohui.com\/wp-content\/uploads\/2025\/09\/detail_pic_0-313.jpg\" width=\"790\" alt=\"\"\/><\/p>\n<p><img decoding=\"async\" class=\"alignnone size-full\" src=\"http:\/\/wxnuohui.com\/wp-content\/uploads\/2025\/09\/detail_pic_1-319.jpg\" width=\"790\" alt=\"\"\/><\/p>\n<p><img decoding=\"async\" class=\"alignnone size-full\" src=\"http:\/\/wxnuohui.com\/wp-content\/uploads\/2025\/09\/detail_pic_2-326.jpg\" width=\"790\" alt=\"\"\/><\/p>\n<p><img decoding=\"async\" class=\"alignnone size-full\" src=\"http:\/\/wxnuohui.com\/wp-content\/uploads\/2025\/09\/detail_pic_3-83.png\" width=\"790\" alt=\"\"\/><\/p>\n<p><img decoding=\"async\" class=\"alignnone size-full\" src=\"http:\/\/wxnuohui.com\/wp-content\/uploads\/2025\/09\/detail_pic_4-79.png\" width=\"790\" alt=\"\"\/><\/p>\n<p><img decoding=\"async\" class=\"alignnone size-full\" src=\"http:\/\/wxnuohui.com\/wp-content\/uploads\/2025\/09\/detail_pic_5-413.jpg\" width=\"790\" alt=\"\"\/><\/p>\n<p><img decoding=\"async\" class=\"alignnone size-full\" src=\"http:\/\/wxnuohui.com\/wp-content\/uploads\/2025\/09\/detail_pic_6-325.jpg\" width=\"790\" alt=\"\"\/><\/p>\n<p><img decoding=\"async\" class=\"alignnone size-full\" src=\"http:\/\/wxnuohui.com\/wp-content\/uploads\/2025\/09\/detail_pic_7-249.jpg\" width=\"790\" alt=\"\"\/><\/p>\n<p><img decoding=\"async\" class=\"alignnone size-full\" src=\"http:\/\/wxnuohui.com\/wp-content\/uploads\/2025\/09\/detail_pic_8-229.jpg\" width=\"790\" alt=\"\"\/><\/p>\n<p><img decoding=\"async\" class=\"alignnone size-full\" src=\"http:\/\/wxnuohui.com\/wp-content\/uploads\/2025\/09\/detail_pic_9-217.png\" width=\"790\" alt=\"\"\/><\/p>\n<p><img decoding=\"async\" class=\"alignnone size-full\" src=\"http:\/\/wxnuohui.com\/wp-content\/uploads\/2025\/09\/detail_pic_10-442.jpg\" width=\"790\" alt=\"\"\/><\/p>\n<p><img decoding=\"async\" class=\"alignnone size-full\" src=\"http:\/\/wxnuohui.com\/wp-content\/uploads\/2025\/09\/detail_pic_11-435.jpg\" width=\"790\" alt=\"\"\/><\/p>\n<p><img decoding=\"async\" class=\"alignnone size-full\" src=\"http:\/\/wxnuohui.com\/wp-content\/uploads\/2025\/09\/detail_pic_12-423.jpg\" width=\"790\" alt=\"\"\/><\/p>","protected":false},"excerpt":{"rendered":"<p>Custom Spring Blank Mens Jackets Jogger Sets Printing Two Piece Tracksuits<\/p>","protected":false},"featured_media":13608,"template":"","meta":[],"product_brand":[],"product_cat":[25],"product_tag":[],"class_list":{"0":"post-13882","1":"product","2":"type-product","3":"status-publish","4":"has-post-thumbnail","6":"product_cat-jogging-suits-tracksuits","8":"first","9":"outofstock","10":"shipping-taxable","11":"product-type-variable"},"_links":{"self":[{"href":"https:\/\/wxnuohui.com\/et\/wp-json\/wp\/v2\/product\/13882","targetHints":{"allow":["GET"]}}],"collection":[{"href":"https:\/\/wxnuohui.com\/et\/wp-json\/wp\/v2\/product"}],"about":[{"href":"https:\/\/wxnuohui.com\/et\/wp-json\/wp\/v2\/types\/product"}],"wp:featuredmedia":[{"embeddable":true,"href":"https:\/\/wxnuohui.com\/et\/wp-json\/wp\/v2\/media\/13608"}],"wp:attachment":[{"href":"https:\/\/wxnuohui.com\/et\/wp-json\/wp\/v2\/media?parent=13882"}],"wp:term":[{"taxonomy":"product_brand","embeddable":true,"href":"https:\/\/wxnuohui.com\/et\/wp-json\/wp\/v2\/product_brand?post=13882"},{"taxonomy":"product_cat","embeddable":true,"href":"https:\/\/wxnuohui.com\/et\/wp-json\/wp\/v2\/product_cat?post=13882"},{"taxonomy":"product_tag","embeddable":true,"href":"https:\/\/wxnuohui.com\/et\/wp-json\/wp\/v2\/product_tag?post=13882"}],"curies":[{"name":"wp","href":"https:\/\/api.w.org\/{rel}","templated":true}]}}