{"id":13870,"date":"2025-09-13T13:50:24","date_gmt":"2025-09-13T13:50:24","guid":{"rendered":"https:\/\/wxnuohui.com\/product\/ready-to-ship-wholesale-latest-design-luxury-women-velour-tracksuit\/"},"modified":"2025-09-13T13:50:24","modified_gmt":"2025-09-13T13:50:24","slug":"ready-to-ship-wholesale-latest-design-luxury-women-velour-tracksuit","status":"publish","type":"product","link":"https:\/\/wxnuohui.com\/et\/product\/ready-to-ship-wholesale-latest-design-luxury-women-velour-tracksuit\/","title":{"rendered":"Ready to Ship Hulgim\u00fc\u00fck Viimane disain Luksuslik naiste Velour trenniriietus"},"content":{"rendered":"<p>Omadus: Hingav, keskkonnas\u00f5bralik<br \/>\nVanuser\u00fchm: T\u00e4iskasvanud<br \/>\nHooaeg: S\u00fcgis<br \/>\nPikkus: t\u00e4ispikkuses<br \/>\nVarruka pikkus (cm): T\u00e4ielik<br \/>\nTr\u00fckkimismeetodid: siiditr\u00fckk<br \/>\nPaigalduse t\u00fc\u00fcp:Tavaline<br \/>\nSulgemise t\u00fc\u00fcp: pingutuspael<br \/>\nPaksus: fliis<br \/>\nStiil:Komplektid<br \/>\nTarne t\u00fc\u00fcp: Oem Service<br \/>\nMaterjal: Veluur<br \/>\n7 p\u00e4eva proovi tellimuse esitamise aeg: tugi<br \/>\nSugu:Naised<br \/>\nTehnika: muu<br \/>\nKanga kaal: 300 grammi<br \/>\nSaadaval kogus:5000<br \/>\nMudeli number: 19<br \/>\nP\u00e4ritolukoht: Jiangsu, Hiina<br \/>\nBr\u00e4ndi nimi: NH<br \/>\nToote nimetus:Naiste veluurne dressipluus<br \/>\nM\u00e4rks\u00f5nad:Veluurist dressipluus<br \/>\nTeenus: 24 tundi online<br \/>\nMaksmine: Trade Assurance<br \/>\nTr\u00fckkimine: Custom Designs Print<br \/>\nN\u00e4idis: 3-5 p\u00e4eva<br \/>\nPakend: 1tk\/pol\u00fckott<br \/>\nTarneaeg: 7 ~ 15 p\u00e4eva<br \/>\nSilt ja logo: Accpet Customized<br \/>\nKohaletoimetamine:DHLEMSUPSFEDEX Seaby Airi poolt<br \/>\nM\u00fc\u00fcgikogused:\u00dcksikartikkel<br \/>\n\u00dche pakendi suurus: 23X13X16 cm<br \/>\n\u00dcksik brutomass: 0,600 kg<\/p>\n<p><img decoding=\"async\" class=\"alignnone size-full\" src=\"http:\/\/wxnuohui.com\/wp-content\/uploads\/2025\/09\/detail_pic_0-301.jpg\" width=\"790\" alt=\"\"\/><\/p>\n<p><img decoding=\"async\" class=\"alignnone size-full\" src=\"http:\/\/wxnuohui.com\/wp-content\/uploads\/2025\/09\/detail_pic_1-307.jpg\" width=\"790\" alt=\"\"\/><\/p>\n<p><img decoding=\"async\" class=\"alignnone size-full\" src=\"http:\/\/wxnuohui.com\/wp-content\/uploads\/2025\/09\/detail_pic_2-314.jpg\" width=\"790\" alt=\"\"\/><\/p>\n<p><img decoding=\"async\" class=\"alignnone size-full\" src=\"http:\/\/wxnuohui.com\/wp-content\/uploads\/2025\/09\/detail_pic_3-349.jpg\" width=\"790\" alt=\"\"\/><\/p>\n<p><img decoding=\"async\" class=\"alignnone size-full\" src=\"http:\/\/wxnuohui.com\/wp-content\/uploads\/2025\/09\/detail_pic_4-352.jpg\" width=\"790\" alt=\"\"\/><\/p>\n<p><img decoding=\"async\" class=\"alignnone size-full\" src=\"http:\/\/wxnuohui.com\/wp-content\/uploads\/2025\/09\/detail_pic_5-402.jpg\" width=\"790\" alt=\"\"\/><\/p>\n<p><img decoding=\"async\" class=\"alignnone size-full\" src=\"http:\/\/wxnuohui.com\/wp-content\/uploads\/2025\/09\/detail_pic_6-313.jpg\" width=\"790\" alt=\"\"\/><\/p>\n<p><img decoding=\"async\" class=\"alignnone size-full\" src=\"http:\/\/wxnuohui.com\/wp-content\/uploads\/2025\/09\/detail_pic_7-237.jpg\" width=\"790\" alt=\"\"\/><\/p>\n<p><img decoding=\"async\" class=\"alignnone size-full\" src=\"http:\/\/wxnuohui.com\/wp-content\/uploads\/2025\/09\/detail_pic_8-223.jpg\" width=\"790\" alt=\"\"\/><\/p>\n<p><img decoding=\"async\" class=\"alignnone size-full\" src=\"http:\/\/wxnuohui.com\/wp-content\/uploads\/2025\/09\/detail_pic_9-231.jpg\" width=\"790\" alt=\"\"\/><\/p>\n<p><img decoding=\"async\" class=\"alignnone size-full\" src=\"http:\/\/wxnuohui.com\/wp-content\/uploads\/2025\/09\/detail_pic_10-430.jpg\" width=\"790\" alt=\"\"\/><\/p>\n<p><img decoding=\"async\" class=\"alignnone size-full\" src=\"http:\/\/wxnuohui.com\/wp-content\/uploads\/2025\/09\/detail_pic_11-18.png\" width=\"790\" alt=\"\"\/><\/p>\n<p><img decoding=\"async\" class=\"alignnone size-full\" src=\"http:\/\/wxnuohui.com\/wp-content\/uploads\/2025\/09\/detail_pic_12-413.jpg\" width=\"790\" alt=\"\"\/><\/p>\n<p><img decoding=\"async\" class=\"alignnone size-full\" src=\"http:\/\/wxnuohui.com\/wp-content\/uploads\/2025\/09\/detail_pic_13-388.jpg\" width=\"790\" alt=\"\"\/><\/p>\n<p><img decoding=\"async\" class=\"alignnone size-full\" src=\"http:\/\/wxnuohui.com\/wp-content\/uploads\/2025\/09\/detail_pic_14-217.jpg\" width=\"790\" alt=\"\"\/><\/p>","protected":false},"excerpt":{"rendered":"<p>Ready to Ship Hulgim\u00fc\u00fck Viimane disain Luksuslik naiste Velour trenniriietus<\/p>","protected":false},"featured_media":13323,"template":"","meta":[],"product_brand":[],"product_cat":[25],"product_tag":[],"class_list":{"0":"post-13870","1":"product","2":"type-product","3":"status-publish","4":"has-post-thumbnail","6":"product_cat-jogging-suits-tracksuits","8":"first","9":"outofstock","10":"shipping-taxable","11":"product-type-variable"},"_links":{"self":[{"href":"https:\/\/wxnuohui.com\/et\/wp-json\/wp\/v2\/product\/13870","targetHints":{"allow":["GET"]}}],"collection":[{"href":"https:\/\/wxnuohui.com\/et\/wp-json\/wp\/v2\/product"}],"about":[{"href":"https:\/\/wxnuohui.com\/et\/wp-json\/wp\/v2\/types\/product"}],"wp:featuredmedia":[{"embeddable":true,"href":"https:\/\/wxnuohui.com\/et\/wp-json\/wp\/v2\/media\/13323"}],"wp:attachment":[{"href":"https:\/\/wxnuohui.com\/et\/wp-json\/wp\/v2\/media?parent=13870"}],"wp:term":[{"taxonomy":"product_brand","embeddable":true,"href":"https:\/\/wxnuohui.com\/et\/wp-json\/wp\/v2\/product_brand?post=13870"},{"taxonomy":"product_cat","embeddable":true,"href":"https:\/\/wxnuohui.com\/et\/wp-json\/wp\/v2\/product_cat?post=13870"},{"taxonomy":"product_tag","embeddable":true,"href":"https:\/\/wxnuohui.com\/et\/wp-json\/wp\/v2\/product_tag?post=13870"}],"curies":[{"name":"wp","href":"https:\/\/api.w.org\/{rel}","templated":true}]}}