{"id":12886,"date":"2025-09-13T11:42:03","date_gmt":"2025-09-13T11:42:03","guid":{"rendered":"https:\/\/wxnuohui.com\/product\/new-fashion-womens-fashion-one-line-shoulder-strap-sexy-blue-jean-jumpsuit\/"},"modified":"2025-09-13T11:42:03","modified_gmt":"2025-09-13T11:42:03","slug":"new-fashion-womens-fashion-one-line-shoulder-strap-sexy-blue-jean-jumpsuit","status":"publish","type":"product","link":"https:\/\/wxnuohui.com\/et\/product\/new-fashion-womens-fashion-one-line-shoulder-strap-sexy-blue-jean-jumpsuit\/","title":{"rendered":"Uus mood Naiste mood \u00fchejooneline \u00f5larihmaga seksikas sinine Jean Jumpsuit"},"content":{"rendered":"<p>Paigalduse t\u00fc\u00fcp:Tavaline<br \/>\nStiil:Casual<br \/>\nHooaeg: S\u00fcgis<br \/>\nKrae:O-kaelus<br \/>\nMaterjal: pol\u00fcester \/ puuvill<br \/>\nTarne t\u00fc\u00fcp: laos olevad tooted<br \/>\nOmadus: Kiiresti kuivav, hingav, keskkonnas\u00f5bralik<br \/>\nMuster: triibuline<br \/>\nKudumise meetod:Kootud<br \/>\nSugu:Naised<br \/>\nPikkus: \u00fcle p\u00f5lve<br \/>\nTehnika: tavaline v\u00e4rvitud<br \/>\nKaunistus: taskud, \u00f5\u00f5nsad v\u00e4lja<br \/>\nKanga t\u00fc\u00fcp: Sifonki<br \/>\nP\u00e4ritolukoht: Jiangsu, Hiina<br \/>\nMudeli number: Denim Jumpsuit<br \/>\nBr\u00e4ndi nimi: NH<br \/>\nToote nimetus:Naiste teksap\u00fcksid Bodysuit<br \/>\nM\u00e4rks\u00f5nad:Denim Jumpsuit<br \/>\nTeenus: 24 tundi online<br \/>\nMaksmine: Trade Assurance<br \/>\nTr\u00fckkimine: Custom Designs Print<br \/>\nN\u00e4idis: 3-5 p\u00e4eva<br \/>\nPakend: 1tk\/pol\u00fckott<br \/>\nTarneaeg: 7 ~ 15 p\u00e4eva<br \/>\nSilt ja logo: Accpet Customized<br \/>\nKohaletoimetamine:DHLEMSUPSFEDEX Seaby Airi poolt<br \/>\nPakendi \u00fcksikasjad:1.Proovi jaoks, \u00fcks t\u00fckk pol\u00fc koti kohta. 2. masstootmise puhul on meie tavaline pakend karp. 3.Samuti kohaldatakse klientide n\u00f5udmistele.<br \/>\nL\u00e4hetussadam: shanghai<br \/>\nM\u00fc\u00fcgikogused:\u00dcksikartikkel<br \/>\n\u00dche pakendi suurus: 23X14X17 cm<br \/>\n\u00dcksik brutomass: 0,600 kg<br \/>\nPakendin\u00e4ited:<br \/>\nSupply Ability: 5000 komplekti kuus Jumpsuits Playsuits<\/p>\n<p><img decoding=\"async\" class=\"alignnone size-full\" src=\"http:\/\/wxnuohui.com\/wp-content\/uploads\/2025\/09\/detail_pic_0-281.jpg\" width=\"790\" alt=\"\"\/><\/p>\n<p><img decoding=\"async\" class=\"alignnone size-full\" src=\"http:\/\/wxnuohui.com\/wp-content\/uploads\/2025\/09\/detail_pic_1-287.jpg\" width=\"790\" alt=\"\"\/><\/p>\n<p><img decoding=\"async\" class=\"alignnone size-full\" src=\"http:\/\/wxnuohui.com\/wp-content\/uploads\/2025\/09\/detail_pic_2-294.jpg\" width=\"790\" alt=\"\"\/><\/p>\n<p><img decoding=\"async\" class=\"alignnone size-full\" src=\"http:\/\/wxnuohui.com\/wp-content\/uploads\/2025\/09\/detail_pic_3-329.jpg\" width=\"790\" alt=\"\"\/><\/p>\n<p><img decoding=\"async\" class=\"alignnone size-full\" src=\"http:\/\/wxnuohui.com\/wp-content\/uploads\/2025\/09\/detail_pic_4-332.jpg\" width=\"790\" alt=\"\"\/><\/p>\n<p><img decoding=\"async\" class=\"alignnone size-full\" src=\"http:\/\/wxnuohui.com\/wp-content\/uploads\/2025\/09\/detail_pic_5-382.jpg\" width=\"790\" alt=\"\"\/><\/p>\n<p><img decoding=\"async\" class=\"alignnone size-full\" src=\"http:\/\/wxnuohui.com\/wp-content\/uploads\/2025\/09\/detail_pic_6-293.jpg\" width=\"790\" alt=\"\"\/><\/p>\n<p><img decoding=\"async\" class=\"alignnone size-full\" src=\"http:\/\/wxnuohui.com\/wp-content\/uploads\/2025\/09\/detail_pic_7-221.jpg\" width=\"790\" alt=\"\"\/><\/p>\n<p><img decoding=\"async\" class=\"alignnone size-full\" src=\"http:\/\/wxnuohui.com\/wp-content\/uploads\/2025\/09\/detail_pic_8-213.jpg\" width=\"790\" alt=\"\"\/><\/p>\n<p><img decoding=\"async\" class=\"alignnone size-full\" src=\"http:\/\/wxnuohui.com\/wp-content\/uploads\/2025\/09\/detail_pic_9-224.jpg\" width=\"790\" alt=\"\"\/><\/p>\n<p><img decoding=\"async\" class=\"alignnone size-full\" src=\"http:\/\/wxnuohui.com\/wp-content\/uploads\/2025\/09\/detail_pic_10-10.png\" width=\"790\" alt=\"\"\/><\/p>\n<p><img decoding=\"async\" class=\"alignnone size-full\" src=\"http:\/\/wxnuohui.com\/wp-content\/uploads\/2025\/09\/detail_pic_11-406.jpg\" width=\"790\" alt=\"\"\/><\/p>\n<p><img decoding=\"async\" class=\"alignnone size-full\" src=\"http:\/\/wxnuohui.com\/wp-content\/uploads\/2025\/09\/detail_pic_12-392.jpg\" width=\"790\" alt=\"\"\/><\/p>\n<p><img decoding=\"async\" class=\"alignnone size-full\" src=\"http:\/\/wxnuohui.com\/wp-content\/uploads\/2025\/09\/detail_pic_13-368.jpg\" width=\"790\" alt=\"\"\/><\/p>","protected":false},"excerpt":{"rendered":"<p>Uus mood Naiste mood \u00fchejooneline \u00f5larihmaga seksikas sinine Jean Jumpsuit<\/p>","protected":false},"featured_media":12767,"template":"","meta":[],"product_brand":[],"product_cat":[24],"product_tag":[],"class_list":{"0":"post-12886","1":"product","2":"type-product","3":"status-publish","4":"has-post-thumbnail","6":"product_cat-casual-bodysuits","8":"first","9":"outofstock","10":"shipping-taxable","11":"product-type-variable"},"_links":{"self":[{"href":"https:\/\/wxnuohui.com\/et\/wp-json\/wp\/v2\/product\/12886","targetHints":{"allow":["GET"]}}],"collection":[{"href":"https:\/\/wxnuohui.com\/et\/wp-json\/wp\/v2\/product"}],"about":[{"href":"https:\/\/wxnuohui.com\/et\/wp-json\/wp\/v2\/types\/product"}],"wp:featuredmedia":[{"embeddable":true,"href":"https:\/\/wxnuohui.com\/et\/wp-json\/wp\/v2\/media\/12767"}],"wp:attachment":[{"href":"https:\/\/wxnuohui.com\/et\/wp-json\/wp\/v2\/media?parent=12886"}],"wp:term":[{"taxonomy":"product_brand","embeddable":true,"href":"https:\/\/wxnuohui.com\/et\/wp-json\/wp\/v2\/product_brand?post=12886"},{"taxonomy":"product_cat","embeddable":true,"href":"https:\/\/wxnuohui.com\/et\/wp-json\/wp\/v2\/product_cat?post=12886"},{"taxonomy":"product_tag","embeddable":true,"href":"https:\/\/wxnuohui.com\/et\/wp-json\/wp\/v2\/product_tag?post=12886"}],"curies":[{"name":"wp","href":"https:\/\/api.w.org\/{rel}","templated":true}]}}